{"id":1170,"date":"2022-10-05T18:03:39","date_gmt":"2022-10-05T16:03:39","guid":{"rendered":"https:\/\/linkside-communication.com\/?post_type=product&#038;p=1170"},"modified":"2022-10-05T18:03:40","modified_gmt":"2022-10-05T16:03:40","slug":"quick-courbe","status":"publish","type":"product","link":"https:\/\/linkside-communication.com\/index.php\/produit\/quick-courbe\/","title":{"rendered":"Quick + Courbe"},"content":{"rendered":"<p>Stand parapluie magn\u00e9tique premium pour un d\u00e9ploiement rapide.<br \/>\nHabillage avec des l\u00e9s PVC imprim\u00e9s en UV en option.<br \/>\nLe structure parapluie est l\u00e9g\u00e8re pour un transport et un montage facilit\u00e9.<br \/>\nElle se d\u00e9ploie simplement en quelques minutes gr\u00e2ce au verrouillage par connecteurs magn\u00e9tiques (montage sans outil).<br \/>\nFixation de la suspente par crochet et aimant.<br \/>\nPieds ajustables pour s&#8217;assurer que le mur d&#8217;images est stable m\u00eame sur un sol irr\u00e9gulier.<br \/>\nSac de protection matelass\u00e9 fourni pour le transport ou le stockage.<br \/>\n\u00c9galement disponible en forme droite.<br \/>\n5 formats diff\u00e9rents de 1,9 m de large jusqu&#8217;\u00e0 3,4 m.<br \/>\nId\u00e9al pour les pr\u00e9sentations, les environnements de formation et d&#8217;\u00e9ducation, les zones d&#8217;accueil, les espaces communs et les salons.<\/p>\n","protected":false},"excerpt":{"rendered":"<p>Le stand parapluie haut de gamme Quick + courbe, dispose d&#8217;un syst\u00e8me de fixation enti\u00e8rement magn\u00e9tique qui peut \u00eatre utilis\u00e9 en simple ou double face. Les l\u00e9s PVC imprim\u00e9s en UV sont en option. Une fois sorti du sac de transport matelass\u00e9, la structure se d\u00e9ploie sans outil en quelques secondes vous offrant un remarquable mur d&#8217;images pour votre \u00e9v\u00e9nement. Le Quick + est \u00e9galement disponible en version droite et en 5 formats diff\u00e9rents.<\/p>\n","protected":false},"featured_media":1171,"comment_status":"closed","ping_status":"closed","template":"","meta":{"site-sidebar-layout":"default","site-content-layout":"default","ast-global-header-display":"","ast-main-header-display":"","ast-hfb-above-header-display":"","ast-hfb-below-header-display":"","ast-hfb-mobile-header-display":"","site-post-title":"","ast-breadcrumbs-content":"","ast-featured-img":"","footer-sml-layout":"","theme-transparent-header-meta":"default","adv-header-id-meta":"","stick-header-meta":"default","header-above-stick-meta":"","header-main-stick-meta":"","header-below-stick-meta":""},"product_cat":[105,109,83,82,102,146,75,93],"product_tag":[],"yoast_head":"<!-- This site is optimized with the Yoast SEO plugin v19.1 - https:\/\/yoast.com\/wordpress\/plugins\/seo\/ -->\n<title>Quick + Courbe - Linkside Communication<\/title>\n<meta name=\"robots\" content=\"index, follow, max-snippet:-1, max-image-preview:large, max-video-preview:-1\" \/>\n<link rel=\"canonical\" href=\"https:\/\/linkside-communication.com\/index.php\/produit\/quick-courbe\/\" \/>\n<meta property=\"og:locale\" content=\"en_US\" \/>\n<meta property=\"og:type\" content=\"article\" \/>\n<meta property=\"og:title\" content=\"Quick + Courbe - Linkside Communication\" \/>\n<meta property=\"og:description\" content=\"Le stand parapluie haut de gamme Quick + courbe, dispose d&#039;un syst\u00e8me de fixation enti\u00e8rement magn\u00e9tique qui peut \u00eatre utilis\u00e9 en simple ou double face. Les l\u00e9s PVC imprim\u00e9s en UV sont en option. Une fois sorti du sac de transport matelass\u00e9, la structure se d\u00e9ploie sans outil en quelques secondes vous offrant un remarquable mur d&#039;images pour votre \u00e9v\u00e9nement. Le Quick + est \u00e9galement disponible en version droite et en 5 formats diff\u00e9rents.\" \/>\n<meta property=\"og:url\" content=\"https:\/\/linkside-communication.com\/index.php\/produit\/quick-courbe\/\" \/>\n<meta property=\"og:site_name\" content=\"Linkside Communication\" \/>\n<meta property=\"article:modified_time\" content=\"2022-10-05T16:03:40+00:00\" \/>\n<meta property=\"og:image\" content=\"https:\/\/linkside-communication.com\/wp-content\/uploads\/2022\/10\/quick-curved-kit-2-main-71394.jpg\" \/>\n\t<meta property=\"og:image:width\" content=\"1000\" \/>\n\t<meta property=\"og:image:height\" content=\"1000\" \/>\n\t<meta property=\"og:image:type\" content=\"image\/jpeg\" \/>\n<meta name=\"twitter:card\" content=\"summary_large_image\" \/>\n<meta name=\"twitter:label1\" content=\"Est. reading time\" \/>\n\t<meta name=\"twitter:data1\" content=\"1 minute\" \/>\n<script type=\"application\/ld+json\" class=\"yoast-schema-graph\">{\"@context\":\"https:\/\/schema.org\",\"@graph\":[{\"@type\":\"WebSite\",\"@id\":\"https:\/\/linkside-communication.com\/#website\",\"url\":\"https:\/\/linkside-communication.com\/\",\"name\":\"Linkside Communication\",\"description\":\"Invent\u00e9 pour un maximum de confort\",\"potentialAction\":[{\"@type\":\"SearchAction\",\"target\":{\"@type\":\"EntryPoint\",\"urlTemplate\":\"https:\/\/linkside-communication.com\/?s={search_term_string}\"},\"query-input\":\"required name=search_term_string\"}],\"inLanguage\":\"en-US\"},{\"@type\":\"ImageObject\",\"inLanguage\":\"en-US\",\"@id\":\"https:\/\/linkside-communication.com\/index.php\/produit\/quick-courbe\/#primaryimage\",\"url\":\"https:\/\/linkside-communication.com\/wp-content\/uploads\/2022\/10\/quick-curved-kit-2-main-71394.jpg\",\"contentUrl\":\"https:\/\/linkside-communication.com\/wp-content\/uploads\/2022\/10\/quick-curved-kit-2-main-71394.jpg\",\"width\":1000,\"height\":1000},{\"@type\":\"WebPage\",\"@id\":\"https:\/\/linkside-communication.com\/index.php\/produit\/quick-courbe\/#webpage\",\"url\":\"https:\/\/linkside-communication.com\/index.php\/produit\/quick-courbe\/\",\"name\":\"Quick + Courbe - Linkside Communication\",\"isPartOf\":{\"@id\":\"https:\/\/linkside-communication.com\/#website\"},\"primaryImageOfPage\":{\"@id\":\"https:\/\/linkside-communication.com\/index.php\/produit\/quick-courbe\/#primaryimage\"},\"datePublished\":\"2022-10-05T16:03:39+00:00\",\"dateModified\":\"2022-10-05T16:03:40+00:00\",\"breadcrumb\":{\"@id\":\"https:\/\/linkside-communication.com\/index.php\/produit\/quick-courbe\/#breadcrumb\"},\"inLanguage\":\"en-US\",\"potentialAction\":[{\"@type\":\"ReadAction\",\"target\":[\"https:\/\/linkside-communication.com\/index.php\/produit\/quick-courbe\/\"]}]},{\"@type\":\"BreadcrumbList\",\"@id\":\"https:\/\/linkside-communication.com\/index.php\/produit\/quick-courbe\/#breadcrumb\",\"itemListElement\":[{\"@type\":\"ListItem\",\"position\":1,\"name\":\"Accueil\",\"item\":\"https:\/\/linkside-communication.com\/\"},{\"@type\":\"ListItem\",\"position\":2,\"name\":\"Boutique\",\"item\":\"https:\/\/linkside-communication.com\/index.php\/boutique\/\"},{\"@type\":\"ListItem\",\"position\":3,\"name\":\"Quick + Courbe\"}]}]}<\/script>\n<!-- \/ Yoast SEO plugin. -->","yoast_head_json":{"title":"Quick + Courbe - Linkside Communication","robots":{"index":"index","follow":"follow","max-snippet":"max-snippet:-1","max-image-preview":"max-image-preview:large","max-video-preview":"max-video-preview:-1"},"canonical":"https:\/\/linkside-communication.com\/index.php\/produit\/quick-courbe\/","og_locale":"en_US","og_type":"article","og_title":"Quick + Courbe - Linkside Communication","og_description":"Le stand parapluie haut de gamme Quick + courbe, dispose d'un syst\u00e8me de fixation enti\u00e8rement magn\u00e9tique qui peut \u00eatre utilis\u00e9 en simple ou double face. Les l\u00e9s PVC imprim\u00e9s en UV sont en option. Une fois sorti du sac de transport matelass\u00e9, la structure se d\u00e9ploie sans outil en quelques secondes vous offrant un remarquable mur d'images pour votre \u00e9v\u00e9nement. Le Quick + est \u00e9galement disponible en version droite et en 5 formats diff\u00e9rents.","og_url":"https:\/\/linkside-communication.com\/index.php\/produit\/quick-courbe\/","og_site_name":"Linkside Communication","article_modified_time":"2022-10-05T16:03:40+00:00","og_image":[{"width":1000,"height":1000,"url":"https:\/\/linkside-communication.com\/wp-content\/uploads\/2022\/10\/quick-curved-kit-2-main-71394.jpg","type":"image\/jpeg"}],"twitter_card":"summary_large_image","twitter_misc":{"Est. reading time":"1 minute"},"schema":{"@context":"https:\/\/schema.org","@graph":[{"@type":"WebSite","@id":"https:\/\/linkside-communication.com\/#website","url":"https:\/\/linkside-communication.com\/","name":"Linkside Communication","description":"Invent\u00e9 pour un maximum de confort","potentialAction":[{"@type":"SearchAction","target":{"@type":"EntryPoint","urlTemplate":"https:\/\/linkside-communication.com\/?s={search_term_string}"},"query-input":"required name=search_term_string"}],"inLanguage":"en-US"},{"@type":"ImageObject","inLanguage":"en-US","@id":"https:\/\/linkside-communication.com\/index.php\/produit\/quick-courbe\/#primaryimage","url":"https:\/\/linkside-communication.com\/wp-content\/uploads\/2022\/10\/quick-curved-kit-2-main-71394.jpg","contentUrl":"https:\/\/linkside-communication.com\/wp-content\/uploads\/2022\/10\/quick-curved-kit-2-main-71394.jpg","width":1000,"height":1000},{"@type":"WebPage","@id":"https:\/\/linkside-communication.com\/index.php\/produit\/quick-courbe\/#webpage","url":"https:\/\/linkside-communication.com\/index.php\/produit\/quick-courbe\/","name":"Quick + Courbe - Linkside Communication","isPartOf":{"@id":"https:\/\/linkside-communication.com\/#website"},"primaryImageOfPage":{"@id":"https:\/\/linkside-communication.com\/index.php\/produit\/quick-courbe\/#primaryimage"},"datePublished":"2022-10-05T16:03:39+00:00","dateModified":"2022-10-05T16:03:40+00:00","breadcrumb":{"@id":"https:\/\/linkside-communication.com\/index.php\/produit\/quick-courbe\/#breadcrumb"},"inLanguage":"en-US","potentialAction":[{"@type":"ReadAction","target":["https:\/\/linkside-communication.com\/index.php\/produit\/quick-courbe\/"]}]},{"@type":"BreadcrumbList","@id":"https:\/\/linkside-communication.com\/index.php\/produit\/quick-courbe\/#breadcrumb","itemListElement":[{"@type":"ListItem","position":1,"name":"Accueil","item":"https:\/\/linkside-communication.com\/"},{"@type":"ListItem","position":2,"name":"Boutique","item":"https:\/\/linkside-communication.com\/index.php\/boutique\/"},{"@type":"ListItem","position":3,"name":"Quick + Courbe"}]}]}},"_links":{"self":[{"href":"https:\/\/linkside-communication.com\/index.php\/wp-json\/wp\/v2\/product\/1170"}],"collection":[{"href":"https:\/\/linkside-communication.com\/index.php\/wp-json\/wp\/v2\/product"}],"about":[{"href":"https:\/\/linkside-communication.com\/index.php\/wp-json\/wp\/v2\/types\/product"}],"replies":[{"embeddable":true,"href":"https:\/\/linkside-communication.com\/index.php\/wp-json\/wp\/v2\/comments?post=1170"}],"version-history":[{"count":2,"href":"https:\/\/linkside-communication.com\/index.php\/wp-json\/wp\/v2\/product\/1170\/revisions"}],"predecessor-version":[{"id":1212,"href":"https:\/\/linkside-communication.com\/index.php\/wp-json\/wp\/v2\/product\/1170\/revisions\/1212"}],"wp:featuredmedia":[{"embeddable":true,"href":"https:\/\/linkside-communication.com\/index.php\/wp-json\/wp\/v2\/media\/1171"}],"wp:attachment":[{"href":"https:\/\/linkside-communication.com\/index.php\/wp-json\/wp\/v2\/media?parent=1170"}],"wp:term":[{"taxonomy":"product_cat","embeddable":true,"href":"https:\/\/linkside-communication.com\/index.php\/wp-json\/wp\/v2\/product_cat?post=1170"},{"taxonomy":"product_tag","embeddable":true,"href":"https:\/\/linkside-communication.com\/index.php\/wp-json\/wp\/v2\/product_tag?post=1170"}],"curies":[{"name":"wp","href":"https:\/\/api.w.org\/{rel}","templated":true}]}}