{"id":1591,"date":"2022-10-06T18:22:15","date_gmt":"2022-10-06T16:22:15","guid":{"rendered":"https:\/\/linkside-communication.com\/?post_type=product&#038;p=1591"},"modified":"2022-10-06T18:22:15","modified_gmt":"2022-10-06T16:22:15","slug":"illumigo-2x2","status":"publish","type":"product","link":"https:\/\/linkside-communication.com\/index.php\/produit\/illumigo-2x2\/","title":{"rendered":"Illumigo\u2122 2&#215;2"},"content":{"rendered":"<p>Mur d&#8217;images lumineux en aluminium blanc, \u00e9l\u00e9gant et innovant. Profil\u00e9 100mm.<br \/>\nSyst\u00e8me enti\u00e8rement portable simple et rapide \u00e0 installer.<br \/>\nLes sections se connectent sans outil et sont faciles \u00e0 assembler gr\u00e2ce au rep\u00e9rage num\u00e9rot\u00e9.<br \/>\nRapide \u00e0 monter gr\u00e2ce aux bandeaux LED pr\u00e9-assembl\u00e9s sur le cadre.<br \/>\nPieds pivotants double pour un montage rapide et une bonne stabilit\u00e9.<br \/>\nVisuel textile avec jonc PVC (en option) \u00e0 ins\u00e9rer dans la gorge du profil\u00e9 en quelques secondes.<br \/>\nLe c\u00e2ble d&#8217;alimentation s&#8217;ins\u00e8re sous la structure permettant ainsi de positionner les cadres lumineux les uns \u00e0 c\u00f4t\u00e9 des autres.<br \/>\nBoite de transport compartiment\u00e9e fournie pour stocker ou transporter la structure.<\/p>\n","protected":false},"excerpt":{"rendered":"<p>L&#8217;Illumigo\u2122 est un mur d&#8217;images 2&#215;2 double face, lumineux et portable. Simple \u00e0 monter gr\u00e2ce \u00e0 un montage sans outil. Il suffit de sortir la structure de la boite, de pivoter les pieds d\u00e9j\u00e0 fix\u00e9s sur le cadre et de suivre le rep\u00e9rage num\u00e9rot\u00e9 pour assembler les sections. Ins\u00e9rez le visuel textile avec jonc PVC dans la gorge du profil\u00e9 et le c\u00e2ble d&#8217;alimentation sous le cadre. Une Solution Plug and Play rapide et simple \u00e0 monter !<\/p>\n","protected":false},"featured_media":1601,"comment_status":"closed","ping_status":"closed","template":"","meta":{"site-sidebar-layout":"default","site-content-layout":"default","ast-global-header-display":"","ast-main-header-display":"","ast-hfb-above-header-display":"","ast-hfb-below-header-display":"","ast-hfb-mobile-header-display":"","site-post-title":"","ast-breadcrumbs-content":"","ast-featured-img":"","footer-sml-layout":"","theme-transparent-header-meta":"default","adv-header-id-meta":"","stick-header-meta":"default","header-above-stick-meta":"","header-main-stick-meta":"","header-below-stick-meta":""},"product_cat":[56,80,70,103,88,90,89,69,153,106,104,97,75,48],"product_tag":[],"yoast_head":"<!-- This site is optimized with the Yoast SEO plugin v19.1 - https:\/\/yoast.com\/wordpress\/plugins\/seo\/ -->\n<title>Illumigo\u2122 2x2 - Linkside Communication<\/title>\n<meta name=\"robots\" content=\"index, follow, max-snippet:-1, max-image-preview:large, max-video-preview:-1\" \/>\n<link rel=\"canonical\" href=\"https:\/\/linkside-communication.com\/index.php\/produit\/illumigo-2x2\/\" \/>\n<meta property=\"og:locale\" content=\"en_US\" \/>\n<meta property=\"og:type\" content=\"article\" \/>\n<meta property=\"og:title\" content=\"Illumigo\u2122 2x2 - Linkside Communication\" \/>\n<meta property=\"og:description\" content=\"L&#039;Illumigo\u2122 est un mur d&#039;images 2x2 double face, lumineux et portable. Simple \u00e0 monter gr\u00e2ce \u00e0 un montage sans outil. Il suffit de sortir la structure de la boite, de pivoter les pieds d\u00e9j\u00e0 fix\u00e9s sur le cadre et de suivre le rep\u00e9rage num\u00e9rot\u00e9 pour assembler les sections. Ins\u00e9rez le visuel textile avec jonc PVC dans la gorge du profil\u00e9 et le c\u00e2ble d&#039;alimentation sous le cadre. Une Solution Plug and Play rapide et simple \u00e0 monter !\" \/>\n<meta property=\"og:url\" content=\"https:\/\/linkside-communication.com\/index.php\/produit\/illumigo-2x2\/\" \/>\n<meta property=\"og:site_name\" content=\"Linkside Communication\" \/>\n<meta property=\"og:image\" content=\"https:\/\/linkside-communication.com\/wp-content\/uploads\/2022\/10\/illumigo-2x2-2-main-71471.jpg\" \/>\n\t<meta property=\"og:image:width\" content=\"1000\" \/>\n\t<meta property=\"og:image:height\" content=\"1000\" \/>\n\t<meta property=\"og:image:type\" content=\"image\/jpeg\" \/>\n<meta name=\"twitter:card\" content=\"summary_large_image\" \/>\n<meta name=\"twitter:label1\" content=\"Est. reading time\" \/>\n\t<meta name=\"twitter:data1\" content=\"1 minute\" \/>\n<script type=\"application\/ld+json\" class=\"yoast-schema-graph\">{\"@context\":\"https:\/\/schema.org\",\"@graph\":[{\"@type\":\"WebSite\",\"@id\":\"https:\/\/linkside-communication.com\/#website\",\"url\":\"https:\/\/linkside-communication.com\/\",\"name\":\"Linkside Communication\",\"description\":\"Invent\u00e9 pour un maximum de confort\",\"potentialAction\":[{\"@type\":\"SearchAction\",\"target\":{\"@type\":\"EntryPoint\",\"urlTemplate\":\"https:\/\/linkside-communication.com\/?s={search_term_string}\"},\"query-input\":\"required name=search_term_string\"}],\"inLanguage\":\"en-US\"},{\"@type\":\"ImageObject\",\"inLanguage\":\"en-US\",\"@id\":\"https:\/\/linkside-communication.com\/index.php\/produit\/illumigo-2x2\/#primaryimage\",\"url\":\"https:\/\/linkside-communication.com\/wp-content\/uploads\/2022\/10\/illumigo-2x2-2-main-71471.jpg\",\"contentUrl\":\"https:\/\/linkside-communication.com\/wp-content\/uploads\/2022\/10\/illumigo-2x2-2-main-71471.jpg\",\"width\":1000,\"height\":1000},{\"@type\":\"WebPage\",\"@id\":\"https:\/\/linkside-communication.com\/index.php\/produit\/illumigo-2x2\/#webpage\",\"url\":\"https:\/\/linkside-communication.com\/index.php\/produit\/illumigo-2x2\/\",\"name\":\"Illumigo\u2122 2x2 - Linkside Communication\",\"isPartOf\":{\"@id\":\"https:\/\/linkside-communication.com\/#website\"},\"primaryImageOfPage\":{\"@id\":\"https:\/\/linkside-communication.com\/index.php\/produit\/illumigo-2x2\/#primaryimage\"},\"datePublished\":\"2022-10-06T16:22:15+00:00\",\"dateModified\":\"2022-10-06T16:22:15+00:00\",\"breadcrumb\":{\"@id\":\"https:\/\/linkside-communication.com\/index.php\/produit\/illumigo-2x2\/#breadcrumb\"},\"inLanguage\":\"en-US\",\"potentialAction\":[{\"@type\":\"ReadAction\",\"target\":[\"https:\/\/linkside-communication.com\/index.php\/produit\/illumigo-2x2\/\"]}]},{\"@type\":\"BreadcrumbList\",\"@id\":\"https:\/\/linkside-communication.com\/index.php\/produit\/illumigo-2x2\/#breadcrumb\",\"itemListElement\":[{\"@type\":\"ListItem\",\"position\":1,\"name\":\"Accueil\",\"item\":\"https:\/\/linkside-communication.com\/\"},{\"@type\":\"ListItem\",\"position\":2,\"name\":\"Boutique\",\"item\":\"https:\/\/linkside-communication.com\/index.php\/boutique\/\"},{\"@type\":\"ListItem\",\"position\":3,\"name\":\"Illumigo\u2122 2&#215;2\"}]}]}<\/script>\n<!-- \/ Yoast SEO plugin. -->","yoast_head_json":{"title":"Illumigo\u2122 2x2 - Linkside Communication","robots":{"index":"index","follow":"follow","max-snippet":"max-snippet:-1","max-image-preview":"max-image-preview:large","max-video-preview":"max-video-preview:-1"},"canonical":"https:\/\/linkside-communication.com\/index.php\/produit\/illumigo-2x2\/","og_locale":"en_US","og_type":"article","og_title":"Illumigo\u2122 2x2 - Linkside Communication","og_description":"L'Illumigo\u2122 est un mur d'images 2x2 double face, lumineux et portable. Simple \u00e0 monter gr\u00e2ce \u00e0 un montage sans outil. Il suffit de sortir la structure de la boite, de pivoter les pieds d\u00e9j\u00e0 fix\u00e9s sur le cadre et de suivre le rep\u00e9rage num\u00e9rot\u00e9 pour assembler les sections. Ins\u00e9rez le visuel textile avec jonc PVC dans la gorge du profil\u00e9 et le c\u00e2ble d'alimentation sous le cadre. Une Solution Plug and Play rapide et simple \u00e0 monter !","og_url":"https:\/\/linkside-communication.com\/index.php\/produit\/illumigo-2x2\/","og_site_name":"Linkside Communication","og_image":[{"width":1000,"height":1000,"url":"https:\/\/linkside-communication.com\/wp-content\/uploads\/2022\/10\/illumigo-2x2-2-main-71471.jpg","type":"image\/jpeg"}],"twitter_card":"summary_large_image","twitter_misc":{"Est. reading time":"1 minute"},"schema":{"@context":"https:\/\/schema.org","@graph":[{"@type":"WebSite","@id":"https:\/\/linkside-communication.com\/#website","url":"https:\/\/linkside-communication.com\/","name":"Linkside Communication","description":"Invent\u00e9 pour un maximum de confort","potentialAction":[{"@type":"SearchAction","target":{"@type":"EntryPoint","urlTemplate":"https:\/\/linkside-communication.com\/?s={search_term_string}"},"query-input":"required name=search_term_string"}],"inLanguage":"en-US"},{"@type":"ImageObject","inLanguage":"en-US","@id":"https:\/\/linkside-communication.com\/index.php\/produit\/illumigo-2x2\/#primaryimage","url":"https:\/\/linkside-communication.com\/wp-content\/uploads\/2022\/10\/illumigo-2x2-2-main-71471.jpg","contentUrl":"https:\/\/linkside-communication.com\/wp-content\/uploads\/2022\/10\/illumigo-2x2-2-main-71471.jpg","width":1000,"height":1000},{"@type":"WebPage","@id":"https:\/\/linkside-communication.com\/index.php\/produit\/illumigo-2x2\/#webpage","url":"https:\/\/linkside-communication.com\/index.php\/produit\/illumigo-2x2\/","name":"Illumigo\u2122 2x2 - Linkside Communication","isPartOf":{"@id":"https:\/\/linkside-communication.com\/#website"},"primaryImageOfPage":{"@id":"https:\/\/linkside-communication.com\/index.php\/produit\/illumigo-2x2\/#primaryimage"},"datePublished":"2022-10-06T16:22:15+00:00","dateModified":"2022-10-06T16:22:15+00:00","breadcrumb":{"@id":"https:\/\/linkside-communication.com\/index.php\/produit\/illumigo-2x2\/#breadcrumb"},"inLanguage":"en-US","potentialAction":[{"@type":"ReadAction","target":["https:\/\/linkside-communication.com\/index.php\/produit\/illumigo-2x2\/"]}]},{"@type":"BreadcrumbList","@id":"https:\/\/linkside-communication.com\/index.php\/produit\/illumigo-2x2\/#breadcrumb","itemListElement":[{"@type":"ListItem","position":1,"name":"Accueil","item":"https:\/\/linkside-communication.com\/"},{"@type":"ListItem","position":2,"name":"Boutique","item":"https:\/\/linkside-communication.com\/index.php\/boutique\/"},{"@type":"ListItem","position":3,"name":"Illumigo\u2122 2&#215;2"}]}]}},"_links":{"self":[{"href":"https:\/\/linkside-communication.com\/index.php\/wp-json\/wp\/v2\/product\/1591"}],"collection":[{"href":"https:\/\/linkside-communication.com\/index.php\/wp-json\/wp\/v2\/product"}],"about":[{"href":"https:\/\/linkside-communication.com\/index.php\/wp-json\/wp\/v2\/types\/product"}],"replies":[{"embeddable":true,"href":"https:\/\/linkside-communication.com\/index.php\/wp-json\/wp\/v2\/comments?post=1591"}],"version-history":[{"count":1,"href":"https:\/\/linkside-communication.com\/index.php\/wp-json\/wp\/v2\/product\/1591\/revisions"}],"predecessor-version":[{"id":1633,"href":"https:\/\/linkside-communication.com\/index.php\/wp-json\/wp\/v2\/product\/1591\/revisions\/1633"}],"wp:featuredmedia":[{"embeddable":true,"href":"https:\/\/linkside-communication.com\/index.php\/wp-json\/wp\/v2\/media\/1601"}],"wp:attachment":[{"href":"https:\/\/linkside-communication.com\/index.php\/wp-json\/wp\/v2\/media?parent=1591"}],"wp:term":[{"taxonomy":"product_cat","embeddable":true,"href":"https:\/\/linkside-communication.com\/index.php\/wp-json\/wp\/v2\/product_cat?post=1591"},{"taxonomy":"product_tag","embeddable":true,"href":"https:\/\/linkside-communication.com\/index.php\/wp-json\/wp\/v2\/product_tag?post=1591"}],"curies":[{"name":"wp","href":"https:\/\/api.w.org\/{rel}","templated":true}]}}