{"id":1897,"date":"2022-10-07T14:22:32","date_gmt":"2022-10-07T12:22:32","guid":{"rendered":"https:\/\/linkside-communication.com\/?post_type=product&#038;p=1897"},"modified":"2022-10-07T14:22:33","modified_gmt":"2022-10-07T12:22:33","slug":"modules-vector-reserves","status":"publish","type":"product","link":"https:\/\/linkside-communication.com\/index.php\/produit\/modules-vector-reserves\/","title":{"rendered":"Modules Vector &#8211; R\u00e9serves"},"content":{"rendered":"<p>Profil\u00e9s en aluminium de 50 mm.<br \/>\n2 r\u00e9serves d\u2019angle au choix avec serrure, 2 poign\u00e9es incluses de coloris : Noir \/ Gris.<br \/>\n2 ou 4 faces visibles en textile selon le mod\u00e8le choisi.<br \/>\nChaque module est d\u00e9j\u00e0 perfor\u00e9 sur les 4 c\u00f4t\u00e9s et \u00e9quip\u00e9 de la visserie n\u00e9cessaire : assemblez facilement diff\u00e9rents modules entre eux, une seule cl\u00e9 suffit.<br \/>\nReconfigurable et r\u00e9utilisable: stockez le stand chez vous, dans une caisse petit format (1350 x 400 x 300mm).<br \/>\nLivr\u00e9s en carton avec notice de montage, accompagn\u00e9s du visuel de votre choix.<br \/>\nHabillage textile par jonc PVC en option.<br \/>\nPorte seule \u00e9galement disponible.<\/p>\n","protected":false},"excerpt":{"rendered":"<p>Besoin d\u2019une solution compacte pour une meilleure portabilit\u00e9 et un stockage optimis\u00e9 pour tous vos salons ? Choisissez les modules Vector.<br \/>\nLa gamme Vector offre une solution de polyvalence et d&#8217;adaptabilit\u00e9 pour chacun de vos \u00e9v\u00e8nements. Le syst\u00e8me de cadre Vector avec habillage en toile textile tendue est \u00e9volutif, reconfigurable et ultra portable gr\u00e2ce \u00e0 son offre de Modules standards disponibles dans plusieurs formes et dimensions.<\/p>\n","protected":false},"featured_media":1898,"comment_status":"closed","ping_status":"closed","template":"","meta":{"site-sidebar-layout":"default","site-content-layout":"default","ast-global-header-display":"","ast-main-header-display":"","ast-hfb-above-header-display":"","ast-hfb-below-header-display":"","ast-hfb-mobile-header-display":"","site-post-title":"","ast-breadcrumbs-content":"","ast-featured-img":"","footer-sml-layout":"","theme-transparent-header-meta":"default","adv-header-id-meta":"","stick-header-meta":"default","header-above-stick-meta":"","header-main-stick-meta":"","header-below-stick-meta":""},"product_cat":[106,232],"product_tag":[],"yoast_head":"<!-- This site is optimized with the Yoast SEO plugin v19.1 - https:\/\/yoast.com\/wordpress\/plugins\/seo\/ -->\n<title>Modules Vector - R\u00e9serves - Linkside Communication<\/title>\n<meta name=\"robots\" content=\"index, follow, max-snippet:-1, max-image-preview:large, max-video-preview:-1\" \/>\n<link rel=\"canonical\" href=\"https:\/\/linkside-communication.com\/index.php\/produit\/modules-vector-reserves\/\" \/>\n<meta property=\"og:locale\" content=\"en_US\" \/>\n<meta property=\"og:type\" content=\"article\" \/>\n<meta property=\"og:title\" content=\"Modules Vector - R\u00e9serves - Linkside Communication\" \/>\n<meta property=\"og:description\" content=\"Besoin d\u2019une solution compacte pour une meilleure portabilit\u00e9 et un stockage optimis\u00e9 pour tous vos salons ? Choisissez les modules Vector. La gamme Vector offre une solution de polyvalence et d&#039;adaptabilit\u00e9 pour chacun de vos \u00e9v\u00e8nements. Le syst\u00e8me de cadre Vector avec habillage en toile textile tendue est \u00e9volutif, reconfigurable et ultra portable gr\u00e2ce \u00e0 son offre de Modules standards disponibles dans plusieurs formes et dimensions.\" \/>\n<meta property=\"og:url\" content=\"https:\/\/linkside-communication.com\/index.php\/produit\/modules-vector-reserves\/\" \/>\n<meta property=\"og:site_name\" content=\"Linkside Communication\" \/>\n<meta property=\"article:modified_time\" content=\"2022-10-07T12:22:33+00:00\" \/>\n<meta property=\"og:image\" content=\"https:\/\/linkside-communication.com\/wp-content\/uploads\/2022\/10\/vector-modules-storage-2-main-74356.jpg\" \/>\n\t<meta property=\"og:image:width\" content=\"1000\" \/>\n\t<meta property=\"og:image:height\" content=\"1000\" \/>\n\t<meta property=\"og:image:type\" content=\"image\/jpeg\" \/>\n<meta name=\"twitter:card\" content=\"summary_large_image\" \/>\n<meta name=\"twitter:label1\" content=\"Est. reading time\" \/>\n\t<meta name=\"twitter:data1\" content=\"1 minute\" \/>\n<script type=\"application\/ld+json\" class=\"yoast-schema-graph\">{\"@context\":\"https:\/\/schema.org\",\"@graph\":[{\"@type\":\"WebSite\",\"@id\":\"https:\/\/linkside-communication.com\/#website\",\"url\":\"https:\/\/linkside-communication.com\/\",\"name\":\"Linkside Communication\",\"description\":\"Invent\u00e9 pour un maximum de confort\",\"potentialAction\":[{\"@type\":\"SearchAction\",\"target\":{\"@type\":\"EntryPoint\",\"urlTemplate\":\"https:\/\/linkside-communication.com\/?s={search_term_string}\"},\"query-input\":\"required name=search_term_string\"}],\"inLanguage\":\"en-US\"},{\"@type\":\"ImageObject\",\"inLanguage\":\"en-US\",\"@id\":\"https:\/\/linkside-communication.com\/index.php\/produit\/modules-vector-reserves\/#primaryimage\",\"url\":\"https:\/\/linkside-communication.com\/wp-content\/uploads\/2022\/10\/vector-modules-storage-2-main-74356.jpg\",\"contentUrl\":\"https:\/\/linkside-communication.com\/wp-content\/uploads\/2022\/10\/vector-modules-storage-2-main-74356.jpg\",\"width\":1000,\"height\":1000},{\"@type\":\"WebPage\",\"@id\":\"https:\/\/linkside-communication.com\/index.php\/produit\/modules-vector-reserves\/#webpage\",\"url\":\"https:\/\/linkside-communication.com\/index.php\/produit\/modules-vector-reserves\/\",\"name\":\"Modules Vector - R\u00e9serves - Linkside Communication\",\"isPartOf\":{\"@id\":\"https:\/\/linkside-communication.com\/#website\"},\"primaryImageOfPage\":{\"@id\":\"https:\/\/linkside-communication.com\/index.php\/produit\/modules-vector-reserves\/#primaryimage\"},\"datePublished\":\"2022-10-07T12:22:32+00:00\",\"dateModified\":\"2022-10-07T12:22:33+00:00\",\"breadcrumb\":{\"@id\":\"https:\/\/linkside-communication.com\/index.php\/produit\/modules-vector-reserves\/#breadcrumb\"},\"inLanguage\":\"en-US\",\"potentialAction\":[{\"@type\":\"ReadAction\",\"target\":[\"https:\/\/linkside-communication.com\/index.php\/produit\/modules-vector-reserves\/\"]}]},{\"@type\":\"BreadcrumbList\",\"@id\":\"https:\/\/linkside-communication.com\/index.php\/produit\/modules-vector-reserves\/#breadcrumb\",\"itemListElement\":[{\"@type\":\"ListItem\",\"position\":1,\"name\":\"Accueil\",\"item\":\"https:\/\/linkside-communication.com\/\"},{\"@type\":\"ListItem\",\"position\":2,\"name\":\"Boutique\",\"item\":\"https:\/\/linkside-communication.com\/index.php\/boutique\/\"},{\"@type\":\"ListItem\",\"position\":3,\"name\":\"Modules Vector &#8211; R\u00e9serves\"}]}]}<\/script>\n<!-- \/ Yoast SEO plugin. -->","yoast_head_json":{"title":"Modules Vector - R\u00e9serves - Linkside Communication","robots":{"index":"index","follow":"follow","max-snippet":"max-snippet:-1","max-image-preview":"max-image-preview:large","max-video-preview":"max-video-preview:-1"},"canonical":"https:\/\/linkside-communication.com\/index.php\/produit\/modules-vector-reserves\/","og_locale":"en_US","og_type":"article","og_title":"Modules Vector - R\u00e9serves - Linkside Communication","og_description":"Besoin d\u2019une solution compacte pour une meilleure portabilit\u00e9 et un stockage optimis\u00e9 pour tous vos salons ? Choisissez les modules Vector. La gamme Vector offre une solution de polyvalence et d'adaptabilit\u00e9 pour chacun de vos \u00e9v\u00e8nements. Le syst\u00e8me de cadre Vector avec habillage en toile textile tendue est \u00e9volutif, reconfigurable et ultra portable gr\u00e2ce \u00e0 son offre de Modules standards disponibles dans plusieurs formes et dimensions.","og_url":"https:\/\/linkside-communication.com\/index.php\/produit\/modules-vector-reserves\/","og_site_name":"Linkside Communication","article_modified_time":"2022-10-07T12:22:33+00:00","og_image":[{"width":1000,"height":1000,"url":"https:\/\/linkside-communication.com\/wp-content\/uploads\/2022\/10\/vector-modules-storage-2-main-74356.jpg","type":"image\/jpeg"}],"twitter_card":"summary_large_image","twitter_misc":{"Est. reading time":"1 minute"},"schema":{"@context":"https:\/\/schema.org","@graph":[{"@type":"WebSite","@id":"https:\/\/linkside-communication.com\/#website","url":"https:\/\/linkside-communication.com\/","name":"Linkside Communication","description":"Invent\u00e9 pour un maximum de confort","potentialAction":[{"@type":"SearchAction","target":{"@type":"EntryPoint","urlTemplate":"https:\/\/linkside-communication.com\/?s={search_term_string}"},"query-input":"required name=search_term_string"}],"inLanguage":"en-US"},{"@type":"ImageObject","inLanguage":"en-US","@id":"https:\/\/linkside-communication.com\/index.php\/produit\/modules-vector-reserves\/#primaryimage","url":"https:\/\/linkside-communication.com\/wp-content\/uploads\/2022\/10\/vector-modules-storage-2-main-74356.jpg","contentUrl":"https:\/\/linkside-communication.com\/wp-content\/uploads\/2022\/10\/vector-modules-storage-2-main-74356.jpg","width":1000,"height":1000},{"@type":"WebPage","@id":"https:\/\/linkside-communication.com\/index.php\/produit\/modules-vector-reserves\/#webpage","url":"https:\/\/linkside-communication.com\/index.php\/produit\/modules-vector-reserves\/","name":"Modules Vector - R\u00e9serves - Linkside Communication","isPartOf":{"@id":"https:\/\/linkside-communication.com\/#website"},"primaryImageOfPage":{"@id":"https:\/\/linkside-communication.com\/index.php\/produit\/modules-vector-reserves\/#primaryimage"},"datePublished":"2022-10-07T12:22:32+00:00","dateModified":"2022-10-07T12:22:33+00:00","breadcrumb":{"@id":"https:\/\/linkside-communication.com\/index.php\/produit\/modules-vector-reserves\/#breadcrumb"},"inLanguage":"en-US","potentialAction":[{"@type":"ReadAction","target":["https:\/\/linkside-communication.com\/index.php\/produit\/modules-vector-reserves\/"]}]},{"@type":"BreadcrumbList","@id":"https:\/\/linkside-communication.com\/index.php\/produit\/modules-vector-reserves\/#breadcrumb","itemListElement":[{"@type":"ListItem","position":1,"name":"Accueil","item":"https:\/\/linkside-communication.com\/"},{"@type":"ListItem","position":2,"name":"Boutique","item":"https:\/\/linkside-communication.com\/index.php\/boutique\/"},{"@type":"ListItem","position":3,"name":"Modules Vector &#8211; R\u00e9serves"}]}]}},"_links":{"self":[{"href":"https:\/\/linkside-communication.com\/index.php\/wp-json\/wp\/v2\/product\/1897"}],"collection":[{"href":"https:\/\/linkside-communication.com\/index.php\/wp-json\/wp\/v2\/product"}],"about":[{"href":"https:\/\/linkside-communication.com\/index.php\/wp-json\/wp\/v2\/types\/product"}],"replies":[{"embeddable":true,"href":"https:\/\/linkside-communication.com\/index.php\/wp-json\/wp\/v2\/comments?post=1897"}],"version-history":[{"count":1,"href":"https:\/\/linkside-communication.com\/index.php\/wp-json\/wp\/v2\/product\/1897\/revisions"}],"predecessor-version":[{"id":1913,"href":"https:\/\/linkside-communication.com\/index.php\/wp-json\/wp\/v2\/product\/1897\/revisions\/1913"}],"wp:featuredmedia":[{"embeddable":true,"href":"https:\/\/linkside-communication.com\/index.php\/wp-json\/wp\/v2\/media\/1898"}],"wp:attachment":[{"href":"https:\/\/linkside-communication.com\/index.php\/wp-json\/wp\/v2\/media?parent=1897"}],"wp:term":[{"taxonomy":"product_cat","embeddable":true,"href":"https:\/\/linkside-communication.com\/index.php\/wp-json\/wp\/v2\/product_cat?post=1897"},{"taxonomy":"product_tag","embeddable":true,"href":"https:\/\/linkside-communication.com\/index.php\/wp-json\/wp\/v2\/product_tag?post=1897"}],"curies":[{"name":"wp","href":"https:\/\/api.w.org\/{rel}","templated":true}]}}