{"id":2184,"date":"2022-10-08T16:56:17","date_gmt":"2022-10-08T14:56:17","guid":{"rendered":"https:\/\/linkside-communication.com\/?post_type=product&#038;p=2184"},"modified":"2022-10-08T16:56:17","modified_gmt":"2022-10-08T14:56:17","slug":"sections-bases-arena","status":"publish","type":"product","link":"https:\/\/linkside-communication.com\/index.php\/produit\/sections-bases-arena\/","title":{"rendered":"Sections bases Arena"},"content":{"rendered":"<p>La gamme Arena est id\u00e9ale pour cr\u00e9er des stands d&#8217;exposition, \u00e9quiper des salles d&#8217;exposition ou de spectacle.<br \/>\nDiff\u00e9rentes sections peuvent \u00eatre assembl\u00e9es et r\u00e9utilis\u00e9es en fonction des besoins de chaque projet. Habillez-les avec des visuels interchangeables en b\u00e2che imprim\u00e9e, fix\u00e9s \u00e0 la structure par sandow.<br \/>\nLes structures Arena sont l\u00e9g\u00e8res et solides \u00e0 la fois. L&#8217;assemblage facile et rapide sans outils se fait \u00e0 l&#8217;aide de boulons et \u00e9crous, fournis pour chaque \u00e9l\u00e9ment.<\/p>\n","protected":false},"excerpt":{"rendered":"<p>La gamme Arena est une structure sc\u00e9nique tubulaire en aluminium qui est \u00e0 la fois modulable et \u00e9volutif. La section base mesure 250mm et permet de stabiliser et lester les structures autoportantes.<\/p>\n","protected":false},"featured_media":2185,"comment_status":"closed","ping_status":"closed","template":"","meta":{"site-sidebar-layout":"default","site-content-layout":"default","ast-global-header-display":"","ast-main-header-display":"","ast-hfb-above-header-display":"","ast-hfb-below-header-display":"","ast-hfb-mobile-header-display":"","site-post-title":"","ast-breadcrumbs-content":"","ast-featured-img":"","footer-sml-layout":"","theme-transparent-header-meta":"default","adv-header-id-meta":"","stick-header-meta":"default","header-above-stick-meta":"","header-main-stick-meta":"","header-below-stick-meta":""},"product_cat":[163,88,106,75],"product_tag":[],"yoast_head":"<!-- This site is optimized with the Yoast SEO plugin v19.1 - https:\/\/yoast.com\/wordpress\/plugins\/seo\/ -->\n<title>Sections bases Arena - Linkside Communication<\/title>\n<meta name=\"robots\" content=\"index, follow, max-snippet:-1, max-image-preview:large, max-video-preview:-1\" \/>\n<link rel=\"canonical\" href=\"https:\/\/linkside-communication.com\/index.php\/produit\/sections-bases-arena\/\" \/>\n<meta property=\"og:locale\" content=\"en_US\" \/>\n<meta property=\"og:type\" content=\"article\" \/>\n<meta property=\"og:title\" content=\"Sections bases Arena - Linkside Communication\" \/>\n<meta property=\"og:description\" content=\"La gamme Arena est une structure sc\u00e9nique tubulaire en aluminium qui est \u00e0 la fois modulable et \u00e9volutif. La section base mesure 250mm et permet de stabiliser et lester les structures autoportantes.\" \/>\n<meta property=\"og:url\" content=\"https:\/\/linkside-communication.com\/index.php\/produit\/sections-bases-arena\/\" \/>\n<meta property=\"og:site_name\" content=\"Linkside Communication\" \/>\n<meta property=\"og:image\" content=\"https:\/\/linkside-communication.com\/wp-content\/uploads\/2022\/10\/arena-base-sections-2-main-71635.jpg\" \/>\n\t<meta property=\"og:image:width\" content=\"1000\" \/>\n\t<meta property=\"og:image:height\" content=\"1000\" \/>\n\t<meta property=\"og:image:type\" content=\"image\/jpeg\" \/>\n<meta name=\"twitter:card\" content=\"summary_large_image\" \/>\n<meta name=\"twitter:label1\" content=\"Est. reading time\" \/>\n\t<meta name=\"twitter:data1\" content=\"1 minute\" \/>\n<script type=\"application\/ld+json\" class=\"yoast-schema-graph\">{\"@context\":\"https:\/\/schema.org\",\"@graph\":[{\"@type\":\"WebSite\",\"@id\":\"https:\/\/linkside-communication.com\/#website\",\"url\":\"https:\/\/linkside-communication.com\/\",\"name\":\"Linkside Communication\",\"description\":\"Invent\u00e9 pour un maximum de confort\",\"potentialAction\":[{\"@type\":\"SearchAction\",\"target\":{\"@type\":\"EntryPoint\",\"urlTemplate\":\"https:\/\/linkside-communication.com\/?s={search_term_string}\"},\"query-input\":\"required name=search_term_string\"}],\"inLanguage\":\"en-US\"},{\"@type\":\"ImageObject\",\"inLanguage\":\"en-US\",\"@id\":\"https:\/\/linkside-communication.com\/index.php\/produit\/sections-bases-arena\/#primaryimage\",\"url\":\"https:\/\/linkside-communication.com\/wp-content\/uploads\/2022\/10\/arena-base-sections-2-main-71635.jpg\",\"contentUrl\":\"https:\/\/linkside-communication.com\/wp-content\/uploads\/2022\/10\/arena-base-sections-2-main-71635.jpg\",\"width\":1000,\"height\":1000},{\"@type\":\"WebPage\",\"@id\":\"https:\/\/linkside-communication.com\/index.php\/produit\/sections-bases-arena\/#webpage\",\"url\":\"https:\/\/linkside-communication.com\/index.php\/produit\/sections-bases-arena\/\",\"name\":\"Sections bases Arena - Linkside Communication\",\"isPartOf\":{\"@id\":\"https:\/\/linkside-communication.com\/#website\"},\"primaryImageOfPage\":{\"@id\":\"https:\/\/linkside-communication.com\/index.php\/produit\/sections-bases-arena\/#primaryimage\"},\"datePublished\":\"2022-10-08T14:56:17+00:00\",\"dateModified\":\"2022-10-08T14:56:17+00:00\",\"breadcrumb\":{\"@id\":\"https:\/\/linkside-communication.com\/index.php\/produit\/sections-bases-arena\/#breadcrumb\"},\"inLanguage\":\"en-US\",\"potentialAction\":[{\"@type\":\"ReadAction\",\"target\":[\"https:\/\/linkside-communication.com\/index.php\/produit\/sections-bases-arena\/\"]}]},{\"@type\":\"BreadcrumbList\",\"@id\":\"https:\/\/linkside-communication.com\/index.php\/produit\/sections-bases-arena\/#breadcrumb\",\"itemListElement\":[{\"@type\":\"ListItem\",\"position\":1,\"name\":\"Accueil\",\"item\":\"https:\/\/linkside-communication.com\/\"},{\"@type\":\"ListItem\",\"position\":2,\"name\":\"Boutique\",\"item\":\"https:\/\/linkside-communication.com\/index.php\/boutique\/\"},{\"@type\":\"ListItem\",\"position\":3,\"name\":\"Sections bases Arena\"}]}]}<\/script>\n<!-- \/ Yoast SEO plugin. -->","yoast_head_json":{"title":"Sections bases Arena - Linkside Communication","robots":{"index":"index","follow":"follow","max-snippet":"max-snippet:-1","max-image-preview":"max-image-preview:large","max-video-preview":"max-video-preview:-1"},"canonical":"https:\/\/linkside-communication.com\/index.php\/produit\/sections-bases-arena\/","og_locale":"en_US","og_type":"article","og_title":"Sections bases Arena - Linkside Communication","og_description":"La gamme Arena est une structure sc\u00e9nique tubulaire en aluminium qui est \u00e0 la fois modulable et \u00e9volutif. La section base mesure 250mm et permet de stabiliser et lester les structures autoportantes.","og_url":"https:\/\/linkside-communication.com\/index.php\/produit\/sections-bases-arena\/","og_site_name":"Linkside Communication","og_image":[{"width":1000,"height":1000,"url":"https:\/\/linkside-communication.com\/wp-content\/uploads\/2022\/10\/arena-base-sections-2-main-71635.jpg","type":"image\/jpeg"}],"twitter_card":"summary_large_image","twitter_misc":{"Est. reading time":"1 minute"},"schema":{"@context":"https:\/\/schema.org","@graph":[{"@type":"WebSite","@id":"https:\/\/linkside-communication.com\/#website","url":"https:\/\/linkside-communication.com\/","name":"Linkside Communication","description":"Invent\u00e9 pour un maximum de confort","potentialAction":[{"@type":"SearchAction","target":{"@type":"EntryPoint","urlTemplate":"https:\/\/linkside-communication.com\/?s={search_term_string}"},"query-input":"required name=search_term_string"}],"inLanguage":"en-US"},{"@type":"ImageObject","inLanguage":"en-US","@id":"https:\/\/linkside-communication.com\/index.php\/produit\/sections-bases-arena\/#primaryimage","url":"https:\/\/linkside-communication.com\/wp-content\/uploads\/2022\/10\/arena-base-sections-2-main-71635.jpg","contentUrl":"https:\/\/linkside-communication.com\/wp-content\/uploads\/2022\/10\/arena-base-sections-2-main-71635.jpg","width":1000,"height":1000},{"@type":"WebPage","@id":"https:\/\/linkside-communication.com\/index.php\/produit\/sections-bases-arena\/#webpage","url":"https:\/\/linkside-communication.com\/index.php\/produit\/sections-bases-arena\/","name":"Sections bases Arena - Linkside Communication","isPartOf":{"@id":"https:\/\/linkside-communication.com\/#website"},"primaryImageOfPage":{"@id":"https:\/\/linkside-communication.com\/index.php\/produit\/sections-bases-arena\/#primaryimage"},"datePublished":"2022-10-08T14:56:17+00:00","dateModified":"2022-10-08T14:56:17+00:00","breadcrumb":{"@id":"https:\/\/linkside-communication.com\/index.php\/produit\/sections-bases-arena\/#breadcrumb"},"inLanguage":"en-US","potentialAction":[{"@type":"ReadAction","target":["https:\/\/linkside-communication.com\/index.php\/produit\/sections-bases-arena\/"]}]},{"@type":"BreadcrumbList","@id":"https:\/\/linkside-communication.com\/index.php\/produit\/sections-bases-arena\/#breadcrumb","itemListElement":[{"@type":"ListItem","position":1,"name":"Accueil","item":"https:\/\/linkside-communication.com\/"},{"@type":"ListItem","position":2,"name":"Boutique","item":"https:\/\/linkside-communication.com\/index.php\/boutique\/"},{"@type":"ListItem","position":3,"name":"Sections bases Arena"}]}]}},"_links":{"self":[{"href":"https:\/\/linkside-communication.com\/index.php\/wp-json\/wp\/v2\/product\/2184"}],"collection":[{"href":"https:\/\/linkside-communication.com\/index.php\/wp-json\/wp\/v2\/product"}],"about":[{"href":"https:\/\/linkside-communication.com\/index.php\/wp-json\/wp\/v2\/types\/product"}],"replies":[{"embeddable":true,"href":"https:\/\/linkside-communication.com\/index.php\/wp-json\/wp\/v2\/comments?post=2184"}],"version-history":[{"count":1,"href":"https:\/\/linkside-communication.com\/index.php\/wp-json\/wp\/v2\/product\/2184\/revisions"}],"predecessor-version":[{"id":2189,"href":"https:\/\/linkside-communication.com\/index.php\/wp-json\/wp\/v2\/product\/2184\/revisions\/2189"}],"wp:featuredmedia":[{"embeddable":true,"href":"https:\/\/linkside-communication.com\/index.php\/wp-json\/wp\/v2\/media\/2185"}],"wp:attachment":[{"href":"https:\/\/linkside-communication.com\/index.php\/wp-json\/wp\/v2\/media?parent=2184"}],"wp:term":[{"taxonomy":"product_cat","embeddable":true,"href":"https:\/\/linkside-communication.com\/index.php\/wp-json\/wp\/v2\/product_cat?post=2184"},{"taxonomy":"product_tag","embeddable":true,"href":"https:\/\/linkside-communication.com\/index.php\/wp-json\/wp\/v2\/product_tag?post=2184"}],"curies":[{"name":"wp","href":"https:\/\/api.w.org\/{rel}","templated":true}]}}