{"id":2253,"date":"2022-10-09T16:15:26","date_gmt":"2022-10-09T14:15:26","guid":{"rendered":"https:\/\/linkside-communication.com\/?post_type=product&#038;p=2253"},"modified":"2022-10-09T16:15:26","modified_gmt":"2022-10-09T14:15:26","slug":"suspension-formulate-design-2","status":"publish","type":"product","link":"https:\/\/linkside-communication.com\/index.php\/produit\/suspension-formulate-design-2\/","title":{"rendered":"Suspension Formulate &#8211; Design 2"},"content":{"rendered":"<p>La possibilit\u00e9 de cintrer et de d\u00e9couper les extrusion tubulaires Formulate \u00e0 la demande, combin\u00e9e \u00e0 l&#8217;utilisation d&#8217;un tissu extensible, autorise des cr\u00e9ations uniques pour s&#8217;adapter \u00e0 tous vos projets.<\/p>\n","protected":false},"excerpt":{"rendered":"<p>Les enseignes suspendues Formulate ont \u00e9t\u00e9 sp\u00e9cialement con\u00e7ues pour permettre une installation simple en toute s\u00e9curit\u00e9. La l\u00e9g\u00e8ret\u00e9 des structures tubulaires en aluminium les rend id\u00e9ales pour habiller un stand d&#8217;exposition, une galerie commerciale ou un lieu de passage en int\u00e9rieur.<\/p>\n","protected":false},"featured_media":2254,"comment_status":"closed","ping_status":"closed","template":"","meta":{"site-sidebar-layout":"default","site-content-layout":"default","ast-global-header-display":"","ast-main-header-display":"","ast-hfb-above-header-display":"","ast-hfb-below-header-display":"","ast-hfb-mobile-header-display":"","site-post-title":"","ast-breadcrumbs-content":"","ast-featured-img":"","footer-sml-layout":"","theme-transparent-header-meta":"default","adv-header-id-meta":"","stick-header-meta":"default","header-above-stick-meta":"","header-main-stick-meta":"","header-below-stick-meta":""},"product_cat":[166,106,97,77,66],"product_tag":[],"yoast_head":"<!-- This site is optimized with the Yoast SEO plugin v19.1 - https:\/\/yoast.com\/wordpress\/plugins\/seo\/ -->\n<title>Suspension Formulate - Design 2 - Linkside Communication<\/title>\n<meta name=\"robots\" content=\"index, follow, max-snippet:-1, max-image-preview:large, max-video-preview:-1\" \/>\n<link rel=\"canonical\" href=\"https:\/\/linkside-communication.com\/index.php\/produit\/suspension-formulate-design-2\/\" \/>\n<meta property=\"og:locale\" content=\"en_US\" \/>\n<meta property=\"og:type\" content=\"article\" \/>\n<meta property=\"og:title\" content=\"Suspension Formulate - Design 2 - Linkside Communication\" \/>\n<meta property=\"og:description\" content=\"Les enseignes suspendues Formulate ont \u00e9t\u00e9 sp\u00e9cialement con\u00e7ues pour permettre une installation simple en toute s\u00e9curit\u00e9. La l\u00e9g\u00e8ret\u00e9 des structures tubulaires en aluminium les rend id\u00e9ales pour habiller un stand d&#039;exposition, une galerie commerciale ou un lieu de passage en int\u00e9rieur.\" \/>\n<meta property=\"og:url\" content=\"https:\/\/linkside-communication.com\/index.php\/produit\/suspension-formulate-design-2\/\" \/>\n<meta property=\"og:site_name\" content=\"Linkside Communication\" \/>\n<meta property=\"og:image\" content=\"https:\/\/linkside-communication.com\/wp-content\/uploads\/2022\/10\/formulate-hanging-design-2-2-main-71562.jpg\" \/>\n\t<meta property=\"og:image:width\" content=\"1000\" \/>\n\t<meta property=\"og:image:height\" content=\"1000\" \/>\n\t<meta property=\"og:image:type\" content=\"image\/jpeg\" \/>\n<meta name=\"twitter:card\" content=\"summary_large_image\" \/>\n<meta name=\"twitter:label1\" content=\"Est. reading time\" \/>\n\t<meta name=\"twitter:data1\" content=\"1 minute\" \/>\n<script type=\"application\/ld+json\" class=\"yoast-schema-graph\">{\"@context\":\"https:\/\/schema.org\",\"@graph\":[{\"@type\":\"WebSite\",\"@id\":\"https:\/\/linkside-communication.com\/#website\",\"url\":\"https:\/\/linkside-communication.com\/\",\"name\":\"Linkside Communication\",\"description\":\"Invent\u00e9 pour un maximum de confort\",\"potentialAction\":[{\"@type\":\"SearchAction\",\"target\":{\"@type\":\"EntryPoint\",\"urlTemplate\":\"https:\/\/linkside-communication.com\/?s={search_term_string}\"},\"query-input\":\"required name=search_term_string\"}],\"inLanguage\":\"en-US\"},{\"@type\":\"ImageObject\",\"inLanguage\":\"en-US\",\"@id\":\"https:\/\/linkside-communication.com\/index.php\/produit\/suspension-formulate-design-2\/#primaryimage\",\"url\":\"https:\/\/linkside-communication.com\/wp-content\/uploads\/2022\/10\/formulate-hanging-design-2-2-main-71562.jpg\",\"contentUrl\":\"https:\/\/linkside-communication.com\/wp-content\/uploads\/2022\/10\/formulate-hanging-design-2-2-main-71562.jpg\",\"width\":1000,\"height\":1000},{\"@type\":\"WebPage\",\"@id\":\"https:\/\/linkside-communication.com\/index.php\/produit\/suspension-formulate-design-2\/#webpage\",\"url\":\"https:\/\/linkside-communication.com\/index.php\/produit\/suspension-formulate-design-2\/\",\"name\":\"Suspension Formulate - Design 2 - Linkside Communication\",\"isPartOf\":{\"@id\":\"https:\/\/linkside-communication.com\/#website\"},\"primaryImageOfPage\":{\"@id\":\"https:\/\/linkside-communication.com\/index.php\/produit\/suspension-formulate-design-2\/#primaryimage\"},\"datePublished\":\"2022-10-09T14:15:26+00:00\",\"dateModified\":\"2022-10-09T14:15:26+00:00\",\"breadcrumb\":{\"@id\":\"https:\/\/linkside-communication.com\/index.php\/produit\/suspension-formulate-design-2\/#breadcrumb\"},\"inLanguage\":\"en-US\",\"potentialAction\":[{\"@type\":\"ReadAction\",\"target\":[\"https:\/\/linkside-communication.com\/index.php\/produit\/suspension-formulate-design-2\/\"]}]},{\"@type\":\"BreadcrumbList\",\"@id\":\"https:\/\/linkside-communication.com\/index.php\/produit\/suspension-formulate-design-2\/#breadcrumb\",\"itemListElement\":[{\"@type\":\"ListItem\",\"position\":1,\"name\":\"Accueil\",\"item\":\"https:\/\/linkside-communication.com\/\"},{\"@type\":\"ListItem\",\"position\":2,\"name\":\"Boutique\",\"item\":\"https:\/\/linkside-communication.com\/index.php\/boutique\/\"},{\"@type\":\"ListItem\",\"position\":3,\"name\":\"Suspension Formulate &#8211; Design 2\"}]}]}<\/script>\n<!-- \/ Yoast SEO plugin. -->","yoast_head_json":{"title":"Suspension Formulate - Design 2 - Linkside Communication","robots":{"index":"index","follow":"follow","max-snippet":"max-snippet:-1","max-image-preview":"max-image-preview:large","max-video-preview":"max-video-preview:-1"},"canonical":"https:\/\/linkside-communication.com\/index.php\/produit\/suspension-formulate-design-2\/","og_locale":"en_US","og_type":"article","og_title":"Suspension Formulate - Design 2 - Linkside Communication","og_description":"Les enseignes suspendues Formulate ont \u00e9t\u00e9 sp\u00e9cialement con\u00e7ues pour permettre une installation simple en toute s\u00e9curit\u00e9. La l\u00e9g\u00e8ret\u00e9 des structures tubulaires en aluminium les rend id\u00e9ales pour habiller un stand d'exposition, une galerie commerciale ou un lieu de passage en int\u00e9rieur.","og_url":"https:\/\/linkside-communication.com\/index.php\/produit\/suspension-formulate-design-2\/","og_site_name":"Linkside Communication","og_image":[{"width":1000,"height":1000,"url":"https:\/\/linkside-communication.com\/wp-content\/uploads\/2022\/10\/formulate-hanging-design-2-2-main-71562.jpg","type":"image\/jpeg"}],"twitter_card":"summary_large_image","twitter_misc":{"Est. reading time":"1 minute"},"schema":{"@context":"https:\/\/schema.org","@graph":[{"@type":"WebSite","@id":"https:\/\/linkside-communication.com\/#website","url":"https:\/\/linkside-communication.com\/","name":"Linkside Communication","description":"Invent\u00e9 pour un maximum de confort","potentialAction":[{"@type":"SearchAction","target":{"@type":"EntryPoint","urlTemplate":"https:\/\/linkside-communication.com\/?s={search_term_string}"},"query-input":"required name=search_term_string"}],"inLanguage":"en-US"},{"@type":"ImageObject","inLanguage":"en-US","@id":"https:\/\/linkside-communication.com\/index.php\/produit\/suspension-formulate-design-2\/#primaryimage","url":"https:\/\/linkside-communication.com\/wp-content\/uploads\/2022\/10\/formulate-hanging-design-2-2-main-71562.jpg","contentUrl":"https:\/\/linkside-communication.com\/wp-content\/uploads\/2022\/10\/formulate-hanging-design-2-2-main-71562.jpg","width":1000,"height":1000},{"@type":"WebPage","@id":"https:\/\/linkside-communication.com\/index.php\/produit\/suspension-formulate-design-2\/#webpage","url":"https:\/\/linkside-communication.com\/index.php\/produit\/suspension-formulate-design-2\/","name":"Suspension Formulate - Design 2 - Linkside Communication","isPartOf":{"@id":"https:\/\/linkside-communication.com\/#website"},"primaryImageOfPage":{"@id":"https:\/\/linkside-communication.com\/index.php\/produit\/suspension-formulate-design-2\/#primaryimage"},"datePublished":"2022-10-09T14:15:26+00:00","dateModified":"2022-10-09T14:15:26+00:00","breadcrumb":{"@id":"https:\/\/linkside-communication.com\/index.php\/produit\/suspension-formulate-design-2\/#breadcrumb"},"inLanguage":"en-US","potentialAction":[{"@type":"ReadAction","target":["https:\/\/linkside-communication.com\/index.php\/produit\/suspension-formulate-design-2\/"]}]},{"@type":"BreadcrumbList","@id":"https:\/\/linkside-communication.com\/index.php\/produit\/suspension-formulate-design-2\/#breadcrumb","itemListElement":[{"@type":"ListItem","position":1,"name":"Accueil","item":"https:\/\/linkside-communication.com\/"},{"@type":"ListItem","position":2,"name":"Boutique","item":"https:\/\/linkside-communication.com\/index.php\/boutique\/"},{"@type":"ListItem","position":3,"name":"Suspension Formulate &#8211; Design 2"}]}]}},"_links":{"self":[{"href":"https:\/\/linkside-communication.com\/index.php\/wp-json\/wp\/v2\/product\/2253"}],"collection":[{"href":"https:\/\/linkside-communication.com\/index.php\/wp-json\/wp\/v2\/product"}],"about":[{"href":"https:\/\/linkside-communication.com\/index.php\/wp-json\/wp\/v2\/types\/product"}],"replies":[{"embeddable":true,"href":"https:\/\/linkside-communication.com\/index.php\/wp-json\/wp\/v2\/comments?post=2253"}],"version-history":[{"count":1,"href":"https:\/\/linkside-communication.com\/index.php\/wp-json\/wp\/v2\/product\/2253\/revisions"}],"predecessor-version":[{"id":2255,"href":"https:\/\/linkside-communication.com\/index.php\/wp-json\/wp\/v2\/product\/2253\/revisions\/2255"}],"wp:featuredmedia":[{"embeddable":true,"href":"https:\/\/linkside-communication.com\/index.php\/wp-json\/wp\/v2\/media\/2254"}],"wp:attachment":[{"href":"https:\/\/linkside-communication.com\/index.php\/wp-json\/wp\/v2\/media?parent=2253"}],"wp:term":[{"taxonomy":"product_cat","embeddable":true,"href":"https:\/\/linkside-communication.com\/index.php\/wp-json\/wp\/v2\/product_cat?post=2253"},{"taxonomy":"product_tag","embeddable":true,"href":"https:\/\/linkside-communication.com\/index.php\/wp-json\/wp\/v2\/product_tag?post=2253"}],"curies":[{"name":"wp","href":"https:\/\/api.w.org\/{rel}","templated":true}]}}