{"id":2353,"date":"2022-10-10T14:28:17","date_gmt":"2022-10-10T12:28:17","guid":{"rendered":"https:\/\/linkside-communication.com\/?post_type=product&#038;p=2353"},"modified":"2022-10-10T14:28:19","modified_gmt":"2022-10-10T12:28:19","slug":"zoom-quill","status":"publish","type":"product","link":"https:\/\/linkside-communication.com\/index.php\/produit\/zoom-quill\/","title":{"rendered":"Zoom Quill"},"content":{"rendered":"<p>Disponible en 4 tailles<br \/>\nUtilisation en int\u00e9rieur ou ext\u00e9rieur (en fonction de l\u2019embase choisie)<br \/>\nM\u00e2t \u00e0 \u00e9lastique en aluminium, tige en fibre de verre<br \/>\nVoile drapeau avec finition Standard (ganse \u00e9lasthanne noire ou blanche) ou Full Graphic (ganse imprim\u00e9e)<br \/>\nImpression traversante ou recto-verso<br \/>\nSac de transport avec porte-\u00e9tiquette inclus<\/p>\n","protected":false},"excerpt":{"rendered":"<p>Drapeau de forme goutte tr\u00e8s populaire. A compl\u00e9ter avec un large choix d\u2019embases selon l\u2019utilisation souhait\u00e9e. Des visuels imprim\u00e9s sont disponibles avec un choix d&#8217;options simple ou double face. Id\u00e9al pour la publicit\u00e9 sur lieux de ventes, les expositions et \u00e9v\u00e9nements int\u00e9rieurs ou ext\u00e9rieurs.<\/p>\n","protected":false},"featured_media":2355,"comment_status":"closed","ping_status":"closed","template":"","meta":{"site-sidebar-layout":"default","site-content-layout":"default","ast-global-header-display":"","ast-main-header-display":"","ast-hfb-above-header-display":"","ast-hfb-below-header-display":"","ast-hfb-mobile-header-display":"","site-post-title":"","ast-breadcrumbs-content":"","ast-featured-img":"","footer-sml-layout":"","theme-transparent-header-meta":"default","adv-header-id-meta":"","stick-header-meta":"default","header-above-stick-meta":"","header-main-stick-meta":"","header-below-stick-meta":""},"product_cat":[56,113,73,84,74,111,103,94,120,92,112,83,117,82,116,79,108,122,72,98,96,102,119,86,85,118,69,76,114,100,99,91,115,78,71,101,121,171],"product_tag":[],"yoast_head":"<!-- This site is optimized with the Yoast SEO plugin v19.1 - https:\/\/yoast.com\/wordpress\/plugins\/seo\/ -->\n<title>Zoom Quill - Linkside Communication<\/title>\n<meta name=\"robots\" content=\"index, follow, max-snippet:-1, max-image-preview:large, max-video-preview:-1\" \/>\n<link rel=\"canonical\" href=\"https:\/\/linkside-communication.com\/index.php\/produit\/zoom-quill\/\" \/>\n<meta property=\"og:locale\" content=\"en_US\" \/>\n<meta property=\"og:type\" content=\"article\" \/>\n<meta property=\"og:title\" content=\"Zoom Quill - Linkside Communication\" \/>\n<meta property=\"og:description\" content=\"Drapeau de forme goutte tr\u00e8s populaire. A compl\u00e9ter avec un large choix d\u2019embases selon l\u2019utilisation souhait\u00e9e. Des visuels imprim\u00e9s sont disponibles avec un choix d&#039;options simple ou double face. Id\u00e9al pour la publicit\u00e9 sur lieux de ventes, les expositions et \u00e9v\u00e9nements int\u00e9rieurs ou ext\u00e9rieurs.\" \/>\n<meta property=\"og:url\" content=\"https:\/\/linkside-communication.com\/index.php\/produit\/zoom-quill\/\" \/>\n<meta property=\"og:site_name\" content=\"Linkside Communication\" \/>\n<meta property=\"article:modified_time\" content=\"2022-10-10T12:28:19+00:00\" \/>\n<meta property=\"og:image\" content=\"https:\/\/linkside-communication.com\/wp-content\/uploads\/2022\/10\/zoom-quill-2-second-72005.jpg\" \/>\n\t<meta property=\"og:image:width\" content=\"1000\" \/>\n\t<meta property=\"og:image:height\" content=\"1000\" \/>\n\t<meta property=\"og:image:type\" content=\"image\/jpeg\" \/>\n<meta name=\"twitter:card\" content=\"summary_large_image\" \/>\n<meta name=\"twitter:label1\" content=\"Est. reading time\" \/>\n\t<meta name=\"twitter:data1\" content=\"1 minute\" \/>\n<script type=\"application\/ld+json\" class=\"yoast-schema-graph\">{\"@context\":\"https:\/\/schema.org\",\"@graph\":[{\"@type\":\"WebSite\",\"@id\":\"https:\/\/linkside-communication.com\/#website\",\"url\":\"https:\/\/linkside-communication.com\/\",\"name\":\"Linkside Communication\",\"description\":\"Invent\u00e9 pour un maximum de confort\",\"potentialAction\":[{\"@type\":\"SearchAction\",\"target\":{\"@type\":\"EntryPoint\",\"urlTemplate\":\"https:\/\/linkside-communication.com\/?s={search_term_string}\"},\"query-input\":\"required name=search_term_string\"}],\"inLanguage\":\"en-US\"},{\"@type\":\"ImageObject\",\"inLanguage\":\"en-US\",\"@id\":\"https:\/\/linkside-communication.com\/index.php\/produit\/zoom-quill\/#primaryimage\",\"url\":\"https:\/\/linkside-communication.com\/wp-content\/uploads\/2022\/10\/zoom-quill-2-second-72005.jpg\",\"contentUrl\":\"https:\/\/linkside-communication.com\/wp-content\/uploads\/2022\/10\/zoom-quill-2-second-72005.jpg\",\"width\":1000,\"height\":1000},{\"@type\":\"WebPage\",\"@id\":\"https:\/\/linkside-communication.com\/index.php\/produit\/zoom-quill\/#webpage\",\"url\":\"https:\/\/linkside-communication.com\/index.php\/produit\/zoom-quill\/\",\"name\":\"Zoom Quill - Linkside Communication\",\"isPartOf\":{\"@id\":\"https:\/\/linkside-communication.com\/#website\"},\"primaryImageOfPage\":{\"@id\":\"https:\/\/linkside-communication.com\/index.php\/produit\/zoom-quill\/#primaryimage\"},\"datePublished\":\"2022-10-10T12:28:17+00:00\",\"dateModified\":\"2022-10-10T12:28:19+00:00\",\"breadcrumb\":{\"@id\":\"https:\/\/linkside-communication.com\/index.php\/produit\/zoom-quill\/#breadcrumb\"},\"inLanguage\":\"en-US\",\"potentialAction\":[{\"@type\":\"ReadAction\",\"target\":[\"https:\/\/linkside-communication.com\/index.php\/produit\/zoom-quill\/\"]}]},{\"@type\":\"BreadcrumbList\",\"@id\":\"https:\/\/linkside-communication.com\/index.php\/produit\/zoom-quill\/#breadcrumb\",\"itemListElement\":[{\"@type\":\"ListItem\",\"position\":1,\"name\":\"Accueil\",\"item\":\"https:\/\/linkside-communication.com\/\"},{\"@type\":\"ListItem\",\"position\":2,\"name\":\"Boutique\",\"item\":\"https:\/\/linkside-communication.com\/index.php\/boutique\/\"},{\"@type\":\"ListItem\",\"position\":3,\"name\":\"Zoom Quill\"}]}]}<\/script>\n<!-- \/ Yoast SEO plugin. -->","yoast_head_json":{"title":"Zoom Quill - Linkside Communication","robots":{"index":"index","follow":"follow","max-snippet":"max-snippet:-1","max-image-preview":"max-image-preview:large","max-video-preview":"max-video-preview:-1"},"canonical":"https:\/\/linkside-communication.com\/index.php\/produit\/zoom-quill\/","og_locale":"en_US","og_type":"article","og_title":"Zoom Quill - Linkside Communication","og_description":"Drapeau de forme goutte tr\u00e8s populaire. A compl\u00e9ter avec un large choix d\u2019embases selon l\u2019utilisation souhait\u00e9e. Des visuels imprim\u00e9s sont disponibles avec un choix d'options simple ou double face. Id\u00e9al pour la publicit\u00e9 sur lieux de ventes, les expositions et \u00e9v\u00e9nements int\u00e9rieurs ou ext\u00e9rieurs.","og_url":"https:\/\/linkside-communication.com\/index.php\/produit\/zoom-quill\/","og_site_name":"Linkside Communication","article_modified_time":"2022-10-10T12:28:19+00:00","og_image":[{"width":1000,"height":1000,"url":"https:\/\/linkside-communication.com\/wp-content\/uploads\/2022\/10\/zoom-quill-2-second-72005.jpg","type":"image\/jpeg"}],"twitter_card":"summary_large_image","twitter_misc":{"Est. reading time":"1 minute"},"schema":{"@context":"https:\/\/schema.org","@graph":[{"@type":"WebSite","@id":"https:\/\/linkside-communication.com\/#website","url":"https:\/\/linkside-communication.com\/","name":"Linkside Communication","description":"Invent\u00e9 pour un maximum de confort","potentialAction":[{"@type":"SearchAction","target":{"@type":"EntryPoint","urlTemplate":"https:\/\/linkside-communication.com\/?s={search_term_string}"},"query-input":"required name=search_term_string"}],"inLanguage":"en-US"},{"@type":"ImageObject","inLanguage":"en-US","@id":"https:\/\/linkside-communication.com\/index.php\/produit\/zoom-quill\/#primaryimage","url":"https:\/\/linkside-communication.com\/wp-content\/uploads\/2022\/10\/zoom-quill-2-second-72005.jpg","contentUrl":"https:\/\/linkside-communication.com\/wp-content\/uploads\/2022\/10\/zoom-quill-2-second-72005.jpg","width":1000,"height":1000},{"@type":"WebPage","@id":"https:\/\/linkside-communication.com\/index.php\/produit\/zoom-quill\/#webpage","url":"https:\/\/linkside-communication.com\/index.php\/produit\/zoom-quill\/","name":"Zoom Quill - Linkside Communication","isPartOf":{"@id":"https:\/\/linkside-communication.com\/#website"},"primaryImageOfPage":{"@id":"https:\/\/linkside-communication.com\/index.php\/produit\/zoom-quill\/#primaryimage"},"datePublished":"2022-10-10T12:28:17+00:00","dateModified":"2022-10-10T12:28:19+00:00","breadcrumb":{"@id":"https:\/\/linkside-communication.com\/index.php\/produit\/zoom-quill\/#breadcrumb"},"inLanguage":"en-US","potentialAction":[{"@type":"ReadAction","target":["https:\/\/linkside-communication.com\/index.php\/produit\/zoom-quill\/"]}]},{"@type":"BreadcrumbList","@id":"https:\/\/linkside-communication.com\/index.php\/produit\/zoom-quill\/#breadcrumb","itemListElement":[{"@type":"ListItem","position":1,"name":"Accueil","item":"https:\/\/linkside-communication.com\/"},{"@type":"ListItem","position":2,"name":"Boutique","item":"https:\/\/linkside-communication.com\/index.php\/boutique\/"},{"@type":"ListItem","position":3,"name":"Zoom Quill"}]}]}},"_links":{"self":[{"href":"https:\/\/linkside-communication.com\/index.php\/wp-json\/wp\/v2\/product\/2353"}],"collection":[{"href":"https:\/\/linkside-communication.com\/index.php\/wp-json\/wp\/v2\/product"}],"about":[{"href":"https:\/\/linkside-communication.com\/index.php\/wp-json\/wp\/v2\/types\/product"}],"replies":[{"embeddable":true,"href":"https:\/\/linkside-communication.com\/index.php\/wp-json\/wp\/v2\/comments?post=2353"}],"version-history":[{"count":1,"href":"https:\/\/linkside-communication.com\/index.php\/wp-json\/wp\/v2\/product\/2353\/revisions"}],"predecessor-version":[{"id":2364,"href":"https:\/\/linkside-communication.com\/index.php\/wp-json\/wp\/v2\/product\/2353\/revisions\/2364"}],"wp:featuredmedia":[{"embeddable":true,"href":"https:\/\/linkside-communication.com\/index.php\/wp-json\/wp\/v2\/media\/2355"}],"wp:attachment":[{"href":"https:\/\/linkside-communication.com\/index.php\/wp-json\/wp\/v2\/media?parent=2353"}],"wp:term":[{"taxonomy":"product_cat","embeddable":true,"href":"https:\/\/linkside-communication.com\/index.php\/wp-json\/wp\/v2\/product_cat?post=2353"},{"taxonomy":"product_tag","embeddable":true,"href":"https:\/\/linkside-communication.com\/index.php\/wp-json\/wp\/v2\/product_tag?post=2353"}],"curies":[{"name":"wp","href":"https:\/\/api.w.org\/{rel}","templated":true}]}}