{"id":2377,"date":"2022-10-10T14:59:38","date_gmt":"2022-10-10T12:59:38","guid":{"rendered":"https:\/\/linkside-communication.com\/?post_type=product&#038;p=2377"},"modified":"2022-10-10T14:59:39","modified_gmt":"2022-10-10T12:59:39","slug":"shimmer","status":"publish","type":"product","link":"https:\/\/linkside-communication.com\/index.php\/produit\/shimmer\/","title":{"rendered":"Shimmer"},"content":{"rendered":"<p>Structure plastique noire, assemblage facile avec un m\u00e2t t\u00e9lescopique de 1620 \u00e0 3000mm.<br \/>\nEmbase lestable de 14L (sable ou eau).<br \/>\nR\u00e9siste \u00e0 des vents de 20 \u00e0 28 km\/h.<\/p>\n","protected":false},"excerpt":{"rendered":"<p>Drapeau sur pied t\u00e9lescopique \u00e9conomique avec embase lestable incluse.<br \/>\nR\u00e9glable jusqu&#8217;\u00e0 3m de haut, le syst\u00e8me est livr\u00e9 avec une base qui peut \u00eatre remplie d&#8217;eau ou de sable pour une stabilit\u00e9 optimale. Sacs de transport en option. Peut \u00eatre utilis\u00e9 \u00e0 l&#8217;int\u00e9rieur ou \u00e0 l&#8217;ext\u00e9rieur et est tr\u00e8s simple et facile \u00e0 d\u00e9ployer.<\/p>\n","protected":false},"featured_media":2379,"comment_status":"closed","ping_status":"closed","template":"","meta":{"site-sidebar-layout":"default","site-content-layout":"default","ast-global-header-display":"","ast-main-header-display":"","ast-hfb-above-header-display":"","ast-hfb-below-header-display":"","ast-hfb-mobile-header-display":"","site-post-title":"","ast-breadcrumbs-content":"","ast-featured-img":"","footer-sml-layout":"","theme-transparent-header-meta":"default","adv-header-id-meta":"","stick-header-meta":"default","header-above-stick-meta":"","header-main-stick-meta":"","header-below-stick-meta":""},"product_cat":[74,111,94,92,120,83,112,108,122,96,76,114,173,78,115],"product_tag":[],"yoast_head":"<!-- This site is optimized with the Yoast SEO plugin v19.1 - https:\/\/yoast.com\/wordpress\/plugins\/seo\/ -->\n<title>Shimmer - Linkside Communication<\/title>\n<meta name=\"robots\" content=\"index, follow, max-snippet:-1, max-image-preview:large, max-video-preview:-1\" \/>\n<link rel=\"canonical\" href=\"https:\/\/linkside-communication.com\/index.php\/produit\/shimmer\/\" \/>\n<meta property=\"og:locale\" content=\"en_US\" \/>\n<meta property=\"og:type\" content=\"article\" \/>\n<meta property=\"og:title\" content=\"Shimmer - Linkside Communication\" \/>\n<meta property=\"og:description\" content=\"Drapeau sur pied t\u00e9lescopique \u00e9conomique avec embase lestable incluse. R\u00e9glable jusqu&#039;\u00e0 3m de haut, le syst\u00e8me est livr\u00e9 avec une base qui peut \u00eatre remplie d&#039;eau ou de sable pour une stabilit\u00e9 optimale. Sacs de transport en option. Peut \u00eatre utilis\u00e9 \u00e0 l&#039;int\u00e9rieur ou \u00e0 l&#039;ext\u00e9rieur et est tr\u00e8s simple et facile \u00e0 d\u00e9ployer.\" \/>\n<meta property=\"og:url\" content=\"https:\/\/linkside-communication.com\/index.php\/produit\/shimmer\/\" \/>\n<meta property=\"og:site_name\" content=\"Linkside Communication\" \/>\n<meta property=\"article:modified_time\" content=\"2022-10-10T12:59:39+00:00\" \/>\n<meta property=\"og:image\" content=\"https:\/\/linkside-communication.com\/wp-content\/uploads\/2022\/10\/shimmer-11-third-72014.jpg\" \/>\n\t<meta property=\"og:image:width\" content=\"1000\" \/>\n\t<meta property=\"og:image:height\" content=\"1000\" \/>\n\t<meta property=\"og:image:type\" content=\"image\/jpeg\" \/>\n<meta name=\"twitter:card\" content=\"summary_large_image\" \/>\n<meta name=\"twitter:label1\" content=\"Est. reading time\" \/>\n\t<meta name=\"twitter:data1\" content=\"1 minute\" \/>\n<script type=\"application\/ld+json\" class=\"yoast-schema-graph\">{\"@context\":\"https:\/\/schema.org\",\"@graph\":[{\"@type\":\"WebSite\",\"@id\":\"https:\/\/linkside-communication.com\/#website\",\"url\":\"https:\/\/linkside-communication.com\/\",\"name\":\"Linkside Communication\",\"description\":\"Invent\u00e9 pour un maximum de confort\",\"potentialAction\":[{\"@type\":\"SearchAction\",\"target\":{\"@type\":\"EntryPoint\",\"urlTemplate\":\"https:\/\/linkside-communication.com\/?s={search_term_string}\"},\"query-input\":\"required name=search_term_string\"}],\"inLanguage\":\"en-US\"},{\"@type\":\"ImageObject\",\"inLanguage\":\"en-US\",\"@id\":\"https:\/\/linkside-communication.com\/index.php\/produit\/shimmer\/#primaryimage\",\"url\":\"https:\/\/linkside-communication.com\/wp-content\/uploads\/2022\/10\/shimmer-11-third-72014.jpg\",\"contentUrl\":\"https:\/\/linkside-communication.com\/wp-content\/uploads\/2022\/10\/shimmer-11-third-72014.jpg\",\"width\":1000,\"height\":1000},{\"@type\":\"WebPage\",\"@id\":\"https:\/\/linkside-communication.com\/index.php\/produit\/shimmer\/#webpage\",\"url\":\"https:\/\/linkside-communication.com\/index.php\/produit\/shimmer\/\",\"name\":\"Shimmer - Linkside Communication\",\"isPartOf\":{\"@id\":\"https:\/\/linkside-communication.com\/#website\"},\"primaryImageOfPage\":{\"@id\":\"https:\/\/linkside-communication.com\/index.php\/produit\/shimmer\/#primaryimage\"},\"datePublished\":\"2022-10-10T12:59:38+00:00\",\"dateModified\":\"2022-10-10T12:59:39+00:00\",\"breadcrumb\":{\"@id\":\"https:\/\/linkside-communication.com\/index.php\/produit\/shimmer\/#breadcrumb\"},\"inLanguage\":\"en-US\",\"potentialAction\":[{\"@type\":\"ReadAction\",\"target\":[\"https:\/\/linkside-communication.com\/index.php\/produit\/shimmer\/\"]}]},{\"@type\":\"BreadcrumbList\",\"@id\":\"https:\/\/linkside-communication.com\/index.php\/produit\/shimmer\/#breadcrumb\",\"itemListElement\":[{\"@type\":\"ListItem\",\"position\":1,\"name\":\"Accueil\",\"item\":\"https:\/\/linkside-communication.com\/\"},{\"@type\":\"ListItem\",\"position\":2,\"name\":\"Boutique\",\"item\":\"https:\/\/linkside-communication.com\/index.php\/boutique\/\"},{\"@type\":\"ListItem\",\"position\":3,\"name\":\"Shimmer\"}]}]}<\/script>\n<!-- \/ Yoast SEO plugin. -->","yoast_head_json":{"title":"Shimmer - Linkside Communication","robots":{"index":"index","follow":"follow","max-snippet":"max-snippet:-1","max-image-preview":"max-image-preview:large","max-video-preview":"max-video-preview:-1"},"canonical":"https:\/\/linkside-communication.com\/index.php\/produit\/shimmer\/","og_locale":"en_US","og_type":"article","og_title":"Shimmer - Linkside Communication","og_description":"Drapeau sur pied t\u00e9lescopique \u00e9conomique avec embase lestable incluse. R\u00e9glable jusqu'\u00e0 3m de haut, le syst\u00e8me est livr\u00e9 avec une base qui peut \u00eatre remplie d'eau ou de sable pour une stabilit\u00e9 optimale. Sacs de transport en option. Peut \u00eatre utilis\u00e9 \u00e0 l'int\u00e9rieur ou \u00e0 l'ext\u00e9rieur et est tr\u00e8s simple et facile \u00e0 d\u00e9ployer.","og_url":"https:\/\/linkside-communication.com\/index.php\/produit\/shimmer\/","og_site_name":"Linkside Communication","article_modified_time":"2022-10-10T12:59:39+00:00","og_image":[{"width":1000,"height":1000,"url":"https:\/\/linkside-communication.com\/wp-content\/uploads\/2022\/10\/shimmer-11-third-72014.jpg","type":"image\/jpeg"}],"twitter_card":"summary_large_image","twitter_misc":{"Est. reading time":"1 minute"},"schema":{"@context":"https:\/\/schema.org","@graph":[{"@type":"WebSite","@id":"https:\/\/linkside-communication.com\/#website","url":"https:\/\/linkside-communication.com\/","name":"Linkside Communication","description":"Invent\u00e9 pour un maximum de confort","potentialAction":[{"@type":"SearchAction","target":{"@type":"EntryPoint","urlTemplate":"https:\/\/linkside-communication.com\/?s={search_term_string}"},"query-input":"required name=search_term_string"}],"inLanguage":"en-US"},{"@type":"ImageObject","inLanguage":"en-US","@id":"https:\/\/linkside-communication.com\/index.php\/produit\/shimmer\/#primaryimage","url":"https:\/\/linkside-communication.com\/wp-content\/uploads\/2022\/10\/shimmer-11-third-72014.jpg","contentUrl":"https:\/\/linkside-communication.com\/wp-content\/uploads\/2022\/10\/shimmer-11-third-72014.jpg","width":1000,"height":1000},{"@type":"WebPage","@id":"https:\/\/linkside-communication.com\/index.php\/produit\/shimmer\/#webpage","url":"https:\/\/linkside-communication.com\/index.php\/produit\/shimmer\/","name":"Shimmer - Linkside Communication","isPartOf":{"@id":"https:\/\/linkside-communication.com\/#website"},"primaryImageOfPage":{"@id":"https:\/\/linkside-communication.com\/index.php\/produit\/shimmer\/#primaryimage"},"datePublished":"2022-10-10T12:59:38+00:00","dateModified":"2022-10-10T12:59:39+00:00","breadcrumb":{"@id":"https:\/\/linkside-communication.com\/index.php\/produit\/shimmer\/#breadcrumb"},"inLanguage":"en-US","potentialAction":[{"@type":"ReadAction","target":["https:\/\/linkside-communication.com\/index.php\/produit\/shimmer\/"]}]},{"@type":"BreadcrumbList","@id":"https:\/\/linkside-communication.com\/index.php\/produit\/shimmer\/#breadcrumb","itemListElement":[{"@type":"ListItem","position":1,"name":"Accueil","item":"https:\/\/linkside-communication.com\/"},{"@type":"ListItem","position":2,"name":"Boutique","item":"https:\/\/linkside-communication.com\/index.php\/boutique\/"},{"@type":"ListItem","position":3,"name":"Shimmer"}]}]}},"_links":{"self":[{"href":"https:\/\/linkside-communication.com\/index.php\/wp-json\/wp\/v2\/product\/2377"}],"collection":[{"href":"https:\/\/linkside-communication.com\/index.php\/wp-json\/wp\/v2\/product"}],"about":[{"href":"https:\/\/linkside-communication.com\/index.php\/wp-json\/wp\/v2\/types\/product"}],"replies":[{"embeddable":true,"href":"https:\/\/linkside-communication.com\/index.php\/wp-json\/wp\/v2\/comments?post=2377"}],"version-history":[{"count":1,"href":"https:\/\/linkside-communication.com\/index.php\/wp-json\/wp\/v2\/product\/2377\/revisions"}],"predecessor-version":[{"id":2381,"href":"https:\/\/linkside-communication.com\/index.php\/wp-json\/wp\/v2\/product\/2377\/revisions\/2381"}],"wp:featuredmedia":[{"embeddable":true,"href":"https:\/\/linkside-communication.com\/index.php\/wp-json\/wp\/v2\/media\/2379"}],"wp:attachment":[{"href":"https:\/\/linkside-communication.com\/index.php\/wp-json\/wp\/v2\/media?parent=2377"}],"wp:term":[{"taxonomy":"product_cat","embeddable":true,"href":"https:\/\/linkside-communication.com\/index.php\/wp-json\/wp\/v2\/product_cat?post=2377"},{"taxonomy":"product_tag","embeddable":true,"href":"https:\/\/linkside-communication.com\/index.php\/wp-json\/wp\/v2\/product_tag?post=2377"}],"curies":[{"name":"wp","href":"https:\/\/api.w.org\/{rel}","templated":true}]}}