{"id":2382,"date":"2022-10-10T15:07:33","date_gmt":"2022-10-10T13:07:33","guid":{"rendered":"https:\/\/linkside-communication.com\/?post_type=product&#038;p=2382"},"modified":"2022-10-10T15:07:34","modified_gmt":"2022-10-10T13:07:34","slug":"wind-dancer","status":"publish","type":"product","link":"https:\/\/linkside-communication.com\/index.php\/produit\/wind-dancer\/","title":{"rendered":"Wind Dancer"},"content":{"rendered":"<p>Structure plastique et aluminium avec embase incluse.<br \/>\nM\u00e2t t\u00e9lescopique avec 3 hauteurs ajustables.<br \/>\nVisuel fix\u00e9 par un syst\u00e8me d\u2019\u0153illets.<br \/>\nDisponible en impression recto seul ou recto-verso.<br \/>\nPied avec r\u00e9servoir d\u2019une capacit\u00e9 de 66L (lest\u00e9 avec du sable ou de l\u2019eau).<br \/>\nR\u00e9siste \u00e0 des vents de 20 \u00e0 28 km\/h (niveau 4 sur l\u2019\u00e9chelle de Beaufort).<br \/>\nSacs de transport en option.<\/p>\n","protected":false},"excerpt":{"rendered":"<p>Drapeau t\u00e9lescopique imposant mesurant 5 m de haut lorsqu&#8217;il est enti\u00e8rement assembl\u00e9 et qui ne manquera pas de faire de l&#8217;effet lors de tout \u00e9v\u00e9nement ext\u00e9rieur. Embase lestable avec de l\u2019eau ou du sable pour une stabilit\u00e9 optimale. Sacs de transport disponibles en option.<\/p>\n","protected":false},"featured_media":2383,"comment_status":"closed","ping_status":"closed","template":"","meta":{"site-sidebar-layout":"default","site-content-layout":"default","ast-global-header-display":"","ast-main-header-display":"","ast-hfb-above-header-display":"","ast-hfb-below-header-display":"","ast-hfb-mobile-header-display":"","site-post-title":"","ast-breadcrumbs-content":"","ast-featured-img":"","footer-sml-layout":"","theme-transparent-header-meta":"default","adv-header-id-meta":"","stick-header-meta":"default","header-above-stick-meta":"","header-main-stick-meta":"","header-below-stick-meta":""},"product_cat":[74,111,92,120,83,112,108,122,76,114,174],"product_tag":[],"yoast_head":"<!-- This site is optimized with the Yoast SEO plugin v19.1 - https:\/\/yoast.com\/wordpress\/plugins\/seo\/ -->\n<title>Wind Dancer - Linkside Communication<\/title>\n<meta name=\"robots\" content=\"index, follow, max-snippet:-1, max-image-preview:large, max-video-preview:-1\" \/>\n<link rel=\"canonical\" href=\"https:\/\/linkside-communication.com\/index.php\/produit\/wind-dancer\/\" \/>\n<meta property=\"og:locale\" content=\"en_US\" \/>\n<meta property=\"og:type\" content=\"article\" \/>\n<meta property=\"og:title\" content=\"Wind Dancer - Linkside Communication\" \/>\n<meta property=\"og:description\" content=\"Drapeau t\u00e9lescopique imposant mesurant 5 m de haut lorsqu&#039;il est enti\u00e8rement assembl\u00e9 et qui ne manquera pas de faire de l&#039;effet lors de tout \u00e9v\u00e9nement ext\u00e9rieur. Embase lestable avec de l\u2019eau ou du sable pour une stabilit\u00e9 optimale. Sacs de transport disponibles en option.\" \/>\n<meta property=\"og:url\" content=\"https:\/\/linkside-communication.com\/index.php\/produit\/wind-dancer\/\" \/>\n<meta property=\"og:site_name\" content=\"Linkside Communication\" \/>\n<meta property=\"article:modified_time\" content=\"2022-10-10T13:07:34+00:00\" \/>\n<meta property=\"og:image\" content=\"https:\/\/linkside-communication.com\/wp-content\/uploads\/2022\/10\/wind-dancer-11-main-72024.jpg\" \/>\n\t<meta property=\"og:image:width\" content=\"1000\" \/>\n\t<meta property=\"og:image:height\" content=\"1000\" \/>\n\t<meta property=\"og:image:type\" content=\"image\/jpeg\" \/>\n<meta name=\"twitter:card\" content=\"summary_large_image\" \/>\n<meta name=\"twitter:label1\" content=\"Est. reading time\" \/>\n\t<meta name=\"twitter:data1\" content=\"1 minute\" \/>\n<script type=\"application\/ld+json\" class=\"yoast-schema-graph\">{\"@context\":\"https:\/\/schema.org\",\"@graph\":[{\"@type\":\"WebSite\",\"@id\":\"https:\/\/linkside-communication.com\/#website\",\"url\":\"https:\/\/linkside-communication.com\/\",\"name\":\"Linkside Communication\",\"description\":\"Invent\u00e9 pour un maximum de confort\",\"potentialAction\":[{\"@type\":\"SearchAction\",\"target\":{\"@type\":\"EntryPoint\",\"urlTemplate\":\"https:\/\/linkside-communication.com\/?s={search_term_string}\"},\"query-input\":\"required name=search_term_string\"}],\"inLanguage\":\"en-US\"},{\"@type\":\"ImageObject\",\"inLanguage\":\"en-US\",\"@id\":\"https:\/\/linkside-communication.com\/index.php\/produit\/wind-dancer\/#primaryimage\",\"url\":\"https:\/\/linkside-communication.com\/wp-content\/uploads\/2022\/10\/wind-dancer-11-main-72024.jpg\",\"contentUrl\":\"https:\/\/linkside-communication.com\/wp-content\/uploads\/2022\/10\/wind-dancer-11-main-72024.jpg\",\"width\":1000,\"height\":1000},{\"@type\":\"WebPage\",\"@id\":\"https:\/\/linkside-communication.com\/index.php\/produit\/wind-dancer\/#webpage\",\"url\":\"https:\/\/linkside-communication.com\/index.php\/produit\/wind-dancer\/\",\"name\":\"Wind Dancer - Linkside Communication\",\"isPartOf\":{\"@id\":\"https:\/\/linkside-communication.com\/#website\"},\"primaryImageOfPage\":{\"@id\":\"https:\/\/linkside-communication.com\/index.php\/produit\/wind-dancer\/#primaryimage\"},\"datePublished\":\"2022-10-10T13:07:33+00:00\",\"dateModified\":\"2022-10-10T13:07:34+00:00\",\"breadcrumb\":{\"@id\":\"https:\/\/linkside-communication.com\/index.php\/produit\/wind-dancer\/#breadcrumb\"},\"inLanguage\":\"en-US\",\"potentialAction\":[{\"@type\":\"ReadAction\",\"target\":[\"https:\/\/linkside-communication.com\/index.php\/produit\/wind-dancer\/\"]}]},{\"@type\":\"BreadcrumbList\",\"@id\":\"https:\/\/linkside-communication.com\/index.php\/produit\/wind-dancer\/#breadcrumb\",\"itemListElement\":[{\"@type\":\"ListItem\",\"position\":1,\"name\":\"Accueil\",\"item\":\"https:\/\/linkside-communication.com\/\"},{\"@type\":\"ListItem\",\"position\":2,\"name\":\"Boutique\",\"item\":\"https:\/\/linkside-communication.com\/index.php\/boutique\/\"},{\"@type\":\"ListItem\",\"position\":3,\"name\":\"Wind Dancer\"}]}]}<\/script>\n<!-- \/ Yoast SEO plugin. -->","yoast_head_json":{"title":"Wind Dancer - Linkside Communication","robots":{"index":"index","follow":"follow","max-snippet":"max-snippet:-1","max-image-preview":"max-image-preview:large","max-video-preview":"max-video-preview:-1"},"canonical":"https:\/\/linkside-communication.com\/index.php\/produit\/wind-dancer\/","og_locale":"en_US","og_type":"article","og_title":"Wind Dancer - Linkside Communication","og_description":"Drapeau t\u00e9lescopique imposant mesurant 5 m de haut lorsqu'il est enti\u00e8rement assembl\u00e9 et qui ne manquera pas de faire de l'effet lors de tout \u00e9v\u00e9nement ext\u00e9rieur. Embase lestable avec de l\u2019eau ou du sable pour une stabilit\u00e9 optimale. Sacs de transport disponibles en option.","og_url":"https:\/\/linkside-communication.com\/index.php\/produit\/wind-dancer\/","og_site_name":"Linkside Communication","article_modified_time":"2022-10-10T13:07:34+00:00","og_image":[{"width":1000,"height":1000,"url":"https:\/\/linkside-communication.com\/wp-content\/uploads\/2022\/10\/wind-dancer-11-main-72024.jpg","type":"image\/jpeg"}],"twitter_card":"summary_large_image","twitter_misc":{"Est. reading time":"1 minute"},"schema":{"@context":"https:\/\/schema.org","@graph":[{"@type":"WebSite","@id":"https:\/\/linkside-communication.com\/#website","url":"https:\/\/linkside-communication.com\/","name":"Linkside Communication","description":"Invent\u00e9 pour un maximum de confort","potentialAction":[{"@type":"SearchAction","target":{"@type":"EntryPoint","urlTemplate":"https:\/\/linkside-communication.com\/?s={search_term_string}"},"query-input":"required name=search_term_string"}],"inLanguage":"en-US"},{"@type":"ImageObject","inLanguage":"en-US","@id":"https:\/\/linkside-communication.com\/index.php\/produit\/wind-dancer\/#primaryimage","url":"https:\/\/linkside-communication.com\/wp-content\/uploads\/2022\/10\/wind-dancer-11-main-72024.jpg","contentUrl":"https:\/\/linkside-communication.com\/wp-content\/uploads\/2022\/10\/wind-dancer-11-main-72024.jpg","width":1000,"height":1000},{"@type":"WebPage","@id":"https:\/\/linkside-communication.com\/index.php\/produit\/wind-dancer\/#webpage","url":"https:\/\/linkside-communication.com\/index.php\/produit\/wind-dancer\/","name":"Wind Dancer - Linkside Communication","isPartOf":{"@id":"https:\/\/linkside-communication.com\/#website"},"primaryImageOfPage":{"@id":"https:\/\/linkside-communication.com\/index.php\/produit\/wind-dancer\/#primaryimage"},"datePublished":"2022-10-10T13:07:33+00:00","dateModified":"2022-10-10T13:07:34+00:00","breadcrumb":{"@id":"https:\/\/linkside-communication.com\/index.php\/produit\/wind-dancer\/#breadcrumb"},"inLanguage":"en-US","potentialAction":[{"@type":"ReadAction","target":["https:\/\/linkside-communication.com\/index.php\/produit\/wind-dancer\/"]}]},{"@type":"BreadcrumbList","@id":"https:\/\/linkside-communication.com\/index.php\/produit\/wind-dancer\/#breadcrumb","itemListElement":[{"@type":"ListItem","position":1,"name":"Accueil","item":"https:\/\/linkside-communication.com\/"},{"@type":"ListItem","position":2,"name":"Boutique","item":"https:\/\/linkside-communication.com\/index.php\/boutique\/"},{"@type":"ListItem","position":3,"name":"Wind Dancer"}]}]}},"_links":{"self":[{"href":"https:\/\/linkside-communication.com\/index.php\/wp-json\/wp\/v2\/product\/2382"}],"collection":[{"href":"https:\/\/linkside-communication.com\/index.php\/wp-json\/wp\/v2\/product"}],"about":[{"href":"https:\/\/linkside-communication.com\/index.php\/wp-json\/wp\/v2\/types\/product"}],"replies":[{"embeddable":true,"href":"https:\/\/linkside-communication.com\/index.php\/wp-json\/wp\/v2\/comments?post=2382"}],"version-history":[{"count":1,"href":"https:\/\/linkside-communication.com\/index.php\/wp-json\/wp\/v2\/product\/2382\/revisions"}],"predecessor-version":[{"id":2385,"href":"https:\/\/linkside-communication.com\/index.php\/wp-json\/wp\/v2\/product\/2382\/revisions\/2385"}],"wp:featuredmedia":[{"embeddable":true,"href":"https:\/\/linkside-communication.com\/index.php\/wp-json\/wp\/v2\/media\/2383"}],"wp:attachment":[{"href":"https:\/\/linkside-communication.com\/index.php\/wp-json\/wp\/v2\/media?parent=2382"}],"wp:term":[{"taxonomy":"product_cat","embeddable":true,"href":"https:\/\/linkside-communication.com\/index.php\/wp-json\/wp\/v2\/product_cat?post=2382"},{"taxonomy":"product_tag","embeddable":true,"href":"https:\/\/linkside-communication.com\/index.php\/wp-json\/wp\/v2\/product_tag?post=2382"}],"curies":[{"name":"wp","href":"https:\/\/api.w.org\/{rel}","templated":true}]}}