{"id":2386,"date":"2022-10-10T15:12:42","date_gmt":"2022-10-10T13:12:42","guid":{"rendered":"https:\/\/linkside-communication.com\/?post_type=product&#038;p=2386"},"modified":"2025-04-13T12:57:58","modified_gmt":"2025-04-13T10:57:58","slug":"pied-de-parasol-23l","status":"publish","type":"product","link":"https:\/\/linkside-communication.com\/index.php\/produit\/pied-de-parasol-23l\/","title":{"rendered":"Pied de parasol 23L"},"content":{"rendered":"<p>Embase noire moul\u00e9e en poly\u00e9thyl\u00e8ne.<br \/>\nSa capacit\u00e9 est de 23 litres<br \/>\nConvient \u00e0 un usage int\u00e9rieur et ext\u00e9rieur.<br \/>\nPoign\u00e9e de transport pour un transport facile.<br \/>\nCompatible avec les gammes de drapeaux Zoom et Zoom+<\/p>\n","protected":false},"excerpt":{"rendered":"<p>Une poign\u00e9e moul\u00e9e pratique permet de d\u00e9placer facilement l&#8217;embase \u00e0 l&#8217;endroit souhait\u00e9. L&#8217;embase lestable est dot\u00e9e d&#8217;un collier r\u00e9glable pour fixer le m\u00e2t du drapeau et le maintenir en position verticale.<\/p>\n","protected":false},"featured_media":2388,"comment_status":"open","ping_status":"closed","template":"","meta":{"site-sidebar-layout":"default","site-content-layout":"default","ast-global-header-display":"","ast-main-header-display":"","ast-hfb-above-header-display":"","ast-hfb-below-header-display":"","ast-hfb-mobile-header-display":"","site-post-title":"","ast-breadcrumbs-content":"","ast-featured-img":"","footer-sml-layout":"","theme-transparent-header-meta":"default","adv-header-id-meta":"","stick-header-meta":"default","header-above-stick-meta":"","header-main-stick-meta":"","header-below-stick-meta":""},"product_cat":[176],"product_tag":[],"yoast_head":"<!-- This site is optimized with the Yoast SEO plugin v19.1 - https:\/\/yoast.com\/wordpress\/plugins\/seo\/ -->\n<title>Pied de parasol 23L - Linkside Communication<\/title>\n<meta name=\"robots\" content=\"index, follow, max-snippet:-1, max-image-preview:large, max-video-preview:-1\" \/>\n<link rel=\"canonical\" href=\"https:\/\/linkside-communication.com\/index.php\/produit\/pied-de-parasol-23l\/\" \/>\n<meta property=\"og:locale\" content=\"en_US\" \/>\n<meta property=\"og:type\" content=\"article\" \/>\n<meta property=\"og:title\" content=\"Pied de parasol 23L - Linkside Communication\" \/>\n<meta property=\"og:description\" content=\"Une poign\u00e9e moul\u00e9e pratique permet de d\u00e9placer facilement l&#039;embase \u00e0 l&#039;endroit souhait\u00e9. L&#039;embase lestable est dot\u00e9e d&#039;un collier r\u00e9glable pour fixer le m\u00e2t du drapeau et le maintenir en position verticale.\" \/>\n<meta property=\"og:url\" content=\"https:\/\/linkside-communication.com\/index.php\/produit\/pied-de-parasol-23l\/\" \/>\n<meta property=\"og:site_name\" content=\"Linkside Communication\" \/>\n<meta property=\"article:modified_time\" content=\"2025-04-13T10:57:58+00:00\" \/>\n<meta property=\"og:image\" content=\"https:\/\/linkside-communication.com\/wp-content\/uploads\/2022\/10\/parasol-base-23l-2-main-75830.jpg\" \/>\n\t<meta property=\"og:image:width\" content=\"1000\" \/>\n\t<meta property=\"og:image:height\" content=\"1000\" \/>\n\t<meta property=\"og:image:type\" content=\"image\/jpeg\" \/>\n<meta name=\"twitter:card\" content=\"summary_large_image\" \/>\n<meta name=\"twitter:label1\" content=\"Est. reading time\" \/>\n\t<meta name=\"twitter:data1\" content=\"1 minute\" \/>\n<script type=\"application\/ld+json\" class=\"yoast-schema-graph\">{\"@context\":\"https:\/\/schema.org\",\"@graph\":[{\"@type\":\"WebSite\",\"@id\":\"https:\/\/linkside-communication.com\/#website\",\"url\":\"https:\/\/linkside-communication.com\/\",\"name\":\"Linkside Communication\",\"description\":\"Invent\u00e9 pour un maximum de confort\",\"potentialAction\":[{\"@type\":\"SearchAction\",\"target\":{\"@type\":\"EntryPoint\",\"urlTemplate\":\"https:\/\/linkside-communication.com\/?s={search_term_string}\"},\"query-input\":\"required name=search_term_string\"}],\"inLanguage\":\"en-US\"},{\"@type\":\"ImageObject\",\"inLanguage\":\"en-US\",\"@id\":\"https:\/\/linkside-communication.com\/index.php\/produit\/pied-de-parasol-23l\/#primaryimage\",\"url\":\"https:\/\/linkside-communication.com\/wp-content\/uploads\/2022\/10\/parasol-base-23l-2-main-75830.jpg\",\"contentUrl\":\"https:\/\/linkside-communication.com\/wp-content\/uploads\/2022\/10\/parasol-base-23l-2-main-75830.jpg\",\"width\":1000,\"height\":1000},{\"@type\":\"WebPage\",\"@id\":\"https:\/\/linkside-communication.com\/index.php\/produit\/pied-de-parasol-23l\/#webpage\",\"url\":\"https:\/\/linkside-communication.com\/index.php\/produit\/pied-de-parasol-23l\/\",\"name\":\"Pied de parasol 23L - Linkside Communication\",\"isPartOf\":{\"@id\":\"https:\/\/linkside-communication.com\/#website\"},\"primaryImageOfPage\":{\"@id\":\"https:\/\/linkside-communication.com\/index.php\/produit\/pied-de-parasol-23l\/#primaryimage\"},\"datePublished\":\"2022-10-10T13:12:42+00:00\",\"dateModified\":\"2025-04-13T10:57:58+00:00\",\"breadcrumb\":{\"@id\":\"https:\/\/linkside-communication.com\/index.php\/produit\/pied-de-parasol-23l\/#breadcrumb\"},\"inLanguage\":\"en-US\",\"potentialAction\":[{\"@type\":\"ReadAction\",\"target\":[\"https:\/\/linkside-communication.com\/index.php\/produit\/pied-de-parasol-23l\/\"]}]},{\"@type\":\"BreadcrumbList\",\"@id\":\"https:\/\/linkside-communication.com\/index.php\/produit\/pied-de-parasol-23l\/#breadcrumb\",\"itemListElement\":[{\"@type\":\"ListItem\",\"position\":1,\"name\":\"Accueil\",\"item\":\"https:\/\/linkside-communication.com\/\"},{\"@type\":\"ListItem\",\"position\":2,\"name\":\"Boutique\",\"item\":\"https:\/\/linkside-communication.com\/index.php\/boutique\/\"},{\"@type\":\"ListItem\",\"position\":3,\"name\":\"Pied de parasol 23L\"}]}]}<\/script>\n<!-- \/ Yoast SEO plugin. -->","yoast_head_json":{"title":"Pied de parasol 23L - Linkside Communication","robots":{"index":"index","follow":"follow","max-snippet":"max-snippet:-1","max-image-preview":"max-image-preview:large","max-video-preview":"max-video-preview:-1"},"canonical":"https:\/\/linkside-communication.com\/index.php\/produit\/pied-de-parasol-23l\/","og_locale":"en_US","og_type":"article","og_title":"Pied de parasol 23L - Linkside Communication","og_description":"Une poign\u00e9e moul\u00e9e pratique permet de d\u00e9placer facilement l'embase \u00e0 l'endroit souhait\u00e9. L'embase lestable est dot\u00e9e d'un collier r\u00e9glable pour fixer le m\u00e2t du drapeau et le maintenir en position verticale.","og_url":"https:\/\/linkside-communication.com\/index.php\/produit\/pied-de-parasol-23l\/","og_site_name":"Linkside Communication","article_modified_time":"2025-04-13T10:57:58+00:00","og_image":[{"width":1000,"height":1000,"url":"https:\/\/linkside-communication.com\/wp-content\/uploads\/2022\/10\/parasol-base-23l-2-main-75830.jpg","type":"image\/jpeg"}],"twitter_card":"summary_large_image","twitter_misc":{"Est. reading time":"1 minute"},"schema":{"@context":"https:\/\/schema.org","@graph":[{"@type":"WebSite","@id":"https:\/\/linkside-communication.com\/#website","url":"https:\/\/linkside-communication.com\/","name":"Linkside Communication","description":"Invent\u00e9 pour un maximum de confort","potentialAction":[{"@type":"SearchAction","target":{"@type":"EntryPoint","urlTemplate":"https:\/\/linkside-communication.com\/?s={search_term_string}"},"query-input":"required name=search_term_string"}],"inLanguage":"en-US"},{"@type":"ImageObject","inLanguage":"en-US","@id":"https:\/\/linkside-communication.com\/index.php\/produit\/pied-de-parasol-23l\/#primaryimage","url":"https:\/\/linkside-communication.com\/wp-content\/uploads\/2022\/10\/parasol-base-23l-2-main-75830.jpg","contentUrl":"https:\/\/linkside-communication.com\/wp-content\/uploads\/2022\/10\/parasol-base-23l-2-main-75830.jpg","width":1000,"height":1000},{"@type":"WebPage","@id":"https:\/\/linkside-communication.com\/index.php\/produit\/pied-de-parasol-23l\/#webpage","url":"https:\/\/linkside-communication.com\/index.php\/produit\/pied-de-parasol-23l\/","name":"Pied de parasol 23L - Linkside Communication","isPartOf":{"@id":"https:\/\/linkside-communication.com\/#website"},"primaryImageOfPage":{"@id":"https:\/\/linkside-communication.com\/index.php\/produit\/pied-de-parasol-23l\/#primaryimage"},"datePublished":"2022-10-10T13:12:42+00:00","dateModified":"2025-04-13T10:57:58+00:00","breadcrumb":{"@id":"https:\/\/linkside-communication.com\/index.php\/produit\/pied-de-parasol-23l\/#breadcrumb"},"inLanguage":"en-US","potentialAction":[{"@type":"ReadAction","target":["https:\/\/linkside-communication.com\/index.php\/produit\/pied-de-parasol-23l\/"]}]},{"@type":"BreadcrumbList","@id":"https:\/\/linkside-communication.com\/index.php\/produit\/pied-de-parasol-23l\/#breadcrumb","itemListElement":[{"@type":"ListItem","position":1,"name":"Accueil","item":"https:\/\/linkside-communication.com\/"},{"@type":"ListItem","position":2,"name":"Boutique","item":"https:\/\/linkside-communication.com\/index.php\/boutique\/"},{"@type":"ListItem","position":3,"name":"Pied de parasol 23L"}]}]}},"_links":{"self":[{"href":"https:\/\/linkside-communication.com\/index.php\/wp-json\/wp\/v2\/product\/2386"}],"collection":[{"href":"https:\/\/linkside-communication.com\/index.php\/wp-json\/wp\/v2\/product"}],"about":[{"href":"https:\/\/linkside-communication.com\/index.php\/wp-json\/wp\/v2\/types\/product"}],"replies":[{"embeddable":true,"href":"https:\/\/linkside-communication.com\/index.php\/wp-json\/wp\/v2\/comments?post=2386"}],"version-history":[{"count":1,"href":"https:\/\/linkside-communication.com\/index.php\/wp-json\/wp\/v2\/product\/2386\/revisions"}],"predecessor-version":[{"id":2390,"href":"https:\/\/linkside-communication.com\/index.php\/wp-json\/wp\/v2\/product\/2386\/revisions\/2390"}],"wp:featuredmedia":[{"embeddable":true,"href":"https:\/\/linkside-communication.com\/index.php\/wp-json\/wp\/v2\/media\/2388"}],"wp:attachment":[{"href":"https:\/\/linkside-communication.com\/index.php\/wp-json\/wp\/v2\/media?parent=2386"}],"wp:term":[{"taxonomy":"product_cat","embeddable":true,"href":"https:\/\/linkside-communication.com\/index.php\/wp-json\/wp\/v2\/product_cat?post=2386"},{"taxonomy":"product_tag","embeddable":true,"href":"https:\/\/linkside-communication.com\/index.php\/wp-json\/wp\/v2\/product_tag?post=2386"}],"curies":[{"name":"wp","href":"https:\/\/api.w.org\/{rel}","templated":true}]}}