{"id":2410,"date":"2022-10-10T15:52:05","date_gmt":"2022-10-10T13:52:05","guid":{"rendered":"https:\/\/linkside-communication.com\/?post_type=product&#038;p=2410"},"modified":"2022-10-10T15:52:05","modified_gmt":"2022-10-10T13:52:05","slug":"embase-ciment-avec-adaptateur-zoom","status":"publish","type":"product","link":"https:\/\/linkside-communication.com\/index.php\/produit\/embase-ciment-avec-adaptateur-zoom\/","title":{"rendered":"Embase ciment avec adaptateur Zoom"},"content":{"rendered":"<p>De couleur gris clair.<br \/>\nDeux poign\u00e9es de transport.<br \/>\nPoids de 22,5 kg.<br \/>\nBase de 450 mm de diam\u00e8tre.<br \/>\nHauteur de la base de 180mm avec le montant m\u00e2le.<br \/>\nAdaptateur inclus.<br \/>\nConvient pour des m\u00e2ts jusqu&#8217;\u00e0 4,65m de hauteur.<\/p>\n","protected":false},"excerpt":{"rendered":"<p>L&#8217;embase en b\u00e9ton de 22,5 kgs est id\u00e9ale pour offrir un soutien et une stabilit\u00e9 aux drapeaux de la gamme Zoom.<\/p>\n","protected":false},"featured_media":0,"comment_status":"closed","ping_status":"closed","template":"","meta":{"site-sidebar-layout":"default","site-content-layout":"default","ast-global-header-display":"","ast-main-header-display":"","ast-hfb-above-header-display":"","ast-hfb-below-header-display":"","ast-hfb-mobile-header-display":"","site-post-title":"","ast-breadcrumbs-content":"","ast-featured-img":"","footer-sml-layout":"","theme-transparent-header-meta":"default","adv-header-id-meta":"","stick-header-meta":"default","header-above-stick-meta":"","header-main-stick-meta":"","header-below-stick-meta":""},"product_cat":[113,73,74,111,177,92,120,108,122,72,96,76,114,78,115],"product_tag":[],"yoast_head":"<!-- This site is optimized with the Yoast SEO plugin v19.1 - https:\/\/yoast.com\/wordpress\/plugins\/seo\/ -->\n<title>Embase ciment avec adaptateur Zoom - Linkside Communication<\/title>\n<meta name=\"robots\" content=\"index, follow, max-snippet:-1, max-image-preview:large, max-video-preview:-1\" \/>\n<link rel=\"canonical\" href=\"https:\/\/linkside-communication.com\/index.php\/produit\/embase-ciment-avec-adaptateur-zoom\/\" \/>\n<meta property=\"og:locale\" content=\"en_US\" \/>\n<meta property=\"og:type\" content=\"article\" \/>\n<meta property=\"og:title\" content=\"Embase ciment avec adaptateur Zoom - Linkside Communication\" \/>\n<meta property=\"og:description\" content=\"L&#039;embase en b\u00e9ton de 22,5 kgs est id\u00e9ale pour offrir un soutien et une stabilit\u00e9 aux drapeaux de la gamme Zoom.\" \/>\n<meta property=\"og:url\" content=\"https:\/\/linkside-communication.com\/index.php\/produit\/embase-ciment-avec-adaptateur-zoom\/\" \/>\n<meta property=\"og:site_name\" content=\"Linkside Communication\" \/>\n<meta name=\"twitter:card\" content=\"summary_large_image\" \/>\n<meta name=\"twitter:label1\" content=\"Est. reading time\" \/>\n\t<meta name=\"twitter:data1\" content=\"1 minute\" \/>\n<script type=\"application\/ld+json\" class=\"yoast-schema-graph\">{\"@context\":\"https:\/\/schema.org\",\"@graph\":[{\"@type\":\"WebSite\",\"@id\":\"https:\/\/linkside-communication.com\/#website\",\"url\":\"https:\/\/linkside-communication.com\/\",\"name\":\"Linkside Communication\",\"description\":\"Invent\u00e9 pour un maximum de confort\",\"potentialAction\":[{\"@type\":\"SearchAction\",\"target\":{\"@type\":\"EntryPoint\",\"urlTemplate\":\"https:\/\/linkside-communication.com\/?s={search_term_string}\"},\"query-input\":\"required name=search_term_string\"}],\"inLanguage\":\"en-US\"},{\"@type\":\"WebPage\",\"@id\":\"https:\/\/linkside-communication.com\/index.php\/produit\/embase-ciment-avec-adaptateur-zoom\/#webpage\",\"url\":\"https:\/\/linkside-communication.com\/index.php\/produit\/embase-ciment-avec-adaptateur-zoom\/\",\"name\":\"Embase ciment avec adaptateur Zoom - Linkside Communication\",\"isPartOf\":{\"@id\":\"https:\/\/linkside-communication.com\/#website\"},\"datePublished\":\"2022-10-10T13:52:05+00:00\",\"dateModified\":\"2022-10-10T13:52:05+00:00\",\"breadcrumb\":{\"@id\":\"https:\/\/linkside-communication.com\/index.php\/produit\/embase-ciment-avec-adaptateur-zoom\/#breadcrumb\"},\"inLanguage\":\"en-US\",\"potentialAction\":[{\"@type\":\"ReadAction\",\"target\":[\"https:\/\/linkside-communication.com\/index.php\/produit\/embase-ciment-avec-adaptateur-zoom\/\"]}]},{\"@type\":\"BreadcrumbList\",\"@id\":\"https:\/\/linkside-communication.com\/index.php\/produit\/embase-ciment-avec-adaptateur-zoom\/#breadcrumb\",\"itemListElement\":[{\"@type\":\"ListItem\",\"position\":1,\"name\":\"Accueil\",\"item\":\"https:\/\/linkside-communication.com\/\"},{\"@type\":\"ListItem\",\"position\":2,\"name\":\"Boutique\",\"item\":\"https:\/\/linkside-communication.com\/index.php\/boutique\/\"},{\"@type\":\"ListItem\",\"position\":3,\"name\":\"Embase ciment avec adaptateur Zoom\"}]}]}<\/script>\n<!-- \/ Yoast SEO plugin. -->","yoast_head_json":{"title":"Embase ciment avec adaptateur Zoom - Linkside Communication","robots":{"index":"index","follow":"follow","max-snippet":"max-snippet:-1","max-image-preview":"max-image-preview:large","max-video-preview":"max-video-preview:-1"},"canonical":"https:\/\/linkside-communication.com\/index.php\/produit\/embase-ciment-avec-adaptateur-zoom\/","og_locale":"en_US","og_type":"article","og_title":"Embase ciment avec adaptateur Zoom - Linkside Communication","og_description":"L'embase en b\u00e9ton de 22,5 kgs est id\u00e9ale pour offrir un soutien et une stabilit\u00e9 aux drapeaux de la gamme Zoom.","og_url":"https:\/\/linkside-communication.com\/index.php\/produit\/embase-ciment-avec-adaptateur-zoom\/","og_site_name":"Linkside Communication","twitter_card":"summary_large_image","twitter_misc":{"Est. reading time":"1 minute"},"schema":{"@context":"https:\/\/schema.org","@graph":[{"@type":"WebSite","@id":"https:\/\/linkside-communication.com\/#website","url":"https:\/\/linkside-communication.com\/","name":"Linkside Communication","description":"Invent\u00e9 pour un maximum de confort","potentialAction":[{"@type":"SearchAction","target":{"@type":"EntryPoint","urlTemplate":"https:\/\/linkside-communication.com\/?s={search_term_string}"},"query-input":"required name=search_term_string"}],"inLanguage":"en-US"},{"@type":"WebPage","@id":"https:\/\/linkside-communication.com\/index.php\/produit\/embase-ciment-avec-adaptateur-zoom\/#webpage","url":"https:\/\/linkside-communication.com\/index.php\/produit\/embase-ciment-avec-adaptateur-zoom\/","name":"Embase ciment avec adaptateur Zoom - Linkside Communication","isPartOf":{"@id":"https:\/\/linkside-communication.com\/#website"},"datePublished":"2022-10-10T13:52:05+00:00","dateModified":"2022-10-10T13:52:05+00:00","breadcrumb":{"@id":"https:\/\/linkside-communication.com\/index.php\/produit\/embase-ciment-avec-adaptateur-zoom\/#breadcrumb"},"inLanguage":"en-US","potentialAction":[{"@type":"ReadAction","target":["https:\/\/linkside-communication.com\/index.php\/produit\/embase-ciment-avec-adaptateur-zoom\/"]}]},{"@type":"BreadcrumbList","@id":"https:\/\/linkside-communication.com\/index.php\/produit\/embase-ciment-avec-adaptateur-zoom\/#breadcrumb","itemListElement":[{"@type":"ListItem","position":1,"name":"Accueil","item":"https:\/\/linkside-communication.com\/"},{"@type":"ListItem","position":2,"name":"Boutique","item":"https:\/\/linkside-communication.com\/index.php\/boutique\/"},{"@type":"ListItem","position":3,"name":"Embase ciment avec adaptateur Zoom"}]}]}},"_links":{"self":[{"href":"https:\/\/linkside-communication.com\/index.php\/wp-json\/wp\/v2\/product\/2410"}],"collection":[{"href":"https:\/\/linkside-communication.com\/index.php\/wp-json\/wp\/v2\/product"}],"about":[{"href":"https:\/\/linkside-communication.com\/index.php\/wp-json\/wp\/v2\/types\/product"}],"replies":[{"embeddable":true,"href":"https:\/\/linkside-communication.com\/index.php\/wp-json\/wp\/v2\/comments?post=2410"}],"version-history":[{"count":1,"href":"https:\/\/linkside-communication.com\/index.php\/wp-json\/wp\/v2\/product\/2410\/revisions"}],"predecessor-version":[{"id":2414,"href":"https:\/\/linkside-communication.com\/index.php\/wp-json\/wp\/v2\/product\/2410\/revisions\/2414"}],"wp:attachment":[{"href":"https:\/\/linkside-communication.com\/index.php\/wp-json\/wp\/v2\/media?parent=2410"}],"wp:term":[{"taxonomy":"product_cat","embeddable":true,"href":"https:\/\/linkside-communication.com\/index.php\/wp-json\/wp\/v2\/product_cat?post=2410"},{"taxonomy":"product_tag","embeddable":true,"href":"https:\/\/linkside-communication.com\/index.php\/wp-json\/wp\/v2\/product_tag?post=2410"}],"curies":[{"name":"wp","href":"https:\/\/api.w.org\/{rel}","templated":true}]}}