{"id":2473,"date":"2022-10-10T16:58:39","date_gmt":"2022-10-10T14:58:39","guid":{"rendered":"https:\/\/linkside-communication.com\/?post_type=product&#038;p=2473"},"modified":"2022-10-10T16:58:40","modified_gmt":"2022-10-10T14:58:40","slug":"zoom-piquet-metal","status":"publish","type":"product","link":"https:\/\/linkside-communication.com\/index.php\/produit\/zoom-piquet-metal\/","title":{"rendered":"Zoom Piquet m\u00e9tal"},"content":{"rendered":"<p>L\u00e9ger et portable : 4,1 kgs, il est facile \u00e0 transporter et \u00e0 stocker.<\/p>\n<p>Convient \u00e0 toutes les tailles de drapeaux : petit, moyen, grand et tr\u00e8s grand, jusqu&#8217;\u00e0 4,6 m de haut, dans toutes les formes &#8211; Quill, Feather et Edge.<\/p>\n<p>Con\u00e7u pour une utilisation en ext\u00e9rieur dans un sol meuble mais relativement compact.<\/p>\n<p>Ne convient pas aux sols trop mous ou sablonneux.<\/p>\n<p>Peut r\u00e9sister \u00e0 des vents allant jusqu&#8217;\u00e0 29km\/h.<\/p>\n","protected":false},"excerpt":{"rendered":"<p>Le pied piquet s&#8217;ins\u00e8re dans les sols meubles et convient parfaitement pour \u00e9quiper les drapeaux dans les festivasl et autres \u00e9v\u00e9nements de plein air. Enti\u00e8rement invisible puisque ancr\u00e9 dans le sol, le pied piquet n&#8217;encombrera pas le passage. Le pied piquet conv4ent \u00e0 toutes les formes et tailles de drapeaux jusqu&#8217;\u00e0 4,6 m de haut.<\/p>\n","protected":false},"featured_media":2475,"comment_status":"closed","ping_status":"closed","template":"","meta":{"site-sidebar-layout":"default","site-content-layout":"default","ast-global-header-display":"","ast-main-header-display":"","ast-hfb-above-header-display":"","ast-hfb-below-header-display":"","ast-hfb-mobile-header-display":"","site-post-title":"","ast-breadcrumbs-content":"","ast-featured-img":"","footer-sml-layout":"","theme-transparent-header-meta":"default","adv-header-id-meta":"","stick-header-meta":"default","header-above-stick-meta":"","header-main-stick-meta":"","header-below-stick-meta":""},"product_cat":[108,122,178],"product_tag":[],"yoast_head":"<!-- This site is optimized with the Yoast SEO plugin v19.1 - https:\/\/yoast.com\/wordpress\/plugins\/seo\/ -->\n<title>Zoom Piquet m\u00e9tal - Linkside Communication<\/title>\n<meta name=\"robots\" content=\"index, follow, max-snippet:-1, max-image-preview:large, max-video-preview:-1\" \/>\n<link rel=\"canonical\" href=\"https:\/\/linkside-communication.com\/index.php\/produit\/zoom-piquet-metal\/\" \/>\n<meta property=\"og:locale\" content=\"en_US\" \/>\n<meta property=\"og:type\" content=\"article\" \/>\n<meta property=\"og:title\" content=\"Zoom Piquet m\u00e9tal - Linkside Communication\" \/>\n<meta property=\"og:description\" content=\"Le pied piquet s&#039;ins\u00e8re dans les sols meubles et convient parfaitement pour \u00e9quiper les drapeaux dans les festivasl et autres \u00e9v\u00e9nements de plein air. Enti\u00e8rement invisible puisque ancr\u00e9 dans le sol, le pied piquet n&#039;encombrera pas le passage. Le pied piquet conv4ent \u00e0 toutes les formes et tailles de drapeaux jusqu&#039;\u00e0 4,6 m de haut.\" \/>\n<meta property=\"og:url\" content=\"https:\/\/linkside-communication.com\/index.php\/produit\/zoom-piquet-metal\/\" \/>\n<meta property=\"og:site_name\" content=\"Linkside Communication\" \/>\n<meta property=\"article:modified_time\" content=\"2022-10-10T14:58:40+00:00\" \/>\n<meta property=\"og:image\" content=\"https:\/\/linkside-communication.com\/wp-content\/uploads\/2022\/10\/zoom-standard-ground-spike-3-main-74146.jpg\" \/>\n\t<meta property=\"og:image:width\" content=\"1000\" \/>\n\t<meta property=\"og:image:height\" content=\"1000\" \/>\n\t<meta property=\"og:image:type\" content=\"image\/jpeg\" \/>\n<meta name=\"twitter:card\" content=\"summary_large_image\" \/>\n<meta name=\"twitter:label1\" content=\"Est. reading time\" \/>\n\t<meta name=\"twitter:data1\" content=\"1 minute\" \/>\n<script type=\"application\/ld+json\" class=\"yoast-schema-graph\">{\"@context\":\"https:\/\/schema.org\",\"@graph\":[{\"@type\":\"WebSite\",\"@id\":\"https:\/\/linkside-communication.com\/#website\",\"url\":\"https:\/\/linkside-communication.com\/\",\"name\":\"Linkside Communication\",\"description\":\"Invent\u00e9 pour un maximum de confort\",\"potentialAction\":[{\"@type\":\"SearchAction\",\"target\":{\"@type\":\"EntryPoint\",\"urlTemplate\":\"https:\/\/linkside-communication.com\/?s={search_term_string}\"},\"query-input\":\"required name=search_term_string\"}],\"inLanguage\":\"en-US\"},{\"@type\":\"ImageObject\",\"inLanguage\":\"en-US\",\"@id\":\"https:\/\/linkside-communication.com\/index.php\/produit\/zoom-piquet-metal\/#primaryimage\",\"url\":\"https:\/\/linkside-communication.com\/wp-content\/uploads\/2022\/10\/zoom-standard-ground-spike-3-main-74146.jpg\",\"contentUrl\":\"https:\/\/linkside-communication.com\/wp-content\/uploads\/2022\/10\/zoom-standard-ground-spike-3-main-74146.jpg\",\"width\":1000,\"height\":1000},{\"@type\":\"WebPage\",\"@id\":\"https:\/\/linkside-communication.com\/index.php\/produit\/zoom-piquet-metal\/#webpage\",\"url\":\"https:\/\/linkside-communication.com\/index.php\/produit\/zoom-piquet-metal\/\",\"name\":\"Zoom Piquet m\u00e9tal - Linkside Communication\",\"isPartOf\":{\"@id\":\"https:\/\/linkside-communication.com\/#website\"},\"primaryImageOfPage\":{\"@id\":\"https:\/\/linkside-communication.com\/index.php\/produit\/zoom-piquet-metal\/#primaryimage\"},\"datePublished\":\"2022-10-10T14:58:39+00:00\",\"dateModified\":\"2022-10-10T14:58:40+00:00\",\"breadcrumb\":{\"@id\":\"https:\/\/linkside-communication.com\/index.php\/produit\/zoom-piquet-metal\/#breadcrumb\"},\"inLanguage\":\"en-US\",\"potentialAction\":[{\"@type\":\"ReadAction\",\"target\":[\"https:\/\/linkside-communication.com\/index.php\/produit\/zoom-piquet-metal\/\"]}]},{\"@type\":\"BreadcrumbList\",\"@id\":\"https:\/\/linkside-communication.com\/index.php\/produit\/zoom-piquet-metal\/#breadcrumb\",\"itemListElement\":[{\"@type\":\"ListItem\",\"position\":1,\"name\":\"Accueil\",\"item\":\"https:\/\/linkside-communication.com\/\"},{\"@type\":\"ListItem\",\"position\":2,\"name\":\"Boutique\",\"item\":\"https:\/\/linkside-communication.com\/index.php\/boutique\/\"},{\"@type\":\"ListItem\",\"position\":3,\"name\":\"Zoom Piquet m\u00e9tal\"}]}]}<\/script>\n<!-- \/ Yoast SEO plugin. -->","yoast_head_json":{"title":"Zoom Piquet m\u00e9tal - Linkside Communication","robots":{"index":"index","follow":"follow","max-snippet":"max-snippet:-1","max-image-preview":"max-image-preview:large","max-video-preview":"max-video-preview:-1"},"canonical":"https:\/\/linkside-communication.com\/index.php\/produit\/zoom-piquet-metal\/","og_locale":"en_US","og_type":"article","og_title":"Zoom Piquet m\u00e9tal - Linkside Communication","og_description":"Le pied piquet s'ins\u00e8re dans les sols meubles et convient parfaitement pour \u00e9quiper les drapeaux dans les festivasl et autres \u00e9v\u00e9nements de plein air. Enti\u00e8rement invisible puisque ancr\u00e9 dans le sol, le pied piquet n'encombrera pas le passage. Le pied piquet conv4ent \u00e0 toutes les formes et tailles de drapeaux jusqu'\u00e0 4,6 m de haut.","og_url":"https:\/\/linkside-communication.com\/index.php\/produit\/zoom-piquet-metal\/","og_site_name":"Linkside Communication","article_modified_time":"2022-10-10T14:58:40+00:00","og_image":[{"width":1000,"height":1000,"url":"https:\/\/linkside-communication.com\/wp-content\/uploads\/2022\/10\/zoom-standard-ground-spike-3-main-74146.jpg","type":"image\/jpeg"}],"twitter_card":"summary_large_image","twitter_misc":{"Est. reading time":"1 minute"},"schema":{"@context":"https:\/\/schema.org","@graph":[{"@type":"WebSite","@id":"https:\/\/linkside-communication.com\/#website","url":"https:\/\/linkside-communication.com\/","name":"Linkside Communication","description":"Invent\u00e9 pour un maximum de confort","potentialAction":[{"@type":"SearchAction","target":{"@type":"EntryPoint","urlTemplate":"https:\/\/linkside-communication.com\/?s={search_term_string}"},"query-input":"required name=search_term_string"}],"inLanguage":"en-US"},{"@type":"ImageObject","inLanguage":"en-US","@id":"https:\/\/linkside-communication.com\/index.php\/produit\/zoom-piquet-metal\/#primaryimage","url":"https:\/\/linkside-communication.com\/wp-content\/uploads\/2022\/10\/zoom-standard-ground-spike-3-main-74146.jpg","contentUrl":"https:\/\/linkside-communication.com\/wp-content\/uploads\/2022\/10\/zoom-standard-ground-spike-3-main-74146.jpg","width":1000,"height":1000},{"@type":"WebPage","@id":"https:\/\/linkside-communication.com\/index.php\/produit\/zoom-piquet-metal\/#webpage","url":"https:\/\/linkside-communication.com\/index.php\/produit\/zoom-piquet-metal\/","name":"Zoom Piquet m\u00e9tal - Linkside Communication","isPartOf":{"@id":"https:\/\/linkside-communication.com\/#website"},"primaryImageOfPage":{"@id":"https:\/\/linkside-communication.com\/index.php\/produit\/zoom-piquet-metal\/#primaryimage"},"datePublished":"2022-10-10T14:58:39+00:00","dateModified":"2022-10-10T14:58:40+00:00","breadcrumb":{"@id":"https:\/\/linkside-communication.com\/index.php\/produit\/zoom-piquet-metal\/#breadcrumb"},"inLanguage":"en-US","potentialAction":[{"@type":"ReadAction","target":["https:\/\/linkside-communication.com\/index.php\/produit\/zoom-piquet-metal\/"]}]},{"@type":"BreadcrumbList","@id":"https:\/\/linkside-communication.com\/index.php\/produit\/zoom-piquet-metal\/#breadcrumb","itemListElement":[{"@type":"ListItem","position":1,"name":"Accueil","item":"https:\/\/linkside-communication.com\/"},{"@type":"ListItem","position":2,"name":"Boutique","item":"https:\/\/linkside-communication.com\/index.php\/boutique\/"},{"@type":"ListItem","position":3,"name":"Zoom Piquet m\u00e9tal"}]}]}},"_links":{"self":[{"href":"https:\/\/linkside-communication.com\/index.php\/wp-json\/wp\/v2\/product\/2473"}],"collection":[{"href":"https:\/\/linkside-communication.com\/index.php\/wp-json\/wp\/v2\/product"}],"about":[{"href":"https:\/\/linkside-communication.com\/index.php\/wp-json\/wp\/v2\/types\/product"}],"replies":[{"embeddable":true,"href":"https:\/\/linkside-communication.com\/index.php\/wp-json\/wp\/v2\/comments?post=2473"}],"version-history":[{"count":1,"href":"https:\/\/linkside-communication.com\/index.php\/wp-json\/wp\/v2\/product\/2473\/revisions"}],"predecessor-version":[{"id":2478,"href":"https:\/\/linkside-communication.com\/index.php\/wp-json\/wp\/v2\/product\/2473\/revisions\/2478"}],"wp:featuredmedia":[{"embeddable":true,"href":"https:\/\/linkside-communication.com\/index.php\/wp-json\/wp\/v2\/media\/2475"}],"wp:attachment":[{"href":"https:\/\/linkside-communication.com\/index.php\/wp-json\/wp\/v2\/media?parent=2473"}],"wp:term":[{"taxonomy":"product_cat","embeddable":true,"href":"https:\/\/linkside-communication.com\/index.php\/wp-json\/wp\/v2\/product_cat?post=2473"},{"taxonomy":"product_tag","embeddable":true,"href":"https:\/\/linkside-communication.com\/index.php\/wp-json\/wp\/v2\/product_tag?post=2473"}],"curies":[{"name":"wp","href":"https:\/\/api.w.org\/{rel}","templated":true}]}}