{"id":2479,"date":"2022-10-10T17:05:23","date_gmt":"2022-10-10T15:05:23","guid":{"rendered":"https:\/\/linkside-communication.com\/?post_type=product&#038;p=2479"},"modified":"2022-10-10T18:01:47","modified_gmt":"2022-10-10T16:01:47","slug":"mistral","status":"publish","type":"product","link":"https:\/\/linkside-communication.com\/index.php\/produit\/mistral\/","title":{"rendered":"Mistral"},"content":{"rendered":"<p>Tubes en fibre de verre GRP, aluminium.<br \/>\nFixation au mur (fixations murales non fournies) ou sur un poteau gr\u00e2ce \u00e0 son collier de serrage.<br \/>\nDisponible en impression recto seul ou recto-verso.<br \/>\nFixation du visuel par fourreau.<br \/>\nR\u00e9sistance au vent : jusqu\u2019\u00e0 40 km\/h.<br \/>\nHauteur maximale du visuel du drapeau : 2 m.<\/p>\n","protected":false},"excerpt":{"rendered":"<p>Le Mistral est un syst\u00e8me de drapeaux ext\u00e9rieurs fixes con\u00e7us pour \u00eatre mont\u00e9s sur potence ou mural. Il est parfait pour la publicit\u00e9 ou la promotion d&#8217;une marque ou d&#8217;un \u00e9v\u00e9nement en milieu urbain. Le syst\u00e8me se fixe directement sur un poteau ou un mur et s&#8217;ajuste pour s&#8217;adapter \u00e0 diff\u00e9rentes hauteurs de visuels.<br \/>\nCette solution est particuli\u00e8rement efficace lorsqu&#8217;elle est r\u00e9p\u00e9t\u00e9e sur une s\u00e9rie de poteaux.<\/p>\n","protected":false},"featured_media":2482,"comment_status":"closed","ping_status":"closed","template":"","meta":{"site-sidebar-layout":"default","site-content-layout":"default","ast-global-header-display":"","ast-main-header-display":"","ast-hfb-above-header-display":"","ast-hfb-below-header-display":"","ast-hfb-mobile-header-display":"","site-post-title":"","ast-breadcrumbs-content":"","ast-featured-img":"","footer-sml-layout":"","theme-transparent-header-meta":"default","adv-header-id-meta":"","stick-header-meta":"default","header-above-stick-meta":"","header-main-stick-meta":"","header-below-stick-meta":""},"product_cat":[113,73,74,111,82,117,108,122,76,114,180,101,121],"product_tag":[],"yoast_head":"<!-- This site is optimized with the Yoast SEO plugin v19.1 - https:\/\/yoast.com\/wordpress\/plugins\/seo\/ -->\n<title>Mistral - Linkside Communication<\/title>\n<meta name=\"robots\" content=\"index, follow, max-snippet:-1, max-image-preview:large, max-video-preview:-1\" \/>\n<link rel=\"canonical\" href=\"https:\/\/linkside-communication.com\/index.php\/produit\/mistral\/\" \/>\n<meta property=\"og:locale\" content=\"en_US\" \/>\n<meta property=\"og:type\" content=\"article\" \/>\n<meta property=\"og:title\" content=\"Mistral - Linkside Communication\" \/>\n<meta property=\"og:description\" content=\"Le Mistral est un syst\u00e8me de drapeaux ext\u00e9rieurs fixes con\u00e7us pour \u00eatre mont\u00e9s sur potence ou mural. Il est parfait pour la publicit\u00e9 ou la promotion d&#039;une marque ou d&#039;un \u00e9v\u00e9nement en milieu urbain. Le syst\u00e8me se fixe directement sur un poteau ou un mur et s&#039;ajuste pour s&#039;adapter \u00e0 diff\u00e9rentes hauteurs de visuels. Cette solution est particuli\u00e8rement efficace lorsqu&#039;elle est r\u00e9p\u00e9t\u00e9e sur une s\u00e9rie de poteaux.\" \/>\n<meta property=\"og:url\" content=\"https:\/\/linkside-communication.com\/index.php\/produit\/mistral\/\" \/>\n<meta property=\"og:site_name\" content=\"Linkside Communication\" \/>\n<meta property=\"article:modified_time\" content=\"2022-10-10T16:01:47+00:00\" \/>\n<meta property=\"og:image\" content=\"https:\/\/linkside-communication.com\/wp-content\/uploads\/2022\/10\/mistral-2-main-72027.jpg\" \/>\n\t<meta property=\"og:image:width\" content=\"1000\" \/>\n\t<meta property=\"og:image:height\" content=\"1000\" \/>\n\t<meta property=\"og:image:type\" content=\"image\/jpeg\" \/>\n<meta name=\"twitter:card\" content=\"summary_large_image\" \/>\n<meta name=\"twitter:label1\" content=\"Est. reading time\" \/>\n\t<meta name=\"twitter:data1\" content=\"1 minute\" \/>\n<script type=\"application\/ld+json\" class=\"yoast-schema-graph\">{\"@context\":\"https:\/\/schema.org\",\"@graph\":[{\"@type\":\"WebSite\",\"@id\":\"https:\/\/linkside-communication.com\/#website\",\"url\":\"https:\/\/linkside-communication.com\/\",\"name\":\"Linkside Communication\",\"description\":\"Invent\u00e9 pour un maximum de confort\",\"potentialAction\":[{\"@type\":\"SearchAction\",\"target\":{\"@type\":\"EntryPoint\",\"urlTemplate\":\"https:\/\/linkside-communication.com\/?s={search_term_string}\"},\"query-input\":\"required name=search_term_string\"}],\"inLanguage\":\"en-US\"},{\"@type\":\"ImageObject\",\"inLanguage\":\"en-US\",\"@id\":\"https:\/\/linkside-communication.com\/index.php\/produit\/mistral\/#primaryimage\",\"url\":\"https:\/\/linkside-communication.com\/wp-content\/uploads\/2022\/10\/mistral-2-main-72027.jpg\",\"contentUrl\":\"https:\/\/linkside-communication.com\/wp-content\/uploads\/2022\/10\/mistral-2-main-72027.jpg\",\"width\":1000,\"height\":1000},{\"@type\":\"WebPage\",\"@id\":\"https:\/\/linkside-communication.com\/index.php\/produit\/mistral\/#webpage\",\"url\":\"https:\/\/linkside-communication.com\/index.php\/produit\/mistral\/\",\"name\":\"Mistral - Linkside Communication\",\"isPartOf\":{\"@id\":\"https:\/\/linkside-communication.com\/#website\"},\"primaryImageOfPage\":{\"@id\":\"https:\/\/linkside-communication.com\/index.php\/produit\/mistral\/#primaryimage\"},\"datePublished\":\"2022-10-10T15:05:23+00:00\",\"dateModified\":\"2022-10-10T16:01:47+00:00\",\"breadcrumb\":{\"@id\":\"https:\/\/linkside-communication.com\/index.php\/produit\/mistral\/#breadcrumb\"},\"inLanguage\":\"en-US\",\"potentialAction\":[{\"@type\":\"ReadAction\",\"target\":[\"https:\/\/linkside-communication.com\/index.php\/produit\/mistral\/\"]}]},{\"@type\":\"BreadcrumbList\",\"@id\":\"https:\/\/linkside-communication.com\/index.php\/produit\/mistral\/#breadcrumb\",\"itemListElement\":[{\"@type\":\"ListItem\",\"position\":1,\"name\":\"Accueil\",\"item\":\"https:\/\/linkside-communication.com\/\"},{\"@type\":\"ListItem\",\"position\":2,\"name\":\"Boutique\",\"item\":\"https:\/\/linkside-communication.com\/index.php\/boutique\/\"},{\"@type\":\"ListItem\",\"position\":3,\"name\":\"Mistral\"}]}]}<\/script>\n<!-- \/ Yoast SEO plugin. -->","yoast_head_json":{"title":"Mistral - Linkside Communication","robots":{"index":"index","follow":"follow","max-snippet":"max-snippet:-1","max-image-preview":"max-image-preview:large","max-video-preview":"max-video-preview:-1"},"canonical":"https:\/\/linkside-communication.com\/index.php\/produit\/mistral\/","og_locale":"en_US","og_type":"article","og_title":"Mistral - Linkside Communication","og_description":"Le Mistral est un syst\u00e8me de drapeaux ext\u00e9rieurs fixes con\u00e7us pour \u00eatre mont\u00e9s sur potence ou mural. Il est parfait pour la publicit\u00e9 ou la promotion d'une marque ou d'un \u00e9v\u00e9nement en milieu urbain. Le syst\u00e8me se fixe directement sur un poteau ou un mur et s'ajuste pour s'adapter \u00e0 diff\u00e9rentes hauteurs de visuels. Cette solution est particuli\u00e8rement efficace lorsqu'elle est r\u00e9p\u00e9t\u00e9e sur une s\u00e9rie de poteaux.","og_url":"https:\/\/linkside-communication.com\/index.php\/produit\/mistral\/","og_site_name":"Linkside Communication","article_modified_time":"2022-10-10T16:01:47+00:00","og_image":[{"width":1000,"height":1000,"url":"https:\/\/linkside-communication.com\/wp-content\/uploads\/2022\/10\/mistral-2-main-72027.jpg","type":"image\/jpeg"}],"twitter_card":"summary_large_image","twitter_misc":{"Est. reading time":"1 minute"},"schema":{"@context":"https:\/\/schema.org","@graph":[{"@type":"WebSite","@id":"https:\/\/linkside-communication.com\/#website","url":"https:\/\/linkside-communication.com\/","name":"Linkside Communication","description":"Invent\u00e9 pour un maximum de confort","potentialAction":[{"@type":"SearchAction","target":{"@type":"EntryPoint","urlTemplate":"https:\/\/linkside-communication.com\/?s={search_term_string}"},"query-input":"required name=search_term_string"}],"inLanguage":"en-US"},{"@type":"ImageObject","inLanguage":"en-US","@id":"https:\/\/linkside-communication.com\/index.php\/produit\/mistral\/#primaryimage","url":"https:\/\/linkside-communication.com\/wp-content\/uploads\/2022\/10\/mistral-2-main-72027.jpg","contentUrl":"https:\/\/linkside-communication.com\/wp-content\/uploads\/2022\/10\/mistral-2-main-72027.jpg","width":1000,"height":1000},{"@type":"WebPage","@id":"https:\/\/linkside-communication.com\/index.php\/produit\/mistral\/#webpage","url":"https:\/\/linkside-communication.com\/index.php\/produit\/mistral\/","name":"Mistral - Linkside Communication","isPartOf":{"@id":"https:\/\/linkside-communication.com\/#website"},"primaryImageOfPage":{"@id":"https:\/\/linkside-communication.com\/index.php\/produit\/mistral\/#primaryimage"},"datePublished":"2022-10-10T15:05:23+00:00","dateModified":"2022-10-10T16:01:47+00:00","breadcrumb":{"@id":"https:\/\/linkside-communication.com\/index.php\/produit\/mistral\/#breadcrumb"},"inLanguage":"en-US","potentialAction":[{"@type":"ReadAction","target":["https:\/\/linkside-communication.com\/index.php\/produit\/mistral\/"]}]},{"@type":"BreadcrumbList","@id":"https:\/\/linkside-communication.com\/index.php\/produit\/mistral\/#breadcrumb","itemListElement":[{"@type":"ListItem","position":1,"name":"Accueil","item":"https:\/\/linkside-communication.com\/"},{"@type":"ListItem","position":2,"name":"Boutique","item":"https:\/\/linkside-communication.com\/index.php\/boutique\/"},{"@type":"ListItem","position":3,"name":"Mistral"}]}]}},"_links":{"self":[{"href":"https:\/\/linkside-communication.com\/index.php\/wp-json\/wp\/v2\/product\/2479"}],"collection":[{"href":"https:\/\/linkside-communication.com\/index.php\/wp-json\/wp\/v2\/product"}],"about":[{"href":"https:\/\/linkside-communication.com\/index.php\/wp-json\/wp\/v2\/types\/product"}],"replies":[{"embeddable":true,"href":"https:\/\/linkside-communication.com\/index.php\/wp-json\/wp\/v2\/comments?post=2479"}],"version-history":[{"count":1,"href":"https:\/\/linkside-communication.com\/index.php\/wp-json\/wp\/v2\/product\/2479\/revisions"}],"predecessor-version":[{"id":2485,"href":"https:\/\/linkside-communication.com\/index.php\/wp-json\/wp\/v2\/product\/2479\/revisions\/2485"}],"wp:featuredmedia":[{"embeddable":true,"href":"https:\/\/linkside-communication.com\/index.php\/wp-json\/wp\/v2\/media\/2482"}],"wp:attachment":[{"href":"https:\/\/linkside-communication.com\/index.php\/wp-json\/wp\/v2\/media?parent=2479"}],"wp:term":[{"taxonomy":"product_cat","embeddable":true,"href":"https:\/\/linkside-communication.com\/index.php\/wp-json\/wp\/v2\/product_cat?post=2479"},{"taxonomy":"product_tag","embeddable":true,"href":"https:\/\/linkside-communication.com\/index.php\/wp-json\/wp\/v2\/product_tag?post=2479"}],"curies":[{"name":"wp","href":"https:\/\/api.w.org\/{rel}","templated":true}]}}