{"id":2494,"date":"2022-10-10T18:09:09","date_gmt":"2022-10-10T16:09:09","guid":{"rendered":"https:\/\/linkside-communication.com\/?post_type=product&#038;p=2494"},"modified":"2022-10-10T18:09:10","modified_gmt":"2022-10-10T16:09:10","slug":"street-flag","status":"publish","type":"product","link":"https:\/\/linkside-communication.com\/index.php\/produit\/street-flag\/","title":{"rendered":"Street Flag"},"content":{"rendered":"<p>Le sac \u00e0 dos universel l\u00e9ger est fabriqu\u00e9 en nylon enduit avec des poches lat\u00e9rales en filet.<br \/>\nLe sac \u00e0 dos peut \u00eatre utilis\u00e9 avec quatre formes de drapeaux diff\u00e9rentes : Plume, Goutte d&#8217;eau, Rectanglulaire et X-banner.<br \/>\nBretelles renforc\u00e9es.<br \/>\nCeinture r\u00e9glable.<br \/>\nPoches filet sur les c\u00f4t\u00e9s.<br \/>\nCompartiment zipp\u00e9e pour ranger les visuels.<br \/>\nSyst\u00e8me de fixation des m\u00e2ts renforc\u00e9.<br \/>\nRangement pour les m\u00e2ts et tiges inclus dans le dos du sac.<\/p>\n","protected":false},"excerpt":{"rendered":"<p>Le support publicitaire id\u00e9al pour une utilisation itin\u00e9rante.<br \/>\nParfaitement adapt\u00e9 pour promouvoir des \u00e9v\u00e9nements et des actions d\u2019organisations humanitaires, pour signaler votre pr\u00e9sence lors de salons ou pour organiser un groupe de visite !<br \/>\nCe sac \u00e0 dos, robuste et l\u00e9ger \u00e0 la fois, peut \u00eatre utilis\u00e9 avec quatre formes de drapeau diff\u00e9rentes, cr\u00e9es \u00e0 partir des m\u00e2ts fournis.<\/p>\n","protected":false},"featured_media":2495,"comment_status":"closed","ping_status":"closed","template":"","meta":{"site-sidebar-layout":"default","site-content-layout":"default","ast-global-header-display":"","ast-main-header-display":"","ast-hfb-above-header-display":"","ast-hfb-below-header-display":"","ast-hfb-mobile-header-display":"","site-post-title":"","ast-breadcrumbs-content":"","ast-featured-img":"","footer-sml-layout":"","theme-transparent-header-meta":"default","adv-header-id-meta":"","stick-header-meta":"default","header-above-stick-meta":"","header-main-stick-meta":"","header-below-stick-meta":""},"product_cat":[84,86,119,90,89,76,114,182],"product_tag":[],"yoast_head":"<!-- This site is optimized with the Yoast SEO plugin v19.1 - https:\/\/yoast.com\/wordpress\/plugins\/seo\/ -->\n<title>Street Flag - Linkside Communication<\/title>\n<meta name=\"robots\" content=\"index, follow, max-snippet:-1, max-image-preview:large, max-video-preview:-1\" \/>\n<link rel=\"canonical\" href=\"https:\/\/linkside-communication.com\/index.php\/produit\/street-flag\/\" \/>\n<meta property=\"og:locale\" content=\"en_US\" \/>\n<meta property=\"og:type\" content=\"article\" \/>\n<meta property=\"og:title\" content=\"Street Flag - Linkside Communication\" \/>\n<meta property=\"og:description\" content=\"Le support publicitaire id\u00e9al pour une utilisation itin\u00e9rante. Parfaitement adapt\u00e9 pour promouvoir des \u00e9v\u00e9nements et des actions d\u2019organisations humanitaires, pour signaler votre pr\u00e9sence lors de salons ou pour organiser un groupe de visite ! Ce sac \u00e0 dos, robuste et l\u00e9ger \u00e0 la fois, peut \u00eatre utilis\u00e9 avec quatre formes de drapeau diff\u00e9rentes, cr\u00e9es \u00e0 partir des m\u00e2ts fournis.\" \/>\n<meta property=\"og:url\" content=\"https:\/\/linkside-communication.com\/index.php\/produit\/street-flag\/\" \/>\n<meta property=\"og:site_name\" content=\"Linkside Communication\" \/>\n<meta property=\"article:modified_time\" content=\"2022-10-10T16:09:10+00:00\" \/>\n<meta property=\"og:image\" content=\"https:\/\/linkside-communication.com\/wp-content\/uploads\/2022\/10\/street-flag-2-main-72033-scaled.jpg\" \/>\n\t<meta property=\"og:image:width\" content=\"2560\" \/>\n\t<meta property=\"og:image:height\" content=\"1460\" \/>\n\t<meta property=\"og:image:type\" content=\"image\/jpeg\" \/>\n<meta name=\"twitter:card\" content=\"summary_large_image\" \/>\n<meta name=\"twitter:label1\" content=\"Est. reading time\" \/>\n\t<meta name=\"twitter:data1\" content=\"1 minute\" \/>\n<script type=\"application\/ld+json\" class=\"yoast-schema-graph\">{\"@context\":\"https:\/\/schema.org\",\"@graph\":[{\"@type\":\"WebSite\",\"@id\":\"https:\/\/linkside-communication.com\/#website\",\"url\":\"https:\/\/linkside-communication.com\/\",\"name\":\"Linkside Communication\",\"description\":\"Invent\u00e9 pour un maximum de confort\",\"potentialAction\":[{\"@type\":\"SearchAction\",\"target\":{\"@type\":\"EntryPoint\",\"urlTemplate\":\"https:\/\/linkside-communication.com\/?s={search_term_string}\"},\"query-input\":\"required name=search_term_string\"}],\"inLanguage\":\"en-US\"},{\"@type\":\"ImageObject\",\"inLanguage\":\"en-US\",\"@id\":\"https:\/\/linkside-communication.com\/index.php\/produit\/street-flag\/#primaryimage\",\"url\":\"https:\/\/linkside-communication.com\/wp-content\/uploads\/2022\/10\/street-flag-2-main-72033-scaled.jpg\",\"contentUrl\":\"https:\/\/linkside-communication.com\/wp-content\/uploads\/2022\/10\/street-flag-2-main-72033-scaled.jpg\",\"width\":2560,\"height\":1460},{\"@type\":\"WebPage\",\"@id\":\"https:\/\/linkside-communication.com\/index.php\/produit\/street-flag\/#webpage\",\"url\":\"https:\/\/linkside-communication.com\/index.php\/produit\/street-flag\/\",\"name\":\"Street Flag - Linkside Communication\",\"isPartOf\":{\"@id\":\"https:\/\/linkside-communication.com\/#website\"},\"primaryImageOfPage\":{\"@id\":\"https:\/\/linkside-communication.com\/index.php\/produit\/street-flag\/#primaryimage\"},\"datePublished\":\"2022-10-10T16:09:09+00:00\",\"dateModified\":\"2022-10-10T16:09:10+00:00\",\"breadcrumb\":{\"@id\":\"https:\/\/linkside-communication.com\/index.php\/produit\/street-flag\/#breadcrumb\"},\"inLanguage\":\"en-US\",\"potentialAction\":[{\"@type\":\"ReadAction\",\"target\":[\"https:\/\/linkside-communication.com\/index.php\/produit\/street-flag\/\"]}]},{\"@type\":\"BreadcrumbList\",\"@id\":\"https:\/\/linkside-communication.com\/index.php\/produit\/street-flag\/#breadcrumb\",\"itemListElement\":[{\"@type\":\"ListItem\",\"position\":1,\"name\":\"Accueil\",\"item\":\"https:\/\/linkside-communication.com\/\"},{\"@type\":\"ListItem\",\"position\":2,\"name\":\"Boutique\",\"item\":\"https:\/\/linkside-communication.com\/index.php\/boutique\/\"},{\"@type\":\"ListItem\",\"position\":3,\"name\":\"Street Flag\"}]}]}<\/script>\n<!-- \/ Yoast SEO plugin. -->","yoast_head_json":{"title":"Street Flag - Linkside Communication","robots":{"index":"index","follow":"follow","max-snippet":"max-snippet:-1","max-image-preview":"max-image-preview:large","max-video-preview":"max-video-preview:-1"},"canonical":"https:\/\/linkside-communication.com\/index.php\/produit\/street-flag\/","og_locale":"en_US","og_type":"article","og_title":"Street Flag - Linkside Communication","og_description":"Le support publicitaire id\u00e9al pour une utilisation itin\u00e9rante. Parfaitement adapt\u00e9 pour promouvoir des \u00e9v\u00e9nements et des actions d\u2019organisations humanitaires, pour signaler votre pr\u00e9sence lors de salons ou pour organiser un groupe de visite ! Ce sac \u00e0 dos, robuste et l\u00e9ger \u00e0 la fois, peut \u00eatre utilis\u00e9 avec quatre formes de drapeau diff\u00e9rentes, cr\u00e9es \u00e0 partir des m\u00e2ts fournis.","og_url":"https:\/\/linkside-communication.com\/index.php\/produit\/street-flag\/","og_site_name":"Linkside Communication","article_modified_time":"2022-10-10T16:09:10+00:00","og_image":[{"width":2560,"height":1460,"url":"https:\/\/linkside-communication.com\/wp-content\/uploads\/2022\/10\/street-flag-2-main-72033-scaled.jpg","type":"image\/jpeg"}],"twitter_card":"summary_large_image","twitter_misc":{"Est. reading time":"1 minute"},"schema":{"@context":"https:\/\/schema.org","@graph":[{"@type":"WebSite","@id":"https:\/\/linkside-communication.com\/#website","url":"https:\/\/linkside-communication.com\/","name":"Linkside Communication","description":"Invent\u00e9 pour un maximum de confort","potentialAction":[{"@type":"SearchAction","target":{"@type":"EntryPoint","urlTemplate":"https:\/\/linkside-communication.com\/?s={search_term_string}"},"query-input":"required name=search_term_string"}],"inLanguage":"en-US"},{"@type":"ImageObject","inLanguage":"en-US","@id":"https:\/\/linkside-communication.com\/index.php\/produit\/street-flag\/#primaryimage","url":"https:\/\/linkside-communication.com\/wp-content\/uploads\/2022\/10\/street-flag-2-main-72033-scaled.jpg","contentUrl":"https:\/\/linkside-communication.com\/wp-content\/uploads\/2022\/10\/street-flag-2-main-72033-scaled.jpg","width":2560,"height":1460},{"@type":"WebPage","@id":"https:\/\/linkside-communication.com\/index.php\/produit\/street-flag\/#webpage","url":"https:\/\/linkside-communication.com\/index.php\/produit\/street-flag\/","name":"Street Flag - Linkside Communication","isPartOf":{"@id":"https:\/\/linkside-communication.com\/#website"},"primaryImageOfPage":{"@id":"https:\/\/linkside-communication.com\/index.php\/produit\/street-flag\/#primaryimage"},"datePublished":"2022-10-10T16:09:09+00:00","dateModified":"2022-10-10T16:09:10+00:00","breadcrumb":{"@id":"https:\/\/linkside-communication.com\/index.php\/produit\/street-flag\/#breadcrumb"},"inLanguage":"en-US","potentialAction":[{"@type":"ReadAction","target":["https:\/\/linkside-communication.com\/index.php\/produit\/street-flag\/"]}]},{"@type":"BreadcrumbList","@id":"https:\/\/linkside-communication.com\/index.php\/produit\/street-flag\/#breadcrumb","itemListElement":[{"@type":"ListItem","position":1,"name":"Accueil","item":"https:\/\/linkside-communication.com\/"},{"@type":"ListItem","position":2,"name":"Boutique","item":"https:\/\/linkside-communication.com\/index.php\/boutique\/"},{"@type":"ListItem","position":3,"name":"Street Flag"}]}]}},"_links":{"self":[{"href":"https:\/\/linkside-communication.com\/index.php\/wp-json\/wp\/v2\/product\/2494"}],"collection":[{"href":"https:\/\/linkside-communication.com\/index.php\/wp-json\/wp\/v2\/product"}],"about":[{"href":"https:\/\/linkside-communication.com\/index.php\/wp-json\/wp\/v2\/types\/product"}],"replies":[{"embeddable":true,"href":"https:\/\/linkside-communication.com\/index.php\/wp-json\/wp\/v2\/comments?post=2494"}],"version-history":[{"count":1,"href":"https:\/\/linkside-communication.com\/index.php\/wp-json\/wp\/v2\/product\/2494\/revisions"}],"predecessor-version":[{"id":2501,"href":"https:\/\/linkside-communication.com\/index.php\/wp-json\/wp\/v2\/product\/2494\/revisions\/2501"}],"wp:featuredmedia":[{"embeddable":true,"href":"https:\/\/linkside-communication.com\/index.php\/wp-json\/wp\/v2\/media\/2495"}],"wp:attachment":[{"href":"https:\/\/linkside-communication.com\/index.php\/wp-json\/wp\/v2\/media?parent=2494"}],"wp:term":[{"taxonomy":"product_cat","embeddable":true,"href":"https:\/\/linkside-communication.com\/index.php\/wp-json\/wp\/v2\/product_cat?post=2494"},{"taxonomy":"product_tag","embeddable":true,"href":"https:\/\/linkside-communication.com\/index.php\/wp-json\/wp\/v2\/product_tag?post=2494"}],"curies":[{"name":"wp","href":"https:\/\/api.w.org\/{rel}","templated":true}]}}