{"id":2599,"date":"2022-10-11T14:36:09","date_gmt":"2022-10-11T12:36:09","guid":{"rendered":"https:\/\/linkside-communication.com\/?post_type=product&#038;p=2599"},"modified":"2022-10-11T14:36:10","modified_gmt":"2022-10-11T12:36:10","slug":"comptoir-embrace-led","status":"publish","type":"product","link":"https:\/\/linkside-communication.com\/index.php\/produit\/comptoir-embrace-led\/","title":{"rendered":"Comptoir Embrace+ LED"},"content":{"rendered":"<p>Comptoir double face r\u00e9tro-\u00e9clair\u00e9 portable aux finitions \u00e9l\u00e9gantes.<br \/>\nInstallation rapide sans outils.<br \/>\nComprend : un cadre en aluminium, un \u00e9clairage LED et un sac de transport.<br \/>\nParfait pour accueillir des invit\u00e9s sur un stand, en galerie marchande ou pour tout autre \u00e9v\u00e8nement.<\/p>\n","protected":false},"excerpt":{"rendered":"<p>Comptoir parapluie r\u00e9tro\u00e9clair\u00e9 pliable avec encadrement aluminium pour habillage avec visuel textile \u00e0 jonc. Il mettra en valeur les points de communications gr\u00e2ce \u00e0 sa fonction r\u00e9tro-\u00e9clair\u00e9e. Le comptoir Embrace +\u00a0ne n\u00e9cessite aucun outil pour son assemblage, il est l\u00e9ger et ultra portable. Il se range aussi facilement qu&#8217;il s&#8217;installe !<\/p>\n","protected":false},"featured_media":2600,"comment_status":"closed","ping_status":"closed","template":"","meta":{"site-sidebar-layout":"default","site-content-layout":"default","ast-global-header-display":"","ast-main-header-display":"","ast-hfb-above-header-display":"","ast-hfb-below-header-display":"","ast-hfb-mobile-header-display":"","site-post-title":"","ast-breadcrumbs-content":"","ast-featured-img":"","footer-sml-layout":"","theme-transparent-header-meta":"default","adv-header-id-meta":"","stick-header-meta":"default","header-above-stick-meta":"","header-main-stick-meta":"","header-below-stick-meta":""},"product_cat":[80,70,81,103,107,98,102,89,110,69,190,106,75],"product_tag":[],"yoast_head":"<!-- This site is optimized with the Yoast SEO plugin v19.1 - https:\/\/yoast.com\/wordpress\/plugins\/seo\/ -->\n<title>Comptoir Embrace+ LED - Linkside Communication<\/title>\n<meta name=\"robots\" content=\"index, follow, max-snippet:-1, max-image-preview:large, max-video-preview:-1\" \/>\n<link rel=\"canonical\" href=\"https:\/\/linkside-communication.com\/index.php\/produit\/comptoir-embrace-led\/\" \/>\n<meta property=\"og:locale\" content=\"en_US\" \/>\n<meta property=\"og:type\" content=\"article\" \/>\n<meta property=\"og:title\" content=\"Comptoir Embrace+ LED - Linkside Communication\" \/>\n<meta property=\"og:description\" content=\"Comptoir parapluie r\u00e9tro\u00e9clair\u00e9 pliable avec encadrement aluminium pour habillage avec visuel textile \u00e0 jonc. Il mettra en valeur les points de communications gr\u00e2ce \u00e0 sa fonction r\u00e9tro-\u00e9clair\u00e9e. Le comptoir Embrace +\u00a0ne n\u00e9cessite aucun outil pour son assemblage, il est l\u00e9ger et ultra portable. Il se range aussi facilement qu&#039;il s&#039;installe !\" \/>\n<meta property=\"og:url\" content=\"https:\/\/linkside-communication.com\/index.php\/produit\/comptoir-embrace-led\/\" \/>\n<meta property=\"og:site_name\" content=\"Linkside Communication\" \/>\n<meta property=\"article:modified_time\" content=\"2022-10-11T12:36:10+00:00\" \/>\n<meta property=\"og:image\" content=\"https:\/\/linkside-communication.com\/wp-content\/uploads\/2022\/10\/embrace-led-counter-2-main-71928-scaled.jpg\" \/>\n\t<meta property=\"og:image:width\" content=\"2360\" \/>\n\t<meta property=\"og:image:height\" content=\"2560\" \/>\n\t<meta property=\"og:image:type\" content=\"image\/jpeg\" \/>\n<meta name=\"twitter:card\" content=\"summary_large_image\" \/>\n<meta name=\"twitter:label1\" content=\"Est. reading time\" \/>\n\t<meta name=\"twitter:data1\" content=\"1 minute\" \/>\n<script type=\"application\/ld+json\" class=\"yoast-schema-graph\">{\"@context\":\"https:\/\/schema.org\",\"@graph\":[{\"@type\":\"WebSite\",\"@id\":\"https:\/\/linkside-communication.com\/#website\",\"url\":\"https:\/\/linkside-communication.com\/\",\"name\":\"Linkside Communication\",\"description\":\"Invent\u00e9 pour un maximum de confort\",\"potentialAction\":[{\"@type\":\"SearchAction\",\"target\":{\"@type\":\"EntryPoint\",\"urlTemplate\":\"https:\/\/linkside-communication.com\/?s={search_term_string}\"},\"query-input\":\"required name=search_term_string\"}],\"inLanguage\":\"en-US\"},{\"@type\":\"ImageObject\",\"inLanguage\":\"en-US\",\"@id\":\"https:\/\/linkside-communication.com\/index.php\/produit\/comptoir-embrace-led\/#primaryimage\",\"url\":\"https:\/\/linkside-communication.com\/wp-content\/uploads\/2022\/10\/embrace-led-counter-2-main-71928-scaled.jpg\",\"contentUrl\":\"https:\/\/linkside-communication.com\/wp-content\/uploads\/2022\/10\/embrace-led-counter-2-main-71928-scaled.jpg\",\"width\":2360,\"height\":2560},{\"@type\":\"WebPage\",\"@id\":\"https:\/\/linkside-communication.com\/index.php\/produit\/comptoir-embrace-led\/#webpage\",\"url\":\"https:\/\/linkside-communication.com\/index.php\/produit\/comptoir-embrace-led\/\",\"name\":\"Comptoir Embrace+ LED - Linkside Communication\",\"isPartOf\":{\"@id\":\"https:\/\/linkside-communication.com\/#website\"},\"primaryImageOfPage\":{\"@id\":\"https:\/\/linkside-communication.com\/index.php\/produit\/comptoir-embrace-led\/#primaryimage\"},\"datePublished\":\"2022-10-11T12:36:09+00:00\",\"dateModified\":\"2022-10-11T12:36:10+00:00\",\"breadcrumb\":{\"@id\":\"https:\/\/linkside-communication.com\/index.php\/produit\/comptoir-embrace-led\/#breadcrumb\"},\"inLanguage\":\"en-US\",\"potentialAction\":[{\"@type\":\"ReadAction\",\"target\":[\"https:\/\/linkside-communication.com\/index.php\/produit\/comptoir-embrace-led\/\"]}]},{\"@type\":\"BreadcrumbList\",\"@id\":\"https:\/\/linkside-communication.com\/index.php\/produit\/comptoir-embrace-led\/#breadcrumb\",\"itemListElement\":[{\"@type\":\"ListItem\",\"position\":1,\"name\":\"Accueil\",\"item\":\"https:\/\/linkside-communication.com\/\"},{\"@type\":\"ListItem\",\"position\":2,\"name\":\"Boutique\",\"item\":\"https:\/\/linkside-communication.com\/index.php\/boutique\/\"},{\"@type\":\"ListItem\",\"position\":3,\"name\":\"Comptoir Embrace+ LED\"}]}]}<\/script>\n<!-- \/ Yoast SEO plugin. -->","yoast_head_json":{"title":"Comptoir Embrace+ LED - Linkside Communication","robots":{"index":"index","follow":"follow","max-snippet":"max-snippet:-1","max-image-preview":"max-image-preview:large","max-video-preview":"max-video-preview:-1"},"canonical":"https:\/\/linkside-communication.com\/index.php\/produit\/comptoir-embrace-led\/","og_locale":"en_US","og_type":"article","og_title":"Comptoir Embrace+ LED - Linkside Communication","og_description":"Comptoir parapluie r\u00e9tro\u00e9clair\u00e9 pliable avec encadrement aluminium pour habillage avec visuel textile \u00e0 jonc. Il mettra en valeur les points de communications gr\u00e2ce \u00e0 sa fonction r\u00e9tro-\u00e9clair\u00e9e. Le comptoir Embrace +\u00a0ne n\u00e9cessite aucun outil pour son assemblage, il est l\u00e9ger et ultra portable. Il se range aussi facilement qu'il s'installe !","og_url":"https:\/\/linkside-communication.com\/index.php\/produit\/comptoir-embrace-led\/","og_site_name":"Linkside Communication","article_modified_time":"2022-10-11T12:36:10+00:00","og_image":[{"width":2360,"height":2560,"url":"https:\/\/linkside-communication.com\/wp-content\/uploads\/2022\/10\/embrace-led-counter-2-main-71928-scaled.jpg","type":"image\/jpeg"}],"twitter_card":"summary_large_image","twitter_misc":{"Est. reading time":"1 minute"},"schema":{"@context":"https:\/\/schema.org","@graph":[{"@type":"WebSite","@id":"https:\/\/linkside-communication.com\/#website","url":"https:\/\/linkside-communication.com\/","name":"Linkside Communication","description":"Invent\u00e9 pour un maximum de confort","potentialAction":[{"@type":"SearchAction","target":{"@type":"EntryPoint","urlTemplate":"https:\/\/linkside-communication.com\/?s={search_term_string}"},"query-input":"required name=search_term_string"}],"inLanguage":"en-US"},{"@type":"ImageObject","inLanguage":"en-US","@id":"https:\/\/linkside-communication.com\/index.php\/produit\/comptoir-embrace-led\/#primaryimage","url":"https:\/\/linkside-communication.com\/wp-content\/uploads\/2022\/10\/embrace-led-counter-2-main-71928-scaled.jpg","contentUrl":"https:\/\/linkside-communication.com\/wp-content\/uploads\/2022\/10\/embrace-led-counter-2-main-71928-scaled.jpg","width":2360,"height":2560},{"@type":"WebPage","@id":"https:\/\/linkside-communication.com\/index.php\/produit\/comptoir-embrace-led\/#webpage","url":"https:\/\/linkside-communication.com\/index.php\/produit\/comptoir-embrace-led\/","name":"Comptoir Embrace+ LED - Linkside Communication","isPartOf":{"@id":"https:\/\/linkside-communication.com\/#website"},"primaryImageOfPage":{"@id":"https:\/\/linkside-communication.com\/index.php\/produit\/comptoir-embrace-led\/#primaryimage"},"datePublished":"2022-10-11T12:36:09+00:00","dateModified":"2022-10-11T12:36:10+00:00","breadcrumb":{"@id":"https:\/\/linkside-communication.com\/index.php\/produit\/comptoir-embrace-led\/#breadcrumb"},"inLanguage":"en-US","potentialAction":[{"@type":"ReadAction","target":["https:\/\/linkside-communication.com\/index.php\/produit\/comptoir-embrace-led\/"]}]},{"@type":"BreadcrumbList","@id":"https:\/\/linkside-communication.com\/index.php\/produit\/comptoir-embrace-led\/#breadcrumb","itemListElement":[{"@type":"ListItem","position":1,"name":"Accueil","item":"https:\/\/linkside-communication.com\/"},{"@type":"ListItem","position":2,"name":"Boutique","item":"https:\/\/linkside-communication.com\/index.php\/boutique\/"},{"@type":"ListItem","position":3,"name":"Comptoir Embrace+ LED"}]}]}},"_links":{"self":[{"href":"https:\/\/linkside-communication.com\/index.php\/wp-json\/wp\/v2\/product\/2599"}],"collection":[{"href":"https:\/\/linkside-communication.com\/index.php\/wp-json\/wp\/v2\/product"}],"about":[{"href":"https:\/\/linkside-communication.com\/index.php\/wp-json\/wp\/v2\/types\/product"}],"replies":[{"embeddable":true,"href":"https:\/\/linkside-communication.com\/index.php\/wp-json\/wp\/v2\/comments?post=2599"}],"version-history":[{"count":1,"href":"https:\/\/linkside-communication.com\/index.php\/wp-json\/wp\/v2\/product\/2599\/revisions"}],"predecessor-version":[{"id":2604,"href":"https:\/\/linkside-communication.com\/index.php\/wp-json\/wp\/v2\/product\/2599\/revisions\/2604"}],"wp:featuredmedia":[{"embeddable":true,"href":"https:\/\/linkside-communication.com\/index.php\/wp-json\/wp\/v2\/media\/2600"}],"wp:attachment":[{"href":"https:\/\/linkside-communication.com\/index.php\/wp-json\/wp\/v2\/media?parent=2599"}],"wp:term":[{"taxonomy":"product_cat","embeddable":true,"href":"https:\/\/linkside-communication.com\/index.php\/wp-json\/wp\/v2\/product_cat?post=2599"},{"taxonomy":"product_tag","embeddable":true,"href":"https:\/\/linkside-communication.com\/index.php\/wp-json\/wp\/v2\/product_tag?post=2599"}],"curies":[{"name":"wp","href":"https:\/\/api.w.org\/{rel}","templated":true}]}}