{"id":2769,"date":"2022-10-12T10:28:35","date_gmt":"2022-10-12T08:28:35","guid":{"rendered":"https:\/\/linkside-communication.com\/?post_type=product&#038;p=2769"},"modified":"2022-10-12T10:28:35","modified_gmt":"2022-10-12T08:28:35","slug":"caisse-de-transport","status":"publish","type":"product","link":"https:\/\/linkside-communication.com\/index.php\/produit\/caisse-de-transport\/","title":{"rendered":"Caisse de transport"},"content":{"rendered":"","protected":false},"excerpt":{"rendered":"<p>Caisse en bois avec poign\u00e9e, mont\u00e9e sur roulettes avec frein pour le transport de structures modulaires type stand (Vector, Linear). Un 2\u00e8me caisson peut \u00eatre ajout\u00e9 pour contenir un compl\u00e9ment d\u2019extrusions ou des accessoires. Des sangles s\u00e9curiseront l\u2019ensemble.<\/p>\n","protected":false},"featured_media":2770,"comment_status":"closed","ping_status":"closed","template":"","meta":{"site-sidebar-layout":"default","site-content-layout":"default","ast-global-header-display":"","ast-main-header-display":"","ast-hfb-above-header-display":"","ast-hfb-below-header-display":"","ast-hfb-mobile-header-display":"","site-post-title":"","ast-breadcrumbs-content":"","ast-featured-img":"","footer-sml-layout":"","theme-transparent-header-meta":"default","adv-header-id-meta":"","stick-header-meta":"default","header-above-stick-meta":"","header-main-stick-meta":"","header-below-stick-meta":""},"product_cat":[209],"product_tag":[],"yoast_head":"<!-- This site is optimized with the Yoast SEO plugin v19.1 - https:\/\/yoast.com\/wordpress\/plugins\/seo\/ -->\n<title>Caisse de transport - Linkside Communication<\/title>\n<meta name=\"robots\" content=\"index, follow, max-snippet:-1, max-image-preview:large, max-video-preview:-1\" \/>\n<link rel=\"canonical\" href=\"https:\/\/linkside-communication.com\/index.php\/produit\/caisse-de-transport\/\" \/>\n<meta property=\"og:locale\" content=\"en_US\" \/>\n<meta property=\"og:type\" content=\"article\" \/>\n<meta property=\"og:title\" content=\"Caisse de transport - Linkside Communication\" \/>\n<meta property=\"og:description\" content=\"Caisse en bois avec poign\u00e9e, mont\u00e9e sur roulettes avec frein pour le transport de structures modulaires type stand (Vector, Linear). Un 2\u00e8me caisson peut \u00eatre ajout\u00e9 pour contenir un compl\u00e9ment d\u2019extrusions ou des accessoires. Des sangles s\u00e9curiseront l\u2019ensemble.\" \/>\n<meta property=\"og:url\" content=\"https:\/\/linkside-communication.com\/index.php\/produit\/caisse-de-transport\/\" \/>\n<meta property=\"og:site_name\" content=\"Linkside Communication\" \/>\n<meta property=\"og:image\" content=\"https:\/\/linkside-communication.com\/wp-content\/uploads\/2022\/10\/transport-container-2-main-75919.jpg\" \/>\n\t<meta property=\"og:image:width\" content=\"1000\" \/>\n\t<meta property=\"og:image:height\" content=\"1000\" \/>\n\t<meta property=\"og:image:type\" content=\"image\/jpeg\" \/>\n<meta name=\"twitter:card\" content=\"summary_large_image\" \/>\n<script type=\"application\/ld+json\" class=\"yoast-schema-graph\">{\"@context\":\"https:\/\/schema.org\",\"@graph\":[{\"@type\":\"WebSite\",\"@id\":\"https:\/\/linkside-communication.com\/#website\",\"url\":\"https:\/\/linkside-communication.com\/\",\"name\":\"Linkside Communication\",\"description\":\"Invent\u00e9 pour un maximum de confort\",\"potentialAction\":[{\"@type\":\"SearchAction\",\"target\":{\"@type\":\"EntryPoint\",\"urlTemplate\":\"https:\/\/linkside-communication.com\/?s={search_term_string}\"},\"query-input\":\"required name=search_term_string\"}],\"inLanguage\":\"en-US\"},{\"@type\":\"ImageObject\",\"inLanguage\":\"en-US\",\"@id\":\"https:\/\/linkside-communication.com\/index.php\/produit\/caisse-de-transport\/#primaryimage\",\"url\":\"https:\/\/linkside-communication.com\/wp-content\/uploads\/2022\/10\/transport-container-2-main-75919.jpg\",\"contentUrl\":\"https:\/\/linkside-communication.com\/wp-content\/uploads\/2022\/10\/transport-container-2-main-75919.jpg\",\"width\":1000,\"height\":1000},{\"@type\":\"WebPage\",\"@id\":\"https:\/\/linkside-communication.com\/index.php\/produit\/caisse-de-transport\/#webpage\",\"url\":\"https:\/\/linkside-communication.com\/index.php\/produit\/caisse-de-transport\/\",\"name\":\"Caisse de transport - Linkside Communication\",\"isPartOf\":{\"@id\":\"https:\/\/linkside-communication.com\/#website\"},\"primaryImageOfPage\":{\"@id\":\"https:\/\/linkside-communication.com\/index.php\/produit\/caisse-de-transport\/#primaryimage\"},\"datePublished\":\"2022-10-12T08:28:35+00:00\",\"dateModified\":\"2022-10-12T08:28:35+00:00\",\"breadcrumb\":{\"@id\":\"https:\/\/linkside-communication.com\/index.php\/produit\/caisse-de-transport\/#breadcrumb\"},\"inLanguage\":\"en-US\",\"potentialAction\":[{\"@type\":\"ReadAction\",\"target\":[\"https:\/\/linkside-communication.com\/index.php\/produit\/caisse-de-transport\/\"]}]},{\"@type\":\"BreadcrumbList\",\"@id\":\"https:\/\/linkside-communication.com\/index.php\/produit\/caisse-de-transport\/#breadcrumb\",\"itemListElement\":[{\"@type\":\"ListItem\",\"position\":1,\"name\":\"Accueil\",\"item\":\"https:\/\/linkside-communication.com\/\"},{\"@type\":\"ListItem\",\"position\":2,\"name\":\"Boutique\",\"item\":\"https:\/\/linkside-communication.com\/index.php\/boutique\/\"},{\"@type\":\"ListItem\",\"position\":3,\"name\":\"Caisse de transport\"}]}]}<\/script>\n<!-- \/ Yoast SEO plugin. -->","yoast_head_json":{"title":"Caisse de transport - Linkside Communication","robots":{"index":"index","follow":"follow","max-snippet":"max-snippet:-1","max-image-preview":"max-image-preview:large","max-video-preview":"max-video-preview:-1"},"canonical":"https:\/\/linkside-communication.com\/index.php\/produit\/caisse-de-transport\/","og_locale":"en_US","og_type":"article","og_title":"Caisse de transport - Linkside Communication","og_description":"Caisse en bois avec poign\u00e9e, mont\u00e9e sur roulettes avec frein pour le transport de structures modulaires type stand (Vector, Linear). Un 2\u00e8me caisson peut \u00eatre ajout\u00e9 pour contenir un compl\u00e9ment d\u2019extrusions ou des accessoires. Des sangles s\u00e9curiseront l\u2019ensemble.","og_url":"https:\/\/linkside-communication.com\/index.php\/produit\/caisse-de-transport\/","og_site_name":"Linkside Communication","og_image":[{"width":1000,"height":1000,"url":"https:\/\/linkside-communication.com\/wp-content\/uploads\/2022\/10\/transport-container-2-main-75919.jpg","type":"image\/jpeg"}],"twitter_card":"summary_large_image","schema":{"@context":"https:\/\/schema.org","@graph":[{"@type":"WebSite","@id":"https:\/\/linkside-communication.com\/#website","url":"https:\/\/linkside-communication.com\/","name":"Linkside Communication","description":"Invent\u00e9 pour un maximum de confort","potentialAction":[{"@type":"SearchAction","target":{"@type":"EntryPoint","urlTemplate":"https:\/\/linkside-communication.com\/?s={search_term_string}"},"query-input":"required name=search_term_string"}],"inLanguage":"en-US"},{"@type":"ImageObject","inLanguage":"en-US","@id":"https:\/\/linkside-communication.com\/index.php\/produit\/caisse-de-transport\/#primaryimage","url":"https:\/\/linkside-communication.com\/wp-content\/uploads\/2022\/10\/transport-container-2-main-75919.jpg","contentUrl":"https:\/\/linkside-communication.com\/wp-content\/uploads\/2022\/10\/transport-container-2-main-75919.jpg","width":1000,"height":1000},{"@type":"WebPage","@id":"https:\/\/linkside-communication.com\/index.php\/produit\/caisse-de-transport\/#webpage","url":"https:\/\/linkside-communication.com\/index.php\/produit\/caisse-de-transport\/","name":"Caisse de transport - Linkside Communication","isPartOf":{"@id":"https:\/\/linkside-communication.com\/#website"},"primaryImageOfPage":{"@id":"https:\/\/linkside-communication.com\/index.php\/produit\/caisse-de-transport\/#primaryimage"},"datePublished":"2022-10-12T08:28:35+00:00","dateModified":"2022-10-12T08:28:35+00:00","breadcrumb":{"@id":"https:\/\/linkside-communication.com\/index.php\/produit\/caisse-de-transport\/#breadcrumb"},"inLanguage":"en-US","potentialAction":[{"@type":"ReadAction","target":["https:\/\/linkside-communication.com\/index.php\/produit\/caisse-de-transport\/"]}]},{"@type":"BreadcrumbList","@id":"https:\/\/linkside-communication.com\/index.php\/produit\/caisse-de-transport\/#breadcrumb","itemListElement":[{"@type":"ListItem","position":1,"name":"Accueil","item":"https:\/\/linkside-communication.com\/"},{"@type":"ListItem","position":2,"name":"Boutique","item":"https:\/\/linkside-communication.com\/index.php\/boutique\/"},{"@type":"ListItem","position":3,"name":"Caisse de transport"}]}]}},"_links":{"self":[{"href":"https:\/\/linkside-communication.com\/index.php\/wp-json\/wp\/v2\/product\/2769"}],"collection":[{"href":"https:\/\/linkside-communication.com\/index.php\/wp-json\/wp\/v2\/product"}],"about":[{"href":"https:\/\/linkside-communication.com\/index.php\/wp-json\/wp\/v2\/types\/product"}],"replies":[{"embeddable":true,"href":"https:\/\/linkside-communication.com\/index.php\/wp-json\/wp\/v2\/comments?post=2769"}],"version-history":[{"count":1,"href":"https:\/\/linkside-communication.com\/index.php\/wp-json\/wp\/v2\/product\/2769\/revisions"}],"predecessor-version":[{"id":2775,"href":"https:\/\/linkside-communication.com\/index.php\/wp-json\/wp\/v2\/product\/2769\/revisions\/2775"}],"wp:featuredmedia":[{"embeddable":true,"href":"https:\/\/linkside-communication.com\/index.php\/wp-json\/wp\/v2\/media\/2770"}],"wp:attachment":[{"href":"https:\/\/linkside-communication.com\/index.php\/wp-json\/wp\/v2\/media?parent=2769"}],"wp:term":[{"taxonomy":"product_cat","embeddable":true,"href":"https:\/\/linkside-communication.com\/index.php\/wp-json\/wp\/v2\/product_cat?post=2769"},{"taxonomy":"product_tag","embeddable":true,"href":"https:\/\/linkside-communication.com\/index.php\/wp-json\/wp\/v2\/product_tag?post=2769"}],"curies":[{"name":"wp","href":"https:\/\/api.w.org\/{rel}","templated":true}]}}