{"id":2801,"date":"2022-10-17T14:42:04","date_gmt":"2022-10-17T12:42:04","guid":{"rendered":"https:\/\/linkside-communication.com\/?post_type=product&#038;p=2801"},"modified":"2022-11-02T16:02:16","modified_gmt":"2022-11-02T15:02:16","slug":"carte-de-visite-standard","status":"publish","type":"product","link":"https:\/\/linkside-communication.com\/index.php\/produit\/carte-de-visite-standard\/","title":{"rendered":"Carte de visite standard"},"content":{"rendered":"<p>La carte de visite est un support efficace pour se faire conna\u00eetre, laisser ses coordonn\u00e9es et promouvoir son entreprise. Il est int\u00e9ressant de l\u2019imprimer en grande quantit\u00e9 afin de pouvoir la distribuer sans restriction \u00e0 l\u2019ensemble de votre r\u00e9seau professionnel et de vos contacts personnels. Votre carte de visite permet \u00e0 vos interlocuteurs de garder vos cordonn\u00e9es. Sa taille standard de 85&#215;54 permet d&#8217;\u00eatre gliss\u00e9 dans le portefeuille de votre client\u00e8le.<\/p>\n","protected":false},"excerpt":{"rendered":"<p>L&#8217;outil id\u00e9al qui vous permettra de garder contact avec votre client\u00e8le.<\/p>\n<p>Le choix du papier pour l\u2019impression de vos cartes de visite est important dans la perception de votre image et de votre communication. Le choix des finitions d\u00e9pend de l&#8217;utilisation\u00a0de vos cartes de visite et de votre\u00a0objectif de communication. Si vous voulez \u00e9crire sur votre carte, un papier mat sera beaucoup plus judicieux et adapt\u00e9.<\/p>\n<p>C&#8217;est pour cela que nous vous proposons dans cette gamme standard:<\/p>\n<ul>\n<li>un papier : Mat 350g\/m2 ou bristol 350g\/m2<\/li>\n<li>une impression : recto ou recto\/verso<\/li>\n<li>Une quantit\u00e9 minimum de 100 cartes de visites<\/li>\n<\/ul>\n<p>&nbsp;<\/p>\n","protected":false},"featured_media":3380,"comment_status":"closed","ping_status":"closed","template":"","meta":{"site-sidebar-layout":"default","site-content-layout":"default","ast-global-header-display":"","ast-main-header-display":"","ast-hfb-above-header-display":"","ast-hfb-below-header-display":"","ast-hfb-mobile-header-display":"","site-post-title":"","ast-breadcrumbs-content":"","ast-featured-img":"","footer-sml-layout":"","theme-transparent-header-meta":"default","adv-header-id-meta":"","stick-header-meta":"default","header-above-stick-meta":"","header-main-stick-meta":"","header-below-stick-meta":""},"product_cat":[244],"product_tag":[],"yoast_head":"<!-- This site is optimized with the Yoast SEO plugin v19.1 - https:\/\/yoast.com\/wordpress\/plugins\/seo\/ -->\n<title>Carte de visite standard - Linkside Communication<\/title>\n<meta name=\"robots\" content=\"index, follow, max-snippet:-1, max-image-preview:large, max-video-preview:-1\" \/>\n<link rel=\"canonical\" href=\"https:\/\/linkside-communication.com\/index.php\/produit\/carte-de-visite-standard\/\" \/>\n<meta property=\"og:locale\" content=\"en_US\" \/>\n<meta property=\"og:type\" content=\"article\" \/>\n<meta property=\"og:title\" content=\"Carte de visite standard - Linkside Communication\" \/>\n<meta property=\"og:description\" content=\"L&#039;outil id\u00e9al qui vous permettra de garder contact avec votre client\u00e8le.  Le choix du papier pour l\u2019impression de vos cartes de visite est important dans la perception de votre image et de votre communication. Le choix des finitions d\u00e9pend de l&#039;utilisation\u00a0de vos cartes de visite et de votre\u00a0objectif de communication. Si vous voulez \u00e9crire sur votre carte, un papier mat sera beaucoup plus judicieux et adapt\u00e9.  C&#039;est pour cela que nous vous proposons dans cette gamme standard:   un papier : Mat 350g\/m2 ou bristol 350g\/m2  une impression : recto ou recto\/verso  Une quantit\u00e9 minimum de 100 cartes de visites  &nbsp;\" \/>\n<meta property=\"og:url\" content=\"https:\/\/linkside-communication.com\/index.php\/produit\/carte-de-visite-standard\/\" \/>\n<meta property=\"og:site_name\" content=\"Linkside Communication\" \/>\n<meta property=\"article:modified_time\" content=\"2022-11-02T15:02:16+00:00\" \/>\n<meta property=\"og:image\" content=\"https:\/\/linkside-communication.com\/wp-content\/uploads\/2022\/10\/carte_de_visite_standard.jpg\" \/>\n\t<meta property=\"og:image:width\" content=\"1000\" \/>\n\t<meta property=\"og:image:height\" content=\"1000\" \/>\n\t<meta property=\"og:image:type\" content=\"image\/jpeg\" \/>\n<meta name=\"twitter:card\" content=\"summary_large_image\" \/>\n<meta name=\"twitter:label1\" content=\"Est. reading time\" \/>\n\t<meta name=\"twitter:data1\" content=\"1 minute\" \/>\n<script type=\"application\/ld+json\" class=\"yoast-schema-graph\">{\"@context\":\"https:\/\/schema.org\",\"@graph\":[{\"@type\":\"WebSite\",\"@id\":\"https:\/\/linkside-communication.com\/#website\",\"url\":\"https:\/\/linkside-communication.com\/\",\"name\":\"Linkside Communication\",\"description\":\"Invent\u00e9 pour un maximum de confort\",\"potentialAction\":[{\"@type\":\"SearchAction\",\"target\":{\"@type\":\"EntryPoint\",\"urlTemplate\":\"https:\/\/linkside-communication.com\/?s={search_term_string}\"},\"query-input\":\"required name=search_term_string\"}],\"inLanguage\":\"en-US\"},{\"@type\":\"ImageObject\",\"inLanguage\":\"en-US\",\"@id\":\"https:\/\/linkside-communication.com\/index.php\/produit\/carte-de-visite-standard\/#primaryimage\",\"url\":\"https:\/\/linkside-communication.com\/wp-content\/uploads\/2022\/10\/carte_de_visite_standard.jpg\",\"contentUrl\":\"https:\/\/linkside-communication.com\/wp-content\/uploads\/2022\/10\/carte_de_visite_standard.jpg\",\"width\":1000,\"height\":1000,\"caption\":\"Carte de visite standard\"},{\"@type\":\"WebPage\",\"@id\":\"https:\/\/linkside-communication.com\/index.php\/produit\/carte-de-visite-standard\/#webpage\",\"url\":\"https:\/\/linkside-communication.com\/index.php\/produit\/carte-de-visite-standard\/\",\"name\":\"Carte de visite standard - Linkside Communication\",\"isPartOf\":{\"@id\":\"https:\/\/linkside-communication.com\/#website\"},\"primaryImageOfPage\":{\"@id\":\"https:\/\/linkside-communication.com\/index.php\/produit\/carte-de-visite-standard\/#primaryimage\"},\"datePublished\":\"2022-10-17T12:42:04+00:00\",\"dateModified\":\"2022-11-02T15:02:16+00:00\",\"breadcrumb\":{\"@id\":\"https:\/\/linkside-communication.com\/index.php\/produit\/carte-de-visite-standard\/#breadcrumb\"},\"inLanguage\":\"en-US\",\"potentialAction\":[{\"@type\":\"ReadAction\",\"target\":[\"https:\/\/linkside-communication.com\/index.php\/produit\/carte-de-visite-standard\/\"]}]},{\"@type\":\"BreadcrumbList\",\"@id\":\"https:\/\/linkside-communication.com\/index.php\/produit\/carte-de-visite-standard\/#breadcrumb\",\"itemListElement\":[{\"@type\":\"ListItem\",\"position\":1,\"name\":\"Accueil\",\"item\":\"https:\/\/linkside-communication.com\/\"},{\"@type\":\"ListItem\",\"position\":2,\"name\":\"Boutique\",\"item\":\"https:\/\/linkside-communication.com\/index.php\/boutique\/\"},{\"@type\":\"ListItem\",\"position\":3,\"name\":\"Carte de visite standard\"}]}]}<\/script>\n<!-- \/ Yoast SEO plugin. -->","yoast_head_json":{"title":"Carte de visite standard - Linkside Communication","robots":{"index":"index","follow":"follow","max-snippet":"max-snippet:-1","max-image-preview":"max-image-preview:large","max-video-preview":"max-video-preview:-1"},"canonical":"https:\/\/linkside-communication.com\/index.php\/produit\/carte-de-visite-standard\/","og_locale":"en_US","og_type":"article","og_title":"Carte de visite standard - Linkside Communication","og_description":"L'outil id\u00e9al qui vous permettra de garder contact avec votre client\u00e8le.  Le choix du papier pour l\u2019impression de vos cartes de visite est important dans la perception de votre image et de votre communication. Le choix des finitions d\u00e9pend de l'utilisation\u00a0de vos cartes de visite et de votre\u00a0objectif de communication. Si vous voulez \u00e9crire sur votre carte, un papier mat sera beaucoup plus judicieux et adapt\u00e9.  C'est pour cela que nous vous proposons dans cette gamme standard:   un papier : Mat 350g\/m2 ou bristol 350g\/m2  une impression : recto ou recto\/verso  Une quantit\u00e9 minimum de 100 cartes de visites  &nbsp;","og_url":"https:\/\/linkside-communication.com\/index.php\/produit\/carte-de-visite-standard\/","og_site_name":"Linkside Communication","article_modified_time":"2022-11-02T15:02:16+00:00","og_image":[{"width":1000,"height":1000,"url":"https:\/\/linkside-communication.com\/wp-content\/uploads\/2022\/10\/carte_de_visite_standard.jpg","type":"image\/jpeg"}],"twitter_card":"summary_large_image","twitter_misc":{"Est. reading time":"1 minute"},"schema":{"@context":"https:\/\/schema.org","@graph":[{"@type":"WebSite","@id":"https:\/\/linkside-communication.com\/#website","url":"https:\/\/linkside-communication.com\/","name":"Linkside Communication","description":"Invent\u00e9 pour un maximum de confort","potentialAction":[{"@type":"SearchAction","target":{"@type":"EntryPoint","urlTemplate":"https:\/\/linkside-communication.com\/?s={search_term_string}"},"query-input":"required name=search_term_string"}],"inLanguage":"en-US"},{"@type":"ImageObject","inLanguage":"en-US","@id":"https:\/\/linkside-communication.com\/index.php\/produit\/carte-de-visite-standard\/#primaryimage","url":"https:\/\/linkside-communication.com\/wp-content\/uploads\/2022\/10\/carte_de_visite_standard.jpg","contentUrl":"https:\/\/linkside-communication.com\/wp-content\/uploads\/2022\/10\/carte_de_visite_standard.jpg","width":1000,"height":1000,"caption":"Carte de visite standard"},{"@type":"WebPage","@id":"https:\/\/linkside-communication.com\/index.php\/produit\/carte-de-visite-standard\/#webpage","url":"https:\/\/linkside-communication.com\/index.php\/produit\/carte-de-visite-standard\/","name":"Carte de visite standard - Linkside Communication","isPartOf":{"@id":"https:\/\/linkside-communication.com\/#website"},"primaryImageOfPage":{"@id":"https:\/\/linkside-communication.com\/index.php\/produit\/carte-de-visite-standard\/#primaryimage"},"datePublished":"2022-10-17T12:42:04+00:00","dateModified":"2022-11-02T15:02:16+00:00","breadcrumb":{"@id":"https:\/\/linkside-communication.com\/index.php\/produit\/carte-de-visite-standard\/#breadcrumb"},"inLanguage":"en-US","potentialAction":[{"@type":"ReadAction","target":["https:\/\/linkside-communication.com\/index.php\/produit\/carte-de-visite-standard\/"]}]},{"@type":"BreadcrumbList","@id":"https:\/\/linkside-communication.com\/index.php\/produit\/carte-de-visite-standard\/#breadcrumb","itemListElement":[{"@type":"ListItem","position":1,"name":"Accueil","item":"https:\/\/linkside-communication.com\/"},{"@type":"ListItem","position":2,"name":"Boutique","item":"https:\/\/linkside-communication.com\/index.php\/boutique\/"},{"@type":"ListItem","position":3,"name":"Carte de visite standard"}]}]}},"_links":{"self":[{"href":"https:\/\/linkside-communication.com\/index.php\/wp-json\/wp\/v2\/product\/2801"}],"collection":[{"href":"https:\/\/linkside-communication.com\/index.php\/wp-json\/wp\/v2\/product"}],"about":[{"href":"https:\/\/linkside-communication.com\/index.php\/wp-json\/wp\/v2\/types\/product"}],"replies":[{"embeddable":true,"href":"https:\/\/linkside-communication.com\/index.php\/wp-json\/wp\/v2\/comments?post=2801"}],"version-history":[{"count":5,"href":"https:\/\/linkside-communication.com\/index.php\/wp-json\/wp\/v2\/product\/2801\/revisions"}],"predecessor-version":[{"id":2803,"href":"https:\/\/linkside-communication.com\/index.php\/wp-json\/wp\/v2\/product\/2801\/revisions\/2803"}],"wp:featuredmedia":[{"embeddable":true,"href":"https:\/\/linkside-communication.com\/index.php\/wp-json\/wp\/v2\/media\/3380"}],"wp:attachment":[{"href":"https:\/\/linkside-communication.com\/index.php\/wp-json\/wp\/v2\/media?parent=2801"}],"wp:term":[{"taxonomy":"product_cat","embeddable":true,"href":"https:\/\/linkside-communication.com\/index.php\/wp-json\/wp\/v2\/product_cat?post=2801"},{"taxonomy":"product_tag","embeddable":true,"href":"https:\/\/linkside-communication.com\/index.php\/wp-json\/wp\/v2\/product_tag?post=2801"}],"curies":[{"name":"wp","href":"https:\/\/api.w.org\/{rel}","templated":true}]}}