{"id":2811,"date":"2022-10-17T15:23:17","date_gmt":"2022-10-17T13:23:17","guid":{"rendered":"https:\/\/linkside-communication.com\/?post_type=product&#038;p=2811"},"modified":"2022-10-17T15:54:30","modified_gmt":"2022-10-17T13:54:30","slug":"carte-de-visite-double-haut-de-gamme","status":"publish","type":"product","link":"https:\/\/linkside-communication.com\/index.php\/produit\/carte-de-visite-double-haut-de-gamme\/","title":{"rendered":"Carte de visite double haut de gamme"},"content":{"rendered":"<p>La carte de visite est un support efficace pour se faire conna\u00eetre, laisser ses coordonn\u00e9es et promouvoir son entreprise. Il est int\u00e9ressant de l\u2019imprimer en grande quantit\u00e9 afin de pouvoir la distribuer sans restriction \u00e0 l\u2019ensemble de votre r\u00e9seau professionnel et de vos contacts personnels. Votre carte de visite permet \u00e0 vos interlocuteurs de garder vos cordonn\u00e9es, dans leur portefeuille par exemple et de reprendre contact avec vous.<\/p>\n","protected":false},"excerpt":{"rendered":"<p>L&#8217;outil id\u00e9al qui vous permettra de garder contact avec votre client\u00e8le.<\/p>\n<p>Le format double permet de vous d\u00e9marquer de la concurrence, de placer un plan, des lignes de rendez-vous, un d\u00e9tail de vos prestations ou des photos.\u00a0Son format une fois ouvert correspond \u00e0 108&#215;105 mm et une fois ferm\u00e9 54&#215;85 mm.<\/p>\n<p>Le choix du papier pour l\u2019impression de vos cartes de visite est important dans la perception de votre image et de votre communication. Le choix des finitions d\u00e9pend de l&#8217;utilisation\u00a0de vos cartes de visite et de votre\u00a0objectif de communication. Si vous voulez \u00e9crire sur votre carte, un papier mat sera beaucoup plus judicieux et adapt\u00e9.<\/p>\n<p>C&#8217;est pour cela que nous vous proposons dans cette gamme haut de gamme:<\/p>\n<ul>\n<li>un papier : Mat 350g\/m2 ou bristol 350g\/m2<\/li>\n<li>une impression : recto ou recto\/verso<\/li>\n<li>une finition : vernis s\u00e9lectif seulement sur pelliculage mat<\/li>\n<li>un pelliculage : brillant, mat, soft touch<\/li>\n<li>Une quantit\u00e9 minimum de 100 cartes de visites<\/li>\n<\/ul>\n<p>&nbsp;<\/p>\n","protected":false},"featured_media":0,"comment_status":"closed","ping_status":"closed","template":"","meta":{"site-sidebar-layout":"default","site-content-layout":"default","ast-global-header-display":"","ast-main-header-display":"","ast-hfb-above-header-display":"","ast-hfb-below-header-display":"","ast-hfb-mobile-header-display":"","site-post-title":"","ast-breadcrumbs-content":"","ast-featured-img":"","footer-sml-layout":"","theme-transparent-header-meta":"default","adv-header-id-meta":"","stick-header-meta":"default","header-above-stick-meta":"","header-main-stick-meta":"","header-below-stick-meta":""},"product_cat":[244],"product_tag":[],"yoast_head":"<!-- This site is optimized with the Yoast SEO plugin v19.1 - https:\/\/yoast.com\/wordpress\/plugins\/seo\/ -->\n<title>Carte de visite double haut de gamme - Linkside Communication<\/title>\n<meta name=\"robots\" content=\"index, follow, max-snippet:-1, max-image-preview:large, max-video-preview:-1\" \/>\n<link rel=\"canonical\" href=\"https:\/\/linkside-communication.com\/index.php\/produit\/carte-de-visite-double-haut-de-gamme\/\" \/>\n<meta property=\"og:locale\" content=\"en_US\" \/>\n<meta property=\"og:type\" content=\"article\" \/>\n<meta property=\"og:title\" content=\"Carte de visite double haut de gamme - Linkside Communication\" \/>\n<meta property=\"og:description\" content=\"L&#039;outil id\u00e9al qui vous permettra de garder contact avec votre client\u00e8le.  Le format double permet de vous d\u00e9marquer de la concurrence, de placer un plan, des lignes de rendez-vous, un d\u00e9tail de vos prestations ou des photos.\u00a0Son format une fois ouvert correspond \u00e0 108x105 mm et une fois ferm\u00e9 54x85 mm.  Le choix du papier pour l\u2019impression de vos cartes de visite est important dans la perception de votre image et de votre communication. Le choix des finitions d\u00e9pend de l&#039;utilisation\u00a0de vos cartes de visite et de votre\u00a0objectif de communication. Si vous voulez \u00e9crire sur votre carte, un papier mat sera beaucoup plus judicieux et adapt\u00e9.  C&#039;est pour cela que nous vous proposons dans cette gamme haut de gamme:   un papier : Mat 350g\/m2 ou bristol 350g\/m2  une impression : recto ou recto\/verso  une finition : vernis s\u00e9lectif seulement sur pelliculage mat  un pelliculage : brillant, mat, soft touch  Une quantit\u00e9 minimum de 100 cartes de visites  &nbsp;\" \/>\n<meta property=\"og:url\" content=\"https:\/\/linkside-communication.com\/index.php\/produit\/carte-de-visite-double-haut-de-gamme\/\" \/>\n<meta property=\"og:site_name\" content=\"Linkside Communication\" \/>\n<meta property=\"article:modified_time\" content=\"2022-10-17T13:54:30+00:00\" \/>\n<meta name=\"twitter:card\" content=\"summary_large_image\" \/>\n<meta name=\"twitter:label1\" content=\"Est. reading time\" \/>\n\t<meta name=\"twitter:data1\" content=\"1 minute\" \/>\n<script type=\"application\/ld+json\" class=\"yoast-schema-graph\">{\"@context\":\"https:\/\/schema.org\",\"@graph\":[{\"@type\":\"WebSite\",\"@id\":\"https:\/\/linkside-communication.com\/#website\",\"url\":\"https:\/\/linkside-communication.com\/\",\"name\":\"Linkside Communication\",\"description\":\"Invent\u00e9 pour un maximum de confort\",\"potentialAction\":[{\"@type\":\"SearchAction\",\"target\":{\"@type\":\"EntryPoint\",\"urlTemplate\":\"https:\/\/linkside-communication.com\/?s={search_term_string}\"},\"query-input\":\"required name=search_term_string\"}],\"inLanguage\":\"en-US\"},{\"@type\":\"WebPage\",\"@id\":\"https:\/\/linkside-communication.com\/index.php\/produit\/carte-de-visite-double-haut-de-gamme\/#webpage\",\"url\":\"https:\/\/linkside-communication.com\/index.php\/produit\/carte-de-visite-double-haut-de-gamme\/\",\"name\":\"Carte de visite double haut de gamme - Linkside Communication\",\"isPartOf\":{\"@id\":\"https:\/\/linkside-communication.com\/#website\"},\"datePublished\":\"2022-10-17T13:23:17+00:00\",\"dateModified\":\"2022-10-17T13:54:30+00:00\",\"breadcrumb\":{\"@id\":\"https:\/\/linkside-communication.com\/index.php\/produit\/carte-de-visite-double-haut-de-gamme\/#breadcrumb\"},\"inLanguage\":\"en-US\",\"potentialAction\":[{\"@type\":\"ReadAction\",\"target\":[\"https:\/\/linkside-communication.com\/index.php\/produit\/carte-de-visite-double-haut-de-gamme\/\"]}]},{\"@type\":\"BreadcrumbList\",\"@id\":\"https:\/\/linkside-communication.com\/index.php\/produit\/carte-de-visite-double-haut-de-gamme\/#breadcrumb\",\"itemListElement\":[{\"@type\":\"ListItem\",\"position\":1,\"name\":\"Accueil\",\"item\":\"https:\/\/linkside-communication.com\/\"},{\"@type\":\"ListItem\",\"position\":2,\"name\":\"Boutique\",\"item\":\"https:\/\/linkside-communication.com\/index.php\/boutique\/\"},{\"@type\":\"ListItem\",\"position\":3,\"name\":\"Carte de visite double haut de gamme\"}]}]}<\/script>\n<!-- \/ Yoast SEO plugin. -->","yoast_head_json":{"title":"Carte de visite double haut de gamme - Linkside Communication","robots":{"index":"index","follow":"follow","max-snippet":"max-snippet:-1","max-image-preview":"max-image-preview:large","max-video-preview":"max-video-preview:-1"},"canonical":"https:\/\/linkside-communication.com\/index.php\/produit\/carte-de-visite-double-haut-de-gamme\/","og_locale":"en_US","og_type":"article","og_title":"Carte de visite double haut de gamme - Linkside Communication","og_description":"L'outil id\u00e9al qui vous permettra de garder contact avec votre client\u00e8le.  Le format double permet de vous d\u00e9marquer de la concurrence, de placer un plan, des lignes de rendez-vous, un d\u00e9tail de vos prestations ou des photos.\u00a0Son format une fois ouvert correspond \u00e0 108x105 mm et une fois ferm\u00e9 54x85 mm.  Le choix du papier pour l\u2019impression de vos cartes de visite est important dans la perception de votre image et de votre communication. Le choix des finitions d\u00e9pend de l'utilisation\u00a0de vos cartes de visite et de votre\u00a0objectif de communication. Si vous voulez \u00e9crire sur votre carte, un papier mat sera beaucoup plus judicieux et adapt\u00e9.  C'est pour cela que nous vous proposons dans cette gamme haut de gamme:   un papier : Mat 350g\/m2 ou bristol 350g\/m2  une impression : recto ou recto\/verso  une finition : vernis s\u00e9lectif seulement sur pelliculage mat  un pelliculage : brillant, mat, soft touch  Une quantit\u00e9 minimum de 100 cartes de visites  &nbsp;","og_url":"https:\/\/linkside-communication.com\/index.php\/produit\/carte-de-visite-double-haut-de-gamme\/","og_site_name":"Linkside Communication","article_modified_time":"2022-10-17T13:54:30+00:00","twitter_card":"summary_large_image","twitter_misc":{"Est. reading time":"1 minute"},"schema":{"@context":"https:\/\/schema.org","@graph":[{"@type":"WebSite","@id":"https:\/\/linkside-communication.com\/#website","url":"https:\/\/linkside-communication.com\/","name":"Linkside Communication","description":"Invent\u00e9 pour un maximum de confort","potentialAction":[{"@type":"SearchAction","target":{"@type":"EntryPoint","urlTemplate":"https:\/\/linkside-communication.com\/?s={search_term_string}"},"query-input":"required name=search_term_string"}],"inLanguage":"en-US"},{"@type":"WebPage","@id":"https:\/\/linkside-communication.com\/index.php\/produit\/carte-de-visite-double-haut-de-gamme\/#webpage","url":"https:\/\/linkside-communication.com\/index.php\/produit\/carte-de-visite-double-haut-de-gamme\/","name":"Carte de visite double haut de gamme - Linkside Communication","isPartOf":{"@id":"https:\/\/linkside-communication.com\/#website"},"datePublished":"2022-10-17T13:23:17+00:00","dateModified":"2022-10-17T13:54:30+00:00","breadcrumb":{"@id":"https:\/\/linkside-communication.com\/index.php\/produit\/carte-de-visite-double-haut-de-gamme\/#breadcrumb"},"inLanguage":"en-US","potentialAction":[{"@type":"ReadAction","target":["https:\/\/linkside-communication.com\/index.php\/produit\/carte-de-visite-double-haut-de-gamme\/"]}]},{"@type":"BreadcrumbList","@id":"https:\/\/linkside-communication.com\/index.php\/produit\/carte-de-visite-double-haut-de-gamme\/#breadcrumb","itemListElement":[{"@type":"ListItem","position":1,"name":"Accueil","item":"https:\/\/linkside-communication.com\/"},{"@type":"ListItem","position":2,"name":"Boutique","item":"https:\/\/linkside-communication.com\/index.php\/boutique\/"},{"@type":"ListItem","position":3,"name":"Carte de visite double haut de gamme"}]}]}},"_links":{"self":[{"href":"https:\/\/linkside-communication.com\/index.php\/wp-json\/wp\/v2\/product\/2811"}],"collection":[{"href":"https:\/\/linkside-communication.com\/index.php\/wp-json\/wp\/v2\/product"}],"about":[{"href":"https:\/\/linkside-communication.com\/index.php\/wp-json\/wp\/v2\/types\/product"}],"replies":[{"embeddable":true,"href":"https:\/\/linkside-communication.com\/index.php\/wp-json\/wp\/v2\/comments?post=2811"}],"version-history":[{"count":2,"href":"https:\/\/linkside-communication.com\/index.php\/wp-json\/wp\/v2\/product\/2811\/revisions"}],"predecessor-version":[{"id":2831,"href":"https:\/\/linkside-communication.com\/index.php\/wp-json\/wp\/v2\/product\/2811\/revisions\/2831"}],"wp:attachment":[{"href":"https:\/\/linkside-communication.com\/index.php\/wp-json\/wp\/v2\/media?parent=2811"}],"wp:term":[{"taxonomy":"product_cat","embeddable":true,"href":"https:\/\/linkside-communication.com\/index.php\/wp-json\/wp\/v2\/product_cat?post=2811"},{"taxonomy":"product_tag","embeddable":true,"href":"https:\/\/linkside-communication.com\/index.php\/wp-json\/wp\/v2\/product_tag?post=2811"}],"curies":[{"name":"wp","href":"https:\/\/api.w.org\/{rel}","templated":true}]}}