{"id":2928,"date":"2022-10-18T14:18:30","date_gmt":"2022-10-18T12:18:30","guid":{"rendered":"https:\/\/linkside-communication.com\/?post_type=product&#038;p=2928"},"modified":"2022-10-18T14:25:08","modified_gmt":"2022-10-18T12:25:08","slug":"affiche-a0","status":"publish","type":"product","link":"https:\/\/linkside-communication.com\/index.php\/produit\/affiche-a0\/","title":{"rendered":"Affiche A0"},"content":{"rendered":"<p>Pour une visibilit\u00e9 \u00e0 grande \u00e9chelle, l\u2019impression d\u2019affiches A0 est le format id\u00e9al. Souvent utilis\u00e9es en publicit\u00e9, elles ciblent efficacement l&#8217;information. Il est aussi tr\u00e8s pris\u00e9 dans le secteur de la reprographie\u00a0des plans de construction\u00a0et autres documents professionnels. Le format A0 est le format ayant les plus grandes dimensions de gamme A.<\/p>\n","protected":false},"excerpt":{"rendered":"<p>Vous pr\u00e9parez un s\u00e9minaire ? Une foire ? Une exposition ? Vous souhaitez tout simplement promouvoir un nouveau produit ou service ? L\u2019affiche A0 est id\u00e9ale<\/p>\n<p><strong>Nous vous proposons pour ces Affiches :<\/strong><\/p>\n<ul>\n<li>Orientation : verticale ou horizontale<\/li>\n<li>Diff\u00e9rent grammage de papier (<em>en gr<\/em>) : 135, 170 et une possibilit\u00e9 de choisir son grammage<\/li>\n<li>Aspect : mat ou brillant<\/li>\n<li>Impression : recto ou recto\/verso<\/li>\n<li>couleur :\n<ul>\n<li>quadri<\/li>\n<li>noir<\/li>\n<\/ul>\n<\/li>\n<li>Une finition possible en vernis ultra-brillant<\/li>\n<li>Une quantit\u00e9 minimum de 25<\/li>\n<\/ul>\n","protected":false},"featured_media":0,"comment_status":"closed","ping_status":"closed","template":"","meta":{"site-sidebar-layout":"default","site-content-layout":"default","ast-global-header-display":"","ast-main-header-display":"","ast-hfb-above-header-display":"","ast-hfb-below-header-display":"","ast-hfb-mobile-header-display":"","site-post-title":"","ast-breadcrumbs-content":"","ast-featured-img":"","footer-sml-layout":"","theme-transparent-header-meta":"default","adv-header-id-meta":"","stick-header-meta":"default","header-above-stick-meta":"","header-main-stick-meta":"","header-below-stick-meta":""},"product_cat":[245],"product_tag":[],"yoast_head":"<!-- This site is optimized with the Yoast SEO plugin v19.1 - https:\/\/yoast.com\/wordpress\/plugins\/seo\/ -->\n<title>Affiche A0 - Linkside Communication<\/title>\n<meta name=\"robots\" content=\"index, follow, max-snippet:-1, max-image-preview:large, max-video-preview:-1\" \/>\n<link rel=\"canonical\" href=\"https:\/\/linkside-communication.com\/index.php\/produit\/affiche-a0\/\" \/>\n<meta property=\"og:locale\" content=\"en_US\" \/>\n<meta property=\"og:type\" content=\"article\" \/>\n<meta property=\"og:title\" content=\"Affiche A0 - Linkside Communication\" \/>\n<meta property=\"og:description\" content=\"Vous pr\u00e9parez un s\u00e9minaire ? Une foire ? Une exposition ? Vous souhaitez tout simplement promouvoir un nouveau produit ou service ? L\u2019affiche A0 est id\u00e9ale  Nous vous proposons pour ces Affiches :   Orientation : verticale ou horizontale  Diff\u00e9rent grammage de papier (en gr) : 135, 170 et une possibilit\u00e9 de choisir son grammage  Aspect : mat ou brillant  Impression : recto ou recto\/verso  couleur :   quadri  noir    Une finition possible en vernis ultra-brillant  Une quantit\u00e9 minimum de 25\" \/>\n<meta property=\"og:url\" content=\"https:\/\/linkside-communication.com\/index.php\/produit\/affiche-a0\/\" \/>\n<meta property=\"og:site_name\" content=\"Linkside Communication\" \/>\n<meta property=\"article:modified_time\" content=\"2022-10-18T12:25:08+00:00\" \/>\n<meta name=\"twitter:card\" content=\"summary_large_image\" \/>\n<meta name=\"twitter:label1\" content=\"Est. reading time\" \/>\n\t<meta name=\"twitter:data1\" content=\"1 minute\" \/>\n<script type=\"application\/ld+json\" class=\"yoast-schema-graph\">{\"@context\":\"https:\/\/schema.org\",\"@graph\":[{\"@type\":\"WebSite\",\"@id\":\"https:\/\/linkside-communication.com\/#website\",\"url\":\"https:\/\/linkside-communication.com\/\",\"name\":\"Linkside Communication\",\"description\":\"Invent\u00e9 pour un maximum de confort\",\"potentialAction\":[{\"@type\":\"SearchAction\",\"target\":{\"@type\":\"EntryPoint\",\"urlTemplate\":\"https:\/\/linkside-communication.com\/?s={search_term_string}\"},\"query-input\":\"required name=search_term_string\"}],\"inLanguage\":\"en-US\"},{\"@type\":\"WebPage\",\"@id\":\"https:\/\/linkside-communication.com\/index.php\/produit\/affiche-a0\/#webpage\",\"url\":\"https:\/\/linkside-communication.com\/index.php\/produit\/affiche-a0\/\",\"name\":\"Affiche A0 - Linkside Communication\",\"isPartOf\":{\"@id\":\"https:\/\/linkside-communication.com\/#website\"},\"datePublished\":\"2022-10-18T12:18:30+00:00\",\"dateModified\":\"2022-10-18T12:25:08+00:00\",\"breadcrumb\":{\"@id\":\"https:\/\/linkside-communication.com\/index.php\/produit\/affiche-a0\/#breadcrumb\"},\"inLanguage\":\"en-US\",\"potentialAction\":[{\"@type\":\"ReadAction\",\"target\":[\"https:\/\/linkside-communication.com\/index.php\/produit\/affiche-a0\/\"]}]},{\"@type\":\"BreadcrumbList\",\"@id\":\"https:\/\/linkside-communication.com\/index.php\/produit\/affiche-a0\/#breadcrumb\",\"itemListElement\":[{\"@type\":\"ListItem\",\"position\":1,\"name\":\"Accueil\",\"item\":\"https:\/\/linkside-communication.com\/\"},{\"@type\":\"ListItem\",\"position\":2,\"name\":\"Boutique\",\"item\":\"https:\/\/linkside-communication.com\/index.php\/boutique\/\"},{\"@type\":\"ListItem\",\"position\":3,\"name\":\"Affiche A0\"}]}]}<\/script>\n<!-- \/ Yoast SEO plugin. -->","yoast_head_json":{"title":"Affiche A0 - Linkside Communication","robots":{"index":"index","follow":"follow","max-snippet":"max-snippet:-1","max-image-preview":"max-image-preview:large","max-video-preview":"max-video-preview:-1"},"canonical":"https:\/\/linkside-communication.com\/index.php\/produit\/affiche-a0\/","og_locale":"en_US","og_type":"article","og_title":"Affiche A0 - Linkside Communication","og_description":"Vous pr\u00e9parez un s\u00e9minaire ? Une foire ? Une exposition ? Vous souhaitez tout simplement promouvoir un nouveau produit ou service ? L\u2019affiche A0 est id\u00e9ale  Nous vous proposons pour ces Affiches :   Orientation : verticale ou horizontale  Diff\u00e9rent grammage de papier (en gr) : 135, 170 et une possibilit\u00e9 de choisir son grammage  Aspect : mat ou brillant  Impression : recto ou recto\/verso  couleur :   quadri  noir    Une finition possible en vernis ultra-brillant  Une quantit\u00e9 minimum de 25","og_url":"https:\/\/linkside-communication.com\/index.php\/produit\/affiche-a0\/","og_site_name":"Linkside Communication","article_modified_time":"2022-10-18T12:25:08+00:00","twitter_card":"summary_large_image","twitter_misc":{"Est. reading time":"1 minute"},"schema":{"@context":"https:\/\/schema.org","@graph":[{"@type":"WebSite","@id":"https:\/\/linkside-communication.com\/#website","url":"https:\/\/linkside-communication.com\/","name":"Linkside Communication","description":"Invent\u00e9 pour un maximum de confort","potentialAction":[{"@type":"SearchAction","target":{"@type":"EntryPoint","urlTemplate":"https:\/\/linkside-communication.com\/?s={search_term_string}"},"query-input":"required name=search_term_string"}],"inLanguage":"en-US"},{"@type":"WebPage","@id":"https:\/\/linkside-communication.com\/index.php\/produit\/affiche-a0\/#webpage","url":"https:\/\/linkside-communication.com\/index.php\/produit\/affiche-a0\/","name":"Affiche A0 - Linkside Communication","isPartOf":{"@id":"https:\/\/linkside-communication.com\/#website"},"datePublished":"2022-10-18T12:18:30+00:00","dateModified":"2022-10-18T12:25:08+00:00","breadcrumb":{"@id":"https:\/\/linkside-communication.com\/index.php\/produit\/affiche-a0\/#breadcrumb"},"inLanguage":"en-US","potentialAction":[{"@type":"ReadAction","target":["https:\/\/linkside-communication.com\/index.php\/produit\/affiche-a0\/"]}]},{"@type":"BreadcrumbList","@id":"https:\/\/linkside-communication.com\/index.php\/produit\/affiche-a0\/#breadcrumb","itemListElement":[{"@type":"ListItem","position":1,"name":"Accueil","item":"https:\/\/linkside-communication.com\/"},{"@type":"ListItem","position":2,"name":"Boutique","item":"https:\/\/linkside-communication.com\/index.php\/boutique\/"},{"@type":"ListItem","position":3,"name":"Affiche A0"}]}]}},"_links":{"self":[{"href":"https:\/\/linkside-communication.com\/index.php\/wp-json\/wp\/v2\/product\/2928"}],"collection":[{"href":"https:\/\/linkside-communication.com\/index.php\/wp-json\/wp\/v2\/product"}],"about":[{"href":"https:\/\/linkside-communication.com\/index.php\/wp-json\/wp\/v2\/types\/product"}],"replies":[{"embeddable":true,"href":"https:\/\/linkside-communication.com\/index.php\/wp-json\/wp\/v2\/comments?post=2928"}],"version-history":[{"count":2,"href":"https:\/\/linkside-communication.com\/index.php\/wp-json\/wp\/v2\/product\/2928\/revisions"}],"predecessor-version":[{"id":2935,"href":"https:\/\/linkside-communication.com\/index.php\/wp-json\/wp\/v2\/product\/2928\/revisions\/2935"}],"wp:attachment":[{"href":"https:\/\/linkside-communication.com\/index.php\/wp-json\/wp\/v2\/media?parent=2928"}],"wp:term":[{"taxonomy":"product_cat","embeddable":true,"href":"https:\/\/linkside-communication.com\/index.php\/wp-json\/wp\/v2\/product_cat?post=2928"},{"taxonomy":"product_tag","embeddable":true,"href":"https:\/\/linkside-communication.com\/index.php\/wp-json\/wp\/v2\/product_tag?post=2928"}],"curies":[{"name":"wp","href":"https:\/\/api.w.org\/{rel}","templated":true}]}}