{"id":2948,"date":"2022-10-18T15:21:18","date_gmt":"2022-10-18T13:21:18","guid":{"rendered":"https:\/\/linkside-communication.com\/?post_type=product&#038;p=2948"},"modified":"2022-10-18T15:25:37","modified_gmt":"2022-10-18T13:25:37","slug":"poster-indechirable","status":"publish","type":"product","link":"https:\/\/linkside-communication.com\/index.php\/produit\/poster-indechirable\/","title":{"rendered":"Poster ind\u00e9chirable"},"content":{"rendered":"<p>Pour des affiches qui r\u00e9sistent aussi bien au passage du temps qu\u2019aux intemp\u00e9ries, le poster ind\u00e9chirable vous offre de nombreux avantages !<\/p>\n<p>Il se pr\u00eate \u00e0 une utilisation ext\u00e9rieure et int\u00e9rieure. D\u00e9couvrez la grande robustesse d\u2019un support waterproof et donnez \u00e0 votre entreprise une visibilit\u00e9 de longue dur\u00e9e gr\u00e2ce \u00e0 l&#8217; impression sur papier r\u00e9sistant \u00e0 l&#8217;eau !<\/p>\n","protected":false},"excerpt":{"rendered":"<p>Choisissez le poster ind\u00e9chirable r\u00e9sistant \u00e0 l&#8217;eau pour votre communication outdoor.<\/p>\n<p>Cette affiche r\u00e9sistant aux d\u00e9chirures et imprim\u00e9e sur papier imperm\u00e9able vous offrira une assurance d&#8217;utilisation dans le temps. Votre support de communication r\u00e9sistera \u00e0 la pluie, les variations thermiques, les manipulations r\u00e9p\u00e9t\u00e9es, le contact avec des corps ext\u00e9rieurs\u2026 Elle pourra vous servir autant de fois que n\u00e9c\u00e9ssaire.<\/p>\n<p><strong>Nous vous proposons pour ces affiches :<\/strong><\/p>\n<ul>\n<li>Papier en polypropyl\u00e8ne 200 microns<\/li>\n<li>Dimensions :\n<ul>\n<li>Largeur 5 cm min et 122 cm max<\/li>\n<li>Hauteur 5 cm min et 1000 cm max<\/li>\n<\/ul>\n<\/li>\n<li>Impression possible en quadri seul<\/li>\n<li>D\u00e9coupe droite ou \u00e0 la forme<\/li>\n<\/ul>\n","protected":false},"featured_media":0,"comment_status":"closed","ping_status":"closed","template":"","meta":{"site-sidebar-layout":"default","site-content-layout":"default","ast-global-header-display":"","ast-main-header-display":"","ast-hfb-above-header-display":"","ast-hfb-below-header-display":"","ast-hfb-mobile-header-display":"","site-post-title":"","ast-breadcrumbs-content":"","ast-featured-img":"","footer-sml-layout":"","theme-transparent-header-meta":"default","adv-header-id-meta":"","stick-header-meta":"default","header-above-stick-meta":"","header-main-stick-meta":"","header-below-stick-meta":""},"product_cat":[245],"product_tag":[],"yoast_head":"<!-- This site is optimized with the Yoast SEO plugin v19.1 - https:\/\/yoast.com\/wordpress\/plugins\/seo\/ -->\n<title>Poster ind\u00e9chirable - Linkside Communication<\/title>\n<meta name=\"robots\" content=\"index, follow, max-snippet:-1, max-image-preview:large, max-video-preview:-1\" \/>\n<link rel=\"canonical\" href=\"https:\/\/linkside-communication.com\/index.php\/produit\/poster-indechirable\/\" \/>\n<meta property=\"og:locale\" content=\"en_US\" \/>\n<meta property=\"og:type\" content=\"article\" \/>\n<meta property=\"og:title\" content=\"Poster ind\u00e9chirable - Linkside Communication\" \/>\n<meta property=\"og:description\" content=\"Choisissez le poster ind\u00e9chirable r\u00e9sistant \u00e0 l&#039;eau pour votre communication outdoor.  Cette affiche r\u00e9sistant aux d\u00e9chirures et imprim\u00e9e sur papier imperm\u00e9able vous offrira une assurance d&#039;utilisation dans le temps. Votre support de communication r\u00e9sistera \u00e0 la pluie, les variations thermiques, les manipulations r\u00e9p\u00e9t\u00e9es, le contact avec des corps ext\u00e9rieurs\u2026 Elle pourra vous servir autant de fois que n\u00e9c\u00e9ssaire.  Nous vous proposons pour ces affiches :   Papier en polypropyl\u00e8ne 200 microns  Dimensions :   Largeur 5 cm min et 122 cm max  Hauteur 5 cm min et 1000 cm max    Impression possible en quadri seul  D\u00e9coupe droite ou \u00e0 la forme\" \/>\n<meta property=\"og:url\" content=\"https:\/\/linkside-communication.com\/index.php\/produit\/poster-indechirable\/\" \/>\n<meta property=\"og:site_name\" content=\"Linkside Communication\" \/>\n<meta property=\"article:modified_time\" content=\"2022-10-18T13:25:37+00:00\" \/>\n<meta name=\"twitter:card\" content=\"summary_large_image\" \/>\n<meta name=\"twitter:label1\" content=\"Est. reading time\" \/>\n\t<meta name=\"twitter:data1\" content=\"1 minute\" \/>\n<script type=\"application\/ld+json\" class=\"yoast-schema-graph\">{\"@context\":\"https:\/\/schema.org\",\"@graph\":[{\"@type\":\"WebSite\",\"@id\":\"https:\/\/linkside-communication.com\/#website\",\"url\":\"https:\/\/linkside-communication.com\/\",\"name\":\"Linkside Communication\",\"description\":\"Invent\u00e9 pour un maximum de confort\",\"potentialAction\":[{\"@type\":\"SearchAction\",\"target\":{\"@type\":\"EntryPoint\",\"urlTemplate\":\"https:\/\/linkside-communication.com\/?s={search_term_string}\"},\"query-input\":\"required name=search_term_string\"}],\"inLanguage\":\"en-US\"},{\"@type\":\"WebPage\",\"@id\":\"https:\/\/linkside-communication.com\/index.php\/produit\/poster-indechirable\/#webpage\",\"url\":\"https:\/\/linkside-communication.com\/index.php\/produit\/poster-indechirable\/\",\"name\":\"Poster ind\u00e9chirable - Linkside Communication\",\"isPartOf\":{\"@id\":\"https:\/\/linkside-communication.com\/#website\"},\"datePublished\":\"2022-10-18T13:21:18+00:00\",\"dateModified\":\"2022-10-18T13:25:37+00:00\",\"breadcrumb\":{\"@id\":\"https:\/\/linkside-communication.com\/index.php\/produit\/poster-indechirable\/#breadcrumb\"},\"inLanguage\":\"en-US\",\"potentialAction\":[{\"@type\":\"ReadAction\",\"target\":[\"https:\/\/linkside-communication.com\/index.php\/produit\/poster-indechirable\/\"]}]},{\"@type\":\"BreadcrumbList\",\"@id\":\"https:\/\/linkside-communication.com\/index.php\/produit\/poster-indechirable\/#breadcrumb\",\"itemListElement\":[{\"@type\":\"ListItem\",\"position\":1,\"name\":\"Accueil\",\"item\":\"https:\/\/linkside-communication.com\/\"},{\"@type\":\"ListItem\",\"position\":2,\"name\":\"Boutique\",\"item\":\"https:\/\/linkside-communication.com\/index.php\/boutique\/\"},{\"@type\":\"ListItem\",\"position\":3,\"name\":\"Poster ind\u00e9chirable\"}]}]}<\/script>\n<!-- \/ Yoast SEO plugin. -->","yoast_head_json":{"title":"Poster ind\u00e9chirable - Linkside Communication","robots":{"index":"index","follow":"follow","max-snippet":"max-snippet:-1","max-image-preview":"max-image-preview:large","max-video-preview":"max-video-preview:-1"},"canonical":"https:\/\/linkside-communication.com\/index.php\/produit\/poster-indechirable\/","og_locale":"en_US","og_type":"article","og_title":"Poster ind\u00e9chirable - Linkside Communication","og_description":"Choisissez le poster ind\u00e9chirable r\u00e9sistant \u00e0 l'eau pour votre communication outdoor.  Cette affiche r\u00e9sistant aux d\u00e9chirures et imprim\u00e9e sur papier imperm\u00e9able vous offrira une assurance d'utilisation dans le temps. Votre support de communication r\u00e9sistera \u00e0 la pluie, les variations thermiques, les manipulations r\u00e9p\u00e9t\u00e9es, le contact avec des corps ext\u00e9rieurs\u2026 Elle pourra vous servir autant de fois que n\u00e9c\u00e9ssaire.  Nous vous proposons pour ces affiches :   Papier en polypropyl\u00e8ne 200 microns  Dimensions :   Largeur 5 cm min et 122 cm max  Hauteur 5 cm min et 1000 cm max    Impression possible en quadri seul  D\u00e9coupe droite ou \u00e0 la forme","og_url":"https:\/\/linkside-communication.com\/index.php\/produit\/poster-indechirable\/","og_site_name":"Linkside Communication","article_modified_time":"2022-10-18T13:25:37+00:00","twitter_card":"summary_large_image","twitter_misc":{"Est. reading time":"1 minute"},"schema":{"@context":"https:\/\/schema.org","@graph":[{"@type":"WebSite","@id":"https:\/\/linkside-communication.com\/#website","url":"https:\/\/linkside-communication.com\/","name":"Linkside Communication","description":"Invent\u00e9 pour un maximum de confort","potentialAction":[{"@type":"SearchAction","target":{"@type":"EntryPoint","urlTemplate":"https:\/\/linkside-communication.com\/?s={search_term_string}"},"query-input":"required name=search_term_string"}],"inLanguage":"en-US"},{"@type":"WebPage","@id":"https:\/\/linkside-communication.com\/index.php\/produit\/poster-indechirable\/#webpage","url":"https:\/\/linkside-communication.com\/index.php\/produit\/poster-indechirable\/","name":"Poster ind\u00e9chirable - Linkside Communication","isPartOf":{"@id":"https:\/\/linkside-communication.com\/#website"},"datePublished":"2022-10-18T13:21:18+00:00","dateModified":"2022-10-18T13:25:37+00:00","breadcrumb":{"@id":"https:\/\/linkside-communication.com\/index.php\/produit\/poster-indechirable\/#breadcrumb"},"inLanguage":"en-US","potentialAction":[{"@type":"ReadAction","target":["https:\/\/linkside-communication.com\/index.php\/produit\/poster-indechirable\/"]}]},{"@type":"BreadcrumbList","@id":"https:\/\/linkside-communication.com\/index.php\/produit\/poster-indechirable\/#breadcrumb","itemListElement":[{"@type":"ListItem","position":1,"name":"Accueil","item":"https:\/\/linkside-communication.com\/"},{"@type":"ListItem","position":2,"name":"Boutique","item":"https:\/\/linkside-communication.com\/index.php\/boutique\/"},{"@type":"ListItem","position":3,"name":"Poster ind\u00e9chirable"}]}]}},"_links":{"self":[{"href":"https:\/\/linkside-communication.com\/index.php\/wp-json\/wp\/v2\/product\/2948"}],"collection":[{"href":"https:\/\/linkside-communication.com\/index.php\/wp-json\/wp\/v2\/product"}],"about":[{"href":"https:\/\/linkside-communication.com\/index.php\/wp-json\/wp\/v2\/types\/product"}],"replies":[{"embeddable":true,"href":"https:\/\/linkside-communication.com\/index.php\/wp-json\/wp\/v2\/comments?post=2948"}],"version-history":[{"count":2,"href":"https:\/\/linkside-communication.com\/index.php\/wp-json\/wp\/v2\/product\/2948\/revisions"}],"predecessor-version":[{"id":2955,"href":"https:\/\/linkside-communication.com\/index.php\/wp-json\/wp\/v2\/product\/2948\/revisions\/2955"}],"wp:attachment":[{"href":"https:\/\/linkside-communication.com\/index.php\/wp-json\/wp\/v2\/media?parent=2948"}],"wp:term":[{"taxonomy":"product_cat","embeddable":true,"href":"https:\/\/linkside-communication.com\/index.php\/wp-json\/wp\/v2\/product_cat?post=2948"},{"taxonomy":"product_tag","embeddable":true,"href":"https:\/\/linkside-communication.com\/index.php\/wp-json\/wp\/v2\/product_tag?post=2948"}],"curies":[{"name":"wp","href":"https:\/\/api.w.org\/{rel}","templated":true}]}}