{"id":2993,"date":"2022-10-18T16:57:03","date_gmt":"2022-10-18T14:57:03","guid":{"rendered":"https:\/\/linkside-communication.com\/?post_type=product&#038;p=2993"},"modified":"2022-10-20T13:25:27","modified_gmt":"2022-10-20T11:25:27","slug":"brochure-a6-ecologique-recycle","status":"publish","type":"product","link":"https:\/\/linkside-communication.com\/index.php\/produit\/brochure-a6-ecologique-recycle\/","title":{"rendered":"Brochure A6 \u00e9cologique (Recycl\u00e9)"},"content":{"rendered":"<p>Bien confectionn\u00e9e et bien pr\u00e9sent\u00e9e, elle peut constituer un fort argument de vente. De plus, elle reste un vecteur de communication int\u00e9ressant pour une entreprise. De son format vous n\u2019aurez probablement plus le souci de distribution de vos publications.<\/p>\n","protected":false},"excerpt":{"rendered":"<p>La brochure A6 est id\u00e9ale pour faire d\u00e9couvrir des produits donn\u00e9s ou pour r\u00e9aliser un \u00e9chantillon de produits.<\/p>\n<p><strong>Nous vous proposons pour ces brochures :<\/strong><\/p>\n<ul>\n<li>Orientation : verticale ou horizontale<\/li>\n<li>Fa\u00e7onnage : agraffe<\/li>\n<li>Couverture et contenu : voir informations compl\u00e9mentaires ci-dessous<\/li>\n<li>Quantit\u00e9 minimum de 25 exemplaires<\/li>\n<\/ul>\n","protected":false},"featured_media":0,"comment_status":"closed","ping_status":"closed","template":"","meta":{"site-sidebar-layout":"default","site-content-layout":"default","ast-global-header-display":"","ast-main-header-display":"","ast-hfb-above-header-display":"","ast-hfb-below-header-display":"","ast-hfb-mobile-header-display":"","site-post-title":"","ast-breadcrumbs-content":"","ast-featured-img":"","footer-sml-layout":"","theme-transparent-header-meta":"default","adv-header-id-meta":"","stick-header-meta":"default","header-above-stick-meta":"","header-main-stick-meta":"","header-below-stick-meta":""},"product_cat":[246],"product_tag":[],"yoast_head":"<!-- This site is optimized with the Yoast SEO plugin v19.1 - https:\/\/yoast.com\/wordpress\/plugins\/seo\/ -->\n<title>Brochure A6 \u00e9cologique (Recycl\u00e9) - Linkside Communication<\/title>\n<meta name=\"robots\" content=\"index, follow, max-snippet:-1, max-image-preview:large, max-video-preview:-1\" \/>\n<link rel=\"canonical\" href=\"https:\/\/linkside-communication.com\/index.php\/produit\/brochure-a6-ecologique-recycle\/\" \/>\n<meta property=\"og:locale\" content=\"en_US\" \/>\n<meta property=\"og:type\" content=\"article\" \/>\n<meta property=\"og:title\" content=\"Brochure A6 \u00e9cologique (Recycl\u00e9) - Linkside Communication\" \/>\n<meta property=\"og:description\" content=\"La brochure A6 est id\u00e9ale pour faire d\u00e9couvrir des produits donn\u00e9s ou pour r\u00e9aliser un \u00e9chantillon de produits.  Nous vous proposons pour ces brochures :   Orientation : verticale ou horizontale  Fa\u00e7onnage : agraffe  Couverture et contenu : voir informations compl\u00e9mentaires ci-dessous  Quantit\u00e9 minimum de 25 exemplaires\" \/>\n<meta property=\"og:url\" content=\"https:\/\/linkside-communication.com\/index.php\/produit\/brochure-a6-ecologique-recycle\/\" \/>\n<meta property=\"og:site_name\" content=\"Linkside Communication\" \/>\n<meta property=\"article:modified_time\" content=\"2022-10-20T11:25:27+00:00\" \/>\n<meta name=\"twitter:card\" content=\"summary_large_image\" \/>\n<meta name=\"twitter:label1\" content=\"Est. reading time\" \/>\n\t<meta name=\"twitter:data1\" content=\"1 minute\" \/>\n<script type=\"application\/ld+json\" class=\"yoast-schema-graph\">{\"@context\":\"https:\/\/schema.org\",\"@graph\":[{\"@type\":\"WebSite\",\"@id\":\"https:\/\/linkside-communication.com\/#website\",\"url\":\"https:\/\/linkside-communication.com\/\",\"name\":\"Linkside Communication\",\"description\":\"Invent\u00e9 pour un maximum de confort\",\"potentialAction\":[{\"@type\":\"SearchAction\",\"target\":{\"@type\":\"EntryPoint\",\"urlTemplate\":\"https:\/\/linkside-communication.com\/?s={search_term_string}\"},\"query-input\":\"required name=search_term_string\"}],\"inLanguage\":\"en-US\"},{\"@type\":\"WebPage\",\"@id\":\"https:\/\/linkside-communication.com\/index.php\/produit\/brochure-a6-ecologique-recycle\/#webpage\",\"url\":\"https:\/\/linkside-communication.com\/index.php\/produit\/brochure-a6-ecologique-recycle\/\",\"name\":\"Brochure A6 \u00e9cologique (Recycl\u00e9) - Linkside Communication\",\"isPartOf\":{\"@id\":\"https:\/\/linkside-communication.com\/#website\"},\"datePublished\":\"2022-10-18T14:57:03+00:00\",\"dateModified\":\"2022-10-20T11:25:27+00:00\",\"breadcrumb\":{\"@id\":\"https:\/\/linkside-communication.com\/index.php\/produit\/brochure-a6-ecologique-recycle\/#breadcrumb\"},\"inLanguage\":\"en-US\",\"potentialAction\":[{\"@type\":\"ReadAction\",\"target\":[\"https:\/\/linkside-communication.com\/index.php\/produit\/brochure-a6-ecologique-recycle\/\"]}]},{\"@type\":\"BreadcrumbList\",\"@id\":\"https:\/\/linkside-communication.com\/index.php\/produit\/brochure-a6-ecologique-recycle\/#breadcrumb\",\"itemListElement\":[{\"@type\":\"ListItem\",\"position\":1,\"name\":\"Accueil\",\"item\":\"https:\/\/linkside-communication.com\/\"},{\"@type\":\"ListItem\",\"position\":2,\"name\":\"Boutique\",\"item\":\"https:\/\/linkside-communication.com\/index.php\/boutique\/\"},{\"@type\":\"ListItem\",\"position\":3,\"name\":\"Brochure A6 \u00e9cologique (Recycl\u00e9)\"}]}]}<\/script>\n<!-- \/ Yoast SEO plugin. -->","yoast_head_json":{"title":"Brochure A6 \u00e9cologique (Recycl\u00e9) - Linkside Communication","robots":{"index":"index","follow":"follow","max-snippet":"max-snippet:-1","max-image-preview":"max-image-preview:large","max-video-preview":"max-video-preview:-1"},"canonical":"https:\/\/linkside-communication.com\/index.php\/produit\/brochure-a6-ecologique-recycle\/","og_locale":"en_US","og_type":"article","og_title":"Brochure A6 \u00e9cologique (Recycl\u00e9) - Linkside Communication","og_description":"La brochure A6 est id\u00e9ale pour faire d\u00e9couvrir des produits donn\u00e9s ou pour r\u00e9aliser un \u00e9chantillon de produits.  Nous vous proposons pour ces brochures :   Orientation : verticale ou horizontale  Fa\u00e7onnage : agraffe  Couverture et contenu : voir informations compl\u00e9mentaires ci-dessous  Quantit\u00e9 minimum de 25 exemplaires","og_url":"https:\/\/linkside-communication.com\/index.php\/produit\/brochure-a6-ecologique-recycle\/","og_site_name":"Linkside Communication","article_modified_time":"2022-10-20T11:25:27+00:00","twitter_card":"summary_large_image","twitter_misc":{"Est. reading time":"1 minute"},"schema":{"@context":"https:\/\/schema.org","@graph":[{"@type":"WebSite","@id":"https:\/\/linkside-communication.com\/#website","url":"https:\/\/linkside-communication.com\/","name":"Linkside Communication","description":"Invent\u00e9 pour un maximum de confort","potentialAction":[{"@type":"SearchAction","target":{"@type":"EntryPoint","urlTemplate":"https:\/\/linkside-communication.com\/?s={search_term_string}"},"query-input":"required name=search_term_string"}],"inLanguage":"en-US"},{"@type":"WebPage","@id":"https:\/\/linkside-communication.com\/index.php\/produit\/brochure-a6-ecologique-recycle\/#webpage","url":"https:\/\/linkside-communication.com\/index.php\/produit\/brochure-a6-ecologique-recycle\/","name":"Brochure A6 \u00e9cologique (Recycl\u00e9) - Linkside Communication","isPartOf":{"@id":"https:\/\/linkside-communication.com\/#website"},"datePublished":"2022-10-18T14:57:03+00:00","dateModified":"2022-10-20T11:25:27+00:00","breadcrumb":{"@id":"https:\/\/linkside-communication.com\/index.php\/produit\/brochure-a6-ecologique-recycle\/#breadcrumb"},"inLanguage":"en-US","potentialAction":[{"@type":"ReadAction","target":["https:\/\/linkside-communication.com\/index.php\/produit\/brochure-a6-ecologique-recycle\/"]}]},{"@type":"BreadcrumbList","@id":"https:\/\/linkside-communication.com\/index.php\/produit\/brochure-a6-ecologique-recycle\/#breadcrumb","itemListElement":[{"@type":"ListItem","position":1,"name":"Accueil","item":"https:\/\/linkside-communication.com\/"},{"@type":"ListItem","position":2,"name":"Boutique","item":"https:\/\/linkside-communication.com\/index.php\/boutique\/"},{"@type":"ListItem","position":3,"name":"Brochure A6 \u00e9cologique (Recycl\u00e9)"}]}]}},"_links":{"self":[{"href":"https:\/\/linkside-communication.com\/index.php\/wp-json\/wp\/v2\/product\/2993"}],"collection":[{"href":"https:\/\/linkside-communication.com\/index.php\/wp-json\/wp\/v2\/product"}],"about":[{"href":"https:\/\/linkside-communication.com\/index.php\/wp-json\/wp\/v2\/types\/product"}],"replies":[{"embeddable":true,"href":"https:\/\/linkside-communication.com\/index.php\/wp-json\/wp\/v2\/comments?post=2993"}],"version-history":[{"count":3,"href":"https:\/\/linkside-communication.com\/index.php\/wp-json\/wp\/v2\/product\/2993\/revisions"}],"predecessor-version":[{"id":3063,"href":"https:\/\/linkside-communication.com\/index.php\/wp-json\/wp\/v2\/product\/2993\/revisions\/3063"}],"wp:attachment":[{"href":"https:\/\/linkside-communication.com\/index.php\/wp-json\/wp\/v2\/media?parent=2993"}],"wp:term":[{"taxonomy":"product_cat","embeddable":true,"href":"https:\/\/linkside-communication.com\/index.php\/wp-json\/wp\/v2\/product_cat?post=2993"},{"taxonomy":"product_tag","embeddable":true,"href":"https:\/\/linkside-communication.com\/index.php\/wp-json\/wp\/v2\/product_tag?post=2993"}],"curies":[{"name":"wp","href":"https:\/\/api.w.org\/{rel}","templated":true}]}}