{"id":3064,"date":"2022-10-20T13:26:43","date_gmt":"2022-10-20T11:26:43","guid":{"rendered":"https:\/\/linkside-communication.com\/?post_type=product&#038;p=3064"},"modified":"2022-10-20T13:27:28","modified_gmt":"2022-10-20T11:27:28","slug":"brochure-105x210-mm-haut-de-gamme-copie","status":"publish","type":"product","link":"https:\/\/linkside-communication.com\/index.php\/produit\/brochure-105x210-mm-haut-de-gamme-copie\/","title":{"rendered":"Brochure 105&#215;210 mm haut de gamme"},"content":{"rendered":"<p>Qu\u2019il s\u2019agisse de pr\u00e9senter une innovation technique avec un luxe de d\u00e9tails ou encore de mettre en valeur l\u2019int\u00e9gralit\u00e9 de votre gamme de produits, une brochure 105 x 210 mm s\u2019imposera d\u2019embl\u00e9e comme l\u2019un des meilleurs ambassadeurs de votre marque. Elle s\u00e9duit d\u2019embl\u00e9e les curieux, et sa silhouette rectangulaire invite automatiquement au feuilletage avec des dimensions mini de 210 mm de longueur pour 105 mm de largeur, con\u00e7ues pour une prise en main 100% intuitive.<\/p>\n","protected":false},"excerpt":{"rendered":"<p>La brochure 105 x 210 mm se glisse facilement dans une bo\u00eete aux lettres et s\u2019adapte donc parfaitement, entre autres, \u00e0 une campagne de mailing publicitaire.<\/p>\n<p><strong>Nous vous proposons pour ces brochures :<\/strong><\/p>\n<ul>\n<li>Orientation : verticale ou horizontale<\/li>\n<li>Fa\u00e7onnage : agraffe<\/li>\n<li>Couverture et contenu : voir informations compl\u00e9mentaires ci-dessous<\/li>\n<li>Finition couverture couverture haut de gamme<\/li>\n<li>Quantit\u00e9 minimum de 25 exemplaires<\/li>\n<\/ul>\n","protected":false},"featured_media":0,"comment_status":"closed","ping_status":"closed","template":"","meta":{"site-sidebar-layout":"default","site-content-layout":"default","ast-global-header-display":"","ast-main-header-display":"","ast-hfb-above-header-display":"","ast-hfb-below-header-display":"","ast-hfb-mobile-header-display":"","site-post-title":"","ast-breadcrumbs-content":"","ast-featured-img":"","footer-sml-layout":"","theme-transparent-header-meta":"default","adv-header-id-meta":"","stick-header-meta":"default","header-above-stick-meta":"","header-main-stick-meta":"","header-below-stick-meta":""},"product_cat":[246],"product_tag":[],"yoast_head":"<!-- This site is optimized with the Yoast SEO plugin v19.1 - https:\/\/yoast.com\/wordpress\/plugins\/seo\/ -->\n<title>Brochure 105x210 mm haut de gamme - Linkside Communication<\/title>\n<meta name=\"robots\" content=\"index, follow, max-snippet:-1, max-image-preview:large, max-video-preview:-1\" \/>\n<link rel=\"canonical\" href=\"https:\/\/linkside-communication.com\/index.php\/produit\/brochure-105x210-mm-haut-de-gamme-copie\/\" \/>\n<meta property=\"og:locale\" content=\"en_US\" \/>\n<meta property=\"og:type\" content=\"article\" \/>\n<meta property=\"og:title\" content=\"Brochure 105x210 mm haut de gamme - Linkside Communication\" \/>\n<meta property=\"og:description\" content=\"La brochure 105 x 210 mm se glisse facilement dans une bo\u00eete aux lettres et s\u2019adapte donc parfaitement, entre autres, \u00e0 une campagne de mailing publicitaire.  Nous vous proposons pour ces brochures :   Orientation : verticale ou horizontale  Fa\u00e7onnage : agraffe  Couverture et contenu : voir informations compl\u00e9mentaires ci-dessous  Finition couverture couverture haut de gamme  Quantit\u00e9 minimum de 25 exemplaires\" \/>\n<meta property=\"og:url\" content=\"https:\/\/linkside-communication.com\/index.php\/produit\/brochure-105x210-mm-haut-de-gamme-copie\/\" \/>\n<meta property=\"og:site_name\" content=\"Linkside Communication\" \/>\n<meta property=\"article:modified_time\" content=\"2022-10-20T11:27:28+00:00\" \/>\n<meta name=\"twitter:card\" content=\"summary_large_image\" \/>\n<meta name=\"twitter:label1\" content=\"Est. reading time\" \/>\n\t<meta name=\"twitter:data1\" content=\"1 minute\" \/>\n<script type=\"application\/ld+json\" class=\"yoast-schema-graph\">{\"@context\":\"https:\/\/schema.org\",\"@graph\":[{\"@type\":\"WebSite\",\"@id\":\"https:\/\/linkside-communication.com\/#website\",\"url\":\"https:\/\/linkside-communication.com\/\",\"name\":\"Linkside Communication\",\"description\":\"Invent\u00e9 pour un maximum de confort\",\"potentialAction\":[{\"@type\":\"SearchAction\",\"target\":{\"@type\":\"EntryPoint\",\"urlTemplate\":\"https:\/\/linkside-communication.com\/?s={search_term_string}\"},\"query-input\":\"required name=search_term_string\"}],\"inLanguage\":\"en-US\"},{\"@type\":\"WebPage\",\"@id\":\"https:\/\/linkside-communication.com\/index.php\/produit\/brochure-105x210-mm-haut-de-gamme-copie\/#webpage\",\"url\":\"https:\/\/linkside-communication.com\/index.php\/produit\/brochure-105x210-mm-haut-de-gamme-copie\/\",\"name\":\"Brochure 105x210 mm haut de gamme - Linkside Communication\",\"isPartOf\":{\"@id\":\"https:\/\/linkside-communication.com\/#website\"},\"datePublished\":\"2022-10-20T11:26:43+00:00\",\"dateModified\":\"2022-10-20T11:27:28+00:00\",\"breadcrumb\":{\"@id\":\"https:\/\/linkside-communication.com\/index.php\/produit\/brochure-105x210-mm-haut-de-gamme-copie\/#breadcrumb\"},\"inLanguage\":\"en-US\",\"potentialAction\":[{\"@type\":\"ReadAction\",\"target\":[\"https:\/\/linkside-communication.com\/index.php\/produit\/brochure-105x210-mm-haut-de-gamme-copie\/\"]}]},{\"@type\":\"BreadcrumbList\",\"@id\":\"https:\/\/linkside-communication.com\/index.php\/produit\/brochure-105x210-mm-haut-de-gamme-copie\/#breadcrumb\",\"itemListElement\":[{\"@type\":\"ListItem\",\"position\":1,\"name\":\"Accueil\",\"item\":\"https:\/\/linkside-communication.com\/\"},{\"@type\":\"ListItem\",\"position\":2,\"name\":\"Boutique\",\"item\":\"https:\/\/linkside-communication.com\/index.php\/boutique\/\"},{\"@type\":\"ListItem\",\"position\":3,\"name\":\"Brochure 105&#215;210 mm haut de gamme\"}]}]}<\/script>\n<!-- \/ Yoast SEO plugin. -->","yoast_head_json":{"title":"Brochure 105x210 mm haut de gamme - Linkside Communication","robots":{"index":"index","follow":"follow","max-snippet":"max-snippet:-1","max-image-preview":"max-image-preview:large","max-video-preview":"max-video-preview:-1"},"canonical":"https:\/\/linkside-communication.com\/index.php\/produit\/brochure-105x210-mm-haut-de-gamme-copie\/","og_locale":"en_US","og_type":"article","og_title":"Brochure 105x210 mm haut de gamme - Linkside Communication","og_description":"La brochure 105 x 210 mm se glisse facilement dans une bo\u00eete aux lettres et s\u2019adapte donc parfaitement, entre autres, \u00e0 une campagne de mailing publicitaire.  Nous vous proposons pour ces brochures :   Orientation : verticale ou horizontale  Fa\u00e7onnage : agraffe  Couverture et contenu : voir informations compl\u00e9mentaires ci-dessous  Finition couverture couverture haut de gamme  Quantit\u00e9 minimum de 25 exemplaires","og_url":"https:\/\/linkside-communication.com\/index.php\/produit\/brochure-105x210-mm-haut-de-gamme-copie\/","og_site_name":"Linkside Communication","article_modified_time":"2022-10-20T11:27:28+00:00","twitter_card":"summary_large_image","twitter_misc":{"Est. reading time":"1 minute"},"schema":{"@context":"https:\/\/schema.org","@graph":[{"@type":"WebSite","@id":"https:\/\/linkside-communication.com\/#website","url":"https:\/\/linkside-communication.com\/","name":"Linkside Communication","description":"Invent\u00e9 pour un maximum de confort","potentialAction":[{"@type":"SearchAction","target":{"@type":"EntryPoint","urlTemplate":"https:\/\/linkside-communication.com\/?s={search_term_string}"},"query-input":"required name=search_term_string"}],"inLanguage":"en-US"},{"@type":"WebPage","@id":"https:\/\/linkside-communication.com\/index.php\/produit\/brochure-105x210-mm-haut-de-gamme-copie\/#webpage","url":"https:\/\/linkside-communication.com\/index.php\/produit\/brochure-105x210-mm-haut-de-gamme-copie\/","name":"Brochure 105x210 mm haut de gamme - Linkside Communication","isPartOf":{"@id":"https:\/\/linkside-communication.com\/#website"},"datePublished":"2022-10-20T11:26:43+00:00","dateModified":"2022-10-20T11:27:28+00:00","breadcrumb":{"@id":"https:\/\/linkside-communication.com\/index.php\/produit\/brochure-105x210-mm-haut-de-gamme-copie\/#breadcrumb"},"inLanguage":"en-US","potentialAction":[{"@type":"ReadAction","target":["https:\/\/linkside-communication.com\/index.php\/produit\/brochure-105x210-mm-haut-de-gamme-copie\/"]}]},{"@type":"BreadcrumbList","@id":"https:\/\/linkside-communication.com\/index.php\/produit\/brochure-105x210-mm-haut-de-gamme-copie\/#breadcrumb","itemListElement":[{"@type":"ListItem","position":1,"name":"Accueil","item":"https:\/\/linkside-communication.com\/"},{"@type":"ListItem","position":2,"name":"Boutique","item":"https:\/\/linkside-communication.com\/index.php\/boutique\/"},{"@type":"ListItem","position":3,"name":"Brochure 105&#215;210 mm haut de gamme"}]}]}},"_links":{"self":[{"href":"https:\/\/linkside-communication.com\/index.php\/wp-json\/wp\/v2\/product\/3064"}],"collection":[{"href":"https:\/\/linkside-communication.com\/index.php\/wp-json\/wp\/v2\/product"}],"about":[{"href":"https:\/\/linkside-communication.com\/index.php\/wp-json\/wp\/v2\/types\/product"}],"replies":[{"embeddable":true,"href":"https:\/\/linkside-communication.com\/index.php\/wp-json\/wp\/v2\/comments?post=3064"}],"version-history":[{"count":2,"href":"https:\/\/linkside-communication.com\/index.php\/wp-json\/wp\/v2\/product\/3064\/revisions"}],"predecessor-version":[{"id":3066,"href":"https:\/\/linkside-communication.com\/index.php\/wp-json\/wp\/v2\/product\/3064\/revisions\/3066"}],"wp:attachment":[{"href":"https:\/\/linkside-communication.com\/index.php\/wp-json\/wp\/v2\/media?parent=3064"}],"wp:term":[{"taxonomy":"product_cat","embeddable":true,"href":"https:\/\/linkside-communication.com\/index.php\/wp-json\/wp\/v2\/product_cat?post=3064"},{"taxonomy":"product_tag","embeddable":true,"href":"https:\/\/linkside-communication.com\/index.php\/wp-json\/wp\/v2\/product_tag?post=3064"}],"curies":[{"name":"wp","href":"https:\/\/api.w.org\/{rel}","templated":true}]}}