{"id":3076,"date":"2022-10-20T13:35:32","date_gmt":"2022-10-20T11:35:32","guid":{"rendered":"https:\/\/linkside-communication.com\/?post_type=product&#038;p=3076"},"modified":"2022-10-20T13:45:58","modified_gmt":"2022-10-20T11:45:58","slug":"brochure-210x210-mm-standard","status":"publish","type":"product","link":"https:\/\/linkside-communication.com\/index.php\/produit\/brochure-210x210-mm-standard\/","title":{"rendered":"Brochure 210&#215;210 mm standard"},"content":{"rendered":"<p>La brochure 210&#215;210 mm est un excellent support promotionnel, car ils sont assez grands pour que la plupart des gens puissent le voir \u00e0 une certaine distance. Elle vous permettra d&#8217;utiliser sa grande surface pour un design cr\u00e9atif et saisissant qui attirera le regard. Ce format vous permettra aussi utiliser cette fonction pour transmettre des messages plus longs et plus percutants \u00e0 vos prospects.<br \/>\nSon format lui permet d&#8217;\u00eatre gard\u00e9 dans les sacs. Bien que les brochures plus petites soient plus abordables, ce type de format offrent un impact visuel optimal qui saura int\u00e9resser vos clients.<\/p>\n","protected":false},"excerpt":{"rendered":"<p>La brochure 210 x 210 mm fait partie du panel des supports papiers appr\u00e9ci\u00e9s des soci\u00e9t\u00e9s souhaitant se d\u00e9marquer. L\u2019impression de cette brochure\u00a0est le moyen de garder le contact avec votre client\u00e8le et vos collaborateurs, d\u2019asseoir votre image de marque et de diffuser de mani\u00e8re p\u00e9renne vos services et produits.<\/p>\n<p><strong>Nous vous proposons pour ces brochures :<\/strong><\/p>\n<ul>\n<li>Orientation : verticale ou horizontale<\/li>\n<li>Fa\u00e7onnage : agraffe<\/li>\n<li>Couverture et contenu : voir informations compl\u00e9mentaires ci-dessous<\/li>\n<li>Quantit\u00e9 minimum de 25 exemplaires<\/li>\n<\/ul>\n","protected":false},"featured_media":0,"comment_status":"closed","ping_status":"closed","template":"","meta":{"site-sidebar-layout":"default","site-content-layout":"default","ast-global-header-display":"","ast-main-header-display":"","ast-hfb-above-header-display":"","ast-hfb-below-header-display":"","ast-hfb-mobile-header-display":"","site-post-title":"","ast-breadcrumbs-content":"","ast-featured-img":"","footer-sml-layout":"","theme-transparent-header-meta":"default","adv-header-id-meta":"","stick-header-meta":"default","header-above-stick-meta":"","header-main-stick-meta":"","header-below-stick-meta":""},"product_cat":[246],"product_tag":[],"yoast_head":"<!-- This site is optimized with the Yoast SEO plugin v19.1 - https:\/\/yoast.com\/wordpress\/plugins\/seo\/ -->\n<title>Brochure 210x210 mm standard - Linkside Communication<\/title>\n<meta name=\"robots\" content=\"index, follow, max-snippet:-1, max-image-preview:large, max-video-preview:-1\" \/>\n<link rel=\"canonical\" href=\"https:\/\/linkside-communication.com\/index.php\/produit\/brochure-210x210-mm-standard\/\" \/>\n<meta property=\"og:locale\" content=\"en_US\" \/>\n<meta property=\"og:type\" content=\"article\" \/>\n<meta property=\"og:title\" content=\"Brochure 210x210 mm standard - Linkside Communication\" \/>\n<meta property=\"og:description\" content=\"La brochure 210 x 210 mm fait partie du panel des supports papiers appr\u00e9ci\u00e9s des soci\u00e9t\u00e9s souhaitant se d\u00e9marquer. L\u2019impression de cette brochure\u00a0est le moyen de garder le contact avec votre client\u00e8le et vos collaborateurs, d\u2019asseoir votre image de marque et de diffuser de mani\u00e8re p\u00e9renne vos services et produits.  Nous vous proposons pour ces brochures :   Orientation : verticale ou horizontale  Fa\u00e7onnage : agraffe  Couverture et contenu : voir informations compl\u00e9mentaires ci-dessous  Quantit\u00e9 minimum de 25 exemplaires\" \/>\n<meta property=\"og:url\" content=\"https:\/\/linkside-communication.com\/index.php\/produit\/brochure-210x210-mm-standard\/\" \/>\n<meta property=\"og:site_name\" content=\"Linkside Communication\" \/>\n<meta property=\"article:modified_time\" content=\"2022-10-20T11:45:58+00:00\" \/>\n<meta name=\"twitter:card\" content=\"summary_large_image\" \/>\n<meta name=\"twitter:label1\" content=\"Est. reading time\" \/>\n\t<meta name=\"twitter:data1\" content=\"1 minute\" \/>\n<script type=\"application\/ld+json\" class=\"yoast-schema-graph\">{\"@context\":\"https:\/\/schema.org\",\"@graph\":[{\"@type\":\"WebSite\",\"@id\":\"https:\/\/linkside-communication.com\/#website\",\"url\":\"https:\/\/linkside-communication.com\/\",\"name\":\"Linkside Communication\",\"description\":\"Invent\u00e9 pour un maximum de confort\",\"potentialAction\":[{\"@type\":\"SearchAction\",\"target\":{\"@type\":\"EntryPoint\",\"urlTemplate\":\"https:\/\/linkside-communication.com\/?s={search_term_string}\"},\"query-input\":\"required name=search_term_string\"}],\"inLanguage\":\"en-US\"},{\"@type\":\"WebPage\",\"@id\":\"https:\/\/linkside-communication.com\/index.php\/produit\/brochure-210x210-mm-standard\/#webpage\",\"url\":\"https:\/\/linkside-communication.com\/index.php\/produit\/brochure-210x210-mm-standard\/\",\"name\":\"Brochure 210x210 mm standard - Linkside Communication\",\"isPartOf\":{\"@id\":\"https:\/\/linkside-communication.com\/#website\"},\"datePublished\":\"2022-10-20T11:35:32+00:00\",\"dateModified\":\"2022-10-20T11:45:58+00:00\",\"breadcrumb\":{\"@id\":\"https:\/\/linkside-communication.com\/index.php\/produit\/brochure-210x210-mm-standard\/#breadcrumb\"},\"inLanguage\":\"en-US\",\"potentialAction\":[{\"@type\":\"ReadAction\",\"target\":[\"https:\/\/linkside-communication.com\/index.php\/produit\/brochure-210x210-mm-standard\/\"]}]},{\"@type\":\"BreadcrumbList\",\"@id\":\"https:\/\/linkside-communication.com\/index.php\/produit\/brochure-210x210-mm-standard\/#breadcrumb\",\"itemListElement\":[{\"@type\":\"ListItem\",\"position\":1,\"name\":\"Accueil\",\"item\":\"https:\/\/linkside-communication.com\/\"},{\"@type\":\"ListItem\",\"position\":2,\"name\":\"Boutique\",\"item\":\"https:\/\/linkside-communication.com\/index.php\/boutique\/\"},{\"@type\":\"ListItem\",\"position\":3,\"name\":\"Brochure 210&#215;210 mm standard\"}]}]}<\/script>\n<!-- \/ Yoast SEO plugin. -->","yoast_head_json":{"title":"Brochure 210x210 mm standard - Linkside Communication","robots":{"index":"index","follow":"follow","max-snippet":"max-snippet:-1","max-image-preview":"max-image-preview:large","max-video-preview":"max-video-preview:-1"},"canonical":"https:\/\/linkside-communication.com\/index.php\/produit\/brochure-210x210-mm-standard\/","og_locale":"en_US","og_type":"article","og_title":"Brochure 210x210 mm standard - Linkside Communication","og_description":"La brochure 210 x 210 mm fait partie du panel des supports papiers appr\u00e9ci\u00e9s des soci\u00e9t\u00e9s souhaitant se d\u00e9marquer. L\u2019impression de cette brochure\u00a0est le moyen de garder le contact avec votre client\u00e8le et vos collaborateurs, d\u2019asseoir votre image de marque et de diffuser de mani\u00e8re p\u00e9renne vos services et produits.  Nous vous proposons pour ces brochures :   Orientation : verticale ou horizontale  Fa\u00e7onnage : agraffe  Couverture et contenu : voir informations compl\u00e9mentaires ci-dessous  Quantit\u00e9 minimum de 25 exemplaires","og_url":"https:\/\/linkside-communication.com\/index.php\/produit\/brochure-210x210-mm-standard\/","og_site_name":"Linkside Communication","article_modified_time":"2022-10-20T11:45:58+00:00","twitter_card":"summary_large_image","twitter_misc":{"Est. reading time":"1 minute"},"schema":{"@context":"https:\/\/schema.org","@graph":[{"@type":"WebSite","@id":"https:\/\/linkside-communication.com\/#website","url":"https:\/\/linkside-communication.com\/","name":"Linkside Communication","description":"Invent\u00e9 pour un maximum de confort","potentialAction":[{"@type":"SearchAction","target":{"@type":"EntryPoint","urlTemplate":"https:\/\/linkside-communication.com\/?s={search_term_string}"},"query-input":"required name=search_term_string"}],"inLanguage":"en-US"},{"@type":"WebPage","@id":"https:\/\/linkside-communication.com\/index.php\/produit\/brochure-210x210-mm-standard\/#webpage","url":"https:\/\/linkside-communication.com\/index.php\/produit\/brochure-210x210-mm-standard\/","name":"Brochure 210x210 mm standard - Linkside Communication","isPartOf":{"@id":"https:\/\/linkside-communication.com\/#website"},"datePublished":"2022-10-20T11:35:32+00:00","dateModified":"2022-10-20T11:45:58+00:00","breadcrumb":{"@id":"https:\/\/linkside-communication.com\/index.php\/produit\/brochure-210x210-mm-standard\/#breadcrumb"},"inLanguage":"en-US","potentialAction":[{"@type":"ReadAction","target":["https:\/\/linkside-communication.com\/index.php\/produit\/brochure-210x210-mm-standard\/"]}]},{"@type":"BreadcrumbList","@id":"https:\/\/linkside-communication.com\/index.php\/produit\/brochure-210x210-mm-standard\/#breadcrumb","itemListElement":[{"@type":"ListItem","position":1,"name":"Accueil","item":"https:\/\/linkside-communication.com\/"},{"@type":"ListItem","position":2,"name":"Boutique","item":"https:\/\/linkside-communication.com\/index.php\/boutique\/"},{"@type":"ListItem","position":3,"name":"Brochure 210&#215;210 mm standard"}]}]}},"_links":{"self":[{"href":"https:\/\/linkside-communication.com\/index.php\/wp-json\/wp\/v2\/product\/3076"}],"collection":[{"href":"https:\/\/linkside-communication.com\/index.php\/wp-json\/wp\/v2\/product"}],"about":[{"href":"https:\/\/linkside-communication.com\/index.php\/wp-json\/wp\/v2\/types\/product"}],"replies":[{"embeddable":true,"href":"https:\/\/linkside-communication.com\/index.php\/wp-json\/wp\/v2\/comments?post=3076"}],"version-history":[{"count":1,"href":"https:\/\/linkside-communication.com\/index.php\/wp-json\/wp\/v2\/product\/3076\/revisions"}],"predecessor-version":[{"id":3077,"href":"https:\/\/linkside-communication.com\/index.php\/wp-json\/wp\/v2\/product\/3076\/revisions\/3077"}],"wp:attachment":[{"href":"https:\/\/linkside-communication.com\/index.php\/wp-json\/wp\/v2\/media?parent=3076"}],"wp:term":[{"taxonomy":"product_cat","embeddable":true,"href":"https:\/\/linkside-communication.com\/index.php\/wp-json\/wp\/v2\/product_cat?post=3076"},{"taxonomy":"product_tag","embeddable":true,"href":"https:\/\/linkside-communication.com\/index.php\/wp-json\/wp\/v2\/product_tag?post=3076"}],"curies":[{"name":"wp","href":"https:\/\/api.w.org\/{rel}","templated":true}]}}