{"id":3099,"date":"2022-10-20T14:38:22","date_gmt":"2022-10-20T12:38:22","guid":{"rendered":"https:\/\/linkside-communication.com\/?post_type=product&#038;p=3099"},"modified":"2022-10-20T15:29:30","modified_gmt":"2022-10-20T13:29:30","slug":"catalogue-a5-ecologique-recycle","status":"publish","type":"product","link":"https:\/\/linkside-communication.com\/index.php\/produit\/catalogue-a5-ecologique-recycle\/","title":{"rendered":"Catalogue A5 \u00e9cologique (recycl\u00e9)"},"content":{"rendered":"<p>Le catalogue A5 est un tr\u00e8s bon outil de communication. En effet, avec une couverture invitant \u00e0 la d\u00e9couverte et un contenu bien con\u00e7u, il saura interpeller m\u00eame les plus r\u00e9ticents.<\/p>\n<p>Id\u00e9al dans de nombreux corps de m\u00e9tiers, le catalogue A5 constitue un excellent support de pr\u00e9sentation.Il vous permettra de le conserver au moins sur une ann\u00e9e (si les prestations, produits et tarifs sont amen\u00e9s \u00e0 \u00eatre revus).<\/p>\n","protected":false},"excerpt":{"rendered":"<p>Le catalogue A5 est un support condens\u00e9 efficace de vos produit ou services.<\/p>\n<p><strong>Nous vous proposons pour ces catalogues :<\/strong><\/p>\n<ul>\n<li>Orientation : verticale ou horizontale<\/li>\n<li>Fa\u00e7onnage : reliure dos coll\u00e9 carr\u00e9<\/li>\n<li>Couleur : Quadri ou noir<\/li>\n<li>Couverture et contenu : voir informations compl\u00e9mentaires ci-dessous<\/li>\n<li>Quantit\u00e9 minimum de 5 exemplaires<\/li>\n<\/ul>\n","protected":false},"featured_media":0,"comment_status":"closed","ping_status":"closed","template":"","meta":{"site-sidebar-layout":"default","site-content-layout":"default","ast-global-header-display":"","ast-main-header-display":"","ast-hfb-above-header-display":"","ast-hfb-below-header-display":"","ast-hfb-mobile-header-display":"","site-post-title":"","ast-breadcrumbs-content":"","ast-featured-img":"","footer-sml-layout":"","theme-transparent-header-meta":"default","adv-header-id-meta":"","stick-header-meta":"default","header-above-stick-meta":"","header-main-stick-meta":"","header-below-stick-meta":""},"product_cat":[247],"product_tag":[],"yoast_head":"<!-- This site is optimized with the Yoast SEO plugin v19.1 - https:\/\/yoast.com\/wordpress\/plugins\/seo\/ -->\n<title>Catalogue A5 \u00e9cologique (recycl\u00e9) - Linkside Communication<\/title>\n<meta name=\"robots\" content=\"index, follow, max-snippet:-1, max-image-preview:large, max-video-preview:-1\" \/>\n<link rel=\"canonical\" href=\"https:\/\/linkside-communication.com\/index.php\/produit\/catalogue-a5-ecologique-recycle\/\" \/>\n<meta property=\"og:locale\" content=\"en_US\" \/>\n<meta property=\"og:type\" content=\"article\" \/>\n<meta property=\"og:title\" content=\"Catalogue A5 \u00e9cologique (recycl\u00e9) - Linkside Communication\" \/>\n<meta property=\"og:description\" content=\"Le catalogue A5 est un support condens\u00e9 efficace de vos produit ou services.  Nous vous proposons pour ces catalogues :   Orientation : verticale ou horizontale  Fa\u00e7onnage : reliure dos coll\u00e9 carr\u00e9  Couleur : Quadri ou noir  Couverture et contenu : voir informations compl\u00e9mentaires ci-dessous  Quantit\u00e9 minimum de 5 exemplaires\" \/>\n<meta property=\"og:url\" content=\"https:\/\/linkside-communication.com\/index.php\/produit\/catalogue-a5-ecologique-recycle\/\" \/>\n<meta property=\"og:site_name\" content=\"Linkside Communication\" \/>\n<meta property=\"article:modified_time\" content=\"2022-10-20T13:29:30+00:00\" \/>\n<meta name=\"twitter:card\" content=\"summary_large_image\" \/>\n<meta name=\"twitter:label1\" content=\"Est. reading time\" \/>\n\t<meta name=\"twitter:data1\" content=\"1 minute\" \/>\n<script type=\"application\/ld+json\" class=\"yoast-schema-graph\">{\"@context\":\"https:\/\/schema.org\",\"@graph\":[{\"@type\":\"WebSite\",\"@id\":\"https:\/\/linkside-communication.com\/#website\",\"url\":\"https:\/\/linkside-communication.com\/\",\"name\":\"Linkside Communication\",\"description\":\"Invent\u00e9 pour un maximum de confort\",\"potentialAction\":[{\"@type\":\"SearchAction\",\"target\":{\"@type\":\"EntryPoint\",\"urlTemplate\":\"https:\/\/linkside-communication.com\/?s={search_term_string}\"},\"query-input\":\"required name=search_term_string\"}],\"inLanguage\":\"en-US\"},{\"@type\":\"WebPage\",\"@id\":\"https:\/\/linkside-communication.com\/index.php\/produit\/catalogue-a5-ecologique-recycle\/#webpage\",\"url\":\"https:\/\/linkside-communication.com\/index.php\/produit\/catalogue-a5-ecologique-recycle\/\",\"name\":\"Catalogue A5 \u00e9cologique (recycl\u00e9) - Linkside Communication\",\"isPartOf\":{\"@id\":\"https:\/\/linkside-communication.com\/#website\"},\"datePublished\":\"2022-10-20T12:38:22+00:00\",\"dateModified\":\"2022-10-20T13:29:30+00:00\",\"breadcrumb\":{\"@id\":\"https:\/\/linkside-communication.com\/index.php\/produit\/catalogue-a5-ecologique-recycle\/#breadcrumb\"},\"inLanguage\":\"en-US\",\"potentialAction\":[{\"@type\":\"ReadAction\",\"target\":[\"https:\/\/linkside-communication.com\/index.php\/produit\/catalogue-a5-ecologique-recycle\/\"]}]},{\"@type\":\"BreadcrumbList\",\"@id\":\"https:\/\/linkside-communication.com\/index.php\/produit\/catalogue-a5-ecologique-recycle\/#breadcrumb\",\"itemListElement\":[{\"@type\":\"ListItem\",\"position\":1,\"name\":\"Accueil\",\"item\":\"https:\/\/linkside-communication.com\/\"},{\"@type\":\"ListItem\",\"position\":2,\"name\":\"Boutique\",\"item\":\"https:\/\/linkside-communication.com\/index.php\/boutique\/\"},{\"@type\":\"ListItem\",\"position\":3,\"name\":\"Catalogue A5 \u00e9cologique (recycl\u00e9)\"}]}]}<\/script>\n<!-- \/ Yoast SEO plugin. -->","yoast_head_json":{"title":"Catalogue A5 \u00e9cologique (recycl\u00e9) - Linkside Communication","robots":{"index":"index","follow":"follow","max-snippet":"max-snippet:-1","max-image-preview":"max-image-preview:large","max-video-preview":"max-video-preview:-1"},"canonical":"https:\/\/linkside-communication.com\/index.php\/produit\/catalogue-a5-ecologique-recycle\/","og_locale":"en_US","og_type":"article","og_title":"Catalogue A5 \u00e9cologique (recycl\u00e9) - Linkside Communication","og_description":"Le catalogue A5 est un support condens\u00e9 efficace de vos produit ou services.  Nous vous proposons pour ces catalogues :   Orientation : verticale ou horizontale  Fa\u00e7onnage : reliure dos coll\u00e9 carr\u00e9  Couleur : Quadri ou noir  Couverture et contenu : voir informations compl\u00e9mentaires ci-dessous  Quantit\u00e9 minimum de 5 exemplaires","og_url":"https:\/\/linkside-communication.com\/index.php\/produit\/catalogue-a5-ecologique-recycle\/","og_site_name":"Linkside Communication","article_modified_time":"2022-10-20T13:29:30+00:00","twitter_card":"summary_large_image","twitter_misc":{"Est. reading time":"1 minute"},"schema":{"@context":"https:\/\/schema.org","@graph":[{"@type":"WebSite","@id":"https:\/\/linkside-communication.com\/#website","url":"https:\/\/linkside-communication.com\/","name":"Linkside Communication","description":"Invent\u00e9 pour un maximum de confort","potentialAction":[{"@type":"SearchAction","target":{"@type":"EntryPoint","urlTemplate":"https:\/\/linkside-communication.com\/?s={search_term_string}"},"query-input":"required name=search_term_string"}],"inLanguage":"en-US"},{"@type":"WebPage","@id":"https:\/\/linkside-communication.com\/index.php\/produit\/catalogue-a5-ecologique-recycle\/#webpage","url":"https:\/\/linkside-communication.com\/index.php\/produit\/catalogue-a5-ecologique-recycle\/","name":"Catalogue A5 \u00e9cologique (recycl\u00e9) - Linkside Communication","isPartOf":{"@id":"https:\/\/linkside-communication.com\/#website"},"datePublished":"2022-10-20T12:38:22+00:00","dateModified":"2022-10-20T13:29:30+00:00","breadcrumb":{"@id":"https:\/\/linkside-communication.com\/index.php\/produit\/catalogue-a5-ecologique-recycle\/#breadcrumb"},"inLanguage":"en-US","potentialAction":[{"@type":"ReadAction","target":["https:\/\/linkside-communication.com\/index.php\/produit\/catalogue-a5-ecologique-recycle\/"]}]},{"@type":"BreadcrumbList","@id":"https:\/\/linkside-communication.com\/index.php\/produit\/catalogue-a5-ecologique-recycle\/#breadcrumb","itemListElement":[{"@type":"ListItem","position":1,"name":"Accueil","item":"https:\/\/linkside-communication.com\/"},{"@type":"ListItem","position":2,"name":"Boutique","item":"https:\/\/linkside-communication.com\/index.php\/boutique\/"},{"@type":"ListItem","position":3,"name":"Catalogue A5 \u00e9cologique (recycl\u00e9)"}]}]}},"_links":{"self":[{"href":"https:\/\/linkside-communication.com\/index.php\/wp-json\/wp\/v2\/product\/3099"}],"collection":[{"href":"https:\/\/linkside-communication.com\/index.php\/wp-json\/wp\/v2\/product"}],"about":[{"href":"https:\/\/linkside-communication.com\/index.php\/wp-json\/wp\/v2\/types\/product"}],"replies":[{"embeddable":true,"href":"https:\/\/linkside-communication.com\/index.php\/wp-json\/wp\/v2\/comments?post=3099"}],"version-history":[{"count":1,"href":"https:\/\/linkside-communication.com\/index.php\/wp-json\/wp\/v2\/product\/3099\/revisions"}],"predecessor-version":[{"id":3100,"href":"https:\/\/linkside-communication.com\/index.php\/wp-json\/wp\/v2\/product\/3099\/revisions\/3100"}],"wp:attachment":[{"href":"https:\/\/linkside-communication.com\/index.php\/wp-json\/wp\/v2\/media?parent=3099"}],"wp:term":[{"taxonomy":"product_cat","embeddable":true,"href":"https:\/\/linkside-communication.com\/index.php\/wp-json\/wp\/v2\/product_cat?post=3099"},{"taxonomy":"product_tag","embeddable":true,"href":"https:\/\/linkside-communication.com\/index.php\/wp-json\/wp\/v2\/product_tag?post=3099"}],"curies":[{"name":"wp","href":"https:\/\/api.w.org\/{rel}","templated":true}]}}