{"id":3121,"date":"2022-10-20T15:11:43","date_gmt":"2022-10-20T13:11:43","guid":{"rendered":"https:\/\/linkside-communication.com\/?post_type=product&#038;p=3121"},"modified":"2022-10-20T15:33:43","modified_gmt":"2022-10-20T13:33:43","slug":"catalogue-148x148-mm-haut-de-gamme","status":"publish","type":"product","link":"https:\/\/linkside-communication.com\/index.php\/produit\/catalogue-148x148-mm-haut-de-gamme\/","title":{"rendered":"Catalogue 148&#215;148 mm haut de gamme"},"content":{"rendered":"<p>Le catalogue 148 x 148 mm est un format carr\u00e9 original et pratique. L\u2019esth\u00e9tique de la maquette fait ressortir les produits ou les services pr\u00e9sent\u00e9s dans ses pages, mais refl\u00e8te \u00e9galement l\u2019ADN de votre marque. Ce format est agr\u00e9able \u00e0 feuilleter et est con\u00e7u pour pouvoir \u00eatre manipul\u00e9 de nombreuses fois.<\/p>\n","protected":false},"excerpt":{"rendered":"<p>Un\u00a0catalogue 148 x 148 mm permet une pagination importante. Veillez \u00e0 la bonne organisation des rubriques \u00e0 l\u2019int\u00e9rieur de celui-ci et \u00e0 la coh\u00e9rence des textes avec les visuels.<\/p>\n<p><strong>Nous vous proposons pour ces catalogues :<\/strong><\/p>\n<ul>\n<li>Orientation : verticale ou horizontale<\/li>\n<li>Fa\u00e7onnage : reliure dos coll\u00e9 carr\u00e9<\/li>\n<li>Couleur : Quadri ou noir<\/li>\n<li>Couverture et contenu : voir informations compl\u00e9mentaires ci-dessous<\/li>\n<li>Quantit\u00e9 minimum de 5 exemplaires<\/li>\n<\/ul>\n","protected":false},"featured_media":0,"comment_status":"closed","ping_status":"closed","template":"","meta":{"site-sidebar-layout":"default","site-content-layout":"default","ast-global-header-display":"","ast-main-header-display":"","ast-hfb-above-header-display":"","ast-hfb-below-header-display":"","ast-hfb-mobile-header-display":"","site-post-title":"","ast-breadcrumbs-content":"","ast-featured-img":"","footer-sml-layout":"","theme-transparent-header-meta":"default","adv-header-id-meta":"","stick-header-meta":"default","header-above-stick-meta":"","header-main-stick-meta":"","header-below-stick-meta":""},"product_cat":[247],"product_tag":[],"yoast_head":"<!-- This site is optimized with the Yoast SEO plugin v19.1 - https:\/\/yoast.com\/wordpress\/plugins\/seo\/ -->\n<title>Catalogue 148x148 mm haut de gamme - Linkside Communication<\/title>\n<meta name=\"robots\" content=\"index, follow, max-snippet:-1, max-image-preview:large, max-video-preview:-1\" \/>\n<link rel=\"canonical\" href=\"https:\/\/linkside-communication.com\/index.php\/produit\/catalogue-148x148-mm-haut-de-gamme\/\" \/>\n<meta property=\"og:locale\" content=\"en_US\" \/>\n<meta property=\"og:type\" content=\"article\" \/>\n<meta property=\"og:title\" content=\"Catalogue 148x148 mm haut de gamme - Linkside Communication\" \/>\n<meta property=\"og:description\" content=\"Un\u00a0catalogue 148 x 148 mm permet une pagination importante. Veillez \u00e0 la bonne organisation des rubriques \u00e0 l\u2019int\u00e9rieur de celui-ci et \u00e0 la coh\u00e9rence des textes avec les visuels.  Nous vous proposons pour ces catalogues :   Orientation : verticale ou horizontale  Fa\u00e7onnage : reliure dos coll\u00e9 carr\u00e9  Couleur : Quadri ou noir  Couverture et contenu : voir informations compl\u00e9mentaires ci-dessous  Quantit\u00e9 minimum de 5 exemplaires\" \/>\n<meta property=\"og:url\" content=\"https:\/\/linkside-communication.com\/index.php\/produit\/catalogue-148x148-mm-haut-de-gamme\/\" \/>\n<meta property=\"og:site_name\" content=\"Linkside Communication\" \/>\n<meta property=\"article:modified_time\" content=\"2022-10-20T13:33:43+00:00\" \/>\n<meta name=\"twitter:card\" content=\"summary_large_image\" \/>\n<meta name=\"twitter:label1\" content=\"Est. reading time\" \/>\n\t<meta name=\"twitter:data1\" content=\"1 minute\" \/>\n<script type=\"application\/ld+json\" class=\"yoast-schema-graph\">{\"@context\":\"https:\/\/schema.org\",\"@graph\":[{\"@type\":\"WebSite\",\"@id\":\"https:\/\/linkside-communication.com\/#website\",\"url\":\"https:\/\/linkside-communication.com\/\",\"name\":\"Linkside Communication\",\"description\":\"Invent\u00e9 pour un maximum de confort\",\"potentialAction\":[{\"@type\":\"SearchAction\",\"target\":{\"@type\":\"EntryPoint\",\"urlTemplate\":\"https:\/\/linkside-communication.com\/?s={search_term_string}\"},\"query-input\":\"required name=search_term_string\"}],\"inLanguage\":\"en-US\"},{\"@type\":\"WebPage\",\"@id\":\"https:\/\/linkside-communication.com\/index.php\/produit\/catalogue-148x148-mm-haut-de-gamme\/#webpage\",\"url\":\"https:\/\/linkside-communication.com\/index.php\/produit\/catalogue-148x148-mm-haut-de-gamme\/\",\"name\":\"Catalogue 148x148 mm haut de gamme - Linkside Communication\",\"isPartOf\":{\"@id\":\"https:\/\/linkside-communication.com\/#website\"},\"datePublished\":\"2022-10-20T13:11:43+00:00\",\"dateModified\":\"2022-10-20T13:33:43+00:00\",\"breadcrumb\":{\"@id\":\"https:\/\/linkside-communication.com\/index.php\/produit\/catalogue-148x148-mm-haut-de-gamme\/#breadcrumb\"},\"inLanguage\":\"en-US\",\"potentialAction\":[{\"@type\":\"ReadAction\",\"target\":[\"https:\/\/linkside-communication.com\/index.php\/produit\/catalogue-148x148-mm-haut-de-gamme\/\"]}]},{\"@type\":\"BreadcrumbList\",\"@id\":\"https:\/\/linkside-communication.com\/index.php\/produit\/catalogue-148x148-mm-haut-de-gamme\/#breadcrumb\",\"itemListElement\":[{\"@type\":\"ListItem\",\"position\":1,\"name\":\"Accueil\",\"item\":\"https:\/\/linkside-communication.com\/\"},{\"@type\":\"ListItem\",\"position\":2,\"name\":\"Boutique\",\"item\":\"https:\/\/linkside-communication.com\/index.php\/boutique\/\"},{\"@type\":\"ListItem\",\"position\":3,\"name\":\"Catalogue 148&#215;148 mm haut de gamme\"}]}]}<\/script>\n<!-- \/ Yoast SEO plugin. -->","yoast_head_json":{"title":"Catalogue 148x148 mm haut de gamme - Linkside Communication","robots":{"index":"index","follow":"follow","max-snippet":"max-snippet:-1","max-image-preview":"max-image-preview:large","max-video-preview":"max-video-preview:-1"},"canonical":"https:\/\/linkside-communication.com\/index.php\/produit\/catalogue-148x148-mm-haut-de-gamme\/","og_locale":"en_US","og_type":"article","og_title":"Catalogue 148x148 mm haut de gamme - Linkside Communication","og_description":"Un\u00a0catalogue 148 x 148 mm permet une pagination importante. Veillez \u00e0 la bonne organisation des rubriques \u00e0 l\u2019int\u00e9rieur de celui-ci et \u00e0 la coh\u00e9rence des textes avec les visuels.  Nous vous proposons pour ces catalogues :   Orientation : verticale ou horizontale  Fa\u00e7onnage : reliure dos coll\u00e9 carr\u00e9  Couleur : Quadri ou noir  Couverture et contenu : voir informations compl\u00e9mentaires ci-dessous  Quantit\u00e9 minimum de 5 exemplaires","og_url":"https:\/\/linkside-communication.com\/index.php\/produit\/catalogue-148x148-mm-haut-de-gamme\/","og_site_name":"Linkside Communication","article_modified_time":"2022-10-20T13:33:43+00:00","twitter_card":"summary_large_image","twitter_misc":{"Est. reading time":"1 minute"},"schema":{"@context":"https:\/\/schema.org","@graph":[{"@type":"WebSite","@id":"https:\/\/linkside-communication.com\/#website","url":"https:\/\/linkside-communication.com\/","name":"Linkside Communication","description":"Invent\u00e9 pour un maximum de confort","potentialAction":[{"@type":"SearchAction","target":{"@type":"EntryPoint","urlTemplate":"https:\/\/linkside-communication.com\/?s={search_term_string}"},"query-input":"required name=search_term_string"}],"inLanguage":"en-US"},{"@type":"WebPage","@id":"https:\/\/linkside-communication.com\/index.php\/produit\/catalogue-148x148-mm-haut-de-gamme\/#webpage","url":"https:\/\/linkside-communication.com\/index.php\/produit\/catalogue-148x148-mm-haut-de-gamme\/","name":"Catalogue 148x148 mm haut de gamme - Linkside Communication","isPartOf":{"@id":"https:\/\/linkside-communication.com\/#website"},"datePublished":"2022-10-20T13:11:43+00:00","dateModified":"2022-10-20T13:33:43+00:00","breadcrumb":{"@id":"https:\/\/linkside-communication.com\/index.php\/produit\/catalogue-148x148-mm-haut-de-gamme\/#breadcrumb"},"inLanguage":"en-US","potentialAction":[{"@type":"ReadAction","target":["https:\/\/linkside-communication.com\/index.php\/produit\/catalogue-148x148-mm-haut-de-gamme\/"]}]},{"@type":"BreadcrumbList","@id":"https:\/\/linkside-communication.com\/index.php\/produit\/catalogue-148x148-mm-haut-de-gamme\/#breadcrumb","itemListElement":[{"@type":"ListItem","position":1,"name":"Accueil","item":"https:\/\/linkside-communication.com\/"},{"@type":"ListItem","position":2,"name":"Boutique","item":"https:\/\/linkside-communication.com\/index.php\/boutique\/"},{"@type":"ListItem","position":3,"name":"Catalogue 148&#215;148 mm haut de gamme"}]}]}},"_links":{"self":[{"href":"https:\/\/linkside-communication.com\/index.php\/wp-json\/wp\/v2\/product\/3121"}],"collection":[{"href":"https:\/\/linkside-communication.com\/index.php\/wp-json\/wp\/v2\/product"}],"about":[{"href":"https:\/\/linkside-communication.com\/index.php\/wp-json\/wp\/v2\/types\/product"}],"replies":[{"embeddable":true,"href":"https:\/\/linkside-communication.com\/index.php\/wp-json\/wp\/v2\/comments?post=3121"}],"version-history":[{"count":1,"href":"https:\/\/linkside-communication.com\/index.php\/wp-json\/wp\/v2\/product\/3121\/revisions"}],"predecessor-version":[{"id":3122,"href":"https:\/\/linkside-communication.com\/index.php\/wp-json\/wp\/v2\/product\/3121\/revisions\/3122"}],"wp:attachment":[{"href":"https:\/\/linkside-communication.com\/index.php\/wp-json\/wp\/v2\/media?parent=3121"}],"wp:term":[{"taxonomy":"product_cat","embeddable":true,"href":"https:\/\/linkside-communication.com\/index.php\/wp-json\/wp\/v2\/product_cat?post=3121"},{"taxonomy":"product_tag","embeddable":true,"href":"https:\/\/linkside-communication.com\/index.php\/wp-json\/wp\/v2\/product_tag?post=3121"}],"curies":[{"name":"wp","href":"https:\/\/api.w.org\/{rel}","templated":true}]}}