{"id":3129,"date":"2022-10-20T15:22:39","date_gmt":"2022-10-20T13:22:39","guid":{"rendered":"https:\/\/linkside-communication.com\/?post_type=product&#038;p=3129"},"modified":"2022-10-20T15:34:16","modified_gmt":"2022-10-20T13:34:16","slug":"catalogue-210x210-mm-haut-de-gamme","status":"publish","type":"product","link":"https:\/\/linkside-communication.com\/index.php\/produit\/catalogue-210x210-mm-haut-de-gamme\/","title":{"rendered":"Catalogue 210&#215;210 mm haut de gamme"},"content":{"rendered":"<p>Le catalogue 210 x 210 laisse la place \u00e0 une belle iconographie. Vous pouvez imaginer une maquette qui consacre la page de gauche aux informations sur votre produit avec de petites illustrations pour montrer des d\u00e9tails et r\u00e9serve la page de droite pour une photo pleine page. Les mises en page a\u00e9r\u00e9es avec un catalogue 210&#215;210 mm, sont toujours plus valorisantes pour les produits et services pr\u00e9sent\u00e9s.<\/p>\n","protected":false},"excerpt":{"rendered":"<p>Le catalogue 210&#215;210 mm est souvent r\u00e9serv\u00e9 aux produits de luxe. Peu encombrant, il permet une mise en page tr\u00e8s valorisante.<\/p>\n<p><strong>Nous vous proposons pour ces catalogues :<\/strong><\/p>\n<ul>\n<li>Orientation : verticale ou horizontale<\/li>\n<li>Fa\u00e7onnage : reliure dos coll\u00e9 carr\u00e9<\/li>\n<li>Couleur : Quadri ou noir<\/li>\n<li>Couverture et contenu : voir informations compl\u00e9mentaires ci-dessous<\/li>\n<li>Quantit\u00e9 minimum de 5 exemplaires<\/li>\n<\/ul>\n","protected":false},"featured_media":0,"comment_status":"closed","ping_status":"closed","template":"","meta":{"site-sidebar-layout":"default","site-content-layout":"default","ast-global-header-display":"","ast-main-header-display":"","ast-hfb-above-header-display":"","ast-hfb-below-header-display":"","ast-hfb-mobile-header-display":"","site-post-title":"","ast-breadcrumbs-content":"","ast-featured-img":"","footer-sml-layout":"","theme-transparent-header-meta":"default","adv-header-id-meta":"","stick-header-meta":"default","header-above-stick-meta":"","header-main-stick-meta":"","header-below-stick-meta":""},"product_cat":[247],"product_tag":[],"yoast_head":"<!-- This site is optimized with the Yoast SEO plugin v19.1 - https:\/\/yoast.com\/wordpress\/plugins\/seo\/ -->\n<title>Catalogue 210x210 mm haut de gamme - Linkside Communication<\/title>\n<meta name=\"robots\" content=\"index, follow, max-snippet:-1, max-image-preview:large, max-video-preview:-1\" \/>\n<link rel=\"canonical\" href=\"https:\/\/linkside-communication.com\/index.php\/produit\/catalogue-210x210-mm-haut-de-gamme\/\" \/>\n<meta property=\"og:locale\" content=\"en_US\" \/>\n<meta property=\"og:type\" content=\"article\" \/>\n<meta property=\"og:title\" content=\"Catalogue 210x210 mm haut de gamme - Linkside Communication\" \/>\n<meta property=\"og:description\" content=\"Le catalogue 210x210 mm est souvent r\u00e9serv\u00e9 aux produits de luxe. Peu encombrant, il permet une mise en page tr\u00e8s valorisante.  Nous vous proposons pour ces catalogues :   Orientation : verticale ou horizontale  Fa\u00e7onnage : reliure dos coll\u00e9 carr\u00e9  Couleur : Quadri ou noir  Couverture et contenu : voir informations compl\u00e9mentaires ci-dessous  Quantit\u00e9 minimum de 5 exemplaires\" \/>\n<meta property=\"og:url\" content=\"https:\/\/linkside-communication.com\/index.php\/produit\/catalogue-210x210-mm-haut-de-gamme\/\" \/>\n<meta property=\"og:site_name\" content=\"Linkside Communication\" \/>\n<meta property=\"article:modified_time\" content=\"2022-10-20T13:34:16+00:00\" \/>\n<meta name=\"twitter:card\" content=\"summary_large_image\" \/>\n<meta name=\"twitter:label1\" content=\"Est. reading time\" \/>\n\t<meta name=\"twitter:data1\" content=\"1 minute\" \/>\n<script type=\"application\/ld+json\" class=\"yoast-schema-graph\">{\"@context\":\"https:\/\/schema.org\",\"@graph\":[{\"@type\":\"WebSite\",\"@id\":\"https:\/\/linkside-communication.com\/#website\",\"url\":\"https:\/\/linkside-communication.com\/\",\"name\":\"Linkside Communication\",\"description\":\"Invent\u00e9 pour un maximum de confort\",\"potentialAction\":[{\"@type\":\"SearchAction\",\"target\":{\"@type\":\"EntryPoint\",\"urlTemplate\":\"https:\/\/linkside-communication.com\/?s={search_term_string}\"},\"query-input\":\"required name=search_term_string\"}],\"inLanguage\":\"en-US\"},{\"@type\":\"WebPage\",\"@id\":\"https:\/\/linkside-communication.com\/index.php\/produit\/catalogue-210x210-mm-haut-de-gamme\/#webpage\",\"url\":\"https:\/\/linkside-communication.com\/index.php\/produit\/catalogue-210x210-mm-haut-de-gamme\/\",\"name\":\"Catalogue 210x210 mm haut de gamme - Linkside Communication\",\"isPartOf\":{\"@id\":\"https:\/\/linkside-communication.com\/#website\"},\"datePublished\":\"2022-10-20T13:22:39+00:00\",\"dateModified\":\"2022-10-20T13:34:16+00:00\",\"breadcrumb\":{\"@id\":\"https:\/\/linkside-communication.com\/index.php\/produit\/catalogue-210x210-mm-haut-de-gamme\/#breadcrumb\"},\"inLanguage\":\"en-US\",\"potentialAction\":[{\"@type\":\"ReadAction\",\"target\":[\"https:\/\/linkside-communication.com\/index.php\/produit\/catalogue-210x210-mm-haut-de-gamme\/\"]}]},{\"@type\":\"BreadcrumbList\",\"@id\":\"https:\/\/linkside-communication.com\/index.php\/produit\/catalogue-210x210-mm-haut-de-gamme\/#breadcrumb\",\"itemListElement\":[{\"@type\":\"ListItem\",\"position\":1,\"name\":\"Accueil\",\"item\":\"https:\/\/linkside-communication.com\/\"},{\"@type\":\"ListItem\",\"position\":2,\"name\":\"Boutique\",\"item\":\"https:\/\/linkside-communication.com\/index.php\/boutique\/\"},{\"@type\":\"ListItem\",\"position\":3,\"name\":\"Catalogue 210&#215;210 mm haut de gamme\"}]}]}<\/script>\n<!-- \/ Yoast SEO plugin. -->","yoast_head_json":{"title":"Catalogue 210x210 mm haut de gamme - Linkside Communication","robots":{"index":"index","follow":"follow","max-snippet":"max-snippet:-1","max-image-preview":"max-image-preview:large","max-video-preview":"max-video-preview:-1"},"canonical":"https:\/\/linkside-communication.com\/index.php\/produit\/catalogue-210x210-mm-haut-de-gamme\/","og_locale":"en_US","og_type":"article","og_title":"Catalogue 210x210 mm haut de gamme - Linkside Communication","og_description":"Le catalogue 210x210 mm est souvent r\u00e9serv\u00e9 aux produits de luxe. Peu encombrant, il permet une mise en page tr\u00e8s valorisante.  Nous vous proposons pour ces catalogues :   Orientation : verticale ou horizontale  Fa\u00e7onnage : reliure dos coll\u00e9 carr\u00e9  Couleur : Quadri ou noir  Couverture et contenu : voir informations compl\u00e9mentaires ci-dessous  Quantit\u00e9 minimum de 5 exemplaires","og_url":"https:\/\/linkside-communication.com\/index.php\/produit\/catalogue-210x210-mm-haut-de-gamme\/","og_site_name":"Linkside Communication","article_modified_time":"2022-10-20T13:34:16+00:00","twitter_card":"summary_large_image","twitter_misc":{"Est. reading time":"1 minute"},"schema":{"@context":"https:\/\/schema.org","@graph":[{"@type":"WebSite","@id":"https:\/\/linkside-communication.com\/#website","url":"https:\/\/linkside-communication.com\/","name":"Linkside Communication","description":"Invent\u00e9 pour un maximum de confort","potentialAction":[{"@type":"SearchAction","target":{"@type":"EntryPoint","urlTemplate":"https:\/\/linkside-communication.com\/?s={search_term_string}"},"query-input":"required name=search_term_string"}],"inLanguage":"en-US"},{"@type":"WebPage","@id":"https:\/\/linkside-communication.com\/index.php\/produit\/catalogue-210x210-mm-haut-de-gamme\/#webpage","url":"https:\/\/linkside-communication.com\/index.php\/produit\/catalogue-210x210-mm-haut-de-gamme\/","name":"Catalogue 210x210 mm haut de gamme - Linkside Communication","isPartOf":{"@id":"https:\/\/linkside-communication.com\/#website"},"datePublished":"2022-10-20T13:22:39+00:00","dateModified":"2022-10-20T13:34:16+00:00","breadcrumb":{"@id":"https:\/\/linkside-communication.com\/index.php\/produit\/catalogue-210x210-mm-haut-de-gamme\/#breadcrumb"},"inLanguage":"en-US","potentialAction":[{"@type":"ReadAction","target":["https:\/\/linkside-communication.com\/index.php\/produit\/catalogue-210x210-mm-haut-de-gamme\/"]}]},{"@type":"BreadcrumbList","@id":"https:\/\/linkside-communication.com\/index.php\/produit\/catalogue-210x210-mm-haut-de-gamme\/#breadcrumb","itemListElement":[{"@type":"ListItem","position":1,"name":"Accueil","item":"https:\/\/linkside-communication.com\/"},{"@type":"ListItem","position":2,"name":"Boutique","item":"https:\/\/linkside-communication.com\/index.php\/boutique\/"},{"@type":"ListItem","position":3,"name":"Catalogue 210&#215;210 mm haut de gamme"}]}]}},"_links":{"self":[{"href":"https:\/\/linkside-communication.com\/index.php\/wp-json\/wp\/v2\/product\/3129"}],"collection":[{"href":"https:\/\/linkside-communication.com\/index.php\/wp-json\/wp\/v2\/product"}],"about":[{"href":"https:\/\/linkside-communication.com\/index.php\/wp-json\/wp\/v2\/types\/product"}],"replies":[{"embeddable":true,"href":"https:\/\/linkside-communication.com\/index.php\/wp-json\/wp\/v2\/comments?post=3129"}],"version-history":[{"count":1,"href":"https:\/\/linkside-communication.com\/index.php\/wp-json\/wp\/v2\/product\/3129\/revisions"}],"predecessor-version":[{"id":3130,"href":"https:\/\/linkside-communication.com\/index.php\/wp-json\/wp\/v2\/product\/3129\/revisions\/3130"}],"wp:attachment":[{"href":"https:\/\/linkside-communication.com\/index.php\/wp-json\/wp\/v2\/media?parent=3129"}],"wp:term":[{"taxonomy":"product_cat","embeddable":true,"href":"https:\/\/linkside-communication.com\/index.php\/wp-json\/wp\/v2\/product_cat?post=3129"},{"taxonomy":"product_tag","embeddable":true,"href":"https:\/\/linkside-communication.com\/index.php\/wp-json\/wp\/v2\/product_tag?post=3129"}],"curies":[{"name":"wp","href":"https:\/\/api.w.org\/{rel}","templated":true}]}}