{"id":3190,"date":"2022-10-21T13:07:27","date_gmt":"2022-10-21T11:07:27","guid":{"rendered":"https:\/\/linkside-communication.com\/?post_type=product&#038;p=3190"},"modified":"2022-11-02T16:48:32","modified_gmt":"2022-11-02T15:48:32","slug":"carte-de-fidelite-double-standard-2","status":"publish","type":"product","link":"https:\/\/linkside-communication.com\/index.php\/produit\/carte-de-fidelite-double-standard-2\/","title":{"rendered":"Carte de fid\u00e9lit\u00e9 double standard"},"content":{"rendered":"<p>La carte de fid\u00e9lit\u00e9 10,8&#215;5,4 cm ouvert permet de r\u00e9compenser les clients r\u00e9guliers en leur offrant une remise ou un cadeau.<\/p>\n","protected":false},"excerpt":{"rendered":"<p>Afin de faciliter, la tenue de la carte de fid\u00e9lit\u00e9 et du tampon, les cartes sont imprim\u00e9s sur du papier couch\u00e9 mat 350g. Il n&#8217;y a pas de vernis de protection sur les cartes afin de conserver la propri\u00e9t\u00e9 absorbante\u00a0du papier et d\u2019\u00e9viter que le tampon ne \u00ab bave \u00bb lors de son application.<\/p>\n<p><strong>Nous vous proposons pour ces cartes de fid\u00e9lit\u00e9 :<\/strong><\/p>\n<ul>\n<li>un papier: Mat 350g\/m2<\/li>\n<li>une impression: recto ou recto\/verso<\/li>\n<li>un fa\u00e7onnage :\n<ul>\n<li>1 rainage centrale ( 2 volets )<\/li>\n<li>2 rainages fen\u00eatre ( 3 volet )<\/li>\n<\/ul>\n<\/li>\n<li>Une quantit\u00e9 minimum de 100 cartes de fid\u00e9lit\u00e9<\/li>\n<\/ul>\n<p>&nbsp;<\/p>\n","protected":false},"featured_media":0,"comment_status":"closed","ping_status":"closed","template":"","meta":{"site-sidebar-layout":"default","site-content-layout":"default","ast-global-header-display":"","ast-main-header-display":"","ast-hfb-above-header-display":"","ast-hfb-below-header-display":"","ast-hfb-mobile-header-display":"","site-post-title":"","ast-breadcrumbs-content":"","ast-featured-img":"","footer-sml-layout":"","theme-transparent-header-meta":"default","adv-header-id-meta":"","stick-header-meta":"default","header-above-stick-meta":"","header-main-stick-meta":"","header-below-stick-meta":""},"product_cat":[257],"product_tag":[],"yoast_head":"<!-- This site is optimized with the Yoast SEO plugin v19.1 - https:\/\/yoast.com\/wordpress\/plugins\/seo\/ -->\n<title>Carte de fid\u00e9lit\u00e9 double standard - Linkside Communication<\/title>\n<meta name=\"robots\" content=\"index, follow, max-snippet:-1, max-image-preview:large, max-video-preview:-1\" \/>\n<link rel=\"canonical\" href=\"https:\/\/linkside-communication.com\/index.php\/produit\/carte-de-fidelite-double-standard-2\/\" \/>\n<meta property=\"og:locale\" content=\"en_US\" \/>\n<meta property=\"og:type\" content=\"article\" \/>\n<meta property=\"og:title\" content=\"Carte de fid\u00e9lit\u00e9 double standard - Linkside Communication\" \/>\n<meta property=\"og:description\" content=\"Afin de faciliter, la tenue de la carte de fid\u00e9lit\u00e9 et du tampon, les cartes sont imprim\u00e9s sur du papier couch\u00e9 mat 350g. Il n&#039;y a pas de vernis de protection sur les cartes afin de conserver la propri\u00e9t\u00e9 absorbante\u00a0du papier et d\u2019\u00e9viter que le tampon ne \u00ab bave \u00bb lors de son application.  Nous vous proposons pour ces cartes de fid\u00e9lit\u00e9 :   un papier: Mat 350g\/m2  une impression: recto ou recto\/verso  un fa\u00e7onnage :   1 rainage centrale ( 2 volets )  2 rainages fen\u00eatre ( 3 volet )    Une quantit\u00e9 minimum de 100 cartes de fid\u00e9lit\u00e9  &nbsp;\" \/>\n<meta property=\"og:url\" content=\"https:\/\/linkside-communication.com\/index.php\/produit\/carte-de-fidelite-double-standard-2\/\" \/>\n<meta property=\"og:site_name\" content=\"Linkside Communication\" \/>\n<meta property=\"article:modified_time\" content=\"2022-11-02T15:48:32+00:00\" \/>\n<meta name=\"twitter:card\" content=\"summary_large_image\" \/>\n<meta name=\"twitter:label1\" content=\"Est. reading time\" \/>\n\t<meta name=\"twitter:data1\" content=\"1 minute\" \/>\n<script type=\"application\/ld+json\" class=\"yoast-schema-graph\">{\"@context\":\"https:\/\/schema.org\",\"@graph\":[{\"@type\":\"WebSite\",\"@id\":\"https:\/\/linkside-communication.com\/#website\",\"url\":\"https:\/\/linkside-communication.com\/\",\"name\":\"Linkside Communication\",\"description\":\"Invent\u00e9 pour un maximum de confort\",\"potentialAction\":[{\"@type\":\"SearchAction\",\"target\":{\"@type\":\"EntryPoint\",\"urlTemplate\":\"https:\/\/linkside-communication.com\/?s={search_term_string}\"},\"query-input\":\"required name=search_term_string\"}],\"inLanguage\":\"en-US\"},{\"@type\":\"WebPage\",\"@id\":\"https:\/\/linkside-communication.com\/index.php\/produit\/carte-de-fidelite-double-standard-2\/#webpage\",\"url\":\"https:\/\/linkside-communication.com\/index.php\/produit\/carte-de-fidelite-double-standard-2\/\",\"name\":\"Carte de fid\u00e9lit\u00e9 double standard - Linkside Communication\",\"isPartOf\":{\"@id\":\"https:\/\/linkside-communication.com\/#website\"},\"datePublished\":\"2022-10-21T11:07:27+00:00\",\"dateModified\":\"2022-11-02T15:48:32+00:00\",\"breadcrumb\":{\"@id\":\"https:\/\/linkside-communication.com\/index.php\/produit\/carte-de-fidelite-double-standard-2\/#breadcrumb\"},\"inLanguage\":\"en-US\",\"potentialAction\":[{\"@type\":\"ReadAction\",\"target\":[\"https:\/\/linkside-communication.com\/index.php\/produit\/carte-de-fidelite-double-standard-2\/\"]}]},{\"@type\":\"BreadcrumbList\",\"@id\":\"https:\/\/linkside-communication.com\/index.php\/produit\/carte-de-fidelite-double-standard-2\/#breadcrumb\",\"itemListElement\":[{\"@type\":\"ListItem\",\"position\":1,\"name\":\"Accueil\",\"item\":\"https:\/\/linkside-communication.com\/\"},{\"@type\":\"ListItem\",\"position\":2,\"name\":\"Boutique\",\"item\":\"https:\/\/linkside-communication.com\/index.php\/boutique\/\"},{\"@type\":\"ListItem\",\"position\":3,\"name\":\"Carte de fid\u00e9lit\u00e9 double standard\"}]}]}<\/script>\n<!-- \/ Yoast SEO plugin. -->","yoast_head_json":{"title":"Carte de fid\u00e9lit\u00e9 double standard - Linkside Communication","robots":{"index":"index","follow":"follow","max-snippet":"max-snippet:-1","max-image-preview":"max-image-preview:large","max-video-preview":"max-video-preview:-1"},"canonical":"https:\/\/linkside-communication.com\/index.php\/produit\/carte-de-fidelite-double-standard-2\/","og_locale":"en_US","og_type":"article","og_title":"Carte de fid\u00e9lit\u00e9 double standard - Linkside Communication","og_description":"Afin de faciliter, la tenue de la carte de fid\u00e9lit\u00e9 et du tampon, les cartes sont imprim\u00e9s sur du papier couch\u00e9 mat 350g. Il n'y a pas de vernis de protection sur les cartes afin de conserver la propri\u00e9t\u00e9 absorbante\u00a0du papier et d\u2019\u00e9viter que le tampon ne \u00ab bave \u00bb lors de son application.  Nous vous proposons pour ces cartes de fid\u00e9lit\u00e9 :   un papier: Mat 350g\/m2  une impression: recto ou recto\/verso  un fa\u00e7onnage :   1 rainage centrale ( 2 volets )  2 rainages fen\u00eatre ( 3 volet )    Une quantit\u00e9 minimum de 100 cartes de fid\u00e9lit\u00e9  &nbsp;","og_url":"https:\/\/linkside-communication.com\/index.php\/produit\/carte-de-fidelite-double-standard-2\/","og_site_name":"Linkside Communication","article_modified_time":"2022-11-02T15:48:32+00:00","twitter_card":"summary_large_image","twitter_misc":{"Est. reading time":"1 minute"},"schema":{"@context":"https:\/\/schema.org","@graph":[{"@type":"WebSite","@id":"https:\/\/linkside-communication.com\/#website","url":"https:\/\/linkside-communication.com\/","name":"Linkside Communication","description":"Invent\u00e9 pour un maximum de confort","potentialAction":[{"@type":"SearchAction","target":{"@type":"EntryPoint","urlTemplate":"https:\/\/linkside-communication.com\/?s={search_term_string}"},"query-input":"required name=search_term_string"}],"inLanguage":"en-US"},{"@type":"WebPage","@id":"https:\/\/linkside-communication.com\/index.php\/produit\/carte-de-fidelite-double-standard-2\/#webpage","url":"https:\/\/linkside-communication.com\/index.php\/produit\/carte-de-fidelite-double-standard-2\/","name":"Carte de fid\u00e9lit\u00e9 double standard - Linkside Communication","isPartOf":{"@id":"https:\/\/linkside-communication.com\/#website"},"datePublished":"2022-10-21T11:07:27+00:00","dateModified":"2022-11-02T15:48:32+00:00","breadcrumb":{"@id":"https:\/\/linkside-communication.com\/index.php\/produit\/carte-de-fidelite-double-standard-2\/#breadcrumb"},"inLanguage":"en-US","potentialAction":[{"@type":"ReadAction","target":["https:\/\/linkside-communication.com\/index.php\/produit\/carte-de-fidelite-double-standard-2\/"]}]},{"@type":"BreadcrumbList","@id":"https:\/\/linkside-communication.com\/index.php\/produit\/carte-de-fidelite-double-standard-2\/#breadcrumb","itemListElement":[{"@type":"ListItem","position":1,"name":"Accueil","item":"https:\/\/linkside-communication.com\/"},{"@type":"ListItem","position":2,"name":"Boutique","item":"https:\/\/linkside-communication.com\/index.php\/boutique\/"},{"@type":"ListItem","position":3,"name":"Carte de fid\u00e9lit\u00e9 double standard"}]}]}},"_links":{"self":[{"href":"https:\/\/linkside-communication.com\/index.php\/wp-json\/wp\/v2\/product\/3190"}],"collection":[{"href":"https:\/\/linkside-communication.com\/index.php\/wp-json\/wp\/v2\/product"}],"about":[{"href":"https:\/\/linkside-communication.com\/index.php\/wp-json\/wp\/v2\/types\/product"}],"replies":[{"embeddable":true,"href":"https:\/\/linkside-communication.com\/index.php\/wp-json\/wp\/v2\/comments?post=3190"}],"version-history":[{"count":1,"href":"https:\/\/linkside-communication.com\/index.php\/wp-json\/wp\/v2\/product\/3190\/revisions"}],"predecessor-version":[{"id":3191,"href":"https:\/\/linkside-communication.com\/index.php\/wp-json\/wp\/v2\/product\/3190\/revisions\/3191"}],"wp:attachment":[{"href":"https:\/\/linkside-communication.com\/index.php\/wp-json\/wp\/v2\/media?parent=3190"}],"wp:term":[{"taxonomy":"product_cat","embeddable":true,"href":"https:\/\/linkside-communication.com\/index.php\/wp-json\/wp\/v2\/product_cat?post=3190"},{"taxonomy":"product_tag","embeddable":true,"href":"https:\/\/linkside-communication.com\/index.php\/wp-json\/wp\/v2\/product_tag?post=3190"}],"curies":[{"name":"wp","href":"https:\/\/api.w.org\/{rel}","templated":true}]}}