{"id":3203,"date":"2022-10-21T14:38:41","date_gmt":"2022-10-21T12:38:41","guid":{"rendered":"https:\/\/linkside-communication.com\/?post_type=product&#038;p=3203"},"modified":"2022-10-27T11:42:33","modified_gmt":"2022-10-27T09:42:33","slug":"depliant-2-volets-ecologique-recycle","status":"publish","type":"product","link":"https:\/\/linkside-communication.com\/index.php\/produit\/depliant-2-volets-ecologique-recycle\/","title":{"rendered":"D\u00e9pliant 2 volets \u00e9cologique (recycl\u00e9)"},"content":{"rendered":"<p>Le d\u00e9pliant 2 volets permet la r\u00e9alisation d\u2019un document marketing plus complet qu\u2019un flyer.<\/p>\n<p>Ce d\u00e9pliant est parfait pour pr\u00e9senter une soci\u00e9t\u00e9, des offres, la carte d\u2019un restaurant. Cette plaquette commerciale est destin\u00e9e \u00e0 la distribution ou \u00e0 \u00eatre consult\u00e9 sur place dans le cas d\u2019une carte de cocktails dans un bar. Distribu\u00e9 en grand volume lors de salons professionnels, ou mis \u00e0 disposition des clients sur des pr\u00e9sentoirs, ce d\u00e9pliant 1 pli reste un excellent moyen de pr\u00e9senter une entreprise.<\/p>\n","protected":false},"excerpt":{"rendered":"<p>Le d\u00e9pliant est une alternative au flyer : un d\u00e9pliant permet d&#8217;int\u00e9grer plus d&#8217;\u00e9l\u00e9ments dans votre plaquette et de mani\u00e8re plus organis\u00e9e.<\/p>\n<p><strong>Nous vous proposons pour ce mod\u00e8le de d\u00e9pliant :\u00a0<\/strong><\/p>\n<ul>\n<li>Format : A6, A5, A4, DL<\/li>\n<li>Fa\u00e7onnage : 1 plis centrale<\/li>\n<li>Orientation : verticale ou horizontale<\/li>\n<li>Papier blanc recycl\u00e9<\/li>\n<li>Diff\u00e9rent grammage de papier (voir informations compl\u00e9mentaire ci dessous)<\/li>\n<li>Quantit\u00e9 minimum de 250 exemplaires<\/li>\n<\/ul>\n<p>&nbsp;<\/p>\n<p>&nbsp;<\/p>\n","protected":false},"featured_media":0,"comment_status":"closed","ping_status":"closed","template":"","meta":{"site-sidebar-layout":"default","site-content-layout":"default","ast-global-header-display":"","ast-main-header-display":"","ast-hfb-above-header-display":"","ast-hfb-below-header-display":"","ast-hfb-mobile-header-display":"","site-post-title":"","ast-breadcrumbs-content":"","ast-featured-img":"","footer-sml-layout":"","theme-transparent-header-meta":"default","adv-header-id-meta":"","stick-header-meta":"default","header-above-stick-meta":"","header-main-stick-meta":"","header-below-stick-meta":""},"product_cat":[249],"product_tag":[],"yoast_head":"<!-- This site is optimized with the Yoast SEO plugin v19.1 - https:\/\/yoast.com\/wordpress\/plugins\/seo\/ -->\n<title>D\u00e9pliant 2 volets \u00e9cologique (recycl\u00e9) - Linkside Communication<\/title>\n<meta name=\"robots\" content=\"index, follow, max-snippet:-1, max-image-preview:large, max-video-preview:-1\" \/>\n<link rel=\"canonical\" href=\"https:\/\/linkside-communication.com\/index.php\/produit\/depliant-2-volets-ecologique-recycle\/\" \/>\n<meta property=\"og:locale\" content=\"en_US\" \/>\n<meta property=\"og:type\" content=\"article\" \/>\n<meta property=\"og:title\" content=\"D\u00e9pliant 2 volets \u00e9cologique (recycl\u00e9) - Linkside Communication\" \/>\n<meta property=\"og:description\" content=\"Le d\u00e9pliant est une alternative au flyer : un d\u00e9pliant permet d&#039;int\u00e9grer plus d&#039;\u00e9l\u00e9ments dans votre plaquette et de mani\u00e8re plus organis\u00e9e.  Nous vous proposons pour ce mod\u00e8le de d\u00e9pliant :\u00a0   Format : A6, A5, A4, DL  Fa\u00e7onnage : 1 plis centrale  Orientation : verticale ou horizontale  Papier blanc recycl\u00e9  Diff\u00e9rent grammage de papier (voir informations compl\u00e9mentaire ci dessous)  Quantit\u00e9 minimum de 250 exemplaires  &nbsp;  &nbsp;\" \/>\n<meta property=\"og:url\" content=\"https:\/\/linkside-communication.com\/index.php\/produit\/depliant-2-volets-ecologique-recycle\/\" \/>\n<meta property=\"og:site_name\" content=\"Linkside Communication\" \/>\n<meta property=\"article:modified_time\" content=\"2022-10-27T09:42:33+00:00\" \/>\n<meta name=\"twitter:card\" content=\"summary_large_image\" \/>\n<meta name=\"twitter:label1\" content=\"Est. reading time\" \/>\n\t<meta name=\"twitter:data1\" content=\"1 minute\" \/>\n<script type=\"application\/ld+json\" class=\"yoast-schema-graph\">{\"@context\":\"https:\/\/schema.org\",\"@graph\":[{\"@type\":\"WebSite\",\"@id\":\"https:\/\/linkside-communication.com\/#website\",\"url\":\"https:\/\/linkside-communication.com\/\",\"name\":\"Linkside Communication\",\"description\":\"Invent\u00e9 pour un maximum de confort\",\"potentialAction\":[{\"@type\":\"SearchAction\",\"target\":{\"@type\":\"EntryPoint\",\"urlTemplate\":\"https:\/\/linkside-communication.com\/?s={search_term_string}\"},\"query-input\":\"required name=search_term_string\"}],\"inLanguage\":\"en-US\"},{\"@type\":\"WebPage\",\"@id\":\"https:\/\/linkside-communication.com\/index.php\/produit\/depliant-2-volets-ecologique-recycle\/#webpage\",\"url\":\"https:\/\/linkside-communication.com\/index.php\/produit\/depliant-2-volets-ecologique-recycle\/\",\"name\":\"D\u00e9pliant 2 volets \u00e9cologique (recycl\u00e9) - Linkside Communication\",\"isPartOf\":{\"@id\":\"https:\/\/linkside-communication.com\/#website\"},\"datePublished\":\"2022-10-21T12:38:41+00:00\",\"dateModified\":\"2022-10-27T09:42:33+00:00\",\"breadcrumb\":{\"@id\":\"https:\/\/linkside-communication.com\/index.php\/produit\/depliant-2-volets-ecologique-recycle\/#breadcrumb\"},\"inLanguage\":\"en-US\",\"potentialAction\":[{\"@type\":\"ReadAction\",\"target\":[\"https:\/\/linkside-communication.com\/index.php\/produit\/depliant-2-volets-ecologique-recycle\/\"]}]},{\"@type\":\"BreadcrumbList\",\"@id\":\"https:\/\/linkside-communication.com\/index.php\/produit\/depliant-2-volets-ecologique-recycle\/#breadcrumb\",\"itemListElement\":[{\"@type\":\"ListItem\",\"position\":1,\"name\":\"Accueil\",\"item\":\"https:\/\/linkside-communication.com\/\"},{\"@type\":\"ListItem\",\"position\":2,\"name\":\"Boutique\",\"item\":\"https:\/\/linkside-communication.com\/index.php\/boutique\/\"},{\"@type\":\"ListItem\",\"position\":3,\"name\":\"D\u00e9pliant 2 volets \u00e9cologique (recycl\u00e9)\"}]}]}<\/script>\n<!-- \/ Yoast SEO plugin. -->","yoast_head_json":{"title":"D\u00e9pliant 2 volets \u00e9cologique (recycl\u00e9) - Linkside Communication","robots":{"index":"index","follow":"follow","max-snippet":"max-snippet:-1","max-image-preview":"max-image-preview:large","max-video-preview":"max-video-preview:-1"},"canonical":"https:\/\/linkside-communication.com\/index.php\/produit\/depliant-2-volets-ecologique-recycle\/","og_locale":"en_US","og_type":"article","og_title":"D\u00e9pliant 2 volets \u00e9cologique (recycl\u00e9) - Linkside Communication","og_description":"Le d\u00e9pliant est une alternative au flyer : un d\u00e9pliant permet d'int\u00e9grer plus d'\u00e9l\u00e9ments dans votre plaquette et de mani\u00e8re plus organis\u00e9e.  Nous vous proposons pour ce mod\u00e8le de d\u00e9pliant :\u00a0   Format : A6, A5, A4, DL  Fa\u00e7onnage : 1 plis centrale  Orientation : verticale ou horizontale  Papier blanc recycl\u00e9  Diff\u00e9rent grammage de papier (voir informations compl\u00e9mentaire ci dessous)  Quantit\u00e9 minimum de 250 exemplaires  &nbsp;  &nbsp;","og_url":"https:\/\/linkside-communication.com\/index.php\/produit\/depliant-2-volets-ecologique-recycle\/","og_site_name":"Linkside Communication","article_modified_time":"2022-10-27T09:42:33+00:00","twitter_card":"summary_large_image","twitter_misc":{"Est. reading time":"1 minute"},"schema":{"@context":"https:\/\/schema.org","@graph":[{"@type":"WebSite","@id":"https:\/\/linkside-communication.com\/#website","url":"https:\/\/linkside-communication.com\/","name":"Linkside Communication","description":"Invent\u00e9 pour un maximum de confort","potentialAction":[{"@type":"SearchAction","target":{"@type":"EntryPoint","urlTemplate":"https:\/\/linkside-communication.com\/?s={search_term_string}"},"query-input":"required name=search_term_string"}],"inLanguage":"en-US"},{"@type":"WebPage","@id":"https:\/\/linkside-communication.com\/index.php\/produit\/depliant-2-volets-ecologique-recycle\/#webpage","url":"https:\/\/linkside-communication.com\/index.php\/produit\/depliant-2-volets-ecologique-recycle\/","name":"D\u00e9pliant 2 volets \u00e9cologique (recycl\u00e9) - Linkside Communication","isPartOf":{"@id":"https:\/\/linkside-communication.com\/#website"},"datePublished":"2022-10-21T12:38:41+00:00","dateModified":"2022-10-27T09:42:33+00:00","breadcrumb":{"@id":"https:\/\/linkside-communication.com\/index.php\/produit\/depliant-2-volets-ecologique-recycle\/#breadcrumb"},"inLanguage":"en-US","potentialAction":[{"@type":"ReadAction","target":["https:\/\/linkside-communication.com\/index.php\/produit\/depliant-2-volets-ecologique-recycle\/"]}]},{"@type":"BreadcrumbList","@id":"https:\/\/linkside-communication.com\/index.php\/produit\/depliant-2-volets-ecologique-recycle\/#breadcrumb","itemListElement":[{"@type":"ListItem","position":1,"name":"Accueil","item":"https:\/\/linkside-communication.com\/"},{"@type":"ListItem","position":2,"name":"Boutique","item":"https:\/\/linkside-communication.com\/index.php\/boutique\/"},{"@type":"ListItem","position":3,"name":"D\u00e9pliant 2 volets \u00e9cologique (recycl\u00e9)"}]}]}},"_links":{"self":[{"href":"https:\/\/linkside-communication.com\/index.php\/wp-json\/wp\/v2\/product\/3203"}],"collection":[{"href":"https:\/\/linkside-communication.com\/index.php\/wp-json\/wp\/v2\/product"}],"about":[{"href":"https:\/\/linkside-communication.com\/index.php\/wp-json\/wp\/v2\/types\/product"}],"replies":[{"embeddable":true,"href":"https:\/\/linkside-communication.com\/index.php\/wp-json\/wp\/v2\/comments?post=3203"}],"version-history":[{"count":3,"href":"https:\/\/linkside-communication.com\/index.php\/wp-json\/wp\/v2\/product\/3203\/revisions"}],"predecessor-version":[{"id":3220,"href":"https:\/\/linkside-communication.com\/index.php\/wp-json\/wp\/v2\/product\/3203\/revisions\/3220"}],"wp:attachment":[{"href":"https:\/\/linkside-communication.com\/index.php\/wp-json\/wp\/v2\/media?parent=3203"}],"wp:term":[{"taxonomy":"product_cat","embeddable":true,"href":"https:\/\/linkside-communication.com\/index.php\/wp-json\/wp\/v2\/product_cat?post=3203"},{"taxonomy":"product_tag","embeddable":true,"href":"https:\/\/linkside-communication.com\/index.php\/wp-json\/wp\/v2\/product_tag?post=3203"}],"curies":[{"name":"wp","href":"https:\/\/api.w.org\/{rel}","templated":true}]}}