{"id":3205,"date":"2022-10-21T14:42:20","date_gmt":"2022-10-21T12:42:20","guid":{"rendered":"https:\/\/linkside-communication.com\/?post_type=product&#038;p=3205"},"modified":"2022-10-27T11:40:35","modified_gmt":"2022-10-27T09:40:35","slug":"depliant-2-volets-standard-copie","status":"publish","type":"product","link":"https:\/\/linkside-communication.com\/index.php\/produit\/depliant-2-volets-standard-copie\/","title":{"rendered":"D\u00e9pliant 3 volets standard"},"content":{"rendered":"<p>Votre d\u00e9pliant 3 volet est l&#8217;outil de communication pour pr\u00e9senter un nouveau produit ou service de votre soci\u00e9t\u00e9. Le d\u00e9pliant 3 volets s\u2019av\u00e8re un bon support publicitaire pour mettre en avant vos comp\u00e9tences professionnelles.<\/p>\n<p>Parmi, les diff\u00e9rents support, le d\u00e9pliant 2 plis est, sans doute, le support de communication le plus classique et le plus pratique. Le d\u00e9pliant 3 volets A5 (145 X 210mm) se pr\u00eate parfaitement pour pr\u00e9senter la carte de soins d\u2019un salon d\u2019esth\u00e9tique, les sp\u00e9cialit\u00e9s de dessert d\u2019un p\u00e2tissier ou un nouveau produit industriel.<\/p>\n","protected":false},"excerpt":{"rendered":"<p>Le d\u00e9pliant est une alternative au flyer : un d\u00e9pliant permet d&#8217;int\u00e9grer plus d&#8217;\u00e9l\u00e9ments dans votre plaquette et de mani\u00e8re plus organis\u00e9e.<\/p>\n<p><strong>Nous vous proposons pour ce mod\u00e8le de d\u00e9pliant :\u00a0<\/strong><\/p>\n<ul>\n<li>Format : A6, A5, A4, DL, A7<\/li>\n<li>Orientation : verticale ou horizontale<\/li>\n<li>Fa\u00e7onnage : 2 pls roul\u00e9 ou deux plis accord\u00e9on<\/li>\n<li>Diff\u00e9rent grammage de papier (voir informations compl\u00e9mentaire ci dessous)<\/li>\n<li>Quantit\u00e9 minimum de 250 exemplaires<\/li>\n<\/ul>\n<p>&nbsp;<\/p>\n<p>&nbsp;<\/p>\n","protected":false},"featured_media":0,"comment_status":"closed","ping_status":"closed","template":"","meta":{"site-sidebar-layout":"default","site-content-layout":"default","ast-global-header-display":"","ast-main-header-display":"","ast-hfb-above-header-display":"","ast-hfb-below-header-display":"","ast-hfb-mobile-header-display":"","site-post-title":"","ast-breadcrumbs-content":"","ast-featured-img":"","footer-sml-layout":"","theme-transparent-header-meta":"default","adv-header-id-meta":"","stick-header-meta":"default","header-above-stick-meta":"","header-main-stick-meta":"","header-below-stick-meta":""},"product_cat":[249],"product_tag":[],"yoast_head":"<!-- This site is optimized with the Yoast SEO plugin v19.1 - https:\/\/yoast.com\/wordpress\/plugins\/seo\/ -->\n<title>D\u00e9pliant 3 volets standard - Linkside Communication<\/title>\n<meta name=\"robots\" content=\"index, follow, max-snippet:-1, max-image-preview:large, max-video-preview:-1\" \/>\n<link rel=\"canonical\" href=\"https:\/\/linkside-communication.com\/index.php\/produit\/depliant-2-volets-standard-copie\/\" \/>\n<meta property=\"og:locale\" content=\"en_US\" \/>\n<meta property=\"og:type\" content=\"article\" \/>\n<meta property=\"og:title\" content=\"D\u00e9pliant 3 volets standard - Linkside Communication\" \/>\n<meta property=\"og:description\" content=\"Le d\u00e9pliant est une alternative au flyer : un d\u00e9pliant permet d&#039;int\u00e9grer plus d&#039;\u00e9l\u00e9ments dans votre plaquette et de mani\u00e8re plus organis\u00e9e.  Nous vous proposons pour ce mod\u00e8le de d\u00e9pliant :\u00a0   Format : A6, A5, A4, DL, A7  Orientation : verticale ou horizontale  Fa\u00e7onnage : 2 pls roul\u00e9 ou deux plis accord\u00e9on  Diff\u00e9rent grammage de papier (voir informations compl\u00e9mentaire ci dessous)  Quantit\u00e9 minimum de 250 exemplaires  &nbsp;  &nbsp;\" \/>\n<meta property=\"og:url\" content=\"https:\/\/linkside-communication.com\/index.php\/produit\/depliant-2-volets-standard-copie\/\" \/>\n<meta property=\"og:site_name\" content=\"Linkside Communication\" \/>\n<meta property=\"article:modified_time\" content=\"2022-10-27T09:40:35+00:00\" \/>\n<meta name=\"twitter:card\" content=\"summary_large_image\" \/>\n<meta name=\"twitter:label1\" content=\"Est. reading time\" \/>\n\t<meta name=\"twitter:data1\" content=\"1 minute\" \/>\n<script type=\"application\/ld+json\" class=\"yoast-schema-graph\">{\"@context\":\"https:\/\/schema.org\",\"@graph\":[{\"@type\":\"WebSite\",\"@id\":\"https:\/\/linkside-communication.com\/#website\",\"url\":\"https:\/\/linkside-communication.com\/\",\"name\":\"Linkside Communication\",\"description\":\"Invent\u00e9 pour un maximum de confort\",\"potentialAction\":[{\"@type\":\"SearchAction\",\"target\":{\"@type\":\"EntryPoint\",\"urlTemplate\":\"https:\/\/linkside-communication.com\/?s={search_term_string}\"},\"query-input\":\"required name=search_term_string\"}],\"inLanguage\":\"en-US\"},{\"@type\":\"WebPage\",\"@id\":\"https:\/\/linkside-communication.com\/index.php\/produit\/depliant-2-volets-standard-copie\/#webpage\",\"url\":\"https:\/\/linkside-communication.com\/index.php\/produit\/depliant-2-volets-standard-copie\/\",\"name\":\"D\u00e9pliant 3 volets standard - Linkside Communication\",\"isPartOf\":{\"@id\":\"https:\/\/linkside-communication.com\/#website\"},\"datePublished\":\"2022-10-21T12:42:20+00:00\",\"dateModified\":\"2022-10-27T09:40:35+00:00\",\"breadcrumb\":{\"@id\":\"https:\/\/linkside-communication.com\/index.php\/produit\/depliant-2-volets-standard-copie\/#breadcrumb\"},\"inLanguage\":\"en-US\",\"potentialAction\":[{\"@type\":\"ReadAction\",\"target\":[\"https:\/\/linkside-communication.com\/index.php\/produit\/depliant-2-volets-standard-copie\/\"]}]},{\"@type\":\"BreadcrumbList\",\"@id\":\"https:\/\/linkside-communication.com\/index.php\/produit\/depliant-2-volets-standard-copie\/#breadcrumb\",\"itemListElement\":[{\"@type\":\"ListItem\",\"position\":1,\"name\":\"Accueil\",\"item\":\"https:\/\/linkside-communication.com\/\"},{\"@type\":\"ListItem\",\"position\":2,\"name\":\"Boutique\",\"item\":\"https:\/\/linkside-communication.com\/index.php\/boutique\/\"},{\"@type\":\"ListItem\",\"position\":3,\"name\":\"D\u00e9pliant 3 volets standard\"}]}]}<\/script>\n<!-- \/ Yoast SEO plugin. -->","yoast_head_json":{"title":"D\u00e9pliant 3 volets standard - Linkside Communication","robots":{"index":"index","follow":"follow","max-snippet":"max-snippet:-1","max-image-preview":"max-image-preview:large","max-video-preview":"max-video-preview:-1"},"canonical":"https:\/\/linkside-communication.com\/index.php\/produit\/depliant-2-volets-standard-copie\/","og_locale":"en_US","og_type":"article","og_title":"D\u00e9pliant 3 volets standard - Linkside Communication","og_description":"Le d\u00e9pliant est une alternative au flyer : un d\u00e9pliant permet d'int\u00e9grer plus d'\u00e9l\u00e9ments dans votre plaquette et de mani\u00e8re plus organis\u00e9e.  Nous vous proposons pour ce mod\u00e8le de d\u00e9pliant :\u00a0   Format : A6, A5, A4, DL, A7  Orientation : verticale ou horizontale  Fa\u00e7onnage : 2 pls roul\u00e9 ou deux plis accord\u00e9on  Diff\u00e9rent grammage de papier (voir informations compl\u00e9mentaire ci dessous)  Quantit\u00e9 minimum de 250 exemplaires  &nbsp;  &nbsp;","og_url":"https:\/\/linkside-communication.com\/index.php\/produit\/depliant-2-volets-standard-copie\/","og_site_name":"Linkside Communication","article_modified_time":"2022-10-27T09:40:35+00:00","twitter_card":"summary_large_image","twitter_misc":{"Est. reading time":"1 minute"},"schema":{"@context":"https:\/\/schema.org","@graph":[{"@type":"WebSite","@id":"https:\/\/linkside-communication.com\/#website","url":"https:\/\/linkside-communication.com\/","name":"Linkside Communication","description":"Invent\u00e9 pour un maximum de confort","potentialAction":[{"@type":"SearchAction","target":{"@type":"EntryPoint","urlTemplate":"https:\/\/linkside-communication.com\/?s={search_term_string}"},"query-input":"required name=search_term_string"}],"inLanguage":"en-US"},{"@type":"WebPage","@id":"https:\/\/linkside-communication.com\/index.php\/produit\/depliant-2-volets-standard-copie\/#webpage","url":"https:\/\/linkside-communication.com\/index.php\/produit\/depliant-2-volets-standard-copie\/","name":"D\u00e9pliant 3 volets standard - Linkside Communication","isPartOf":{"@id":"https:\/\/linkside-communication.com\/#website"},"datePublished":"2022-10-21T12:42:20+00:00","dateModified":"2022-10-27T09:40:35+00:00","breadcrumb":{"@id":"https:\/\/linkside-communication.com\/index.php\/produit\/depliant-2-volets-standard-copie\/#breadcrumb"},"inLanguage":"en-US","potentialAction":[{"@type":"ReadAction","target":["https:\/\/linkside-communication.com\/index.php\/produit\/depliant-2-volets-standard-copie\/"]}]},{"@type":"BreadcrumbList","@id":"https:\/\/linkside-communication.com\/index.php\/produit\/depliant-2-volets-standard-copie\/#breadcrumb","itemListElement":[{"@type":"ListItem","position":1,"name":"Accueil","item":"https:\/\/linkside-communication.com\/"},{"@type":"ListItem","position":2,"name":"Boutique","item":"https:\/\/linkside-communication.com\/index.php\/boutique\/"},{"@type":"ListItem","position":3,"name":"D\u00e9pliant 3 volets standard"}]}]}},"_links":{"self":[{"href":"https:\/\/linkside-communication.com\/index.php\/wp-json\/wp\/v2\/product\/3205"}],"collection":[{"href":"https:\/\/linkside-communication.com\/index.php\/wp-json\/wp\/v2\/product"}],"about":[{"href":"https:\/\/linkside-communication.com\/index.php\/wp-json\/wp\/v2\/types\/product"}],"replies":[{"embeddable":true,"href":"https:\/\/linkside-communication.com\/index.php\/wp-json\/wp\/v2\/comments?post=3205"}],"version-history":[{"count":3,"href":"https:\/\/linkside-communication.com\/index.php\/wp-json\/wp\/v2\/product\/3205\/revisions"}],"predecessor-version":[{"id":3211,"href":"https:\/\/linkside-communication.com\/index.php\/wp-json\/wp\/v2\/product\/3205\/revisions\/3211"}],"wp:attachment":[{"href":"https:\/\/linkside-communication.com\/index.php\/wp-json\/wp\/v2\/media?parent=3205"}],"wp:term":[{"taxonomy":"product_cat","embeddable":true,"href":"https:\/\/linkside-communication.com\/index.php\/wp-json\/wp\/v2\/product_cat?post=3205"},{"taxonomy":"product_tag","embeddable":true,"href":"https:\/\/linkside-communication.com\/index.php\/wp-json\/wp\/v2\/product_tag?post=3205"}],"curies":[{"name":"wp","href":"https:\/\/api.w.org\/{rel}","templated":true}]}}