{"id":3265,"date":"2022-10-27T15:05:06","date_gmt":"2022-10-27T13:05:06","guid":{"rendered":"https:\/\/linkside-communication.com\/?post_type=product&#038;p=3265"},"modified":"2024-08-09T21:03:56","modified_gmt":"2024-08-09T19:03:56","slug":"chemise-sans-rabats","status":"publish","type":"product","link":"https:\/\/linkside-communication.com\/index.php\/produit\/chemise-sans-rabats\/","title":{"rendered":"Chemise sans rabats standard"},"content":{"rendered":"<p>Une chemise est un support de communication permettant de regrouper vos documents professionnels : devis, contrats, plaquettes de pr\u00e9sentations&#8230;<\/p>\n<p>Elle est le reflet de votre entreprise, de votre image et de votre professionnalisme. Elle permettra de v\u00e9hiculer une image s\u00e9rieuse aupr\u00e8s de votre client\u00e8le et prospect. Elle fournira en votre nom tout les documents commerciaux.<\/p>\n","protected":false},"excerpt":{"rendered":"<p>Le porte document marketing !<\/p>\n<p>Elle vous servira \u00e0 joindre les documents que vous souhaitez communiquer \u00e0 vos prospects ou \u00e0 vos clients de fa\u00e7on organis\u00e9e et professionnelle.<\/p>\n<p><strong>Nous vous proposons pour ce mod\u00e8le de chemise \u00e0 rabat :\u00a0<\/strong><\/p>\n<ul>\n<li>Format : A4<\/li>\n<li>Orientation : portrait ou paysage<\/li>\n<li>Capacit\u00e9 : 1, 5, 10 mm<\/li>\n<li>Fa\u00e7onnage : sans ou avec perforation pour feuille \u00e0 ins\u00e9rer<\/li>\n<li>Papier mat ou brillant : 350 gr, 300 gr offset non couch\u00e9<\/li>\n<li>Impression : recto seul ou recto\/verso<\/li>\n<li>couleur : quadri<\/li>\n<li>quantit\u00e9 minimum 25 exemplaires<\/li>\n<\/ul>\n","protected":false},"featured_media":0,"comment_status":"open","ping_status":"closed","template":"","meta":{"site-sidebar-layout":"default","site-content-layout":"default","ast-global-header-display":"","ast-main-header-display":"","ast-hfb-above-header-display":"","ast-hfb-below-header-display":"","ast-hfb-mobile-header-display":"","site-post-title":"","ast-breadcrumbs-content":"","ast-featured-img":"","footer-sml-layout":"","theme-transparent-header-meta":"default","adv-header-id-meta":"","stick-header-meta":"default","header-above-stick-meta":"","header-main-stick-meta":"","header-below-stick-meta":""},"product_cat":[251],"product_tag":[],"yoast_head":"<!-- This site is optimized with the Yoast SEO plugin v19.1 - https:\/\/yoast.com\/wordpress\/plugins\/seo\/ -->\n<title>Chemise sans rabats standard - Linkside Communication<\/title>\n<meta name=\"robots\" content=\"index, follow, max-snippet:-1, max-image-preview:large, max-video-preview:-1\" \/>\n<link rel=\"canonical\" href=\"https:\/\/linkside-communication.com\/index.php\/produit\/chemise-sans-rabats\/\" \/>\n<meta property=\"og:locale\" content=\"en_US\" \/>\n<meta property=\"og:type\" content=\"article\" \/>\n<meta property=\"og:title\" content=\"Chemise sans rabats standard - Linkside Communication\" \/>\n<meta property=\"og:description\" content=\"Le porte document marketing !  Elle vous servira \u00e0 joindre les documents que vous souhaitez communiquer \u00e0 vos prospects ou \u00e0 vos clients de fa\u00e7on organis\u00e9e et professionnelle.  Nous vous proposons pour ce mod\u00e8le de chemise \u00e0 rabat :\u00a0   Format : A4  Orientation : portrait ou paysage  Capacit\u00e9 : 1, 5, 10 mm  Fa\u00e7onnage : sans ou avec perforation pour feuille \u00e0 ins\u00e9rer  Papier mat ou brillant : 350 gr, 300 gr offset non couch\u00e9  Impression : recto seul ou recto\/verso  couleur : quadri  quantit\u00e9 minimum 25 exemplaires\" \/>\n<meta property=\"og:url\" content=\"https:\/\/linkside-communication.com\/index.php\/produit\/chemise-sans-rabats\/\" \/>\n<meta property=\"og:site_name\" content=\"Linkside Communication\" \/>\n<meta property=\"article:modified_time\" content=\"2024-08-09T19:03:56+00:00\" \/>\n<meta name=\"twitter:card\" content=\"summary_large_image\" \/>\n<meta name=\"twitter:label1\" content=\"Est. reading time\" \/>\n\t<meta name=\"twitter:data1\" content=\"1 minute\" \/>\n<script type=\"application\/ld+json\" class=\"yoast-schema-graph\">{\"@context\":\"https:\/\/schema.org\",\"@graph\":[{\"@type\":\"WebSite\",\"@id\":\"https:\/\/linkside-communication.com\/#website\",\"url\":\"https:\/\/linkside-communication.com\/\",\"name\":\"Linkside Communication\",\"description\":\"Invent\u00e9 pour un maximum de confort\",\"potentialAction\":[{\"@type\":\"SearchAction\",\"target\":{\"@type\":\"EntryPoint\",\"urlTemplate\":\"https:\/\/linkside-communication.com\/?s={search_term_string}\"},\"query-input\":\"required name=search_term_string\"}],\"inLanguage\":\"en-US\"},{\"@type\":\"WebPage\",\"@id\":\"https:\/\/linkside-communication.com\/index.php\/produit\/chemise-sans-rabats\/#webpage\",\"url\":\"https:\/\/linkside-communication.com\/index.php\/produit\/chemise-sans-rabats\/\",\"name\":\"Chemise sans rabats standard - Linkside Communication\",\"isPartOf\":{\"@id\":\"https:\/\/linkside-communication.com\/#website\"},\"datePublished\":\"2022-10-27T13:05:06+00:00\",\"dateModified\":\"2024-08-09T19:03:56+00:00\",\"breadcrumb\":{\"@id\":\"https:\/\/linkside-communication.com\/index.php\/produit\/chemise-sans-rabats\/#breadcrumb\"},\"inLanguage\":\"en-US\",\"potentialAction\":[{\"@type\":\"ReadAction\",\"target\":[\"https:\/\/linkside-communication.com\/index.php\/produit\/chemise-sans-rabats\/\"]}]},{\"@type\":\"BreadcrumbList\",\"@id\":\"https:\/\/linkside-communication.com\/index.php\/produit\/chemise-sans-rabats\/#breadcrumb\",\"itemListElement\":[{\"@type\":\"ListItem\",\"position\":1,\"name\":\"Accueil\",\"item\":\"https:\/\/linkside-communication.com\/\"},{\"@type\":\"ListItem\",\"position\":2,\"name\":\"Boutique\",\"item\":\"https:\/\/linkside-communication.com\/index.php\/boutique\/\"},{\"@type\":\"ListItem\",\"position\":3,\"name\":\"Chemise sans rabats standard\"}]}]}<\/script>\n<!-- \/ Yoast SEO plugin. -->","yoast_head_json":{"title":"Chemise sans rabats standard - Linkside Communication","robots":{"index":"index","follow":"follow","max-snippet":"max-snippet:-1","max-image-preview":"max-image-preview:large","max-video-preview":"max-video-preview:-1"},"canonical":"https:\/\/linkside-communication.com\/index.php\/produit\/chemise-sans-rabats\/","og_locale":"en_US","og_type":"article","og_title":"Chemise sans rabats standard - Linkside Communication","og_description":"Le porte document marketing !  Elle vous servira \u00e0 joindre les documents que vous souhaitez communiquer \u00e0 vos prospects ou \u00e0 vos clients de fa\u00e7on organis\u00e9e et professionnelle.  Nous vous proposons pour ce mod\u00e8le de chemise \u00e0 rabat :\u00a0   Format : A4  Orientation : portrait ou paysage  Capacit\u00e9 : 1, 5, 10 mm  Fa\u00e7onnage : sans ou avec perforation pour feuille \u00e0 ins\u00e9rer  Papier mat ou brillant : 350 gr, 300 gr offset non couch\u00e9  Impression : recto seul ou recto\/verso  couleur : quadri  quantit\u00e9 minimum 25 exemplaires","og_url":"https:\/\/linkside-communication.com\/index.php\/produit\/chemise-sans-rabats\/","og_site_name":"Linkside Communication","article_modified_time":"2024-08-09T19:03:56+00:00","twitter_card":"summary_large_image","twitter_misc":{"Est. reading time":"1 minute"},"schema":{"@context":"https:\/\/schema.org","@graph":[{"@type":"WebSite","@id":"https:\/\/linkside-communication.com\/#website","url":"https:\/\/linkside-communication.com\/","name":"Linkside Communication","description":"Invent\u00e9 pour un maximum de confort","potentialAction":[{"@type":"SearchAction","target":{"@type":"EntryPoint","urlTemplate":"https:\/\/linkside-communication.com\/?s={search_term_string}"},"query-input":"required name=search_term_string"}],"inLanguage":"en-US"},{"@type":"WebPage","@id":"https:\/\/linkside-communication.com\/index.php\/produit\/chemise-sans-rabats\/#webpage","url":"https:\/\/linkside-communication.com\/index.php\/produit\/chemise-sans-rabats\/","name":"Chemise sans rabats standard - Linkside Communication","isPartOf":{"@id":"https:\/\/linkside-communication.com\/#website"},"datePublished":"2022-10-27T13:05:06+00:00","dateModified":"2024-08-09T19:03:56+00:00","breadcrumb":{"@id":"https:\/\/linkside-communication.com\/index.php\/produit\/chemise-sans-rabats\/#breadcrumb"},"inLanguage":"en-US","potentialAction":[{"@type":"ReadAction","target":["https:\/\/linkside-communication.com\/index.php\/produit\/chemise-sans-rabats\/"]}]},{"@type":"BreadcrumbList","@id":"https:\/\/linkside-communication.com\/index.php\/produit\/chemise-sans-rabats\/#breadcrumb","itemListElement":[{"@type":"ListItem","position":1,"name":"Accueil","item":"https:\/\/linkside-communication.com\/"},{"@type":"ListItem","position":2,"name":"Boutique","item":"https:\/\/linkside-communication.com\/index.php\/boutique\/"},{"@type":"ListItem","position":3,"name":"Chemise sans rabats standard"}]}]}},"_links":{"self":[{"href":"https:\/\/linkside-communication.com\/index.php\/wp-json\/wp\/v2\/product\/3265"}],"collection":[{"href":"https:\/\/linkside-communication.com\/index.php\/wp-json\/wp\/v2\/product"}],"about":[{"href":"https:\/\/linkside-communication.com\/index.php\/wp-json\/wp\/v2\/types\/product"}],"replies":[{"embeddable":true,"href":"https:\/\/linkside-communication.com\/index.php\/wp-json\/wp\/v2\/comments?post=3265"}],"version-history":[{"count":2,"href":"https:\/\/linkside-communication.com\/index.php\/wp-json\/wp\/v2\/product\/3265\/revisions"}],"predecessor-version":[{"id":3267,"href":"https:\/\/linkside-communication.com\/index.php\/wp-json\/wp\/v2\/product\/3265\/revisions\/3267"}],"wp:attachment":[{"href":"https:\/\/linkside-communication.com\/index.php\/wp-json\/wp\/v2\/media?parent=3265"}],"wp:term":[{"taxonomy":"product_cat","embeddable":true,"href":"https:\/\/linkside-communication.com\/index.php\/wp-json\/wp\/v2\/product_cat?post=3265"},{"taxonomy":"product_tag","embeddable":true,"href":"https:\/\/linkside-communication.com\/index.php\/wp-json\/wp\/v2\/product_tag?post=3265"}],"curies":[{"name":"wp","href":"https:\/\/api.w.org\/{rel}","templated":true}]}}