{"id":3274,"date":"2022-10-27T16:02:20","date_gmt":"2022-10-27T14:02:20","guid":{"rendered":"https:\/\/linkside-communication.com\/?post_type=product&#038;p=3274"},"modified":"2022-10-27T16:03:39","modified_gmt":"2022-10-27T14:03:39","slug":"baches-m1-anti-feu","status":"publish","type":"product","link":"https:\/\/linkside-communication.com\/index.php\/produit\/baches-m1-anti-feu\/","title":{"rendered":"B\u00e2ches M1 anti feu"},"content":{"rendered":"<p>La b\u00e2ches est un support tr\u00e8s utilis\u00e9 dans la communication. En effet cet outil tr\u00e8s visible peu \u00eatre utilis\u00e9 en int\u00e9rieur comme en ext\u00e9rieur. La r\u00e9sistance de ce produit en fait un outil de qualit\u00e9 et \u00e9conomique.<\/p>\n<p>La b\u00e2che \u00a0est un support pouvant \u00eatre utilis\u00e9 dans plusieurs \u00e9v\u00e8nements : salons, festivals, lancements de produits&#8230;<\/p>\n","protected":false},"excerpt":{"rendered":"<p>Ce support de communication vous sera utile dans vos promotions devant votre commerce, en habillage de fa\u00e7ade, affichage indoor sur les salons, stands, foires et expositions.<\/p>\n<p><strong>Nous vous proposons pour ces mod\u00e8le de b\u00e2ches :<\/strong><\/p>\n<ul>\n<li>Support : 450 g\/m2 ignifug\u00e9e<\/li>\n<li>impression : quadri recto seul<\/li>\n<li>Oeillet : sans, sur tout le p\u00e9rim\u00e8tre, 4 angles, \u00a0angles sup\u00e9rieurs, en haut, en bas, c\u00f4t\u00e9 gauche, c\u00f4t\u00e9 droit, en haut et en bas, c\u00f4t\u00e9s gauche et droit<\/li>\n<li>Ourlet : sans, renfort du p\u00e9rim\u00e8tre, renfort c\u00f4t\u00e9s gauche et droit, renfort en haut et en bas, renfort en haut, renfort en bas<\/li>\n<li>Fourreau : sans, en haut et en bas, \u00e0 droite et \u00e0 gauche, en haut uniquement, en bas uniquement<\/li>\n<\/ul>\n","protected":false},"featured_media":0,"comment_status":"closed","ping_status":"closed","template":"","meta":{"site-sidebar-layout":"default","site-content-layout":"default","ast-global-header-display":"","ast-main-header-display":"","ast-hfb-above-header-display":"","ast-hfb-below-header-display":"","ast-hfb-mobile-header-display":"","site-post-title":"","ast-breadcrumbs-content":"","ast-featured-img":"","footer-sml-layout":"","theme-transparent-header-meta":"default","adv-header-id-meta":"","stick-header-meta":"default","header-above-stick-meta":"","header-main-stick-meta":"","header-below-stick-meta":""},"product_cat":[252],"product_tag":[],"yoast_head":"<!-- This site is optimized with the Yoast SEO plugin v19.1 - https:\/\/yoast.com\/wordpress\/plugins\/seo\/ -->\n<title>B\u00e2ches M1 anti feu - Linkside Communication<\/title>\n<meta name=\"robots\" content=\"index, follow, max-snippet:-1, max-image-preview:large, max-video-preview:-1\" \/>\n<link rel=\"canonical\" href=\"https:\/\/linkside-communication.com\/index.php\/produit\/baches-m1-anti-feu\/\" \/>\n<meta property=\"og:locale\" content=\"en_US\" \/>\n<meta property=\"og:type\" content=\"article\" \/>\n<meta property=\"og:title\" content=\"B\u00e2ches M1 anti feu - Linkside Communication\" \/>\n<meta property=\"og:description\" content=\"Ce support de communication vous sera utile dans vos promotions devant votre commerce, en habillage de fa\u00e7ade, affichage indoor sur les salons, stands, foires et expositions.  Nous vous proposons pour ces mod\u00e8le de b\u00e2ches :   Support : 450 g\/m2 ignifug\u00e9e  impression : quadri recto seul  Oeillet : sans, sur tout le p\u00e9rim\u00e8tre, 4 angles, \u00a0angles sup\u00e9rieurs, en haut, en bas, c\u00f4t\u00e9 gauche, c\u00f4t\u00e9 droit, en haut et en bas, c\u00f4t\u00e9s gauche et droit  Ourlet : sans, renfort du p\u00e9rim\u00e8tre, renfort c\u00f4t\u00e9s gauche et droit, renfort en haut et en bas, renfort en haut, renfort en bas  Fourreau : sans, en haut et en bas, \u00e0 droite et \u00e0 gauche, en haut uniquement, en bas uniquement\" \/>\n<meta property=\"og:url\" content=\"https:\/\/linkside-communication.com\/index.php\/produit\/baches-m1-anti-feu\/\" \/>\n<meta property=\"og:site_name\" content=\"Linkside Communication\" \/>\n<meta property=\"article:modified_time\" content=\"2022-10-27T14:03:39+00:00\" \/>\n<meta name=\"twitter:card\" content=\"summary_large_image\" \/>\n<meta name=\"twitter:label1\" content=\"Est. reading time\" \/>\n\t<meta name=\"twitter:data1\" content=\"1 minute\" \/>\n<script type=\"application\/ld+json\" class=\"yoast-schema-graph\">{\"@context\":\"https:\/\/schema.org\",\"@graph\":[{\"@type\":\"WebSite\",\"@id\":\"https:\/\/linkside-communication.com\/#website\",\"url\":\"https:\/\/linkside-communication.com\/\",\"name\":\"Linkside Communication\",\"description\":\"Invent\u00e9 pour un maximum de confort\",\"potentialAction\":[{\"@type\":\"SearchAction\",\"target\":{\"@type\":\"EntryPoint\",\"urlTemplate\":\"https:\/\/linkside-communication.com\/?s={search_term_string}\"},\"query-input\":\"required name=search_term_string\"}],\"inLanguage\":\"en-US\"},{\"@type\":\"WebPage\",\"@id\":\"https:\/\/linkside-communication.com\/index.php\/produit\/baches-m1-anti-feu\/#webpage\",\"url\":\"https:\/\/linkside-communication.com\/index.php\/produit\/baches-m1-anti-feu\/\",\"name\":\"B\u00e2ches M1 anti feu - Linkside Communication\",\"isPartOf\":{\"@id\":\"https:\/\/linkside-communication.com\/#website\"},\"datePublished\":\"2022-10-27T14:02:20+00:00\",\"dateModified\":\"2022-10-27T14:03:39+00:00\",\"breadcrumb\":{\"@id\":\"https:\/\/linkside-communication.com\/index.php\/produit\/baches-m1-anti-feu\/#breadcrumb\"},\"inLanguage\":\"en-US\",\"potentialAction\":[{\"@type\":\"ReadAction\",\"target\":[\"https:\/\/linkside-communication.com\/index.php\/produit\/baches-m1-anti-feu\/\"]}]},{\"@type\":\"BreadcrumbList\",\"@id\":\"https:\/\/linkside-communication.com\/index.php\/produit\/baches-m1-anti-feu\/#breadcrumb\",\"itemListElement\":[{\"@type\":\"ListItem\",\"position\":1,\"name\":\"Accueil\",\"item\":\"https:\/\/linkside-communication.com\/\"},{\"@type\":\"ListItem\",\"position\":2,\"name\":\"Boutique\",\"item\":\"https:\/\/linkside-communication.com\/index.php\/boutique\/\"},{\"@type\":\"ListItem\",\"position\":3,\"name\":\"B\u00e2ches M1 anti feu\"}]}]}<\/script>\n<!-- \/ Yoast SEO plugin. -->","yoast_head_json":{"title":"B\u00e2ches M1 anti feu - Linkside Communication","robots":{"index":"index","follow":"follow","max-snippet":"max-snippet:-1","max-image-preview":"max-image-preview:large","max-video-preview":"max-video-preview:-1"},"canonical":"https:\/\/linkside-communication.com\/index.php\/produit\/baches-m1-anti-feu\/","og_locale":"en_US","og_type":"article","og_title":"B\u00e2ches M1 anti feu - Linkside Communication","og_description":"Ce support de communication vous sera utile dans vos promotions devant votre commerce, en habillage de fa\u00e7ade, affichage indoor sur les salons, stands, foires et expositions.  Nous vous proposons pour ces mod\u00e8le de b\u00e2ches :   Support : 450 g\/m2 ignifug\u00e9e  impression : quadri recto seul  Oeillet : sans, sur tout le p\u00e9rim\u00e8tre, 4 angles, \u00a0angles sup\u00e9rieurs, en haut, en bas, c\u00f4t\u00e9 gauche, c\u00f4t\u00e9 droit, en haut et en bas, c\u00f4t\u00e9s gauche et droit  Ourlet : sans, renfort du p\u00e9rim\u00e8tre, renfort c\u00f4t\u00e9s gauche et droit, renfort en haut et en bas, renfort en haut, renfort en bas  Fourreau : sans, en haut et en bas, \u00e0 droite et \u00e0 gauche, en haut uniquement, en bas uniquement","og_url":"https:\/\/linkside-communication.com\/index.php\/produit\/baches-m1-anti-feu\/","og_site_name":"Linkside Communication","article_modified_time":"2022-10-27T14:03:39+00:00","twitter_card":"summary_large_image","twitter_misc":{"Est. reading time":"1 minute"},"schema":{"@context":"https:\/\/schema.org","@graph":[{"@type":"WebSite","@id":"https:\/\/linkside-communication.com\/#website","url":"https:\/\/linkside-communication.com\/","name":"Linkside Communication","description":"Invent\u00e9 pour un maximum de confort","potentialAction":[{"@type":"SearchAction","target":{"@type":"EntryPoint","urlTemplate":"https:\/\/linkside-communication.com\/?s={search_term_string}"},"query-input":"required name=search_term_string"}],"inLanguage":"en-US"},{"@type":"WebPage","@id":"https:\/\/linkside-communication.com\/index.php\/produit\/baches-m1-anti-feu\/#webpage","url":"https:\/\/linkside-communication.com\/index.php\/produit\/baches-m1-anti-feu\/","name":"B\u00e2ches M1 anti feu - Linkside Communication","isPartOf":{"@id":"https:\/\/linkside-communication.com\/#website"},"datePublished":"2022-10-27T14:02:20+00:00","dateModified":"2022-10-27T14:03:39+00:00","breadcrumb":{"@id":"https:\/\/linkside-communication.com\/index.php\/produit\/baches-m1-anti-feu\/#breadcrumb"},"inLanguage":"en-US","potentialAction":[{"@type":"ReadAction","target":["https:\/\/linkside-communication.com\/index.php\/produit\/baches-m1-anti-feu\/"]}]},{"@type":"BreadcrumbList","@id":"https:\/\/linkside-communication.com\/index.php\/produit\/baches-m1-anti-feu\/#breadcrumb","itemListElement":[{"@type":"ListItem","position":1,"name":"Accueil","item":"https:\/\/linkside-communication.com\/"},{"@type":"ListItem","position":2,"name":"Boutique","item":"https:\/\/linkside-communication.com\/index.php\/boutique\/"},{"@type":"ListItem","position":3,"name":"B\u00e2ches M1 anti feu"}]}]}},"_links":{"self":[{"href":"https:\/\/linkside-communication.com\/index.php\/wp-json\/wp\/v2\/product\/3274"}],"collection":[{"href":"https:\/\/linkside-communication.com\/index.php\/wp-json\/wp\/v2\/product"}],"about":[{"href":"https:\/\/linkside-communication.com\/index.php\/wp-json\/wp\/v2\/types\/product"}],"replies":[{"embeddable":true,"href":"https:\/\/linkside-communication.com\/index.php\/wp-json\/wp\/v2\/comments?post=3274"}],"version-history":[{"count":1,"href":"https:\/\/linkside-communication.com\/index.php\/wp-json\/wp\/v2\/product\/3274\/revisions"}],"predecessor-version":[{"id":3275,"href":"https:\/\/linkside-communication.com\/index.php\/wp-json\/wp\/v2\/product\/3274\/revisions\/3275"}],"wp:attachment":[{"href":"https:\/\/linkside-communication.com\/index.php\/wp-json\/wp\/v2\/media?parent=3274"}],"wp:term":[{"taxonomy":"product_cat","embeddable":true,"href":"https:\/\/linkside-communication.com\/index.php\/wp-json\/wp\/v2\/product_cat?post=3274"},{"taxonomy":"product_tag","embeddable":true,"href":"https:\/\/linkside-communication.com\/index.php\/wp-json\/wp\/v2\/product_tag?post=3274"}],"curies":[{"name":"wp","href":"https:\/\/api.w.org\/{rel}","templated":true}]}}