{"id":3298,"date":"2022-10-27T17:20:49","date_gmt":"2022-10-27T15:20:49","guid":{"rendered":"https:\/\/linkside-communication.com\/?post_type=product&#038;p=3298"},"modified":"2022-10-27T17:21:59","modified_gmt":"2022-10-27T15:21:59","slug":"etiquette-ecologique-recycle","status":"publish","type":"product","link":"https:\/\/linkside-communication.com\/index.php\/produit\/etiquette-ecologique-recycle\/","title":{"rendered":"Etiquette \u00e9cologique (recycl\u00e9)"},"content":{"rendered":"<p>L&#8217;\u00e9tiquette est initialement utilis\u00e9es dans le domaine professionnel pour l&#8217;archivage. Elles sont d\u00e9di\u00e9es \u00e0 l&#8217;identification des cartons ou \u00e0 \u00e9tiqueter les classeurs.<\/p>\n<p>Aujourd&#8217;hui, leur utilisation s&#8217;est \u00e9tendue. On retrouve les \u00e9tiquettes dans les cuisines pour \u00e9tiqueter des pots de confitures maison, dans le garage pour classifier les outils, dans les chambres pour identifier les v\u00eatements ou jouets ou encore sur les cahiers.<\/p>\n<p>Elles peuvent \u00e9galement avoir une toute autre utilit\u00e9 : celle de l&#8217;identification postale. En effet, rien ne peut mieux renseigner l&#8217;exp\u00e9diteur qu&#8217;une \u00e9tiquette coll\u00e9e au verso de l&#8217;enveloppe. Ainsi cet outil de communication vous permet de faire de la publicit\u00e9 d&#8217;entreprise \u00e0 moindre co\u00fbt.<\/p>\n","protected":false},"excerpt":{"rendered":"<p>Vous souhaitez vous retrouver dans votre rangement, apposer une information sur des produits destin\u00e9s \u00e0 la vente, simplifier votre identification postale ? L&#8217;outil le mieux adapt\u00e9 sera l&#8217;\u00e9tiquette.<\/p>\n<p><strong>Nous vous proposons pour ce produit :\u00a0<\/strong><\/p>\n<ul>\n<li>Format : A8, A7, DL, A6, A5, A4, A3<\/li>\n<li>Orientation : verticale, horizontale<\/li>\n<li>Couleur : quadri, noir<\/li>\n<li>Papier : adh\u00e9sif blanc recycl\u00e9 80g\/m2<\/li>\n<li>Fa\u00e7onnage : coin carr\u00e9<\/li>\n<li>Quantit\u00e9 minimum 250 exemplaires<\/li>\n<\/ul>\n","protected":false},"featured_media":0,"comment_status":"closed","ping_status":"closed","template":"","meta":{"site-sidebar-layout":"default","site-content-layout":"default","ast-global-header-display":"","ast-main-header-display":"","ast-hfb-above-header-display":"","ast-hfb-below-header-display":"","ast-hfb-mobile-header-display":"","site-post-title":"","ast-breadcrumbs-content":"","ast-featured-img":"","footer-sml-layout":"","theme-transparent-header-meta":"default","adv-header-id-meta":"","stick-header-meta":"default","header-above-stick-meta":"","header-main-stick-meta":"","header-below-stick-meta":""},"product_cat":[254],"product_tag":[],"yoast_head":"<!-- This site is optimized with the Yoast SEO plugin v19.1 - https:\/\/yoast.com\/wordpress\/plugins\/seo\/ -->\n<title>Etiquette \u00e9cologique (recycl\u00e9) - Linkside Communication<\/title>\n<meta name=\"robots\" content=\"index, follow, max-snippet:-1, max-image-preview:large, max-video-preview:-1\" \/>\n<link rel=\"canonical\" href=\"https:\/\/linkside-communication.com\/index.php\/produit\/etiquette-ecologique-recycle\/\" \/>\n<meta property=\"og:locale\" content=\"en_US\" \/>\n<meta property=\"og:type\" content=\"article\" \/>\n<meta property=\"og:title\" content=\"Etiquette \u00e9cologique (recycl\u00e9) - Linkside Communication\" \/>\n<meta property=\"og:description\" content=\"Vous souhaitez vous retrouver dans votre rangement, apposer une information sur des produits destin\u00e9s \u00e0 la vente, simplifier votre identification postale ? L&#039;outil le mieux adapt\u00e9 sera l&#039;\u00e9tiquette.  Nous vous proposons pour ce produit :\u00a0   Format : A8, A7, DL, A6, A5, A4, A3  Orientation : verticale, horizontale  Couleur : quadri, noir  Papier : adh\u00e9sif blanc recycl\u00e9 80g\/m2  Fa\u00e7onnage : coin carr\u00e9  Quantit\u00e9 minimum 250 exemplaires\" \/>\n<meta property=\"og:url\" content=\"https:\/\/linkside-communication.com\/index.php\/produit\/etiquette-ecologique-recycle\/\" \/>\n<meta property=\"og:site_name\" content=\"Linkside Communication\" \/>\n<meta property=\"article:modified_time\" content=\"2022-10-27T15:21:59+00:00\" \/>\n<meta name=\"twitter:card\" content=\"summary_large_image\" \/>\n<meta name=\"twitter:label1\" content=\"Est. reading time\" \/>\n\t<meta name=\"twitter:data1\" content=\"1 minute\" \/>\n<script type=\"application\/ld+json\" class=\"yoast-schema-graph\">{\"@context\":\"https:\/\/schema.org\",\"@graph\":[{\"@type\":\"WebSite\",\"@id\":\"https:\/\/linkside-communication.com\/#website\",\"url\":\"https:\/\/linkside-communication.com\/\",\"name\":\"Linkside Communication\",\"description\":\"Invent\u00e9 pour un maximum de confort\",\"potentialAction\":[{\"@type\":\"SearchAction\",\"target\":{\"@type\":\"EntryPoint\",\"urlTemplate\":\"https:\/\/linkside-communication.com\/?s={search_term_string}\"},\"query-input\":\"required name=search_term_string\"}],\"inLanguage\":\"en-US\"},{\"@type\":\"WebPage\",\"@id\":\"https:\/\/linkside-communication.com\/index.php\/produit\/etiquette-ecologique-recycle\/#webpage\",\"url\":\"https:\/\/linkside-communication.com\/index.php\/produit\/etiquette-ecologique-recycle\/\",\"name\":\"Etiquette \u00e9cologique (recycl\u00e9) - Linkside Communication\",\"isPartOf\":{\"@id\":\"https:\/\/linkside-communication.com\/#website\"},\"datePublished\":\"2022-10-27T15:20:49+00:00\",\"dateModified\":\"2022-10-27T15:21:59+00:00\",\"breadcrumb\":{\"@id\":\"https:\/\/linkside-communication.com\/index.php\/produit\/etiquette-ecologique-recycle\/#breadcrumb\"},\"inLanguage\":\"en-US\",\"potentialAction\":[{\"@type\":\"ReadAction\",\"target\":[\"https:\/\/linkside-communication.com\/index.php\/produit\/etiquette-ecologique-recycle\/\"]}]},{\"@type\":\"BreadcrumbList\",\"@id\":\"https:\/\/linkside-communication.com\/index.php\/produit\/etiquette-ecologique-recycle\/#breadcrumb\",\"itemListElement\":[{\"@type\":\"ListItem\",\"position\":1,\"name\":\"Accueil\",\"item\":\"https:\/\/linkside-communication.com\/\"},{\"@type\":\"ListItem\",\"position\":2,\"name\":\"Boutique\",\"item\":\"https:\/\/linkside-communication.com\/index.php\/boutique\/\"},{\"@type\":\"ListItem\",\"position\":3,\"name\":\"Etiquette \u00e9cologique (recycl\u00e9)\"}]}]}<\/script>\n<!-- \/ Yoast SEO plugin. -->","yoast_head_json":{"title":"Etiquette \u00e9cologique (recycl\u00e9) - Linkside Communication","robots":{"index":"index","follow":"follow","max-snippet":"max-snippet:-1","max-image-preview":"max-image-preview:large","max-video-preview":"max-video-preview:-1"},"canonical":"https:\/\/linkside-communication.com\/index.php\/produit\/etiquette-ecologique-recycle\/","og_locale":"en_US","og_type":"article","og_title":"Etiquette \u00e9cologique (recycl\u00e9) - Linkside Communication","og_description":"Vous souhaitez vous retrouver dans votre rangement, apposer une information sur des produits destin\u00e9s \u00e0 la vente, simplifier votre identification postale ? L'outil le mieux adapt\u00e9 sera l'\u00e9tiquette.  Nous vous proposons pour ce produit :\u00a0   Format : A8, A7, DL, A6, A5, A4, A3  Orientation : verticale, horizontale  Couleur : quadri, noir  Papier : adh\u00e9sif blanc recycl\u00e9 80g\/m2  Fa\u00e7onnage : coin carr\u00e9  Quantit\u00e9 minimum 250 exemplaires","og_url":"https:\/\/linkside-communication.com\/index.php\/produit\/etiquette-ecologique-recycle\/","og_site_name":"Linkside Communication","article_modified_time":"2022-10-27T15:21:59+00:00","twitter_card":"summary_large_image","twitter_misc":{"Est. reading time":"1 minute"},"schema":{"@context":"https:\/\/schema.org","@graph":[{"@type":"WebSite","@id":"https:\/\/linkside-communication.com\/#website","url":"https:\/\/linkside-communication.com\/","name":"Linkside Communication","description":"Invent\u00e9 pour un maximum de confort","potentialAction":[{"@type":"SearchAction","target":{"@type":"EntryPoint","urlTemplate":"https:\/\/linkside-communication.com\/?s={search_term_string}"},"query-input":"required name=search_term_string"}],"inLanguage":"en-US"},{"@type":"WebPage","@id":"https:\/\/linkside-communication.com\/index.php\/produit\/etiquette-ecologique-recycle\/#webpage","url":"https:\/\/linkside-communication.com\/index.php\/produit\/etiquette-ecologique-recycle\/","name":"Etiquette \u00e9cologique (recycl\u00e9) - Linkside Communication","isPartOf":{"@id":"https:\/\/linkside-communication.com\/#website"},"datePublished":"2022-10-27T15:20:49+00:00","dateModified":"2022-10-27T15:21:59+00:00","breadcrumb":{"@id":"https:\/\/linkside-communication.com\/index.php\/produit\/etiquette-ecologique-recycle\/#breadcrumb"},"inLanguage":"en-US","potentialAction":[{"@type":"ReadAction","target":["https:\/\/linkside-communication.com\/index.php\/produit\/etiquette-ecologique-recycle\/"]}]},{"@type":"BreadcrumbList","@id":"https:\/\/linkside-communication.com\/index.php\/produit\/etiquette-ecologique-recycle\/#breadcrumb","itemListElement":[{"@type":"ListItem","position":1,"name":"Accueil","item":"https:\/\/linkside-communication.com\/"},{"@type":"ListItem","position":2,"name":"Boutique","item":"https:\/\/linkside-communication.com\/index.php\/boutique\/"},{"@type":"ListItem","position":3,"name":"Etiquette \u00e9cologique (recycl\u00e9)"}]}]}},"_links":{"self":[{"href":"https:\/\/linkside-communication.com\/index.php\/wp-json\/wp\/v2\/product\/3298"}],"collection":[{"href":"https:\/\/linkside-communication.com\/index.php\/wp-json\/wp\/v2\/product"}],"about":[{"href":"https:\/\/linkside-communication.com\/index.php\/wp-json\/wp\/v2\/types\/product"}],"replies":[{"embeddable":true,"href":"https:\/\/linkside-communication.com\/index.php\/wp-json\/wp\/v2\/comments?post=3298"}],"version-history":[{"count":1,"href":"https:\/\/linkside-communication.com\/index.php\/wp-json\/wp\/v2\/product\/3298\/revisions"}],"predecessor-version":[{"id":3299,"href":"https:\/\/linkside-communication.com\/index.php\/wp-json\/wp\/v2\/product\/3298\/revisions\/3299"}],"wp:attachment":[{"href":"https:\/\/linkside-communication.com\/index.php\/wp-json\/wp\/v2\/media?parent=3298"}],"wp:term":[{"taxonomy":"product_cat","embeddable":true,"href":"https:\/\/linkside-communication.com\/index.php\/wp-json\/wp\/v2\/product_cat?post=3298"},{"taxonomy":"product_tag","embeddable":true,"href":"https:\/\/linkside-communication.com\/index.php\/wp-json\/wp\/v2\/product_tag?post=3298"}],"curies":[{"name":"wp","href":"https:\/\/api.w.org\/{rel}","templated":true}]}}