{"id":3325,"date":"2022-10-27T19:31:45","date_gmt":"2022-10-27T17:31:45","guid":{"rendered":"https:\/\/linkside-communication.com\/?post_type=product&#038;p=3325"},"modified":"2022-10-27T19:38:30","modified_gmt":"2022-10-27T17:38:30","slug":"gobelet-couleur","status":"publish","type":"product","link":"https:\/\/linkside-communication.com\/index.php\/produit\/gobelet-couleur\/","title":{"rendered":"Gobelet couleur"},"content":{"rendered":"<p>Vous recherchez une d\u00e9marche \u00e9cologique pour vos \u00e9v\u00e8nements?<\/p>\n<p>Les gobelets r\u00e9utilisable seront l&#8217;outil de communication id\u00e9al. Les gobelets pourront ainsi \u00eatre \u00e0 l\u2019image de votre \u00e9v\u00e9nement. C\u2019est pour cela que les participants aiment g\u00e9n\u00e9ralement garder ces verres, pour avoir un souvenir de cette soir\u00e9e particuli\u00e8re. Certains font m\u00eame des collections de gobelets r\u00e9utilisables en plastique !<\/p>\n","protected":false},"excerpt":{"rendered":"<p>Les gobelets r\u00e9utilisables en plastique ont de nombreux atouts pour votre entreprise !<\/p>\n<p><strong>Nous vous proposons pour cet objet publicitaire :\u00a0<\/strong><\/p>\n<ul>\n<li>Contenance : 25 cl,<\/li>\n<li>Couleur du gobelet : rose, violet, vert clair, vert fonc\u00e9, rouge, jaune, orange, bleu clair, bleu fonc\u00e9, marron, gris, blanc<\/li>\n<li>Format : 7&#215;18 cm<\/li>\n<li>Couleur d&#8217;impression : noir, rose, violet, vert clair, vert fonc\u00e9, rouge, framboise, jaune, orange, bleu clair, bleu fonc\u00e9, turquoise, marron, gris<\/li>\n<li>Mati\u00e8re : polypropyl\u00e8ne<\/li>\n<li>Graduation : avec ou sans<\/li>\n<li>Quantit\u00e9 minimum de 100 gobelets<\/li>\n<\/ul>\n","protected":false},"featured_media":0,"comment_status":"closed","ping_status":"closed","template":"","meta":{"site-sidebar-layout":"default","site-content-layout":"default","ast-global-header-display":"","ast-main-header-display":"","ast-hfb-above-header-display":"","ast-hfb-below-header-display":"","ast-hfb-mobile-header-display":"","site-post-title":"","ast-breadcrumbs-content":"","ast-featured-img":"","footer-sml-layout":"","theme-transparent-header-meta":"default","adv-header-id-meta":"","stick-header-meta":"default","header-above-stick-meta":"","header-main-stick-meta":"","header-below-stick-meta":""},"product_cat":[242],"product_tag":[],"yoast_head":"<!-- This site is optimized with the Yoast SEO plugin v19.1 - https:\/\/yoast.com\/wordpress\/plugins\/seo\/ -->\n<title>Gobelet couleur - Linkside Communication<\/title>\n<meta name=\"robots\" content=\"index, follow, max-snippet:-1, max-image-preview:large, max-video-preview:-1\" \/>\n<link rel=\"canonical\" href=\"https:\/\/linkside-communication.com\/index.php\/produit\/gobelet-couleur\/\" \/>\n<meta property=\"og:locale\" content=\"en_US\" \/>\n<meta property=\"og:type\" content=\"article\" \/>\n<meta property=\"og:title\" content=\"Gobelet couleur - Linkside Communication\" \/>\n<meta property=\"og:description\" content=\"Les gobelets r\u00e9utilisables en plastique ont de nombreux atouts pour votre entreprise !  Nous vous proposons pour cet objet publicitaire :\u00a0   Contenance : 25 cl,  Couleur du gobelet : rose, violet, vert clair, vert fonc\u00e9, rouge, jaune, orange, bleu clair, bleu fonc\u00e9, marron, gris, blanc  Format : 7x18 cm  Couleur d&#039;impression : noir, rose, violet, vert clair, vert fonc\u00e9, rouge, framboise, jaune, orange, bleu clair, bleu fonc\u00e9, turquoise, marron, gris  Mati\u00e8re : polypropyl\u00e8ne  Graduation : avec ou sans  Quantit\u00e9 minimum de 100 gobelets\" \/>\n<meta property=\"og:url\" content=\"https:\/\/linkside-communication.com\/index.php\/produit\/gobelet-couleur\/\" \/>\n<meta property=\"og:site_name\" content=\"Linkside Communication\" \/>\n<meta property=\"article:modified_time\" content=\"2022-10-27T17:38:30+00:00\" \/>\n<meta name=\"twitter:card\" content=\"summary_large_image\" \/>\n<script type=\"application\/ld+json\" class=\"yoast-schema-graph\">{\"@context\":\"https:\/\/schema.org\",\"@graph\":[{\"@type\":\"WebSite\",\"@id\":\"https:\/\/linkside-communication.com\/#website\",\"url\":\"https:\/\/linkside-communication.com\/\",\"name\":\"Linkside Communication\",\"description\":\"Invent\u00e9 pour un maximum de confort\",\"potentialAction\":[{\"@type\":\"SearchAction\",\"target\":{\"@type\":\"EntryPoint\",\"urlTemplate\":\"https:\/\/linkside-communication.com\/?s={search_term_string}\"},\"query-input\":\"required name=search_term_string\"}],\"inLanguage\":\"en-US\"},{\"@type\":\"WebPage\",\"@id\":\"https:\/\/linkside-communication.com\/index.php\/produit\/gobelet-couleur\/#webpage\",\"url\":\"https:\/\/linkside-communication.com\/index.php\/produit\/gobelet-couleur\/\",\"name\":\"Gobelet couleur - Linkside Communication\",\"isPartOf\":{\"@id\":\"https:\/\/linkside-communication.com\/#website\"},\"datePublished\":\"2022-10-27T17:31:45+00:00\",\"dateModified\":\"2022-10-27T17:38:30+00:00\",\"breadcrumb\":{\"@id\":\"https:\/\/linkside-communication.com\/index.php\/produit\/gobelet-couleur\/#breadcrumb\"},\"inLanguage\":\"en-US\",\"potentialAction\":[{\"@type\":\"ReadAction\",\"target\":[\"https:\/\/linkside-communication.com\/index.php\/produit\/gobelet-couleur\/\"]}]},{\"@type\":\"BreadcrumbList\",\"@id\":\"https:\/\/linkside-communication.com\/index.php\/produit\/gobelet-couleur\/#breadcrumb\",\"itemListElement\":[{\"@type\":\"ListItem\",\"position\":1,\"name\":\"Accueil\",\"item\":\"https:\/\/linkside-communication.com\/\"},{\"@type\":\"ListItem\",\"position\":2,\"name\":\"Boutique\",\"item\":\"https:\/\/linkside-communication.com\/index.php\/boutique\/\"},{\"@type\":\"ListItem\",\"position\":3,\"name\":\"Gobelet couleur\"}]}]}<\/script>\n<!-- \/ Yoast SEO plugin. -->","yoast_head_json":{"title":"Gobelet couleur - Linkside Communication","robots":{"index":"index","follow":"follow","max-snippet":"max-snippet:-1","max-image-preview":"max-image-preview:large","max-video-preview":"max-video-preview:-1"},"canonical":"https:\/\/linkside-communication.com\/index.php\/produit\/gobelet-couleur\/","og_locale":"en_US","og_type":"article","og_title":"Gobelet couleur - Linkside Communication","og_description":"Les gobelets r\u00e9utilisables en plastique ont de nombreux atouts pour votre entreprise !  Nous vous proposons pour cet objet publicitaire :\u00a0   Contenance : 25 cl,  Couleur du gobelet : rose, violet, vert clair, vert fonc\u00e9, rouge, jaune, orange, bleu clair, bleu fonc\u00e9, marron, gris, blanc  Format : 7x18 cm  Couleur d'impression : noir, rose, violet, vert clair, vert fonc\u00e9, rouge, framboise, jaune, orange, bleu clair, bleu fonc\u00e9, turquoise, marron, gris  Mati\u00e8re : polypropyl\u00e8ne  Graduation : avec ou sans  Quantit\u00e9 minimum de 100 gobelets","og_url":"https:\/\/linkside-communication.com\/index.php\/produit\/gobelet-couleur\/","og_site_name":"Linkside Communication","article_modified_time":"2022-10-27T17:38:30+00:00","twitter_card":"summary_large_image","schema":{"@context":"https:\/\/schema.org","@graph":[{"@type":"WebSite","@id":"https:\/\/linkside-communication.com\/#website","url":"https:\/\/linkside-communication.com\/","name":"Linkside Communication","description":"Invent\u00e9 pour un maximum de confort","potentialAction":[{"@type":"SearchAction","target":{"@type":"EntryPoint","urlTemplate":"https:\/\/linkside-communication.com\/?s={search_term_string}"},"query-input":"required name=search_term_string"}],"inLanguage":"en-US"},{"@type":"WebPage","@id":"https:\/\/linkside-communication.com\/index.php\/produit\/gobelet-couleur\/#webpage","url":"https:\/\/linkside-communication.com\/index.php\/produit\/gobelet-couleur\/","name":"Gobelet couleur - Linkside Communication","isPartOf":{"@id":"https:\/\/linkside-communication.com\/#website"},"datePublished":"2022-10-27T17:31:45+00:00","dateModified":"2022-10-27T17:38:30+00:00","breadcrumb":{"@id":"https:\/\/linkside-communication.com\/index.php\/produit\/gobelet-couleur\/#breadcrumb"},"inLanguage":"en-US","potentialAction":[{"@type":"ReadAction","target":["https:\/\/linkside-communication.com\/index.php\/produit\/gobelet-couleur\/"]}]},{"@type":"BreadcrumbList","@id":"https:\/\/linkside-communication.com\/index.php\/produit\/gobelet-couleur\/#breadcrumb","itemListElement":[{"@type":"ListItem","position":1,"name":"Accueil","item":"https:\/\/linkside-communication.com\/"},{"@type":"ListItem","position":2,"name":"Boutique","item":"https:\/\/linkside-communication.com\/index.php\/boutique\/"},{"@type":"ListItem","position":3,"name":"Gobelet couleur"}]}]}},"_links":{"self":[{"href":"https:\/\/linkside-communication.com\/index.php\/wp-json\/wp\/v2\/product\/3325"}],"collection":[{"href":"https:\/\/linkside-communication.com\/index.php\/wp-json\/wp\/v2\/product"}],"about":[{"href":"https:\/\/linkside-communication.com\/index.php\/wp-json\/wp\/v2\/types\/product"}],"replies":[{"embeddable":true,"href":"https:\/\/linkside-communication.com\/index.php\/wp-json\/wp\/v2\/comments?post=3325"}],"version-history":[{"count":1,"href":"https:\/\/linkside-communication.com\/index.php\/wp-json\/wp\/v2\/product\/3325\/revisions"}],"predecessor-version":[{"id":3326,"href":"https:\/\/linkside-communication.com\/index.php\/wp-json\/wp\/v2\/product\/3325\/revisions\/3326"}],"wp:attachment":[{"href":"https:\/\/linkside-communication.com\/index.php\/wp-json\/wp\/v2\/media?parent=3325"}],"wp:term":[{"taxonomy":"product_cat","embeddable":true,"href":"https:\/\/linkside-communication.com\/index.php\/wp-json\/wp\/v2\/product_cat?post=3325"},{"taxonomy":"product_tag","embeddable":true,"href":"https:\/\/linkside-communication.com\/index.php\/wp-json\/wp\/v2\/product_tag?post=3325"}],"curies":[{"name":"wp","href":"https:\/\/api.w.org\/{rel}","templated":true}]}}