{"id":3327,"date":"2022-10-27T19:47:42","date_gmt":"2022-10-27T17:47:42","guid":{"rendered":"https:\/\/linkside-communication.com\/?post_type=product&#038;p=3327"},"modified":"2022-10-27T19:51:35","modified_gmt":"2022-10-27T17:51:35","slug":"ballon-de-baudruche","status":"publish","type":"product","link":"https:\/\/linkside-communication.com\/index.php\/produit\/ballon-de-baudruche\/","title":{"rendered":"Ballon de baudruche"},"content":{"rendered":"<p>Le ballon est synonyme de f\u00eate !<\/p>\n<p>Vous pouvez l\u2019utiliser toute l\u2019ann\u00e9e : Pour offrir \u00e0 vos clients, pour d\u00e9corer votre restaurant ou magasin aux couleurs d\u2019une f\u00eate sp\u00e9cifique, pour des portes ouvertes, une f\u00eate personnelle&#8230;<\/p>\n","protected":false},"excerpt":{"rendered":"<p>Vous pourrez personnaliser le ballon de baudruche avec votre logo, une image, un message \u2026 cet objet s\u2019adaptera \u00e0 toutes les occasions n\u00e9cessaires.<\/p>\n<p><strong>Nous vous proposons pour cet objet :<\/strong><\/p>\n<ul>\n<li>Couleur du ballon : bleu fonc\u00e9, blanc, rouge, magenta, jaune, orange, noir, mix de couleurs<\/li>\n<li>Format : 33 cm environ<\/li>\n<li>Impression : recto seul, recto\/verso<\/li>\n<li>Couleur d&#8217;impression : blanc, noir, bleu fonc\u00e9, rouge, bleu clair, vert, jaune, orange, violet, magenta<\/li>\n<li>Tige : avec ou sans<\/li>\n<li>Quantit\u00e9 minimum de 100 ballons<\/li>\n<\/ul>\n","protected":false},"featured_media":0,"comment_status":"closed","ping_status":"closed","template":"","meta":{"site-sidebar-layout":"default","site-content-layout":"default","ast-global-header-display":"","ast-main-header-display":"","ast-hfb-above-header-display":"","ast-hfb-below-header-display":"","ast-hfb-mobile-header-display":"","site-post-title":"","ast-breadcrumbs-content":"","ast-featured-img":"","footer-sml-layout":"","theme-transparent-header-meta":"default","adv-header-id-meta":"","stick-header-meta":"default","header-above-stick-meta":"","header-main-stick-meta":"","header-below-stick-meta":""},"product_cat":[242],"product_tag":[],"yoast_head":"<!-- This site is optimized with the Yoast SEO plugin v19.1 - https:\/\/yoast.com\/wordpress\/plugins\/seo\/ -->\n<title>Ballon de baudruche - Linkside Communication<\/title>\n<meta name=\"robots\" content=\"index, follow, max-snippet:-1, max-image-preview:large, max-video-preview:-1\" \/>\n<link rel=\"canonical\" href=\"https:\/\/linkside-communication.com\/index.php\/produit\/ballon-de-baudruche\/\" \/>\n<meta property=\"og:locale\" content=\"en_US\" \/>\n<meta property=\"og:type\" content=\"article\" \/>\n<meta property=\"og:title\" content=\"Ballon de baudruche - Linkside Communication\" \/>\n<meta property=\"og:description\" content=\"Vous pourrez personnaliser le ballon de baudruche avec votre logo, une image, un message \u2026 cet objet s\u2019adaptera \u00e0 toutes les occasions n\u00e9cessaires.  Nous vous proposons pour cet objet :   Couleur du ballon : bleu fonc\u00e9, blanc, rouge, magenta, jaune, orange, noir, mix de couleurs  Format : 33 cm environ  Impression : recto seul, recto\/verso  Couleur d&#039;impression : blanc, noir, bleu fonc\u00e9, rouge, bleu clair, vert, jaune, orange, violet, magenta  Tige : avec ou sans  Quantit\u00e9 minimum de 100 ballons\" \/>\n<meta property=\"og:url\" content=\"https:\/\/linkside-communication.com\/index.php\/produit\/ballon-de-baudruche\/\" \/>\n<meta property=\"og:site_name\" content=\"Linkside Communication\" \/>\n<meta property=\"article:modified_time\" content=\"2022-10-27T17:51:35+00:00\" \/>\n<meta name=\"twitter:card\" content=\"summary_large_image\" \/>\n<meta name=\"twitter:label1\" content=\"Est. reading time\" \/>\n\t<meta name=\"twitter:data1\" content=\"1 minute\" \/>\n<script type=\"application\/ld+json\" class=\"yoast-schema-graph\">{\"@context\":\"https:\/\/schema.org\",\"@graph\":[{\"@type\":\"WebSite\",\"@id\":\"https:\/\/linkside-communication.com\/#website\",\"url\":\"https:\/\/linkside-communication.com\/\",\"name\":\"Linkside Communication\",\"description\":\"Invent\u00e9 pour un maximum de confort\",\"potentialAction\":[{\"@type\":\"SearchAction\",\"target\":{\"@type\":\"EntryPoint\",\"urlTemplate\":\"https:\/\/linkside-communication.com\/?s={search_term_string}\"},\"query-input\":\"required name=search_term_string\"}],\"inLanguage\":\"en-US\"},{\"@type\":\"WebPage\",\"@id\":\"https:\/\/linkside-communication.com\/index.php\/produit\/ballon-de-baudruche\/#webpage\",\"url\":\"https:\/\/linkside-communication.com\/index.php\/produit\/ballon-de-baudruche\/\",\"name\":\"Ballon de baudruche - Linkside Communication\",\"isPartOf\":{\"@id\":\"https:\/\/linkside-communication.com\/#website\"},\"datePublished\":\"2022-10-27T17:47:42+00:00\",\"dateModified\":\"2022-10-27T17:51:35+00:00\",\"breadcrumb\":{\"@id\":\"https:\/\/linkside-communication.com\/index.php\/produit\/ballon-de-baudruche\/#breadcrumb\"},\"inLanguage\":\"en-US\",\"potentialAction\":[{\"@type\":\"ReadAction\",\"target\":[\"https:\/\/linkside-communication.com\/index.php\/produit\/ballon-de-baudruche\/\"]}]},{\"@type\":\"BreadcrumbList\",\"@id\":\"https:\/\/linkside-communication.com\/index.php\/produit\/ballon-de-baudruche\/#breadcrumb\",\"itemListElement\":[{\"@type\":\"ListItem\",\"position\":1,\"name\":\"Accueil\",\"item\":\"https:\/\/linkside-communication.com\/\"},{\"@type\":\"ListItem\",\"position\":2,\"name\":\"Boutique\",\"item\":\"https:\/\/linkside-communication.com\/index.php\/boutique\/\"},{\"@type\":\"ListItem\",\"position\":3,\"name\":\"Ballon de baudruche\"}]}]}<\/script>\n<!-- \/ Yoast SEO plugin. -->","yoast_head_json":{"title":"Ballon de baudruche - Linkside Communication","robots":{"index":"index","follow":"follow","max-snippet":"max-snippet:-1","max-image-preview":"max-image-preview:large","max-video-preview":"max-video-preview:-1"},"canonical":"https:\/\/linkside-communication.com\/index.php\/produit\/ballon-de-baudruche\/","og_locale":"en_US","og_type":"article","og_title":"Ballon de baudruche - Linkside Communication","og_description":"Vous pourrez personnaliser le ballon de baudruche avec votre logo, une image, un message \u2026 cet objet s\u2019adaptera \u00e0 toutes les occasions n\u00e9cessaires.  Nous vous proposons pour cet objet :   Couleur du ballon : bleu fonc\u00e9, blanc, rouge, magenta, jaune, orange, noir, mix de couleurs  Format : 33 cm environ  Impression : recto seul, recto\/verso  Couleur d'impression : blanc, noir, bleu fonc\u00e9, rouge, bleu clair, vert, jaune, orange, violet, magenta  Tige : avec ou sans  Quantit\u00e9 minimum de 100 ballons","og_url":"https:\/\/linkside-communication.com\/index.php\/produit\/ballon-de-baudruche\/","og_site_name":"Linkside Communication","article_modified_time":"2022-10-27T17:51:35+00:00","twitter_card":"summary_large_image","twitter_misc":{"Est. reading time":"1 minute"},"schema":{"@context":"https:\/\/schema.org","@graph":[{"@type":"WebSite","@id":"https:\/\/linkside-communication.com\/#website","url":"https:\/\/linkside-communication.com\/","name":"Linkside Communication","description":"Invent\u00e9 pour un maximum de confort","potentialAction":[{"@type":"SearchAction","target":{"@type":"EntryPoint","urlTemplate":"https:\/\/linkside-communication.com\/?s={search_term_string}"},"query-input":"required name=search_term_string"}],"inLanguage":"en-US"},{"@type":"WebPage","@id":"https:\/\/linkside-communication.com\/index.php\/produit\/ballon-de-baudruche\/#webpage","url":"https:\/\/linkside-communication.com\/index.php\/produit\/ballon-de-baudruche\/","name":"Ballon de baudruche - Linkside Communication","isPartOf":{"@id":"https:\/\/linkside-communication.com\/#website"},"datePublished":"2022-10-27T17:47:42+00:00","dateModified":"2022-10-27T17:51:35+00:00","breadcrumb":{"@id":"https:\/\/linkside-communication.com\/index.php\/produit\/ballon-de-baudruche\/#breadcrumb"},"inLanguage":"en-US","potentialAction":[{"@type":"ReadAction","target":["https:\/\/linkside-communication.com\/index.php\/produit\/ballon-de-baudruche\/"]}]},{"@type":"BreadcrumbList","@id":"https:\/\/linkside-communication.com\/index.php\/produit\/ballon-de-baudruche\/#breadcrumb","itemListElement":[{"@type":"ListItem","position":1,"name":"Accueil","item":"https:\/\/linkside-communication.com\/"},{"@type":"ListItem","position":2,"name":"Boutique","item":"https:\/\/linkside-communication.com\/index.php\/boutique\/"},{"@type":"ListItem","position":3,"name":"Ballon de baudruche"}]}]}},"_links":{"self":[{"href":"https:\/\/linkside-communication.com\/index.php\/wp-json\/wp\/v2\/product\/3327"}],"collection":[{"href":"https:\/\/linkside-communication.com\/index.php\/wp-json\/wp\/v2\/product"}],"about":[{"href":"https:\/\/linkside-communication.com\/index.php\/wp-json\/wp\/v2\/types\/product"}],"replies":[{"embeddable":true,"href":"https:\/\/linkside-communication.com\/index.php\/wp-json\/wp\/v2\/comments?post=3327"}],"version-history":[{"count":1,"href":"https:\/\/linkside-communication.com\/index.php\/wp-json\/wp\/v2\/product\/3327\/revisions"}],"predecessor-version":[{"id":3328,"href":"https:\/\/linkside-communication.com\/index.php\/wp-json\/wp\/v2\/product\/3327\/revisions\/3328"}],"wp:attachment":[{"href":"https:\/\/linkside-communication.com\/index.php\/wp-json\/wp\/v2\/media?parent=3327"}],"wp:term":[{"taxonomy":"product_cat","embeddable":true,"href":"https:\/\/linkside-communication.com\/index.php\/wp-json\/wp\/v2\/product_cat?post=3327"},{"taxonomy":"product_tag","embeddable":true,"href":"https:\/\/linkside-communication.com\/index.php\/wp-json\/wp\/v2\/product_tag?post=3327"}],"curies":[{"name":"wp","href":"https:\/\/api.w.org\/{rel}","templated":true}]}}