{"id":3343,"date":"2022-10-28T14:26:05","date_gmt":"2022-10-28T12:26:05","guid":{"rendered":"https:\/\/linkside-communication.com\/?post_type=product&#038;p=3343"},"modified":"2022-11-03T08:47:55","modified_gmt":"2022-11-03T07:47:55","slug":"carte-de-voeux-double-haut-de-gamme","status":"publish","type":"product","link":"https:\/\/linkside-communication.com\/index.php\/produit\/carte-de-voeux-double-haut-de-gamme\/","title":{"rendered":"Carte de voeux Double Haut de gamme"},"content":{"rendered":"<p>Elle vous permettra de faire conna\u00eetre votre marque facilement et \u00e0 peu de frais, aupr\u00e8s d\u2019un public large et diversifi\u00e9. L\u2019envoi d\u2019une carte de v\u0153ux est notamment parfait pour manifester votre reconnaissance \u00e0 un client fid\u00e8le ou \u00e0 un salari\u00e9 tr\u00e8s performant, mais aussi par exemple pour soigner vos relations commerciales avec un fournisseur.<\/p>\n","protected":false},"excerpt":{"rendered":"<p>Une carte de v\u0153ux est une d\u00e9marche personnelle toujours fortement appr\u00e9ci\u00e9e par son heureux destinataire que ce soit pour souhaiter un &#8220;joyeux Noel&#8221;, pr\u00e9senter vos meilleurs v\u0153ux pour la nouvelle ann\u00e9e ou pour toutes autres occasions.<\/p>\n<p><strong>Nous vous proposons pour ces carte de voeux :<\/strong><\/p>\n<ul>\n<li>Format : 20&#215;21, 28&#215;14, 20&#215;15,20&#215;15, 30&#215;10, 42&#215;10 cm<\/li>\n<li>Papier :\n<ul>\n<li>couch\u00e9 mat 350 gr<\/li>\n<li>rive tradition 250 gr<\/li>\n<li>bristol en 250 gr ou 400 gr<\/li>\n<\/ul>\n<\/li>\n<li>Impression : quadri recto ou recto\/verso<\/li>\n<li>Fa\u00e7onnage : 1 rainage centrale, 2 rainages fen\u00eatre<\/li>\n<li>Finition seulement couch\u00e9 mat : Pelliculage, vernis s\u00e9lectif, dorure, argent, gaufrage, vernis paillette dor\u00e9, vernis paillette argent<\/li>\n<li>Quantit\u00e9 minimum de 100 exemplaires<\/li>\n<\/ul>\n","protected":false},"featured_media":0,"comment_status":"closed","ping_status":"closed","template":"","meta":{"site-sidebar-layout":"default","site-content-layout":"default","ast-global-header-display":"","ast-main-header-display":"","ast-hfb-above-header-display":"","ast-hfb-below-header-display":"","ast-hfb-mobile-header-display":"","site-post-title":"","ast-breadcrumbs-content":"","ast-featured-img":"","footer-sml-layout":"","theme-transparent-header-meta":"default","adv-header-id-meta":"","stick-header-meta":"default","header-above-stick-meta":"","header-main-stick-meta":"","header-below-stick-meta":""},"product_cat":[261],"product_tag":[],"yoast_head":"<!-- This site is optimized with the Yoast SEO plugin v19.1 - https:\/\/yoast.com\/wordpress\/plugins\/seo\/ -->\n<title>Carte de voeux Double Haut de gamme - Linkside Communication<\/title>\n<meta name=\"robots\" content=\"index, follow, max-snippet:-1, max-image-preview:large, max-video-preview:-1\" \/>\n<link rel=\"canonical\" href=\"https:\/\/linkside-communication.com\/index.php\/produit\/carte-de-voeux-double-haut-de-gamme\/\" \/>\n<meta property=\"og:locale\" content=\"en_US\" \/>\n<meta property=\"og:type\" content=\"article\" \/>\n<meta property=\"og:title\" content=\"Carte de voeux Double Haut de gamme - Linkside Communication\" \/>\n<meta property=\"og:description\" content=\"Une carte de v\u0153ux est une d\u00e9marche personnelle toujours fortement appr\u00e9ci\u00e9e par son heureux destinataire que ce soit pour souhaiter un &quot;joyeux Noel&quot;, pr\u00e9senter vos meilleurs v\u0153ux pour la nouvelle ann\u00e9e ou pour toutes autres occasions.  Nous vous proposons pour ces carte de voeux :   Format : 20x21, 28x14, 20x15,20x15, 30x10, 42x10 cm  Papier :   couch\u00e9 mat 350 gr  rive tradition 250 gr  bristol en 250 gr ou 400 gr    Impression : quadri recto ou recto\/verso  Fa\u00e7onnage : 1 rainage centrale, 2 rainages fen\u00eatre  Finition seulement couch\u00e9 mat : Pelliculage, vernis s\u00e9lectif, dorure, argent, gaufrage, vernis paillette dor\u00e9, vernis paillette argent  Quantit\u00e9 minimum de 100 exemplaires\" \/>\n<meta property=\"og:url\" content=\"https:\/\/linkside-communication.com\/index.php\/produit\/carte-de-voeux-double-haut-de-gamme\/\" \/>\n<meta property=\"og:site_name\" content=\"Linkside Communication\" \/>\n<meta property=\"article:modified_time\" content=\"2022-11-03T07:47:55+00:00\" \/>\n<meta name=\"twitter:card\" content=\"summary_large_image\" \/>\n<meta name=\"twitter:label1\" content=\"Est. reading time\" \/>\n\t<meta name=\"twitter:data1\" content=\"1 minute\" \/>\n<script type=\"application\/ld+json\" class=\"yoast-schema-graph\">{\"@context\":\"https:\/\/schema.org\",\"@graph\":[{\"@type\":\"WebSite\",\"@id\":\"https:\/\/linkside-communication.com\/#website\",\"url\":\"https:\/\/linkside-communication.com\/\",\"name\":\"Linkside Communication\",\"description\":\"Invent\u00e9 pour un maximum de confort\",\"potentialAction\":[{\"@type\":\"SearchAction\",\"target\":{\"@type\":\"EntryPoint\",\"urlTemplate\":\"https:\/\/linkside-communication.com\/?s={search_term_string}\"},\"query-input\":\"required name=search_term_string\"}],\"inLanguage\":\"en-US\"},{\"@type\":\"WebPage\",\"@id\":\"https:\/\/linkside-communication.com\/index.php\/produit\/carte-de-voeux-double-haut-de-gamme\/#webpage\",\"url\":\"https:\/\/linkside-communication.com\/index.php\/produit\/carte-de-voeux-double-haut-de-gamme\/\",\"name\":\"Carte de voeux Double Haut de gamme - Linkside Communication\",\"isPartOf\":{\"@id\":\"https:\/\/linkside-communication.com\/#website\"},\"datePublished\":\"2022-10-28T12:26:05+00:00\",\"dateModified\":\"2022-11-03T07:47:55+00:00\",\"breadcrumb\":{\"@id\":\"https:\/\/linkside-communication.com\/index.php\/produit\/carte-de-voeux-double-haut-de-gamme\/#breadcrumb\"},\"inLanguage\":\"en-US\",\"potentialAction\":[{\"@type\":\"ReadAction\",\"target\":[\"https:\/\/linkside-communication.com\/index.php\/produit\/carte-de-voeux-double-haut-de-gamme\/\"]}]},{\"@type\":\"BreadcrumbList\",\"@id\":\"https:\/\/linkside-communication.com\/index.php\/produit\/carte-de-voeux-double-haut-de-gamme\/#breadcrumb\",\"itemListElement\":[{\"@type\":\"ListItem\",\"position\":1,\"name\":\"Accueil\",\"item\":\"https:\/\/linkside-communication.com\/\"},{\"@type\":\"ListItem\",\"position\":2,\"name\":\"Boutique\",\"item\":\"https:\/\/linkside-communication.com\/index.php\/boutique\/\"},{\"@type\":\"ListItem\",\"position\":3,\"name\":\"Carte de voeux Double Haut de gamme\"}]}]}<\/script>\n<!-- \/ Yoast SEO plugin. -->","yoast_head_json":{"title":"Carte de voeux Double Haut de gamme - Linkside Communication","robots":{"index":"index","follow":"follow","max-snippet":"max-snippet:-1","max-image-preview":"max-image-preview:large","max-video-preview":"max-video-preview:-1"},"canonical":"https:\/\/linkside-communication.com\/index.php\/produit\/carte-de-voeux-double-haut-de-gamme\/","og_locale":"en_US","og_type":"article","og_title":"Carte de voeux Double Haut de gamme - Linkside Communication","og_description":"Une carte de v\u0153ux est une d\u00e9marche personnelle toujours fortement appr\u00e9ci\u00e9e par son heureux destinataire que ce soit pour souhaiter un \"joyeux Noel\", pr\u00e9senter vos meilleurs v\u0153ux pour la nouvelle ann\u00e9e ou pour toutes autres occasions.  Nous vous proposons pour ces carte de voeux :   Format : 20x21, 28x14, 20x15,20x15, 30x10, 42x10 cm  Papier :   couch\u00e9 mat 350 gr  rive tradition 250 gr  bristol en 250 gr ou 400 gr    Impression : quadri recto ou recto\/verso  Fa\u00e7onnage : 1 rainage centrale, 2 rainages fen\u00eatre  Finition seulement couch\u00e9 mat : Pelliculage, vernis s\u00e9lectif, dorure, argent, gaufrage, vernis paillette dor\u00e9, vernis paillette argent  Quantit\u00e9 minimum de 100 exemplaires","og_url":"https:\/\/linkside-communication.com\/index.php\/produit\/carte-de-voeux-double-haut-de-gamme\/","og_site_name":"Linkside Communication","article_modified_time":"2022-11-03T07:47:55+00:00","twitter_card":"summary_large_image","twitter_misc":{"Est. reading time":"1 minute"},"schema":{"@context":"https:\/\/schema.org","@graph":[{"@type":"WebSite","@id":"https:\/\/linkside-communication.com\/#website","url":"https:\/\/linkside-communication.com\/","name":"Linkside Communication","description":"Invent\u00e9 pour un maximum de confort","potentialAction":[{"@type":"SearchAction","target":{"@type":"EntryPoint","urlTemplate":"https:\/\/linkside-communication.com\/?s={search_term_string}"},"query-input":"required name=search_term_string"}],"inLanguage":"en-US"},{"@type":"WebPage","@id":"https:\/\/linkside-communication.com\/index.php\/produit\/carte-de-voeux-double-haut-de-gamme\/#webpage","url":"https:\/\/linkside-communication.com\/index.php\/produit\/carte-de-voeux-double-haut-de-gamme\/","name":"Carte de voeux Double Haut de gamme - Linkside Communication","isPartOf":{"@id":"https:\/\/linkside-communication.com\/#website"},"datePublished":"2022-10-28T12:26:05+00:00","dateModified":"2022-11-03T07:47:55+00:00","breadcrumb":{"@id":"https:\/\/linkside-communication.com\/index.php\/produit\/carte-de-voeux-double-haut-de-gamme\/#breadcrumb"},"inLanguage":"en-US","potentialAction":[{"@type":"ReadAction","target":["https:\/\/linkside-communication.com\/index.php\/produit\/carte-de-voeux-double-haut-de-gamme\/"]}]},{"@type":"BreadcrumbList","@id":"https:\/\/linkside-communication.com\/index.php\/produit\/carte-de-voeux-double-haut-de-gamme\/#breadcrumb","itemListElement":[{"@type":"ListItem","position":1,"name":"Accueil","item":"https:\/\/linkside-communication.com\/"},{"@type":"ListItem","position":2,"name":"Boutique","item":"https:\/\/linkside-communication.com\/index.php\/boutique\/"},{"@type":"ListItem","position":3,"name":"Carte de voeux Double Haut de gamme"}]}]}},"_links":{"self":[{"href":"https:\/\/linkside-communication.com\/index.php\/wp-json\/wp\/v2\/product\/3343"}],"collection":[{"href":"https:\/\/linkside-communication.com\/index.php\/wp-json\/wp\/v2\/product"}],"about":[{"href":"https:\/\/linkside-communication.com\/index.php\/wp-json\/wp\/v2\/types\/product"}],"replies":[{"embeddable":true,"href":"https:\/\/linkside-communication.com\/index.php\/wp-json\/wp\/v2\/comments?post=3343"}],"version-history":[{"count":1,"href":"https:\/\/linkside-communication.com\/index.php\/wp-json\/wp\/v2\/product\/3343\/revisions"}],"predecessor-version":[{"id":3345,"href":"https:\/\/linkside-communication.com\/index.php\/wp-json\/wp\/v2\/product\/3343\/revisions\/3345"}],"wp:attachment":[{"href":"https:\/\/linkside-communication.com\/index.php\/wp-json\/wp\/v2\/media?parent=3343"}],"wp:term":[{"taxonomy":"product_cat","embeddable":true,"href":"https:\/\/linkside-communication.com\/index.php\/wp-json\/wp\/v2\/product_cat?post=3343"},{"taxonomy":"product_tag","embeddable":true,"href":"https:\/\/linkside-communication.com\/index.php\/wp-json\/wp\/v2\/product_tag?post=3343"}],"curies":[{"name":"wp","href":"https:\/\/api.w.org\/{rel}","templated":true}]}}