{"id":3354,"date":"2022-10-28T14:51:21","date_gmt":"2022-10-28T12:51:21","guid":{"rendered":"https:\/\/linkside-communication.com\/?post_type=product&#038;p=3354"},"modified":"2022-10-28T14:57:20","modified_gmt":"2022-10-28T12:57:20","slug":"stylo-metal-personnalise","status":"publish","type":"product","link":"https:\/\/linkside-communication.com\/index.php\/produit\/stylo-metal-personnalise\/","title":{"rendered":"Stylo m\u00e9tal personnalis\u00e9"},"content":{"rendered":"<p>Pratique et toujours utile, le\u00a0stylo personnalisable m\u00e9tal\u00a0est un atout de taille pour une campagne de communication r\u00e9ussie. Il s\u2019agit l\u00e0 d\u2019un moyen rapide, peu on\u00e9reux et tr\u00e8s efficace.<\/p>\n","protected":false},"excerpt":{"rendered":"<p>Le\u00a0stylo publicitaire en m\u00e9tal\u00a0est robuste et durable, de quoi perdurer au quotidien.<\/p>\n<p><strong>Nous vous proposons pour ce produit :<\/strong><\/p>\n<ul>\n<li>Clip de couleur : chrom\u00e9<\/li>\n<li>Mati\u00e8re : M\u00e9tal\/silicone<\/li>\n<li>Impression : gravure laser<\/li>\n<li>Finition : miroir<\/li>\n<li>Marquage : capuchon (35&#215;5 mm)<\/li>\n<li>Couleur du stylo : chrome + capuchon noir<\/li>\n<li>Encre : Bleu<\/li>\n<li>Quantit\u00e9 minimum de 50 exemplaires<\/li>\n<\/ul>\n","protected":false},"featured_media":0,"comment_status":"closed","ping_status":"closed","template":"","meta":{"site-sidebar-layout":"default","site-content-layout":"default","ast-global-header-display":"","ast-main-header-display":"","ast-hfb-above-header-display":"","ast-hfb-below-header-display":"","ast-hfb-mobile-header-display":"","site-post-title":"","ast-breadcrumbs-content":"","ast-featured-img":"","footer-sml-layout":"","theme-transparent-header-meta":"default","adv-header-id-meta":"","stick-header-meta":"default","header-above-stick-meta":"","header-main-stick-meta":"","header-below-stick-meta":""},"product_cat":[242],"product_tag":[],"yoast_head":"<!-- This site is optimized with the Yoast SEO plugin v19.1 - https:\/\/yoast.com\/wordpress\/plugins\/seo\/ -->\n<title>Stylo m\u00e9tal personnalis\u00e9 - Linkside Communication<\/title>\n<meta name=\"robots\" content=\"index, follow, max-snippet:-1, max-image-preview:large, max-video-preview:-1\" \/>\n<link rel=\"canonical\" href=\"https:\/\/linkside-communication.com\/index.php\/produit\/stylo-metal-personnalise\/\" \/>\n<meta property=\"og:locale\" content=\"en_US\" \/>\n<meta property=\"og:type\" content=\"article\" \/>\n<meta property=\"og:title\" content=\"Stylo m\u00e9tal personnalis\u00e9 - Linkside Communication\" \/>\n<meta property=\"og:description\" content=\"Le\u00a0stylo publicitaire en m\u00e9tal\u00a0est robuste et durable, de quoi perdurer au quotidien.  Nous vous proposons pour ce produit :   Clip de couleur : chrom\u00e9  Mati\u00e8re : M\u00e9tal\/silicone  Impression : gravure laser  Finition : miroir  Marquage : capuchon (35x5 mm)  Couleur du stylo : chrome + capuchon noir  Encre : Bleu  Quantit\u00e9 minimum de 50 exemplaires\" \/>\n<meta property=\"og:url\" content=\"https:\/\/linkside-communication.com\/index.php\/produit\/stylo-metal-personnalise\/\" \/>\n<meta property=\"og:site_name\" content=\"Linkside Communication\" \/>\n<meta property=\"article:modified_time\" content=\"2022-10-28T12:57:20+00:00\" \/>\n<meta name=\"twitter:card\" content=\"summary_large_image\" \/>\n<meta name=\"twitter:label1\" content=\"Est. reading time\" \/>\n\t<meta name=\"twitter:data1\" content=\"1 minute\" \/>\n<script type=\"application\/ld+json\" class=\"yoast-schema-graph\">{\"@context\":\"https:\/\/schema.org\",\"@graph\":[{\"@type\":\"WebSite\",\"@id\":\"https:\/\/linkside-communication.com\/#website\",\"url\":\"https:\/\/linkside-communication.com\/\",\"name\":\"Linkside Communication\",\"description\":\"Invent\u00e9 pour un maximum de confort\",\"potentialAction\":[{\"@type\":\"SearchAction\",\"target\":{\"@type\":\"EntryPoint\",\"urlTemplate\":\"https:\/\/linkside-communication.com\/?s={search_term_string}\"},\"query-input\":\"required name=search_term_string\"}],\"inLanguage\":\"en-US\"},{\"@type\":\"WebPage\",\"@id\":\"https:\/\/linkside-communication.com\/index.php\/produit\/stylo-metal-personnalise\/#webpage\",\"url\":\"https:\/\/linkside-communication.com\/index.php\/produit\/stylo-metal-personnalise\/\",\"name\":\"Stylo m\u00e9tal personnalis\u00e9 - Linkside Communication\",\"isPartOf\":{\"@id\":\"https:\/\/linkside-communication.com\/#website\"},\"datePublished\":\"2022-10-28T12:51:21+00:00\",\"dateModified\":\"2022-10-28T12:57:20+00:00\",\"breadcrumb\":{\"@id\":\"https:\/\/linkside-communication.com\/index.php\/produit\/stylo-metal-personnalise\/#breadcrumb\"},\"inLanguage\":\"en-US\",\"potentialAction\":[{\"@type\":\"ReadAction\",\"target\":[\"https:\/\/linkside-communication.com\/index.php\/produit\/stylo-metal-personnalise\/\"]}]},{\"@type\":\"BreadcrumbList\",\"@id\":\"https:\/\/linkside-communication.com\/index.php\/produit\/stylo-metal-personnalise\/#breadcrumb\",\"itemListElement\":[{\"@type\":\"ListItem\",\"position\":1,\"name\":\"Accueil\",\"item\":\"https:\/\/linkside-communication.com\/\"},{\"@type\":\"ListItem\",\"position\":2,\"name\":\"Boutique\",\"item\":\"https:\/\/linkside-communication.com\/index.php\/boutique\/\"},{\"@type\":\"ListItem\",\"position\":3,\"name\":\"Stylo m\u00e9tal personnalis\u00e9\"}]}]}<\/script>\n<!-- \/ Yoast SEO plugin. -->","yoast_head_json":{"title":"Stylo m\u00e9tal personnalis\u00e9 - Linkside Communication","robots":{"index":"index","follow":"follow","max-snippet":"max-snippet:-1","max-image-preview":"max-image-preview:large","max-video-preview":"max-video-preview:-1"},"canonical":"https:\/\/linkside-communication.com\/index.php\/produit\/stylo-metal-personnalise\/","og_locale":"en_US","og_type":"article","og_title":"Stylo m\u00e9tal personnalis\u00e9 - Linkside Communication","og_description":"Le\u00a0stylo publicitaire en m\u00e9tal\u00a0est robuste et durable, de quoi perdurer au quotidien.  Nous vous proposons pour ce produit :   Clip de couleur : chrom\u00e9  Mati\u00e8re : M\u00e9tal\/silicone  Impression : gravure laser  Finition : miroir  Marquage : capuchon (35x5 mm)  Couleur du stylo : chrome + capuchon noir  Encre : Bleu  Quantit\u00e9 minimum de 50 exemplaires","og_url":"https:\/\/linkside-communication.com\/index.php\/produit\/stylo-metal-personnalise\/","og_site_name":"Linkside Communication","article_modified_time":"2022-10-28T12:57:20+00:00","twitter_card":"summary_large_image","twitter_misc":{"Est. reading time":"1 minute"},"schema":{"@context":"https:\/\/schema.org","@graph":[{"@type":"WebSite","@id":"https:\/\/linkside-communication.com\/#website","url":"https:\/\/linkside-communication.com\/","name":"Linkside Communication","description":"Invent\u00e9 pour un maximum de confort","potentialAction":[{"@type":"SearchAction","target":{"@type":"EntryPoint","urlTemplate":"https:\/\/linkside-communication.com\/?s={search_term_string}"},"query-input":"required name=search_term_string"}],"inLanguage":"en-US"},{"@type":"WebPage","@id":"https:\/\/linkside-communication.com\/index.php\/produit\/stylo-metal-personnalise\/#webpage","url":"https:\/\/linkside-communication.com\/index.php\/produit\/stylo-metal-personnalise\/","name":"Stylo m\u00e9tal personnalis\u00e9 - Linkside Communication","isPartOf":{"@id":"https:\/\/linkside-communication.com\/#website"},"datePublished":"2022-10-28T12:51:21+00:00","dateModified":"2022-10-28T12:57:20+00:00","breadcrumb":{"@id":"https:\/\/linkside-communication.com\/index.php\/produit\/stylo-metal-personnalise\/#breadcrumb"},"inLanguage":"en-US","potentialAction":[{"@type":"ReadAction","target":["https:\/\/linkside-communication.com\/index.php\/produit\/stylo-metal-personnalise\/"]}]},{"@type":"BreadcrumbList","@id":"https:\/\/linkside-communication.com\/index.php\/produit\/stylo-metal-personnalise\/#breadcrumb","itemListElement":[{"@type":"ListItem","position":1,"name":"Accueil","item":"https:\/\/linkside-communication.com\/"},{"@type":"ListItem","position":2,"name":"Boutique","item":"https:\/\/linkside-communication.com\/index.php\/boutique\/"},{"@type":"ListItem","position":3,"name":"Stylo m\u00e9tal personnalis\u00e9"}]}]}},"_links":{"self":[{"href":"https:\/\/linkside-communication.com\/index.php\/wp-json\/wp\/v2\/product\/3354"}],"collection":[{"href":"https:\/\/linkside-communication.com\/index.php\/wp-json\/wp\/v2\/product"}],"about":[{"href":"https:\/\/linkside-communication.com\/index.php\/wp-json\/wp\/v2\/types\/product"}],"replies":[{"embeddable":true,"href":"https:\/\/linkside-communication.com\/index.php\/wp-json\/wp\/v2\/comments?post=3354"}],"version-history":[{"count":1,"href":"https:\/\/linkside-communication.com\/index.php\/wp-json\/wp\/v2\/product\/3354\/revisions"}],"predecessor-version":[{"id":3355,"href":"https:\/\/linkside-communication.com\/index.php\/wp-json\/wp\/v2\/product\/3354\/revisions\/3355"}],"wp:attachment":[{"href":"https:\/\/linkside-communication.com\/index.php\/wp-json\/wp\/v2\/media?parent=3354"}],"wp:term":[{"taxonomy":"product_cat","embeddable":true,"href":"https:\/\/linkside-communication.com\/index.php\/wp-json\/wp\/v2\/product_cat?post=3354"},{"taxonomy":"product_tag","embeddable":true,"href":"https:\/\/linkside-communication.com\/index.php\/wp-json\/wp\/v2\/product_tag?post=3354"}],"curies":[{"name":"wp","href":"https:\/\/api.w.org\/{rel}","templated":true}]}}