{"id":3368,"date":"2022-10-28T15:41:00","date_gmt":"2022-10-28T13:41:00","guid":{"rendered":"https:\/\/linkside-communication.com\/?post_type=product&#038;p=3368"},"modified":"2022-10-28T15:41:53","modified_gmt":"2022-10-28T13:41:53","slug":"bracelet-tyvek-sans-impression","status":"publish","type":"product","link":"https:\/\/linkside-communication.com\/index.php\/produit\/bracelet-tyvek-sans-impression\/","title":{"rendered":"Bracelet Tyvek sans impression"},"content":{"rendered":"<p>Vous organisez une soir\u00e9e priv\u00e9e, un \u00e9v\u00e8nement sp\u00e9cial ?<\/p>\n<p>Vous avez \u00e9tabli une liste VIP pour vos invit\u00e9s ?<\/p>\n<p>Le bracelet de contr\u00f4le vous permet de g\u00e9rer plus facilement votre soir\u00e9e. Refermable \u00e0 l\u2019aide d\u2019une bande adh\u00e9sive, le bracelet tyvek ne peut pas \u00eatre enlev\u00e9 sans \u00eatre d\u00e9chir\u00e9, ce qui garantit son authenticit\u00e9. Vous pourrez ainsi \u00e9viter l&#8217;acc\u00e8s \u00e0 votre \u00e9v\u00e8nement aux personnes qui ne sont pas invit\u00e9es.<\/p>\n","protected":false},"excerpt":{"rendered":"<p>Les bracelets en Tyvek sont appr\u00e9ci\u00e9s pour leurs nombreuses qualit\u00e9s. Ils sont \u00e9conomiques, extr\u00eamement r\u00e9sistants et confortables.<\/p>\n<p><strong>Nous vous proposons pour cet objet :<\/strong><\/p>\n<ul>\n<li>Couleur du bracelet : Bleu, rouge, vert, violet, rouge, framboise, orange, jaune, turquoise, marron, gris, blanc<\/li>\n<li>Dimension : 250&#215;19 mm<\/li>\n<li>Mati\u00e8re : Tyvek<\/li>\n<li>Sans impression<\/li>\n<li>Quantit\u00e9 minimum de 1000 exemplaires<\/li>\n<\/ul>\n","protected":false},"featured_media":0,"comment_status":"closed","ping_status":"closed","template":"","meta":{"site-sidebar-layout":"default","site-content-layout":"default","ast-global-header-display":"","ast-main-header-display":"","ast-hfb-above-header-display":"","ast-hfb-below-header-display":"","ast-hfb-mobile-header-display":"","site-post-title":"","ast-breadcrumbs-content":"","ast-featured-img":"","footer-sml-layout":"","theme-transparent-header-meta":"default","adv-header-id-meta":"","stick-header-meta":"default","header-above-stick-meta":"","header-main-stick-meta":"","header-below-stick-meta":""},"product_cat":[242],"product_tag":[],"yoast_head":"<!-- This site is optimized with the Yoast SEO plugin v19.1 - https:\/\/yoast.com\/wordpress\/plugins\/seo\/ -->\n<title>Bracelet Tyvek sans impression - Linkside Communication<\/title>\n<meta name=\"robots\" content=\"index, follow, max-snippet:-1, max-image-preview:large, max-video-preview:-1\" \/>\n<link rel=\"canonical\" href=\"https:\/\/linkside-communication.com\/index.php\/produit\/bracelet-tyvek-sans-impression\/\" \/>\n<meta property=\"og:locale\" content=\"en_US\" \/>\n<meta property=\"og:type\" content=\"article\" \/>\n<meta property=\"og:title\" content=\"Bracelet Tyvek sans impression - Linkside Communication\" \/>\n<meta property=\"og:description\" content=\"Les bracelets en Tyvek sont appr\u00e9ci\u00e9s pour leurs nombreuses qualit\u00e9s. Ils sont \u00e9conomiques, extr\u00eamement r\u00e9sistants et confortables.  Nous vous proposons pour cet objet :   Couleur du bracelet : Bleu, rouge, vert, violet, rouge, framboise, orange, jaune, turquoise, marron, gris, blanc  Dimension : 250x19 mm  Mati\u00e8re : Tyvek  Sans impression  Quantit\u00e9 minimum de 1000 exemplaires\" \/>\n<meta property=\"og:url\" content=\"https:\/\/linkside-communication.com\/index.php\/produit\/bracelet-tyvek-sans-impression\/\" \/>\n<meta property=\"og:site_name\" content=\"Linkside Communication\" \/>\n<meta property=\"article:modified_time\" content=\"2022-10-28T13:41:53+00:00\" \/>\n<meta name=\"twitter:card\" content=\"summary_large_image\" \/>\n<meta name=\"twitter:label1\" content=\"Est. reading time\" \/>\n\t<meta name=\"twitter:data1\" content=\"1 minute\" \/>\n<script type=\"application\/ld+json\" class=\"yoast-schema-graph\">{\"@context\":\"https:\/\/schema.org\",\"@graph\":[{\"@type\":\"WebSite\",\"@id\":\"https:\/\/linkside-communication.com\/#website\",\"url\":\"https:\/\/linkside-communication.com\/\",\"name\":\"Linkside Communication\",\"description\":\"Invent\u00e9 pour un maximum de confort\",\"potentialAction\":[{\"@type\":\"SearchAction\",\"target\":{\"@type\":\"EntryPoint\",\"urlTemplate\":\"https:\/\/linkside-communication.com\/?s={search_term_string}\"},\"query-input\":\"required name=search_term_string\"}],\"inLanguage\":\"en-US\"},{\"@type\":\"WebPage\",\"@id\":\"https:\/\/linkside-communication.com\/index.php\/produit\/bracelet-tyvek-sans-impression\/#webpage\",\"url\":\"https:\/\/linkside-communication.com\/index.php\/produit\/bracelet-tyvek-sans-impression\/\",\"name\":\"Bracelet Tyvek sans impression - Linkside Communication\",\"isPartOf\":{\"@id\":\"https:\/\/linkside-communication.com\/#website\"},\"datePublished\":\"2022-10-28T13:41:00+00:00\",\"dateModified\":\"2022-10-28T13:41:53+00:00\",\"breadcrumb\":{\"@id\":\"https:\/\/linkside-communication.com\/index.php\/produit\/bracelet-tyvek-sans-impression\/#breadcrumb\"},\"inLanguage\":\"en-US\",\"potentialAction\":[{\"@type\":\"ReadAction\",\"target\":[\"https:\/\/linkside-communication.com\/index.php\/produit\/bracelet-tyvek-sans-impression\/\"]}]},{\"@type\":\"BreadcrumbList\",\"@id\":\"https:\/\/linkside-communication.com\/index.php\/produit\/bracelet-tyvek-sans-impression\/#breadcrumb\",\"itemListElement\":[{\"@type\":\"ListItem\",\"position\":1,\"name\":\"Accueil\",\"item\":\"https:\/\/linkside-communication.com\/\"},{\"@type\":\"ListItem\",\"position\":2,\"name\":\"Boutique\",\"item\":\"https:\/\/linkside-communication.com\/index.php\/boutique\/\"},{\"@type\":\"ListItem\",\"position\":3,\"name\":\"Bracelet Tyvek sans impression\"}]}]}<\/script>\n<!-- \/ Yoast SEO plugin. -->","yoast_head_json":{"title":"Bracelet Tyvek sans impression - Linkside Communication","robots":{"index":"index","follow":"follow","max-snippet":"max-snippet:-1","max-image-preview":"max-image-preview:large","max-video-preview":"max-video-preview:-1"},"canonical":"https:\/\/linkside-communication.com\/index.php\/produit\/bracelet-tyvek-sans-impression\/","og_locale":"en_US","og_type":"article","og_title":"Bracelet Tyvek sans impression - Linkside Communication","og_description":"Les bracelets en Tyvek sont appr\u00e9ci\u00e9s pour leurs nombreuses qualit\u00e9s. Ils sont \u00e9conomiques, extr\u00eamement r\u00e9sistants et confortables.  Nous vous proposons pour cet objet :   Couleur du bracelet : Bleu, rouge, vert, violet, rouge, framboise, orange, jaune, turquoise, marron, gris, blanc  Dimension : 250x19 mm  Mati\u00e8re : Tyvek  Sans impression  Quantit\u00e9 minimum de 1000 exemplaires","og_url":"https:\/\/linkside-communication.com\/index.php\/produit\/bracelet-tyvek-sans-impression\/","og_site_name":"Linkside Communication","article_modified_time":"2022-10-28T13:41:53+00:00","twitter_card":"summary_large_image","twitter_misc":{"Est. reading time":"1 minute"},"schema":{"@context":"https:\/\/schema.org","@graph":[{"@type":"WebSite","@id":"https:\/\/linkside-communication.com\/#website","url":"https:\/\/linkside-communication.com\/","name":"Linkside Communication","description":"Invent\u00e9 pour un maximum de confort","potentialAction":[{"@type":"SearchAction","target":{"@type":"EntryPoint","urlTemplate":"https:\/\/linkside-communication.com\/?s={search_term_string}"},"query-input":"required name=search_term_string"}],"inLanguage":"en-US"},{"@type":"WebPage","@id":"https:\/\/linkside-communication.com\/index.php\/produit\/bracelet-tyvek-sans-impression\/#webpage","url":"https:\/\/linkside-communication.com\/index.php\/produit\/bracelet-tyvek-sans-impression\/","name":"Bracelet Tyvek sans impression - Linkside Communication","isPartOf":{"@id":"https:\/\/linkside-communication.com\/#website"},"datePublished":"2022-10-28T13:41:00+00:00","dateModified":"2022-10-28T13:41:53+00:00","breadcrumb":{"@id":"https:\/\/linkside-communication.com\/index.php\/produit\/bracelet-tyvek-sans-impression\/#breadcrumb"},"inLanguage":"en-US","potentialAction":[{"@type":"ReadAction","target":["https:\/\/linkside-communication.com\/index.php\/produit\/bracelet-tyvek-sans-impression\/"]}]},{"@type":"BreadcrumbList","@id":"https:\/\/linkside-communication.com\/index.php\/produit\/bracelet-tyvek-sans-impression\/#breadcrumb","itemListElement":[{"@type":"ListItem","position":1,"name":"Accueil","item":"https:\/\/linkside-communication.com\/"},{"@type":"ListItem","position":2,"name":"Boutique","item":"https:\/\/linkside-communication.com\/index.php\/boutique\/"},{"@type":"ListItem","position":3,"name":"Bracelet Tyvek sans impression"}]}]}},"_links":{"self":[{"href":"https:\/\/linkside-communication.com\/index.php\/wp-json\/wp\/v2\/product\/3368"}],"collection":[{"href":"https:\/\/linkside-communication.com\/index.php\/wp-json\/wp\/v2\/product"}],"about":[{"href":"https:\/\/linkside-communication.com\/index.php\/wp-json\/wp\/v2\/types\/product"}],"replies":[{"embeddable":true,"href":"https:\/\/linkside-communication.com\/index.php\/wp-json\/wp\/v2\/comments?post=3368"}],"version-history":[{"count":2,"href":"https:\/\/linkside-communication.com\/index.php\/wp-json\/wp\/v2\/product\/3368\/revisions"}],"predecessor-version":[{"id":4011,"href":"https:\/\/linkside-communication.com\/index.php\/wp-json\/wp\/v2\/product\/3368\/revisions\/4011"}],"wp:attachment":[{"href":"https:\/\/linkside-communication.com\/index.php\/wp-json\/wp\/v2\/media?parent=3368"}],"wp:term":[{"taxonomy":"product_cat","embeddable":true,"href":"https:\/\/linkside-communication.com\/index.php\/wp-json\/wp\/v2\/product_cat?post=3368"},{"taxonomy":"product_tag","embeddable":true,"href":"https:\/\/linkside-communication.com\/index.php\/wp-json\/wp\/v2\/product_tag?post=3368"}],"curies":[{"name":"wp","href":"https:\/\/api.w.org\/{rel}","templated":true}]}}