{"id":360,"date":"2022-10-01T13:59:27","date_gmt":"2022-10-01T11:59:27","guid":{"rendered":"https:\/\/linkside-communication.com\/?post_type=product&#038;p=360"},"modified":"2022-10-12T10:46:28","modified_gmt":"2022-10-12T08:46:28","slug":"stowaway","status":"publish","type":"product","link":"https:\/\/linkside-communication.com\/index.php\/produit\/stowaway\/","title":{"rendered":"Stowaway"},"content":{"rendered":"<p>Un chevalet sans outil et \u00e0 fort impact visuel.<br \/>\nD\u00e9ploy\u00e9 en quelques secondes gr\u00e2ce \u00e0 sa capacit\u00e9 d&#8217;ouverture rapide !<br \/>\nDisponible en 2 tailles : 1400 mm et 2000 mm.<br \/>\nLa conception repose sur des tiges ressort en acier qui ne n\u00e9cessitent aucun assemblage, ce qui la rend l\u00e9g\u00e8re et extr\u00eamement portable.<br \/>\nSe range dans un petit sac de transport pour faciliter le transport ou le stockage.<br \/>\nLes visuels en maille drapeau (en option) permettent au vent de passer \u00e0 travers, cr\u00e9ant un mouvement attractif sous une brise.<br \/>\nSe fixe au sol \u00e0 l&#8217;aide de sardines (incluses).<\/p>\n","protected":false},"excerpt":{"rendered":"<p>Faites ressortir votre message de marque ou vos informations de signal\u00e9tique avec le chevalet &#8220;pop-up&#8221; Stowaway qui se d\u00e9ploie en quelques secondes pour \u00eatre utilis\u00e9 en int\u00e9rieur ou fix\u00e9 en ext\u00e9rieur avec les sardines fournies.<\/p>\n","protected":false},"featured_media":361,"comment_status":"closed","ping_status":"closed","template":"","meta":{"site-sidebar-layout":"default","site-content-layout":"default","ast-global-header-display":"","ast-main-header-display":"","ast-hfb-above-header-display":"","ast-hfb-below-header-display":"","ast-hfb-mobile-header-display":"","site-post-title":"","ast-breadcrumbs-content":"","ast-featured-img":"","footer-sml-layout":"","theme-transparent-header-meta":"default","adv-header-id-meta":"","stick-header-meta":"default","header-above-stick-meta":"","header-main-stick-meta":"","header-below-stick-meta":""},"product_cat":[113,73,84,74,111,92,120,83,112,82,117,79,116,122,96,86,119,85,118,125,114,76,115,78],"product_tag":[],"yoast_head":"<!-- This site is optimized with the Yoast SEO plugin v19.1 - https:\/\/yoast.com\/wordpress\/plugins\/seo\/ -->\n<title>Stowaway - Linkside Communication<\/title>\n<meta name=\"robots\" content=\"index, follow, max-snippet:-1, max-image-preview:large, max-video-preview:-1\" \/>\n<link rel=\"canonical\" href=\"https:\/\/linkside-communication.com\/index.php\/produit\/stowaway\/\" \/>\n<meta property=\"og:locale\" content=\"en_US\" \/>\n<meta property=\"og:type\" content=\"article\" \/>\n<meta property=\"og:title\" content=\"Stowaway - Linkside Communication\" \/>\n<meta property=\"og:description\" content=\"Faites ressortir votre message de marque ou vos informations de signal\u00e9tique avec le chevalet &quot;pop-up&quot; Stowaway qui se d\u00e9ploie en quelques secondes pour \u00eatre utilis\u00e9 en int\u00e9rieur ou fix\u00e9 en ext\u00e9rieur avec les sardines fournies.\" \/>\n<meta property=\"og:url\" content=\"https:\/\/linkside-communication.com\/index.php\/produit\/stowaway\/\" \/>\n<meta property=\"og:site_name\" content=\"Linkside Communication\" \/>\n<meta property=\"article:modified_time\" content=\"2022-10-12T08:46:28+00:00\" \/>\n<meta property=\"og:image\" content=\"https:\/\/linkside-communication.com\/wp-content\/uploads\/2022\/10\/stowaway-2-main-71022.jpg\" \/>\n\t<meta property=\"og:image:width\" content=\"1000\" \/>\n\t<meta property=\"og:image:height\" content=\"1000\" \/>\n\t<meta property=\"og:image:type\" content=\"image\/jpeg\" \/>\n<meta name=\"twitter:card\" content=\"summary_large_image\" \/>\n<meta name=\"twitter:label1\" content=\"Est. reading time\" \/>\n\t<meta name=\"twitter:data1\" content=\"1 minute\" \/>\n<script type=\"application\/ld+json\" class=\"yoast-schema-graph\">{\"@context\":\"https:\/\/schema.org\",\"@graph\":[{\"@type\":\"WebSite\",\"@id\":\"https:\/\/linkside-communication.com\/#website\",\"url\":\"https:\/\/linkside-communication.com\/\",\"name\":\"Linkside Communication\",\"description\":\"Invent\u00e9 pour un maximum de confort\",\"potentialAction\":[{\"@type\":\"SearchAction\",\"target\":{\"@type\":\"EntryPoint\",\"urlTemplate\":\"https:\/\/linkside-communication.com\/?s={search_term_string}\"},\"query-input\":\"required name=search_term_string\"}],\"inLanguage\":\"en-US\"},{\"@type\":\"ImageObject\",\"inLanguage\":\"en-US\",\"@id\":\"https:\/\/linkside-communication.com\/index.php\/produit\/stowaway\/#primaryimage\",\"url\":\"https:\/\/linkside-communication.com\/wp-content\/uploads\/2022\/10\/stowaway-2-main-71022.jpg\",\"contentUrl\":\"https:\/\/linkside-communication.com\/wp-content\/uploads\/2022\/10\/stowaway-2-main-71022.jpg\",\"width\":1000,\"height\":1000},{\"@type\":\"WebPage\",\"@id\":\"https:\/\/linkside-communication.com\/index.php\/produit\/stowaway\/#webpage\",\"url\":\"https:\/\/linkside-communication.com\/index.php\/produit\/stowaway\/\",\"name\":\"Stowaway - Linkside Communication\",\"isPartOf\":{\"@id\":\"https:\/\/linkside-communication.com\/#website\"},\"primaryImageOfPage\":{\"@id\":\"https:\/\/linkside-communication.com\/index.php\/produit\/stowaway\/#primaryimage\"},\"datePublished\":\"2022-10-01T11:59:27+00:00\",\"dateModified\":\"2022-10-12T08:46:28+00:00\",\"breadcrumb\":{\"@id\":\"https:\/\/linkside-communication.com\/index.php\/produit\/stowaway\/#breadcrumb\"},\"inLanguage\":\"en-US\",\"potentialAction\":[{\"@type\":\"ReadAction\",\"target\":[\"https:\/\/linkside-communication.com\/index.php\/produit\/stowaway\/\"]}]},{\"@type\":\"BreadcrumbList\",\"@id\":\"https:\/\/linkside-communication.com\/index.php\/produit\/stowaway\/#breadcrumb\",\"itemListElement\":[{\"@type\":\"ListItem\",\"position\":1,\"name\":\"Accueil\",\"item\":\"https:\/\/linkside-communication.com\/\"},{\"@type\":\"ListItem\",\"position\":2,\"name\":\"Boutique\",\"item\":\"https:\/\/linkside-communication.com\/index.php\/boutique\/\"},{\"@type\":\"ListItem\",\"position\":3,\"name\":\"Stowaway\"}]}]}<\/script>\n<!-- \/ Yoast SEO plugin. -->","yoast_head_json":{"title":"Stowaway - Linkside Communication","robots":{"index":"index","follow":"follow","max-snippet":"max-snippet:-1","max-image-preview":"max-image-preview:large","max-video-preview":"max-video-preview:-1"},"canonical":"https:\/\/linkside-communication.com\/index.php\/produit\/stowaway\/","og_locale":"en_US","og_type":"article","og_title":"Stowaway - Linkside Communication","og_description":"Faites ressortir votre message de marque ou vos informations de signal\u00e9tique avec le chevalet \"pop-up\" Stowaway qui se d\u00e9ploie en quelques secondes pour \u00eatre utilis\u00e9 en int\u00e9rieur ou fix\u00e9 en ext\u00e9rieur avec les sardines fournies.","og_url":"https:\/\/linkside-communication.com\/index.php\/produit\/stowaway\/","og_site_name":"Linkside Communication","article_modified_time":"2022-10-12T08:46:28+00:00","og_image":[{"width":1000,"height":1000,"url":"https:\/\/linkside-communication.com\/wp-content\/uploads\/2022\/10\/stowaway-2-main-71022.jpg","type":"image\/jpeg"}],"twitter_card":"summary_large_image","twitter_misc":{"Est. reading time":"1 minute"},"schema":{"@context":"https:\/\/schema.org","@graph":[{"@type":"WebSite","@id":"https:\/\/linkside-communication.com\/#website","url":"https:\/\/linkside-communication.com\/","name":"Linkside Communication","description":"Invent\u00e9 pour un maximum de confort","potentialAction":[{"@type":"SearchAction","target":{"@type":"EntryPoint","urlTemplate":"https:\/\/linkside-communication.com\/?s={search_term_string}"},"query-input":"required name=search_term_string"}],"inLanguage":"en-US"},{"@type":"ImageObject","inLanguage":"en-US","@id":"https:\/\/linkside-communication.com\/index.php\/produit\/stowaway\/#primaryimage","url":"https:\/\/linkside-communication.com\/wp-content\/uploads\/2022\/10\/stowaway-2-main-71022.jpg","contentUrl":"https:\/\/linkside-communication.com\/wp-content\/uploads\/2022\/10\/stowaway-2-main-71022.jpg","width":1000,"height":1000},{"@type":"WebPage","@id":"https:\/\/linkside-communication.com\/index.php\/produit\/stowaway\/#webpage","url":"https:\/\/linkside-communication.com\/index.php\/produit\/stowaway\/","name":"Stowaway - Linkside Communication","isPartOf":{"@id":"https:\/\/linkside-communication.com\/#website"},"primaryImageOfPage":{"@id":"https:\/\/linkside-communication.com\/index.php\/produit\/stowaway\/#primaryimage"},"datePublished":"2022-10-01T11:59:27+00:00","dateModified":"2022-10-12T08:46:28+00:00","breadcrumb":{"@id":"https:\/\/linkside-communication.com\/index.php\/produit\/stowaway\/#breadcrumb"},"inLanguage":"en-US","potentialAction":[{"@type":"ReadAction","target":["https:\/\/linkside-communication.com\/index.php\/produit\/stowaway\/"]}]},{"@type":"BreadcrumbList","@id":"https:\/\/linkside-communication.com\/index.php\/produit\/stowaway\/#breadcrumb","itemListElement":[{"@type":"ListItem","position":1,"name":"Accueil","item":"https:\/\/linkside-communication.com\/"},{"@type":"ListItem","position":2,"name":"Boutique","item":"https:\/\/linkside-communication.com\/index.php\/boutique\/"},{"@type":"ListItem","position":3,"name":"Stowaway"}]}]}},"_links":{"self":[{"href":"https:\/\/linkside-communication.com\/index.php\/wp-json\/wp\/v2\/product\/360"}],"collection":[{"href":"https:\/\/linkside-communication.com\/index.php\/wp-json\/wp\/v2\/product"}],"about":[{"href":"https:\/\/linkside-communication.com\/index.php\/wp-json\/wp\/v2\/types\/product"}],"replies":[{"embeddable":true,"href":"https:\/\/linkside-communication.com\/index.php\/wp-json\/wp\/v2\/comments?post=360"}],"version-history":[{"count":1,"href":"https:\/\/linkside-communication.com\/index.php\/wp-json\/wp\/v2\/product\/360\/revisions"}],"predecessor-version":[{"id":366,"href":"https:\/\/linkside-communication.com\/index.php\/wp-json\/wp\/v2\/product\/360\/revisions\/366"}],"wp:featuredmedia":[{"embeddable":true,"href":"https:\/\/linkside-communication.com\/index.php\/wp-json\/wp\/v2\/media\/361"}],"wp:attachment":[{"href":"https:\/\/linkside-communication.com\/index.php\/wp-json\/wp\/v2\/media?parent=360"}],"wp:term":[{"taxonomy":"product_cat","embeddable":true,"href":"https:\/\/linkside-communication.com\/index.php\/wp-json\/wp\/v2\/product_cat?post=360"},{"taxonomy":"product_tag","embeddable":true,"href":"https:\/\/linkside-communication.com\/index.php\/wp-json\/wp\/v2\/product_tag?post=360"}],"curies":[{"name":"wp","href":"https:\/\/api.w.org\/{rel}","templated":true}]}}