{"id":459,"date":"2022-10-01T16:46:43","date_gmt":"2022-10-01T14:46:43","guid":{"rendered":"https:\/\/linkside-communication.com\/?post_type=product&#038;p=459"},"modified":"2022-10-12T10:57:39","modified_gmt":"2022-10-12T08:57:39","slug":"twista-lite","status":"publish","type":"product","link":"https:\/\/linkside-communication.com\/index.php\/produit\/twista-lite\/","title":{"rendered":"Twista Lite"},"content":{"rendered":"<p>Une solution d&#8217;affichage moderne, simple \u00e0 utiliser et rentable.<br \/>\nFabriqu\u00e9 en aluminium avec un syst\u00e8me de rail clippant et des embouts en plastique gris.<br \/>\nLes affiches s&#8217;accrochent simplement au rail clippant.<br \/>\nPour une utilisation avec des supports jusqu&#8217;\u00e0 300 microns, y compris le papier, le carton, le PVC et le tissu.<br \/>\nDisponible en 7 formats compris entre 600 mm et 3100 mm et en format sur-mesure.<br \/>\nAffichage simple ou double face.<br \/>\nMontage mural ou au plafond.<br \/>\nVendu par paire.<\/p>\n","protected":false},"excerpt":{"rendered":"<p>Twista Lite est une solution d&#8217;affichage \u00e9l\u00e9gante, rapide et simple \u00e0 installer gr\u00e2ce \u00e0 son rail clippant. Polyvalent et fonctionnel, il peut \u00eatre expos\u00e9 en simple face sur les murs ou en double face lorsqu&#8217;il est suspendu au plafond (sur m\u00e9dia imprimable double face non fourni).<\/p>\n","protected":false},"featured_media":460,"comment_status":"closed","ping_status":"closed","template":"","meta":{"site-sidebar-layout":"default","site-content-layout":"default","ast-global-header-display":"","ast-main-header-display":"","ast-hfb-above-header-display":"","ast-hfb-below-header-display":"","ast-hfb-mobile-header-display":"","site-post-title":"","ast-breadcrumbs-content":"","ast-featured-img":"","footer-sml-layout":"","theme-transparent-header-meta":"default","adv-header-id-meta":"","stick-header-meta":"default","header-above-stick-meta":"","header-main-stick-meta":"","header-below-stick-meta":""},"product_cat":[56,103,107,110,131,69,75,77,66,71,101,48],"product_tag":[],"yoast_head":"<!-- This site is optimized with the Yoast SEO plugin v19.1 - https:\/\/yoast.com\/wordpress\/plugins\/seo\/ -->\n<title>Twista Lite - Linkside Communication<\/title>\n<meta name=\"robots\" content=\"index, follow, max-snippet:-1, max-image-preview:large, max-video-preview:-1\" \/>\n<link rel=\"canonical\" href=\"https:\/\/linkside-communication.com\/index.php\/produit\/twista-lite\/\" \/>\n<meta property=\"og:locale\" content=\"en_US\" \/>\n<meta property=\"og:type\" content=\"article\" \/>\n<meta property=\"og:title\" content=\"Twista Lite - Linkside Communication\" \/>\n<meta property=\"og:description\" content=\"Twista Lite est une solution d&#039;affichage \u00e9l\u00e9gante, rapide et simple \u00e0 installer gr\u00e2ce \u00e0 son rail clippant. Polyvalent et fonctionnel, il peut \u00eatre expos\u00e9 en simple face sur les murs ou en double face lorsqu&#039;il est suspendu au plafond (sur m\u00e9dia imprimable double face non fourni).\" \/>\n<meta property=\"og:url\" content=\"https:\/\/linkside-communication.com\/index.php\/produit\/twista-lite\/\" \/>\n<meta property=\"og:site_name\" content=\"Linkside Communication\" \/>\n<meta property=\"article:modified_time\" content=\"2022-10-12T08:57:39+00:00\" \/>\n<meta property=\"og:image\" content=\"https:\/\/linkside-communication.com\/wp-content\/uploads\/2022\/10\/twista-lite-2-main-70989.jpg\" \/>\n\t<meta property=\"og:image:width\" content=\"1000\" \/>\n\t<meta property=\"og:image:height\" content=\"1000\" \/>\n\t<meta property=\"og:image:type\" content=\"image\/jpeg\" \/>\n<meta name=\"twitter:card\" content=\"summary_large_image\" \/>\n<meta name=\"twitter:label1\" content=\"Est. reading time\" \/>\n\t<meta name=\"twitter:data1\" content=\"1 minute\" \/>\n<script type=\"application\/ld+json\" class=\"yoast-schema-graph\">{\"@context\":\"https:\/\/schema.org\",\"@graph\":[{\"@type\":\"WebSite\",\"@id\":\"https:\/\/linkside-communication.com\/#website\",\"url\":\"https:\/\/linkside-communication.com\/\",\"name\":\"Linkside Communication\",\"description\":\"Invent\u00e9 pour un maximum de confort\",\"potentialAction\":[{\"@type\":\"SearchAction\",\"target\":{\"@type\":\"EntryPoint\",\"urlTemplate\":\"https:\/\/linkside-communication.com\/?s={search_term_string}\"},\"query-input\":\"required name=search_term_string\"}],\"inLanguage\":\"en-US\"},{\"@type\":\"ImageObject\",\"inLanguage\":\"en-US\",\"@id\":\"https:\/\/linkside-communication.com\/index.php\/produit\/twista-lite\/#primaryimage\",\"url\":\"https:\/\/linkside-communication.com\/wp-content\/uploads\/2022\/10\/twista-lite-2-main-70989.jpg\",\"contentUrl\":\"https:\/\/linkside-communication.com\/wp-content\/uploads\/2022\/10\/twista-lite-2-main-70989.jpg\",\"width\":1000,\"height\":1000},{\"@type\":\"WebPage\",\"@id\":\"https:\/\/linkside-communication.com\/index.php\/produit\/twista-lite\/#webpage\",\"url\":\"https:\/\/linkside-communication.com\/index.php\/produit\/twista-lite\/\",\"name\":\"Twista Lite - Linkside Communication\",\"isPartOf\":{\"@id\":\"https:\/\/linkside-communication.com\/#website\"},\"primaryImageOfPage\":{\"@id\":\"https:\/\/linkside-communication.com\/index.php\/produit\/twista-lite\/#primaryimage\"},\"datePublished\":\"2022-10-01T14:46:43+00:00\",\"dateModified\":\"2022-10-12T08:57:39+00:00\",\"breadcrumb\":{\"@id\":\"https:\/\/linkside-communication.com\/index.php\/produit\/twista-lite\/#breadcrumb\"},\"inLanguage\":\"en-US\",\"potentialAction\":[{\"@type\":\"ReadAction\",\"target\":[\"https:\/\/linkside-communication.com\/index.php\/produit\/twista-lite\/\"]}]},{\"@type\":\"BreadcrumbList\",\"@id\":\"https:\/\/linkside-communication.com\/index.php\/produit\/twista-lite\/#breadcrumb\",\"itemListElement\":[{\"@type\":\"ListItem\",\"position\":1,\"name\":\"Accueil\",\"item\":\"https:\/\/linkside-communication.com\/\"},{\"@type\":\"ListItem\",\"position\":2,\"name\":\"Boutique\",\"item\":\"https:\/\/linkside-communication.com\/index.php\/boutique\/\"},{\"@type\":\"ListItem\",\"position\":3,\"name\":\"Twista Lite\"}]}]}<\/script>\n<!-- \/ Yoast SEO plugin. -->","yoast_head_json":{"title":"Twista Lite - Linkside Communication","robots":{"index":"index","follow":"follow","max-snippet":"max-snippet:-1","max-image-preview":"max-image-preview:large","max-video-preview":"max-video-preview:-1"},"canonical":"https:\/\/linkside-communication.com\/index.php\/produit\/twista-lite\/","og_locale":"en_US","og_type":"article","og_title":"Twista Lite - Linkside Communication","og_description":"Twista Lite est une solution d'affichage \u00e9l\u00e9gante, rapide et simple \u00e0 installer gr\u00e2ce \u00e0 son rail clippant. Polyvalent et fonctionnel, il peut \u00eatre expos\u00e9 en simple face sur les murs ou en double face lorsqu'il est suspendu au plafond (sur m\u00e9dia imprimable double face non fourni).","og_url":"https:\/\/linkside-communication.com\/index.php\/produit\/twista-lite\/","og_site_name":"Linkside Communication","article_modified_time":"2022-10-12T08:57:39+00:00","og_image":[{"width":1000,"height":1000,"url":"https:\/\/linkside-communication.com\/wp-content\/uploads\/2022\/10\/twista-lite-2-main-70989.jpg","type":"image\/jpeg"}],"twitter_card":"summary_large_image","twitter_misc":{"Est. reading time":"1 minute"},"schema":{"@context":"https:\/\/schema.org","@graph":[{"@type":"WebSite","@id":"https:\/\/linkside-communication.com\/#website","url":"https:\/\/linkside-communication.com\/","name":"Linkside Communication","description":"Invent\u00e9 pour un maximum de confort","potentialAction":[{"@type":"SearchAction","target":{"@type":"EntryPoint","urlTemplate":"https:\/\/linkside-communication.com\/?s={search_term_string}"},"query-input":"required name=search_term_string"}],"inLanguage":"en-US"},{"@type":"ImageObject","inLanguage":"en-US","@id":"https:\/\/linkside-communication.com\/index.php\/produit\/twista-lite\/#primaryimage","url":"https:\/\/linkside-communication.com\/wp-content\/uploads\/2022\/10\/twista-lite-2-main-70989.jpg","contentUrl":"https:\/\/linkside-communication.com\/wp-content\/uploads\/2022\/10\/twista-lite-2-main-70989.jpg","width":1000,"height":1000},{"@type":"WebPage","@id":"https:\/\/linkside-communication.com\/index.php\/produit\/twista-lite\/#webpage","url":"https:\/\/linkside-communication.com\/index.php\/produit\/twista-lite\/","name":"Twista Lite - Linkside Communication","isPartOf":{"@id":"https:\/\/linkside-communication.com\/#website"},"primaryImageOfPage":{"@id":"https:\/\/linkside-communication.com\/index.php\/produit\/twista-lite\/#primaryimage"},"datePublished":"2022-10-01T14:46:43+00:00","dateModified":"2022-10-12T08:57:39+00:00","breadcrumb":{"@id":"https:\/\/linkside-communication.com\/index.php\/produit\/twista-lite\/#breadcrumb"},"inLanguage":"en-US","potentialAction":[{"@type":"ReadAction","target":["https:\/\/linkside-communication.com\/index.php\/produit\/twista-lite\/"]}]},{"@type":"BreadcrumbList","@id":"https:\/\/linkside-communication.com\/index.php\/produit\/twista-lite\/#breadcrumb","itemListElement":[{"@type":"ListItem","position":1,"name":"Accueil","item":"https:\/\/linkside-communication.com\/"},{"@type":"ListItem","position":2,"name":"Boutique","item":"https:\/\/linkside-communication.com\/index.php\/boutique\/"},{"@type":"ListItem","position":3,"name":"Twista Lite"}]}]}},"_links":{"self":[{"href":"https:\/\/linkside-communication.com\/index.php\/wp-json\/wp\/v2\/product\/459"}],"collection":[{"href":"https:\/\/linkside-communication.com\/index.php\/wp-json\/wp\/v2\/product"}],"about":[{"href":"https:\/\/linkside-communication.com\/index.php\/wp-json\/wp\/v2\/types\/product"}],"replies":[{"embeddable":true,"href":"https:\/\/linkside-communication.com\/index.php\/wp-json\/wp\/v2\/comments?post=459"}],"version-history":[{"count":1,"href":"https:\/\/linkside-communication.com\/index.php\/wp-json\/wp\/v2\/product\/459\/revisions"}],"predecessor-version":[{"id":472,"href":"https:\/\/linkside-communication.com\/index.php\/wp-json\/wp\/v2\/product\/459\/revisions\/472"}],"wp:featuredmedia":[{"embeddable":true,"href":"https:\/\/linkside-communication.com\/index.php\/wp-json\/wp\/v2\/media\/460"}],"wp:attachment":[{"href":"https:\/\/linkside-communication.com\/index.php\/wp-json\/wp\/v2\/media?parent=459"}],"wp:term":[{"taxonomy":"product_cat","embeddable":true,"href":"https:\/\/linkside-communication.com\/index.php\/wp-json\/wp\/v2\/product_cat?post=459"},{"taxonomy":"product_tag","embeddable":true,"href":"https:\/\/linkside-communication.com\/index.php\/wp-json\/wp\/v2\/product_tag?post=459"}],"curies":[{"name":"wp","href":"https:\/\/api.w.org\/{rel}","templated":true}]}}