{"id":477,"date":"2022-10-01T16:58:07","date_gmt":"2022-10-01T14:58:07","guid":{"rendered":"https:\/\/linkside-communication.com\/?post_type=product&#038;p=477"},"modified":"2022-10-12T10:59:38","modified_gmt":"2022-10-12T08:59:38","slug":"fixations-murales","status":"publish","type":"product","link":"https:\/\/linkside-communication.com\/index.php\/produit\/fixations-murales\/","title":{"rendered":"Fixations murales"},"content":{"rendered":"<p>Solution tridimensionnelle permettant de mettre en valeur des visuels pour l&#8217;image de marque et la signalisation.<br \/>\nComposant en aluminium de haute qualit\u00e9 d&#8217;un diam\u00e8tre de 25 mm.<br \/>\nConvient \u00e0 une vari\u00e9t\u00e9 de mat\u00e9riaux rigides, notamment l&#8217;acrylique, le plastique et le bois, d&#8217;une \u00e9paisseur comprise entre 5 mm (minimum) et 20 mm (maximum).<br \/>\nLes composants ont une finition argent satin\u00e9e et sont disponibles pour une application avec rail ou vis.<br \/>\nUne cl\u00e9 Allen est n\u00e9cessaire pour faciliter l&#8217;assemblage ou le r\u00e9glage.<\/p>\n","protected":false},"excerpt":{"rendered":"<p>Cr\u00e9ez un affichage tridimensionnel impressionnant \u00e0 l&#8217;aide des fixations murales Strata en aluminium de haute qualit\u00e9. Mettez en valeur votre signal\u00e9tique et vos affichages muraux avec les fixations Strata. Des composants en aluminium qui donnent l&#8217;impression que le support qu&#8217;ils maintiennent en place flotte au-dessus de la surface.<\/p>\n","protected":false},"featured_media":478,"comment_status":"closed","ping_status":"closed","template":"","meta":{"site-sidebar-layout":"default","site-content-layout":"default","ast-global-header-display":"","ast-main-header-display":"","ast-hfb-above-header-display":"","ast-hfb-below-header-display":"","ast-hfb-mobile-header-display":"","site-post-title":"","ast-breadcrumbs-content":"","ast-featured-img":"","footer-sml-layout":"","theme-transparent-header-meta":"default","adv-header-id-meta":"","stick-header-meta":"default","header-above-stick-meta":"","header-main-stick-meta":"","header-below-stick-meta":""},"product_cat":[110,131],"product_tag":[],"yoast_head":"<!-- This site is optimized with the Yoast SEO plugin v19.1 - https:\/\/yoast.com\/wordpress\/plugins\/seo\/ -->\n<title>Fixations murales - Linkside Communication<\/title>\n<meta name=\"robots\" content=\"index, follow, max-snippet:-1, max-image-preview:large, max-video-preview:-1\" \/>\n<link rel=\"canonical\" href=\"https:\/\/linkside-communication.com\/index.php\/produit\/fixations-murales\/\" \/>\n<meta property=\"og:locale\" content=\"en_US\" \/>\n<meta property=\"og:type\" content=\"article\" \/>\n<meta property=\"og:title\" content=\"Fixations murales - Linkside Communication\" \/>\n<meta property=\"og:description\" content=\"Cr\u00e9ez un affichage tridimensionnel impressionnant \u00e0 l&#039;aide des fixations murales Strata en aluminium de haute qualit\u00e9. Mettez en valeur votre signal\u00e9tique et vos affichages muraux avec les fixations Strata. Des composants en aluminium qui donnent l&#039;impression que le support qu&#039;ils maintiennent en place flotte au-dessus de la surface.\" \/>\n<meta property=\"og:url\" content=\"https:\/\/linkside-communication.com\/index.php\/produit\/fixations-murales\/\" \/>\n<meta property=\"og:site_name\" content=\"Linkside Communication\" \/>\n<meta property=\"article:modified_time\" content=\"2022-10-12T08:59:38+00:00\" \/>\n<meta property=\"og:image\" content=\"https:\/\/linkside-communication.com\/wp-content\/uploads\/2022\/10\/stand-offs-2-main-73091.jpg\" \/>\n\t<meta property=\"og:image:width\" content=\"1000\" \/>\n\t<meta property=\"og:image:height\" content=\"1000\" \/>\n\t<meta property=\"og:image:type\" content=\"image\/jpeg\" \/>\n<meta name=\"twitter:card\" content=\"summary_large_image\" \/>\n<meta name=\"twitter:label1\" content=\"Est. reading time\" \/>\n\t<meta name=\"twitter:data1\" content=\"1 minute\" \/>\n<script type=\"application\/ld+json\" class=\"yoast-schema-graph\">{\"@context\":\"https:\/\/schema.org\",\"@graph\":[{\"@type\":\"WebSite\",\"@id\":\"https:\/\/linkside-communication.com\/#website\",\"url\":\"https:\/\/linkside-communication.com\/\",\"name\":\"Linkside Communication\",\"description\":\"Invent\u00e9 pour un maximum de confort\",\"potentialAction\":[{\"@type\":\"SearchAction\",\"target\":{\"@type\":\"EntryPoint\",\"urlTemplate\":\"https:\/\/linkside-communication.com\/?s={search_term_string}\"},\"query-input\":\"required name=search_term_string\"}],\"inLanguage\":\"en-US\"},{\"@type\":\"ImageObject\",\"inLanguage\":\"en-US\",\"@id\":\"https:\/\/linkside-communication.com\/index.php\/produit\/fixations-murales\/#primaryimage\",\"url\":\"https:\/\/linkside-communication.com\/wp-content\/uploads\/2022\/10\/stand-offs-2-main-73091.jpg\",\"contentUrl\":\"https:\/\/linkside-communication.com\/wp-content\/uploads\/2022\/10\/stand-offs-2-main-73091.jpg\",\"width\":1000,\"height\":1000},{\"@type\":\"WebPage\",\"@id\":\"https:\/\/linkside-communication.com\/index.php\/produit\/fixations-murales\/#webpage\",\"url\":\"https:\/\/linkside-communication.com\/index.php\/produit\/fixations-murales\/\",\"name\":\"Fixations murales - Linkside Communication\",\"isPartOf\":{\"@id\":\"https:\/\/linkside-communication.com\/#website\"},\"primaryImageOfPage\":{\"@id\":\"https:\/\/linkside-communication.com\/index.php\/produit\/fixations-murales\/#primaryimage\"},\"datePublished\":\"2022-10-01T14:58:07+00:00\",\"dateModified\":\"2022-10-12T08:59:38+00:00\",\"breadcrumb\":{\"@id\":\"https:\/\/linkside-communication.com\/index.php\/produit\/fixations-murales\/#breadcrumb\"},\"inLanguage\":\"en-US\",\"potentialAction\":[{\"@type\":\"ReadAction\",\"target\":[\"https:\/\/linkside-communication.com\/index.php\/produit\/fixations-murales\/\"]}]},{\"@type\":\"BreadcrumbList\",\"@id\":\"https:\/\/linkside-communication.com\/index.php\/produit\/fixations-murales\/#breadcrumb\",\"itemListElement\":[{\"@type\":\"ListItem\",\"position\":1,\"name\":\"Accueil\",\"item\":\"https:\/\/linkside-communication.com\/\"},{\"@type\":\"ListItem\",\"position\":2,\"name\":\"Boutique\",\"item\":\"https:\/\/linkside-communication.com\/index.php\/boutique\/\"},{\"@type\":\"ListItem\",\"position\":3,\"name\":\"Fixations murales\"}]}]}<\/script>\n<!-- \/ Yoast SEO plugin. -->","yoast_head_json":{"title":"Fixations murales - Linkside Communication","robots":{"index":"index","follow":"follow","max-snippet":"max-snippet:-1","max-image-preview":"max-image-preview:large","max-video-preview":"max-video-preview:-1"},"canonical":"https:\/\/linkside-communication.com\/index.php\/produit\/fixations-murales\/","og_locale":"en_US","og_type":"article","og_title":"Fixations murales - Linkside Communication","og_description":"Cr\u00e9ez un affichage tridimensionnel impressionnant \u00e0 l'aide des fixations murales Strata en aluminium de haute qualit\u00e9. Mettez en valeur votre signal\u00e9tique et vos affichages muraux avec les fixations Strata. Des composants en aluminium qui donnent l'impression que le support qu'ils maintiennent en place flotte au-dessus de la surface.","og_url":"https:\/\/linkside-communication.com\/index.php\/produit\/fixations-murales\/","og_site_name":"Linkside Communication","article_modified_time":"2022-10-12T08:59:38+00:00","og_image":[{"width":1000,"height":1000,"url":"https:\/\/linkside-communication.com\/wp-content\/uploads\/2022\/10\/stand-offs-2-main-73091.jpg","type":"image\/jpeg"}],"twitter_card":"summary_large_image","twitter_misc":{"Est. reading time":"1 minute"},"schema":{"@context":"https:\/\/schema.org","@graph":[{"@type":"WebSite","@id":"https:\/\/linkside-communication.com\/#website","url":"https:\/\/linkside-communication.com\/","name":"Linkside Communication","description":"Invent\u00e9 pour un maximum de confort","potentialAction":[{"@type":"SearchAction","target":{"@type":"EntryPoint","urlTemplate":"https:\/\/linkside-communication.com\/?s={search_term_string}"},"query-input":"required name=search_term_string"}],"inLanguage":"en-US"},{"@type":"ImageObject","inLanguage":"en-US","@id":"https:\/\/linkside-communication.com\/index.php\/produit\/fixations-murales\/#primaryimage","url":"https:\/\/linkside-communication.com\/wp-content\/uploads\/2022\/10\/stand-offs-2-main-73091.jpg","contentUrl":"https:\/\/linkside-communication.com\/wp-content\/uploads\/2022\/10\/stand-offs-2-main-73091.jpg","width":1000,"height":1000},{"@type":"WebPage","@id":"https:\/\/linkside-communication.com\/index.php\/produit\/fixations-murales\/#webpage","url":"https:\/\/linkside-communication.com\/index.php\/produit\/fixations-murales\/","name":"Fixations murales - Linkside Communication","isPartOf":{"@id":"https:\/\/linkside-communication.com\/#website"},"primaryImageOfPage":{"@id":"https:\/\/linkside-communication.com\/index.php\/produit\/fixations-murales\/#primaryimage"},"datePublished":"2022-10-01T14:58:07+00:00","dateModified":"2022-10-12T08:59:38+00:00","breadcrumb":{"@id":"https:\/\/linkside-communication.com\/index.php\/produit\/fixations-murales\/#breadcrumb"},"inLanguage":"en-US","potentialAction":[{"@type":"ReadAction","target":["https:\/\/linkside-communication.com\/index.php\/produit\/fixations-murales\/"]}]},{"@type":"BreadcrumbList","@id":"https:\/\/linkside-communication.com\/index.php\/produit\/fixations-murales\/#breadcrumb","itemListElement":[{"@type":"ListItem","position":1,"name":"Accueil","item":"https:\/\/linkside-communication.com\/"},{"@type":"ListItem","position":2,"name":"Boutique","item":"https:\/\/linkside-communication.com\/index.php\/boutique\/"},{"@type":"ListItem","position":3,"name":"Fixations murales"}]}]}},"_links":{"self":[{"href":"https:\/\/linkside-communication.com\/index.php\/wp-json\/wp\/v2\/product\/477"}],"collection":[{"href":"https:\/\/linkside-communication.com\/index.php\/wp-json\/wp\/v2\/product"}],"about":[{"href":"https:\/\/linkside-communication.com\/index.php\/wp-json\/wp\/v2\/types\/product"}],"replies":[{"embeddable":true,"href":"https:\/\/linkside-communication.com\/index.php\/wp-json\/wp\/v2\/comments?post=477"}],"version-history":[{"count":1,"href":"https:\/\/linkside-communication.com\/index.php\/wp-json\/wp\/v2\/product\/477\/revisions"}],"predecessor-version":[{"id":481,"href":"https:\/\/linkside-communication.com\/index.php\/wp-json\/wp\/v2\/product\/477\/revisions\/481"}],"wp:featuredmedia":[{"embeddable":true,"href":"https:\/\/linkside-communication.com\/index.php\/wp-json\/wp\/v2\/media\/478"}],"wp:attachment":[{"href":"https:\/\/linkside-communication.com\/index.php\/wp-json\/wp\/v2\/media?parent=477"}],"wp:term":[{"taxonomy":"product_cat","embeddable":true,"href":"https:\/\/linkside-communication.com\/index.php\/wp-json\/wp\/v2\/product_cat?post=477"},{"taxonomy":"product_tag","embeddable":true,"href":"https:\/\/linkside-communication.com\/index.php\/wp-json\/wp\/v2\/product_tag?post=477"}],"curies":[{"name":"wp","href":"https:\/\/api.w.org\/{rel}","templated":true}]}}