{"id":562,"date":"2022-10-02T14:38:10","date_gmt":"2022-10-02T12:38:10","guid":{"rendered":"https:\/\/linkside-communication.com\/?post_type=product&#038;p=562"},"modified":"2022-10-12T11:10:00","modified_gmt":"2022-10-12T09:10:00","slug":"delta-lite","status":"publish","type":"product","link":"https:\/\/linkside-communication.com\/index.php\/produit\/delta-lite\/","title":{"rendered":"Delta Lite"},"content":{"rendered":"<p>Enrouleur \u00e9l\u00e9gant.<\/p>\n<p>Carter large pour une grande stabilit\u00e9.<\/p>\n<p>Composants robustes, offrant une durabilit\u00e9 accrue pour des utilisations r\u00e9p\u00e9t\u00e9es.<\/p>\n<p>Les pieds avec molette r\u00e9glable peuvent \u00eatre ajust\u00e9s sur des sols irr\u00e9guliers, afin que l&#8217;enrouleur soit parfaitement \u00e0 plat.<\/p>\n<p>M\u00e2t t\u00e9lescopique hybride \u00e0 hauteur r\u00e9glable, facile \u00e0 assembler et adapt\u00e9 aux lieux \u00e0 faible hauteur de plafond.<\/p>\n<p>Rail sup\u00e9rieur clippant, permettant de fixer les visuels rapidement et avec pr\u00e9cision.<\/p>\n<p>Embouts chrom\u00e9s.<\/p>\n<p>Sac de transport matelass\u00e9 pour un transport confortable.<\/p>\n<p>Rentable car il peut \u00eatre utilis\u00e9 \u00e0 de multiples reprises.<\/p>\n<p>Excellent rapport qualit\u00e9-prix.<\/p>\n","protected":false},"excerpt":{"rendered":"<p>L&#8217;enrouleur Delta Lite allie stabilit\u00e9 et l\u00e9g\u00e8ret\u00e9 gr\u00e2ce \u00e0 son large carter en aluminium. El\u00e9gance assur\u00e9e avec ses embouts chrom\u00e9s. Avec ses pieds ajustables et son m\u00e2t t\u00e9lescopique, le Delta Lite a un excellent rapport qualit\u00e9-prix.<\/p>\n","protected":false},"featured_media":563,"comment_status":"closed","ping_status":"closed","template":"","meta":{"site-sidebar-layout":"default","site-content-layout":"default","ast-global-header-display":"","ast-main-header-display":"","ast-hfb-above-header-display":"","ast-hfb-below-header-display":"","ast-hfb-mobile-header-display":"","site-post-title":"","ast-breadcrumbs-content":"","ast-featured-img":"","footer-sml-layout":"","theme-transparent-header-meta":"default","adv-header-id-meta":"","stick-header-meta":"default","header-above-stick-meta":"","header-main-stick-meta":"","header-below-stick-meta":""},"product_cat":[135,98,102,101],"product_tag":[],"yoast_head":"<!-- This site is optimized with the Yoast SEO plugin v19.1 - https:\/\/yoast.com\/wordpress\/plugins\/seo\/ -->\n<title>Delta Lite - Linkside Communication<\/title>\n<meta name=\"robots\" content=\"index, follow, max-snippet:-1, max-image-preview:large, max-video-preview:-1\" \/>\n<link rel=\"canonical\" href=\"https:\/\/linkside-communication.com\/index.php\/produit\/delta-lite\/\" \/>\n<meta property=\"og:locale\" content=\"en_US\" \/>\n<meta property=\"og:type\" content=\"article\" \/>\n<meta property=\"og:title\" content=\"Delta Lite - Linkside Communication\" \/>\n<meta property=\"og:description\" content=\"L&#039;enrouleur Delta Lite allie stabilit\u00e9 et l\u00e9g\u00e8ret\u00e9 gr\u00e2ce \u00e0 son large carter en aluminium. El\u00e9gance assur\u00e9e avec ses embouts chrom\u00e9s. Avec ses pieds ajustables et son m\u00e2t t\u00e9lescopique, le Delta Lite a un excellent rapport qualit\u00e9-prix.\" \/>\n<meta property=\"og:url\" content=\"https:\/\/linkside-communication.com\/index.php\/produit\/delta-lite\/\" \/>\n<meta property=\"og:site_name\" content=\"Linkside Communication\" \/>\n<meta property=\"article:modified_time\" content=\"2022-10-12T09:10:00+00:00\" \/>\n<meta property=\"og:image\" content=\"https:\/\/linkside-communication.com\/wp-content\/uploads\/2022\/10\/delta-lite-2-main-73281.png\" \/>\n\t<meta property=\"og:image:width\" content=\"1000\" \/>\n\t<meta property=\"og:image:height\" content=\"1000\" \/>\n\t<meta property=\"og:image:type\" content=\"image\/png\" \/>\n<meta name=\"twitter:card\" content=\"summary_large_image\" \/>\n<meta name=\"twitter:label1\" content=\"Est. reading time\" \/>\n\t<meta name=\"twitter:data1\" content=\"1 minute\" \/>\n<script type=\"application\/ld+json\" class=\"yoast-schema-graph\">{\"@context\":\"https:\/\/schema.org\",\"@graph\":[{\"@type\":\"WebSite\",\"@id\":\"https:\/\/linkside-communication.com\/#website\",\"url\":\"https:\/\/linkside-communication.com\/\",\"name\":\"Linkside Communication\",\"description\":\"Invent\u00e9 pour un maximum de confort\",\"potentialAction\":[{\"@type\":\"SearchAction\",\"target\":{\"@type\":\"EntryPoint\",\"urlTemplate\":\"https:\/\/linkside-communication.com\/?s={search_term_string}\"},\"query-input\":\"required name=search_term_string\"}],\"inLanguage\":\"en-US\"},{\"@type\":\"ImageObject\",\"inLanguage\":\"en-US\",\"@id\":\"https:\/\/linkside-communication.com\/index.php\/produit\/delta-lite\/#primaryimage\",\"url\":\"https:\/\/linkside-communication.com\/wp-content\/uploads\/2022\/10\/delta-lite-2-main-73281.png\",\"contentUrl\":\"https:\/\/linkside-communication.com\/wp-content\/uploads\/2022\/10\/delta-lite-2-main-73281.png\",\"width\":1000,\"height\":1000},{\"@type\":\"WebPage\",\"@id\":\"https:\/\/linkside-communication.com\/index.php\/produit\/delta-lite\/#webpage\",\"url\":\"https:\/\/linkside-communication.com\/index.php\/produit\/delta-lite\/\",\"name\":\"Delta Lite - Linkside Communication\",\"isPartOf\":{\"@id\":\"https:\/\/linkside-communication.com\/#website\"},\"primaryImageOfPage\":{\"@id\":\"https:\/\/linkside-communication.com\/index.php\/produit\/delta-lite\/#primaryimage\"},\"datePublished\":\"2022-10-02T12:38:10+00:00\",\"dateModified\":\"2022-10-12T09:10:00+00:00\",\"breadcrumb\":{\"@id\":\"https:\/\/linkside-communication.com\/index.php\/produit\/delta-lite\/#breadcrumb\"},\"inLanguage\":\"en-US\",\"potentialAction\":[{\"@type\":\"ReadAction\",\"target\":[\"https:\/\/linkside-communication.com\/index.php\/produit\/delta-lite\/\"]}]},{\"@type\":\"BreadcrumbList\",\"@id\":\"https:\/\/linkside-communication.com\/index.php\/produit\/delta-lite\/#breadcrumb\",\"itemListElement\":[{\"@type\":\"ListItem\",\"position\":1,\"name\":\"Accueil\",\"item\":\"https:\/\/linkside-communication.com\/\"},{\"@type\":\"ListItem\",\"position\":2,\"name\":\"Boutique\",\"item\":\"https:\/\/linkside-communication.com\/index.php\/boutique\/\"},{\"@type\":\"ListItem\",\"position\":3,\"name\":\"Delta Lite\"}]}]}<\/script>\n<!-- \/ Yoast SEO plugin. -->","yoast_head_json":{"title":"Delta Lite - Linkside Communication","robots":{"index":"index","follow":"follow","max-snippet":"max-snippet:-1","max-image-preview":"max-image-preview:large","max-video-preview":"max-video-preview:-1"},"canonical":"https:\/\/linkside-communication.com\/index.php\/produit\/delta-lite\/","og_locale":"en_US","og_type":"article","og_title":"Delta Lite - Linkside Communication","og_description":"L'enrouleur Delta Lite allie stabilit\u00e9 et l\u00e9g\u00e8ret\u00e9 gr\u00e2ce \u00e0 son large carter en aluminium. El\u00e9gance assur\u00e9e avec ses embouts chrom\u00e9s. Avec ses pieds ajustables et son m\u00e2t t\u00e9lescopique, le Delta Lite a un excellent rapport qualit\u00e9-prix.","og_url":"https:\/\/linkside-communication.com\/index.php\/produit\/delta-lite\/","og_site_name":"Linkside Communication","article_modified_time":"2022-10-12T09:10:00+00:00","og_image":[{"width":1000,"height":1000,"url":"https:\/\/linkside-communication.com\/wp-content\/uploads\/2022\/10\/delta-lite-2-main-73281.png","type":"image\/png"}],"twitter_card":"summary_large_image","twitter_misc":{"Est. reading time":"1 minute"},"schema":{"@context":"https:\/\/schema.org","@graph":[{"@type":"WebSite","@id":"https:\/\/linkside-communication.com\/#website","url":"https:\/\/linkside-communication.com\/","name":"Linkside Communication","description":"Invent\u00e9 pour un maximum de confort","potentialAction":[{"@type":"SearchAction","target":{"@type":"EntryPoint","urlTemplate":"https:\/\/linkside-communication.com\/?s={search_term_string}"},"query-input":"required name=search_term_string"}],"inLanguage":"en-US"},{"@type":"ImageObject","inLanguage":"en-US","@id":"https:\/\/linkside-communication.com\/index.php\/produit\/delta-lite\/#primaryimage","url":"https:\/\/linkside-communication.com\/wp-content\/uploads\/2022\/10\/delta-lite-2-main-73281.png","contentUrl":"https:\/\/linkside-communication.com\/wp-content\/uploads\/2022\/10\/delta-lite-2-main-73281.png","width":1000,"height":1000},{"@type":"WebPage","@id":"https:\/\/linkside-communication.com\/index.php\/produit\/delta-lite\/#webpage","url":"https:\/\/linkside-communication.com\/index.php\/produit\/delta-lite\/","name":"Delta Lite - Linkside Communication","isPartOf":{"@id":"https:\/\/linkside-communication.com\/#website"},"primaryImageOfPage":{"@id":"https:\/\/linkside-communication.com\/index.php\/produit\/delta-lite\/#primaryimage"},"datePublished":"2022-10-02T12:38:10+00:00","dateModified":"2022-10-12T09:10:00+00:00","breadcrumb":{"@id":"https:\/\/linkside-communication.com\/index.php\/produit\/delta-lite\/#breadcrumb"},"inLanguage":"en-US","potentialAction":[{"@type":"ReadAction","target":["https:\/\/linkside-communication.com\/index.php\/produit\/delta-lite\/"]}]},{"@type":"BreadcrumbList","@id":"https:\/\/linkside-communication.com\/index.php\/produit\/delta-lite\/#breadcrumb","itemListElement":[{"@type":"ListItem","position":1,"name":"Accueil","item":"https:\/\/linkside-communication.com\/"},{"@type":"ListItem","position":2,"name":"Boutique","item":"https:\/\/linkside-communication.com\/index.php\/boutique\/"},{"@type":"ListItem","position":3,"name":"Delta Lite"}]}]}},"_links":{"self":[{"href":"https:\/\/linkside-communication.com\/index.php\/wp-json\/wp\/v2\/product\/562"}],"collection":[{"href":"https:\/\/linkside-communication.com\/index.php\/wp-json\/wp\/v2\/product"}],"about":[{"href":"https:\/\/linkside-communication.com\/index.php\/wp-json\/wp\/v2\/types\/product"}],"replies":[{"embeddable":true,"href":"https:\/\/linkside-communication.com\/index.php\/wp-json\/wp\/v2\/comments?post=562"}],"version-history":[{"count":1,"href":"https:\/\/linkside-communication.com\/index.php\/wp-json\/wp\/v2\/product\/562\/revisions"}],"predecessor-version":[{"id":572,"href":"https:\/\/linkside-communication.com\/index.php\/wp-json\/wp\/v2\/product\/562\/revisions\/572"}],"wp:featuredmedia":[{"embeddable":true,"href":"https:\/\/linkside-communication.com\/index.php\/wp-json\/wp\/v2\/media\/563"}],"wp:attachment":[{"href":"https:\/\/linkside-communication.com\/index.php\/wp-json\/wp\/v2\/media?parent=562"}],"wp:term":[{"taxonomy":"product_cat","embeddable":true,"href":"https:\/\/linkside-communication.com\/index.php\/wp-json\/wp\/v2\/product_cat?post=562"},{"taxonomy":"product_tag","embeddable":true,"href":"https:\/\/linkside-communication.com\/index.php\/wp-json\/wp\/v2\/product_tag?post=562"}],"curies":[{"name":"wp","href":"https:\/\/api.w.org\/{rel}","templated":true}]}}