{"id":663,"date":"2022-10-02T16:49:10","date_gmt":"2022-10-02T14:49:10","guid":{"rendered":"https:\/\/linkside-communication.com\/?post_type=product&#038;p=663"},"modified":"2022-10-12T11:18:04","modified_gmt":"2022-10-12T09:18:04","slug":"illumigo-one","status":"publish","type":"product","link":"https:\/\/linkside-communication.com\/index.php\/produit\/illumigo-one\/","title":{"rendered":"Illumigo\u2122 One"},"content":{"rendered":"<p>Totem lumineux en aluminium blanc, \u00e9l\u00e9gant et innovant. Profil\u00e9 fin de 60 mm.<br \/>\nLes sections se connectent sans outil et sont faciles \u00e0 assembler gr\u00e2ce au rep\u00e9rage num\u00e9rot\u00e9.<br \/>\nR\u00e9tro-\u00e9clairage backlite facile \u00e0 mettre en place gr\u00e2ce aux LED pr\u00e9-install\u00e9es sur le visuel arri\u00e8re.<br \/>\nPieds pivotants double pour un montage rapide et une bonne stabilit\u00e9.<br \/>\nVisuel textile avec jonc PVC (en option) \u00e0 ins\u00e9rer dans la gorge du profil\u00e9 en quelques secondes.<br \/>\nLe c\u00e2ble d&#8217;alimentation s&#8217;ins\u00e8re sous la structure permettant ainsi de positionner les cadres lumineux les uns \u00e0 c\u00f4t\u00e9 des autres.<br \/>\nBoite de transport compartiment\u00e9e fournie pour stocker et transporter la structure.<\/p>\n","protected":false},"excerpt":{"rendered":"<p>L&#8217;Illumigo\u2122 One est un totem lumineux portable simple face, \u00e9quip\u00e9 d&#8217;une boite de transport avec poign\u00e9e et compartiments pour faciliter le transport. Solution Plug and Play rapide \u00e0 monter gr\u00e2ce \u00e0 son panneau LED enroulable, son syst\u00e8me de rep\u00e9rage num\u00e9rot\u00e9 et ses pieds pivotants pr\u00e9-assembl\u00e9s.<\/p>\n","protected":false},"featured_media":664,"comment_status":"closed","ping_status":"closed","template":"","meta":{"site-sidebar-layout":"default","site-content-layout":"default","ast-global-header-display":"","ast-main-header-display":"","ast-hfb-above-header-display":"","ast-hfb-below-header-display":"","ast-hfb-mobile-header-display":"","site-post-title":"","ast-breadcrumbs-content":"","ast-featured-img":"","footer-sml-layout":"","theme-transparent-header-meta":"default","adv-header-id-meta":"","stick-header-meta":"default","header-above-stick-meta":"","header-main-stick-meta":"","header-below-stick-meta":""},"product_cat":[56,70,103,72,96,90,89,69,60,104,97,75,77,66,71,48],"product_tag":[],"yoast_head":"<!-- This site is optimized with the Yoast SEO plugin v19.1 - https:\/\/yoast.com\/wordpress\/plugins\/seo\/ -->\n<title>Illumigo\u2122 One - Linkside Communication<\/title>\n<meta name=\"robots\" content=\"index, follow, max-snippet:-1, max-image-preview:large, max-video-preview:-1\" \/>\n<link rel=\"canonical\" href=\"https:\/\/linkside-communication.com\/index.php\/produit\/illumigo-one\/\" \/>\n<meta property=\"og:locale\" content=\"en_US\" \/>\n<meta property=\"og:type\" content=\"article\" \/>\n<meta property=\"og:title\" content=\"Illumigo\u2122 One - Linkside Communication\" \/>\n<meta property=\"og:description\" content=\"L&#039;Illumigo\u2122 One est un totem lumineux portable simple face, \u00e9quip\u00e9 d&#039;une boite de transport avec poign\u00e9e et compartiments pour faciliter le transport. Solution Plug and Play rapide \u00e0 monter gr\u00e2ce \u00e0 son panneau LED enroulable, son syst\u00e8me de rep\u00e9rage num\u00e9rot\u00e9 et ses pieds pivotants pr\u00e9-assembl\u00e9s.\" \/>\n<meta property=\"og:url\" content=\"https:\/\/linkside-communication.com\/index.php\/produit\/illumigo-one\/\" \/>\n<meta property=\"og:site_name\" content=\"Linkside Communication\" \/>\n<meta property=\"article:modified_time\" content=\"2022-10-12T09:18:04+00:00\" \/>\n<meta property=\"og:image\" content=\"https:\/\/linkside-communication.com\/wp-content\/uploads\/2022\/10\/illumigo-one-2-main-71116.jpg\" \/>\n\t<meta property=\"og:image:width\" content=\"1000\" \/>\n\t<meta property=\"og:image:height\" content=\"1000\" \/>\n\t<meta property=\"og:image:type\" content=\"image\/jpeg\" \/>\n<meta name=\"twitter:card\" content=\"summary_large_image\" \/>\n<meta name=\"twitter:label1\" content=\"Est. reading time\" \/>\n\t<meta name=\"twitter:data1\" content=\"1 minute\" \/>\n<script type=\"application\/ld+json\" class=\"yoast-schema-graph\">{\"@context\":\"https:\/\/schema.org\",\"@graph\":[{\"@type\":\"WebSite\",\"@id\":\"https:\/\/linkside-communication.com\/#website\",\"url\":\"https:\/\/linkside-communication.com\/\",\"name\":\"Linkside Communication\",\"description\":\"Invent\u00e9 pour un maximum de confort\",\"potentialAction\":[{\"@type\":\"SearchAction\",\"target\":{\"@type\":\"EntryPoint\",\"urlTemplate\":\"https:\/\/linkside-communication.com\/?s={search_term_string}\"},\"query-input\":\"required name=search_term_string\"}],\"inLanguage\":\"en-US\"},{\"@type\":\"ImageObject\",\"inLanguage\":\"en-US\",\"@id\":\"https:\/\/linkside-communication.com\/index.php\/produit\/illumigo-one\/#primaryimage\",\"url\":\"https:\/\/linkside-communication.com\/wp-content\/uploads\/2022\/10\/illumigo-one-2-main-71116.jpg\",\"contentUrl\":\"https:\/\/linkside-communication.com\/wp-content\/uploads\/2022\/10\/illumigo-one-2-main-71116.jpg\",\"width\":1000,\"height\":1000},{\"@type\":\"WebPage\",\"@id\":\"https:\/\/linkside-communication.com\/index.php\/produit\/illumigo-one\/#webpage\",\"url\":\"https:\/\/linkside-communication.com\/index.php\/produit\/illumigo-one\/\",\"name\":\"Illumigo\u2122 One - Linkside Communication\",\"isPartOf\":{\"@id\":\"https:\/\/linkside-communication.com\/#website\"},\"primaryImageOfPage\":{\"@id\":\"https:\/\/linkside-communication.com\/index.php\/produit\/illumigo-one\/#primaryimage\"},\"datePublished\":\"2022-10-02T14:49:10+00:00\",\"dateModified\":\"2022-10-12T09:18:04+00:00\",\"breadcrumb\":{\"@id\":\"https:\/\/linkside-communication.com\/index.php\/produit\/illumigo-one\/#breadcrumb\"},\"inLanguage\":\"en-US\",\"potentialAction\":[{\"@type\":\"ReadAction\",\"target\":[\"https:\/\/linkside-communication.com\/index.php\/produit\/illumigo-one\/\"]}]},{\"@type\":\"BreadcrumbList\",\"@id\":\"https:\/\/linkside-communication.com\/index.php\/produit\/illumigo-one\/#breadcrumb\",\"itemListElement\":[{\"@type\":\"ListItem\",\"position\":1,\"name\":\"Accueil\",\"item\":\"https:\/\/linkside-communication.com\/\"},{\"@type\":\"ListItem\",\"position\":2,\"name\":\"Boutique\",\"item\":\"https:\/\/linkside-communication.com\/index.php\/boutique\/\"},{\"@type\":\"ListItem\",\"position\":3,\"name\":\"Illumigo\u2122 One\"}]}]}<\/script>\n<!-- \/ Yoast SEO plugin. -->","yoast_head_json":{"title":"Illumigo\u2122 One - Linkside Communication","robots":{"index":"index","follow":"follow","max-snippet":"max-snippet:-1","max-image-preview":"max-image-preview:large","max-video-preview":"max-video-preview:-1"},"canonical":"https:\/\/linkside-communication.com\/index.php\/produit\/illumigo-one\/","og_locale":"en_US","og_type":"article","og_title":"Illumigo\u2122 One - Linkside Communication","og_description":"L'Illumigo\u2122 One est un totem lumineux portable simple face, \u00e9quip\u00e9 d'une boite de transport avec poign\u00e9e et compartiments pour faciliter le transport. Solution Plug and Play rapide \u00e0 monter gr\u00e2ce \u00e0 son panneau LED enroulable, son syst\u00e8me de rep\u00e9rage num\u00e9rot\u00e9 et ses pieds pivotants pr\u00e9-assembl\u00e9s.","og_url":"https:\/\/linkside-communication.com\/index.php\/produit\/illumigo-one\/","og_site_name":"Linkside Communication","article_modified_time":"2022-10-12T09:18:04+00:00","og_image":[{"width":1000,"height":1000,"url":"https:\/\/linkside-communication.com\/wp-content\/uploads\/2022\/10\/illumigo-one-2-main-71116.jpg","type":"image\/jpeg"}],"twitter_card":"summary_large_image","twitter_misc":{"Est. reading time":"1 minute"},"schema":{"@context":"https:\/\/schema.org","@graph":[{"@type":"WebSite","@id":"https:\/\/linkside-communication.com\/#website","url":"https:\/\/linkside-communication.com\/","name":"Linkside Communication","description":"Invent\u00e9 pour un maximum de confort","potentialAction":[{"@type":"SearchAction","target":{"@type":"EntryPoint","urlTemplate":"https:\/\/linkside-communication.com\/?s={search_term_string}"},"query-input":"required name=search_term_string"}],"inLanguage":"en-US"},{"@type":"ImageObject","inLanguage":"en-US","@id":"https:\/\/linkside-communication.com\/index.php\/produit\/illumigo-one\/#primaryimage","url":"https:\/\/linkside-communication.com\/wp-content\/uploads\/2022\/10\/illumigo-one-2-main-71116.jpg","contentUrl":"https:\/\/linkside-communication.com\/wp-content\/uploads\/2022\/10\/illumigo-one-2-main-71116.jpg","width":1000,"height":1000},{"@type":"WebPage","@id":"https:\/\/linkside-communication.com\/index.php\/produit\/illumigo-one\/#webpage","url":"https:\/\/linkside-communication.com\/index.php\/produit\/illumigo-one\/","name":"Illumigo\u2122 One - Linkside Communication","isPartOf":{"@id":"https:\/\/linkside-communication.com\/#website"},"primaryImageOfPage":{"@id":"https:\/\/linkside-communication.com\/index.php\/produit\/illumigo-one\/#primaryimage"},"datePublished":"2022-10-02T14:49:10+00:00","dateModified":"2022-10-12T09:18:04+00:00","breadcrumb":{"@id":"https:\/\/linkside-communication.com\/index.php\/produit\/illumigo-one\/#breadcrumb"},"inLanguage":"en-US","potentialAction":[{"@type":"ReadAction","target":["https:\/\/linkside-communication.com\/index.php\/produit\/illumigo-one\/"]}]},{"@type":"BreadcrumbList","@id":"https:\/\/linkside-communication.com\/index.php\/produit\/illumigo-one\/#breadcrumb","itemListElement":[{"@type":"ListItem","position":1,"name":"Accueil","item":"https:\/\/linkside-communication.com\/"},{"@type":"ListItem","position":2,"name":"Boutique","item":"https:\/\/linkside-communication.com\/index.php\/boutique\/"},{"@type":"ListItem","position":3,"name":"Illumigo\u2122 One"}]}]}},"_links":{"self":[{"href":"https:\/\/linkside-communication.com\/index.php\/wp-json\/wp\/v2\/product\/663"}],"collection":[{"href":"https:\/\/linkside-communication.com\/index.php\/wp-json\/wp\/v2\/product"}],"about":[{"href":"https:\/\/linkside-communication.com\/index.php\/wp-json\/wp\/v2\/types\/product"}],"replies":[{"embeddable":true,"href":"https:\/\/linkside-communication.com\/index.php\/wp-json\/wp\/v2\/comments?post=663"}],"version-history":[{"count":1,"href":"https:\/\/linkside-communication.com\/index.php\/wp-json\/wp\/v2\/product\/663\/revisions"}],"predecessor-version":[{"id":670,"href":"https:\/\/linkside-communication.com\/index.php\/wp-json\/wp\/v2\/product\/663\/revisions\/670"}],"wp:featuredmedia":[{"embeddable":true,"href":"https:\/\/linkside-communication.com\/index.php\/wp-json\/wp\/v2\/media\/664"}],"wp:attachment":[{"href":"https:\/\/linkside-communication.com\/index.php\/wp-json\/wp\/v2\/media?parent=663"}],"wp:term":[{"taxonomy":"product_cat","embeddable":true,"href":"https:\/\/linkside-communication.com\/index.php\/wp-json\/wp\/v2\/product_cat?post=663"},{"taxonomy":"product_tag","embeddable":true,"href":"https:\/\/linkside-communication.com\/index.php\/wp-json\/wp\/v2\/product_tag?post=663"}],"curies":[{"name":"wp","href":"https:\/\/api.w.org\/{rel}","templated":true}]}}