{"id":684,"date":"2022-10-02T17:25:15","date_gmt":"2022-10-02T15:25:15","guid":{"rendered":"https:\/\/linkside-communication.com\/?post_type=product&#038;p=684"},"modified":"2022-10-12T11:19:40","modified_gmt":"2022-10-12T09:19:40","slug":"kit-vector-led-125-mm","status":"publish","type":"product","link":"https:\/\/linkside-communication.com\/index.php\/produit\/kit-vector-led-125-mm\/","title":{"rendered":"Kit Vector LED 125 mm"},"content":{"rendered":"<p>Syst\u00e8me d&#8217;\u00e9clairage tangentiel \u00e0 LED pr\u00eat \u00e0 l&#8217;emploi pour un montage rapide.<br \/>\nProfil\u00e9 en aluminium de 125 mm, rentable et robuste, adapt\u00e9 aux petites et moyennes applications.<br \/>\nL&#8217;usage des LED est \u00e9conomique m\u00eame pour les grands formats.<br \/>\nVisuel textile avec jonc PVC (en option).<br \/>\nDisponible en 3 formats standard (2x1m, 2x2m, 2x3m) et en format sur-mesure.<\/p>\n","protected":false},"excerpt":{"rendered":"<p>Illuminez votre communication ! Ce cadre LED autoportant et robuste, est parfaitement adapt\u00e9 aux environnements int\u00e9rieurs qui n\u00e9cessitent un changement r\u00e9gulier de messages pour suivre les tendances.<\/p>\n","protected":false},"featured_media":685,"comment_status":"closed","ping_status":"closed","template":"","meta":{"site-sidebar-layout":"default","site-content-layout":"default","ast-global-header-display":"","ast-main-header-display":"","ast-hfb-above-header-display":"","ast-hfb-below-header-display":"","ast-hfb-mobile-header-display":"","site-post-title":"","ast-breadcrumbs-content":"","ast-featured-img":"","footer-sml-layout":"","theme-transparent-header-meta":"default","adv-header-id-meta":"","stick-header-meta":"default","header-above-stick-meta":"","header-main-stick-meta":"","header-below-stick-meta":""},"product_cat":[56,70,81,110,60,97,75,66,71,48],"product_tag":[],"yoast_head":"<!-- This site is optimized with the Yoast SEO plugin v19.1 - https:\/\/yoast.com\/wordpress\/plugins\/seo\/ -->\n<title>Kit Vector LED 125 mm - Linkside Communication<\/title>\n<meta name=\"robots\" content=\"index, follow, max-snippet:-1, max-image-preview:large, max-video-preview:-1\" \/>\n<link rel=\"canonical\" href=\"https:\/\/linkside-communication.com\/index.php\/produit\/kit-vector-led-125-mm\/\" \/>\n<meta property=\"og:locale\" content=\"en_US\" \/>\n<meta property=\"og:type\" content=\"article\" \/>\n<meta property=\"og:title\" content=\"Kit Vector LED 125 mm - Linkside Communication\" \/>\n<meta property=\"og:description\" content=\"Illuminez votre communication ! Ce cadre LED autoportant et robuste, est parfaitement adapt\u00e9 aux environnements int\u00e9rieurs qui n\u00e9cessitent un changement r\u00e9gulier de messages pour suivre les tendances.\" \/>\n<meta property=\"og:url\" content=\"https:\/\/linkside-communication.com\/index.php\/produit\/kit-vector-led-125-mm\/\" \/>\n<meta property=\"og:site_name\" content=\"Linkside Communication\" \/>\n<meta property=\"article:modified_time\" content=\"2022-10-12T09:19:40+00:00\" \/>\n<meta property=\"og:image\" content=\"https:\/\/linkside-communication.com\/wp-content\/uploads\/2022\/10\/vector-125mm-led-kit-2-main-71136.jpg\" \/>\n\t<meta property=\"og:image:width\" content=\"1000\" \/>\n\t<meta property=\"og:image:height\" content=\"1000\" \/>\n\t<meta property=\"og:image:type\" content=\"image\/jpeg\" \/>\n<meta name=\"twitter:card\" content=\"summary_large_image\" \/>\n<meta name=\"twitter:label1\" content=\"Est. reading time\" \/>\n\t<meta name=\"twitter:data1\" content=\"1 minute\" \/>\n<script type=\"application\/ld+json\" class=\"yoast-schema-graph\">{\"@context\":\"https:\/\/schema.org\",\"@graph\":[{\"@type\":\"WebSite\",\"@id\":\"https:\/\/linkside-communication.com\/#website\",\"url\":\"https:\/\/linkside-communication.com\/\",\"name\":\"Linkside Communication\",\"description\":\"Invent\u00e9 pour un maximum de confort\",\"potentialAction\":[{\"@type\":\"SearchAction\",\"target\":{\"@type\":\"EntryPoint\",\"urlTemplate\":\"https:\/\/linkside-communication.com\/?s={search_term_string}\"},\"query-input\":\"required name=search_term_string\"}],\"inLanguage\":\"en-US\"},{\"@type\":\"ImageObject\",\"inLanguage\":\"en-US\",\"@id\":\"https:\/\/linkside-communication.com\/index.php\/produit\/kit-vector-led-125-mm\/#primaryimage\",\"url\":\"https:\/\/linkside-communication.com\/wp-content\/uploads\/2022\/10\/vector-125mm-led-kit-2-main-71136.jpg\",\"contentUrl\":\"https:\/\/linkside-communication.com\/wp-content\/uploads\/2022\/10\/vector-125mm-led-kit-2-main-71136.jpg\",\"width\":1000,\"height\":1000},{\"@type\":\"WebPage\",\"@id\":\"https:\/\/linkside-communication.com\/index.php\/produit\/kit-vector-led-125-mm\/#webpage\",\"url\":\"https:\/\/linkside-communication.com\/index.php\/produit\/kit-vector-led-125-mm\/\",\"name\":\"Kit Vector LED 125 mm - Linkside Communication\",\"isPartOf\":{\"@id\":\"https:\/\/linkside-communication.com\/#website\"},\"primaryImageOfPage\":{\"@id\":\"https:\/\/linkside-communication.com\/index.php\/produit\/kit-vector-led-125-mm\/#primaryimage\"},\"datePublished\":\"2022-10-02T15:25:15+00:00\",\"dateModified\":\"2022-10-12T09:19:40+00:00\",\"breadcrumb\":{\"@id\":\"https:\/\/linkside-communication.com\/index.php\/produit\/kit-vector-led-125-mm\/#breadcrumb\"},\"inLanguage\":\"en-US\",\"potentialAction\":[{\"@type\":\"ReadAction\",\"target\":[\"https:\/\/linkside-communication.com\/index.php\/produit\/kit-vector-led-125-mm\/\"]}]},{\"@type\":\"BreadcrumbList\",\"@id\":\"https:\/\/linkside-communication.com\/index.php\/produit\/kit-vector-led-125-mm\/#breadcrumb\",\"itemListElement\":[{\"@type\":\"ListItem\",\"position\":1,\"name\":\"Accueil\",\"item\":\"https:\/\/linkside-communication.com\/\"},{\"@type\":\"ListItem\",\"position\":2,\"name\":\"Boutique\",\"item\":\"https:\/\/linkside-communication.com\/index.php\/boutique\/\"},{\"@type\":\"ListItem\",\"position\":3,\"name\":\"Kit Vector LED 125 mm\"}]}]}<\/script>\n<!-- \/ Yoast SEO plugin. -->","yoast_head_json":{"title":"Kit Vector LED 125 mm - Linkside Communication","robots":{"index":"index","follow":"follow","max-snippet":"max-snippet:-1","max-image-preview":"max-image-preview:large","max-video-preview":"max-video-preview:-1"},"canonical":"https:\/\/linkside-communication.com\/index.php\/produit\/kit-vector-led-125-mm\/","og_locale":"en_US","og_type":"article","og_title":"Kit Vector LED 125 mm - Linkside Communication","og_description":"Illuminez votre communication ! Ce cadre LED autoportant et robuste, est parfaitement adapt\u00e9 aux environnements int\u00e9rieurs qui n\u00e9cessitent un changement r\u00e9gulier de messages pour suivre les tendances.","og_url":"https:\/\/linkside-communication.com\/index.php\/produit\/kit-vector-led-125-mm\/","og_site_name":"Linkside Communication","article_modified_time":"2022-10-12T09:19:40+00:00","og_image":[{"width":1000,"height":1000,"url":"https:\/\/linkside-communication.com\/wp-content\/uploads\/2022\/10\/vector-125mm-led-kit-2-main-71136.jpg","type":"image\/jpeg"}],"twitter_card":"summary_large_image","twitter_misc":{"Est. reading time":"1 minute"},"schema":{"@context":"https:\/\/schema.org","@graph":[{"@type":"WebSite","@id":"https:\/\/linkside-communication.com\/#website","url":"https:\/\/linkside-communication.com\/","name":"Linkside Communication","description":"Invent\u00e9 pour un maximum de confort","potentialAction":[{"@type":"SearchAction","target":{"@type":"EntryPoint","urlTemplate":"https:\/\/linkside-communication.com\/?s={search_term_string}"},"query-input":"required name=search_term_string"}],"inLanguage":"en-US"},{"@type":"ImageObject","inLanguage":"en-US","@id":"https:\/\/linkside-communication.com\/index.php\/produit\/kit-vector-led-125-mm\/#primaryimage","url":"https:\/\/linkside-communication.com\/wp-content\/uploads\/2022\/10\/vector-125mm-led-kit-2-main-71136.jpg","contentUrl":"https:\/\/linkside-communication.com\/wp-content\/uploads\/2022\/10\/vector-125mm-led-kit-2-main-71136.jpg","width":1000,"height":1000},{"@type":"WebPage","@id":"https:\/\/linkside-communication.com\/index.php\/produit\/kit-vector-led-125-mm\/#webpage","url":"https:\/\/linkside-communication.com\/index.php\/produit\/kit-vector-led-125-mm\/","name":"Kit Vector LED 125 mm - Linkside Communication","isPartOf":{"@id":"https:\/\/linkside-communication.com\/#website"},"primaryImageOfPage":{"@id":"https:\/\/linkside-communication.com\/index.php\/produit\/kit-vector-led-125-mm\/#primaryimage"},"datePublished":"2022-10-02T15:25:15+00:00","dateModified":"2022-10-12T09:19:40+00:00","breadcrumb":{"@id":"https:\/\/linkside-communication.com\/index.php\/produit\/kit-vector-led-125-mm\/#breadcrumb"},"inLanguage":"en-US","potentialAction":[{"@type":"ReadAction","target":["https:\/\/linkside-communication.com\/index.php\/produit\/kit-vector-led-125-mm\/"]}]},{"@type":"BreadcrumbList","@id":"https:\/\/linkside-communication.com\/index.php\/produit\/kit-vector-led-125-mm\/#breadcrumb","itemListElement":[{"@type":"ListItem","position":1,"name":"Accueil","item":"https:\/\/linkside-communication.com\/"},{"@type":"ListItem","position":2,"name":"Boutique","item":"https:\/\/linkside-communication.com\/index.php\/boutique\/"},{"@type":"ListItem","position":3,"name":"Kit Vector LED 125 mm"}]}]}},"_links":{"self":[{"href":"https:\/\/linkside-communication.com\/index.php\/wp-json\/wp\/v2\/product\/684"}],"collection":[{"href":"https:\/\/linkside-communication.com\/index.php\/wp-json\/wp\/v2\/product"}],"about":[{"href":"https:\/\/linkside-communication.com\/index.php\/wp-json\/wp\/v2\/types\/product"}],"replies":[{"embeddable":true,"href":"https:\/\/linkside-communication.com\/index.php\/wp-json\/wp\/v2\/comments?post=684"}],"version-history":[{"count":1,"href":"https:\/\/linkside-communication.com\/index.php\/wp-json\/wp\/v2\/product\/684\/revisions"}],"predecessor-version":[{"id":695,"href":"https:\/\/linkside-communication.com\/index.php\/wp-json\/wp\/v2\/product\/684\/revisions\/695"}],"wp:featuredmedia":[{"embeddable":true,"href":"https:\/\/linkside-communication.com\/index.php\/wp-json\/wp\/v2\/media\/685"}],"wp:attachment":[{"href":"https:\/\/linkside-communication.com\/index.php\/wp-json\/wp\/v2\/media?parent=684"}],"wp:term":[{"taxonomy":"product_cat","embeddable":true,"href":"https:\/\/linkside-communication.com\/index.php\/wp-json\/wp\/v2\/product_cat?post=684"},{"taxonomy":"product_tag","embeddable":true,"href":"https:\/\/linkside-communication.com\/index.php\/wp-json\/wp\/v2\/product_tag?post=684"}],"curies":[{"name":"wp","href":"https:\/\/api.w.org\/{rel}","templated":true}]}}