{"id":710,"date":"2022-10-02T18:00:24","date_gmt":"2022-10-02T16:00:24","guid":{"rendered":"https:\/\/linkside-communication.com\/?post_type=product&#038;p=710"},"modified":"2022-10-12T11:21:24","modified_gmt":"2022-10-12T09:21:24","slug":"vector-media","status":"publish","type":"product","link":"https:\/\/linkside-communication.com\/index.php\/produit\/vector-media\/","title":{"rendered":"Vector Media"},"content":{"rendered":"<p>2 syst\u00e8mes de fixation du visuel permettant de varier les mat\u00e9riaux utilis\u00e9s.<br \/>\nChaque c\u00f4t\u00e9 du cadre comporte une gorge pour les visuels textile avec jonc PVC.\u00a0 Il est \u00e9galement possible d&#8217;aimanter sur le profil\u00e9 int\u00e9rieur du cadre un visuel PVC avec ruban magn\u00e9tique.<br \/>\nLes visuels sont simples et rapides \u00e0 installer et \u00e0 changer.<br \/>\nGr\u00e2ce \u00e0 son profil\u00e9 hybride, le totem Vector Media en aluminium double face constituent une solution marketing tr\u00e8s rentable pour les messages de marque, la signal\u00e9tique directionnelle ou les offres promotionnelles.<br \/>\nUne apparence \u00e9l\u00e9gante li\u00e9e au profil\u00e9 fin de 35 mm et au pied unilat\u00e9ral &#8211; id\u00e9al pour une application dans les zones \u00e0 fort trafic.<br \/>\nParticuli\u00e8rement adapt\u00e9 \u00e0 l&#8217;affichage ou \u00e0 la signalisation \u00e0 proximit\u00e9 des ascenseurs, des escalators et des entr\u00e9es.<\/p>\n","protected":false},"excerpt":{"rendered":"<p>Le Vector Media est un totem polyvalent qui s&#8217;adapte \u00e0 divers mat\u00e9riaux, du visuel textile au visuel PVC. Le cadre peut \u00eatre \u00e9quip\u00e9 sur les 2 faces d&#8217;un visuel textile avec jonc. Vous pouvez \u00e9galement opter pour un visuel PVC gr\u00e2ce au ruban magn\u00e9tique qui s&#8217;aimante sur le profil\u00e9 int\u00e9rieur du cadre.<\/p>\n","protected":false},"featured_media":711,"comment_status":"closed","ping_status":"closed","template":"","meta":{"site-sidebar-layout":"default","site-content-layout":"default","ast-global-header-display":"","ast-main-header-display":"","ast-hfb-above-header-display":"","ast-hfb-below-header-display":"","ast-hfb-mobile-header-display":"","site-post-title":"","ast-breadcrumbs-content":"","ast-featured-img":"","footer-sml-layout":"","theme-transparent-header-meta":"default","adv-header-id-meta":"","stick-header-meta":"default","header-above-stick-meta":"","header-main-stick-meta":"","header-below-stick-meta":""},"product_cat":[56,70,88,94,72,90,132,69,97,75,77,71,48],"product_tag":[],"yoast_head":"<!-- This site is optimized with the Yoast SEO plugin v19.1 - https:\/\/yoast.com\/wordpress\/plugins\/seo\/ -->\n<title>Vector Media - Linkside Communication<\/title>\n<meta name=\"robots\" content=\"index, follow, max-snippet:-1, max-image-preview:large, max-video-preview:-1\" \/>\n<link rel=\"canonical\" href=\"https:\/\/linkside-communication.com\/index.php\/produit\/vector-media\/\" \/>\n<meta property=\"og:locale\" content=\"en_US\" \/>\n<meta property=\"og:type\" content=\"article\" \/>\n<meta property=\"og:title\" content=\"Vector Media - Linkside Communication\" \/>\n<meta property=\"og:description\" content=\"Le Vector Media est un totem polyvalent qui s&#039;adapte \u00e0 divers mat\u00e9riaux, du visuel textile au visuel PVC. Le cadre peut \u00eatre \u00e9quip\u00e9 sur les 2 faces d&#039;un visuel textile avec jonc. Vous pouvez \u00e9galement opter pour un visuel PVC gr\u00e2ce au ruban magn\u00e9tique qui s&#039;aimante sur le profil\u00e9 int\u00e9rieur du cadre.\" \/>\n<meta property=\"og:url\" content=\"https:\/\/linkside-communication.com\/index.php\/produit\/vector-media\/\" \/>\n<meta property=\"og:site_name\" content=\"Linkside Communication\" \/>\n<meta property=\"article:modified_time\" content=\"2022-10-12T09:21:24+00:00\" \/>\n<meta property=\"og:image\" content=\"https:\/\/linkside-communication.com\/wp-content\/uploads\/2022\/10\/vector-media-2-main-71096.jpg\" \/>\n\t<meta property=\"og:image:width\" content=\"491\" \/>\n\t<meta property=\"og:image:height\" content=\"1000\" \/>\n\t<meta property=\"og:image:type\" content=\"image\/jpeg\" \/>\n<meta name=\"twitter:card\" content=\"summary_large_image\" \/>\n<meta name=\"twitter:label1\" content=\"Est. reading time\" \/>\n\t<meta name=\"twitter:data1\" content=\"1 minute\" \/>\n<script type=\"application\/ld+json\" class=\"yoast-schema-graph\">{\"@context\":\"https:\/\/schema.org\",\"@graph\":[{\"@type\":\"WebSite\",\"@id\":\"https:\/\/linkside-communication.com\/#website\",\"url\":\"https:\/\/linkside-communication.com\/\",\"name\":\"Linkside Communication\",\"description\":\"Invent\u00e9 pour un maximum de confort\",\"potentialAction\":[{\"@type\":\"SearchAction\",\"target\":{\"@type\":\"EntryPoint\",\"urlTemplate\":\"https:\/\/linkside-communication.com\/?s={search_term_string}\"},\"query-input\":\"required name=search_term_string\"}],\"inLanguage\":\"en-US\"},{\"@type\":\"ImageObject\",\"inLanguage\":\"en-US\",\"@id\":\"https:\/\/linkside-communication.com\/index.php\/produit\/vector-media\/#primaryimage\",\"url\":\"https:\/\/linkside-communication.com\/wp-content\/uploads\/2022\/10\/vector-media-2-main-71096.jpg\",\"contentUrl\":\"https:\/\/linkside-communication.com\/wp-content\/uploads\/2022\/10\/vector-media-2-main-71096.jpg\",\"width\":491,\"height\":1000},{\"@type\":\"WebPage\",\"@id\":\"https:\/\/linkside-communication.com\/index.php\/produit\/vector-media\/#webpage\",\"url\":\"https:\/\/linkside-communication.com\/index.php\/produit\/vector-media\/\",\"name\":\"Vector Media - Linkside Communication\",\"isPartOf\":{\"@id\":\"https:\/\/linkside-communication.com\/#website\"},\"primaryImageOfPage\":{\"@id\":\"https:\/\/linkside-communication.com\/index.php\/produit\/vector-media\/#primaryimage\"},\"datePublished\":\"2022-10-02T16:00:24+00:00\",\"dateModified\":\"2022-10-12T09:21:24+00:00\",\"breadcrumb\":{\"@id\":\"https:\/\/linkside-communication.com\/index.php\/produit\/vector-media\/#breadcrumb\"},\"inLanguage\":\"en-US\",\"potentialAction\":[{\"@type\":\"ReadAction\",\"target\":[\"https:\/\/linkside-communication.com\/index.php\/produit\/vector-media\/\"]}]},{\"@type\":\"BreadcrumbList\",\"@id\":\"https:\/\/linkside-communication.com\/index.php\/produit\/vector-media\/#breadcrumb\",\"itemListElement\":[{\"@type\":\"ListItem\",\"position\":1,\"name\":\"Accueil\",\"item\":\"https:\/\/linkside-communication.com\/\"},{\"@type\":\"ListItem\",\"position\":2,\"name\":\"Boutique\",\"item\":\"https:\/\/linkside-communication.com\/index.php\/boutique\/\"},{\"@type\":\"ListItem\",\"position\":3,\"name\":\"Vector Media\"}]}]}<\/script>\n<!-- \/ Yoast SEO plugin. -->","yoast_head_json":{"title":"Vector Media - Linkside Communication","robots":{"index":"index","follow":"follow","max-snippet":"max-snippet:-1","max-image-preview":"max-image-preview:large","max-video-preview":"max-video-preview:-1"},"canonical":"https:\/\/linkside-communication.com\/index.php\/produit\/vector-media\/","og_locale":"en_US","og_type":"article","og_title":"Vector Media - Linkside Communication","og_description":"Le Vector Media est un totem polyvalent qui s'adapte \u00e0 divers mat\u00e9riaux, du visuel textile au visuel PVC. Le cadre peut \u00eatre \u00e9quip\u00e9 sur les 2 faces d'un visuel textile avec jonc. Vous pouvez \u00e9galement opter pour un visuel PVC gr\u00e2ce au ruban magn\u00e9tique qui s'aimante sur le profil\u00e9 int\u00e9rieur du cadre.","og_url":"https:\/\/linkside-communication.com\/index.php\/produit\/vector-media\/","og_site_name":"Linkside Communication","article_modified_time":"2022-10-12T09:21:24+00:00","og_image":[{"width":491,"height":1000,"url":"https:\/\/linkside-communication.com\/wp-content\/uploads\/2022\/10\/vector-media-2-main-71096.jpg","type":"image\/jpeg"}],"twitter_card":"summary_large_image","twitter_misc":{"Est. reading time":"1 minute"},"schema":{"@context":"https:\/\/schema.org","@graph":[{"@type":"WebSite","@id":"https:\/\/linkside-communication.com\/#website","url":"https:\/\/linkside-communication.com\/","name":"Linkside Communication","description":"Invent\u00e9 pour un maximum de confort","potentialAction":[{"@type":"SearchAction","target":{"@type":"EntryPoint","urlTemplate":"https:\/\/linkside-communication.com\/?s={search_term_string}"},"query-input":"required name=search_term_string"}],"inLanguage":"en-US"},{"@type":"ImageObject","inLanguage":"en-US","@id":"https:\/\/linkside-communication.com\/index.php\/produit\/vector-media\/#primaryimage","url":"https:\/\/linkside-communication.com\/wp-content\/uploads\/2022\/10\/vector-media-2-main-71096.jpg","contentUrl":"https:\/\/linkside-communication.com\/wp-content\/uploads\/2022\/10\/vector-media-2-main-71096.jpg","width":491,"height":1000},{"@type":"WebPage","@id":"https:\/\/linkside-communication.com\/index.php\/produit\/vector-media\/#webpage","url":"https:\/\/linkside-communication.com\/index.php\/produit\/vector-media\/","name":"Vector Media - Linkside Communication","isPartOf":{"@id":"https:\/\/linkside-communication.com\/#website"},"primaryImageOfPage":{"@id":"https:\/\/linkside-communication.com\/index.php\/produit\/vector-media\/#primaryimage"},"datePublished":"2022-10-02T16:00:24+00:00","dateModified":"2022-10-12T09:21:24+00:00","breadcrumb":{"@id":"https:\/\/linkside-communication.com\/index.php\/produit\/vector-media\/#breadcrumb"},"inLanguage":"en-US","potentialAction":[{"@type":"ReadAction","target":["https:\/\/linkside-communication.com\/index.php\/produit\/vector-media\/"]}]},{"@type":"BreadcrumbList","@id":"https:\/\/linkside-communication.com\/index.php\/produit\/vector-media\/#breadcrumb","itemListElement":[{"@type":"ListItem","position":1,"name":"Accueil","item":"https:\/\/linkside-communication.com\/"},{"@type":"ListItem","position":2,"name":"Boutique","item":"https:\/\/linkside-communication.com\/index.php\/boutique\/"},{"@type":"ListItem","position":3,"name":"Vector Media"}]}]}},"_links":{"self":[{"href":"https:\/\/linkside-communication.com\/index.php\/wp-json\/wp\/v2\/product\/710"}],"collection":[{"href":"https:\/\/linkside-communication.com\/index.php\/wp-json\/wp\/v2\/product"}],"about":[{"href":"https:\/\/linkside-communication.com\/index.php\/wp-json\/wp\/v2\/types\/product"}],"replies":[{"embeddable":true,"href":"https:\/\/linkside-communication.com\/index.php\/wp-json\/wp\/v2\/comments?post=710"}],"version-history":[{"count":1,"href":"https:\/\/linkside-communication.com\/index.php\/wp-json\/wp\/v2\/product\/710\/revisions"}],"predecessor-version":[{"id":716,"href":"https:\/\/linkside-communication.com\/index.php\/wp-json\/wp\/v2\/product\/710\/revisions\/716"}],"wp:featuredmedia":[{"embeddable":true,"href":"https:\/\/linkside-communication.com\/index.php\/wp-json\/wp\/v2\/media\/711"}],"wp:attachment":[{"href":"https:\/\/linkside-communication.com\/index.php\/wp-json\/wp\/v2\/media?parent=710"}],"wp:term":[{"taxonomy":"product_cat","embeddable":true,"href":"https:\/\/linkside-communication.com\/index.php\/wp-json\/wp\/v2\/product_cat?post=710"},{"taxonomy":"product_tag","embeddable":true,"href":"https:\/\/linkside-communication.com\/index.php\/wp-json\/wp\/v2\/product_tag?post=710"}],"curies":[{"name":"wp","href":"https:\/\/api.w.org\/{rel}","templated":true}]}}