{"id":929,"date":"2022-10-05T14:06:58","date_gmt":"2022-10-05T12:06:58","guid":{"rendered":"https:\/\/linkside-communication.com\/?post_type=product&#038;p=929"},"modified":"2022-10-05T14:06:59","modified_gmt":"2022-10-05T12:06:59","slug":"embrace","status":"publish","type":"product","link":"https:\/\/linkside-communication.com\/index.php\/produit\/embrace\/","title":{"rendered":"Embrace+"},"content":{"rendered":"<p>Stand parapluie premium recto-verso avec option r\u00e9tro-\u00e9clairage.<br \/>\nMontage sans outils.<br \/>\nA utiliser seul ou en juxtaposition pour cr\u00e9er des murs d&#8217;images plus grands. Configurations possibles en forme de U et de L ou en angle droit.<br \/>\nDisponible en 4 largeurs.<br \/>\nSac matelass\u00e9 \u00e0 roulettes avec compartiments inclus pour toutes les structures (3&#215;1 sans roulettes).<br \/>\nLivr\u00e9 avec une structure parapluie et un encadrement (avec \u00e9lastique interne) en aluminium blanc.<br \/>\nHabillage textile par jonc PVC en option.<br \/>\nParfait pour les \u00e9v\u00e9nements, les vitrines de magasins et les photocall.<\/p>\n","protected":false},"excerpt":{"rendered":"<p>Cr\u00e9ez de l&#8217;effet avec nos murs d&#8217;images r\u00e9tro-\u00e9clair\u00e9s grands formats en les juxtaposant. L&#8217;Embrace + est un stand parapluie premium recto-verso portable, dont le montage ne n\u00e9cessite pas d&#8217;outil. Disponible en plusieurs formats pouvant \u00eatre reli\u00e9s entre eux, l&#8217;Embrace + peut s&#8217;adapter et illuminer des \u00e9v\u00e9nements de toute taille.<\/p>\n","protected":false},"featured_media":930,"comment_status":"closed","ping_status":"closed","template":"","meta":{"site-sidebar-layout":"default","site-content-layout":"default","ast-global-header-display":"","ast-main-header-display":"","ast-hfb-above-header-display":"","ast-hfb-below-header-display":"","ast-hfb-mobile-header-display":"","site-post-title":"","ast-breadcrumbs-content":"","ast-featured-img":"","footer-sml-layout":"","theme-transparent-header-meta":"default","adv-header-id-meta":"","stick-header-meta":"default","header-above-stick-meta":"","header-main-stick-meta":"","header-below-stick-meta":""},"product_cat":[103,105,107,89,145,106,104,75],"product_tag":[],"yoast_head":"<!-- This site is optimized with the Yoast SEO plugin v19.1 - https:\/\/yoast.com\/wordpress\/plugins\/seo\/ -->\n<title>Embrace+ - Linkside Communication<\/title>\n<meta name=\"robots\" content=\"index, follow, max-snippet:-1, max-image-preview:large, max-video-preview:-1\" \/>\n<link rel=\"canonical\" href=\"https:\/\/linkside-communication.com\/index.php\/produit\/embrace\/\" \/>\n<meta property=\"og:locale\" content=\"en_US\" \/>\n<meta property=\"og:type\" content=\"article\" \/>\n<meta property=\"og:title\" content=\"Embrace+ - Linkside Communication\" \/>\n<meta property=\"og:description\" content=\"Cr\u00e9ez de l&#039;effet avec nos murs d&#039;images r\u00e9tro-\u00e9clair\u00e9s grands formats en les juxtaposant. L&#039;Embrace + est un stand parapluie premium recto-verso portable, dont le montage ne n\u00e9cessite pas d&#039;outil. Disponible en plusieurs formats pouvant \u00eatre reli\u00e9s entre eux, l&#039;Embrace + peut s&#039;adapter et illuminer des \u00e9v\u00e9nements de toute taille.\" \/>\n<meta property=\"og:url\" content=\"https:\/\/linkside-communication.com\/index.php\/produit\/embrace\/\" \/>\n<meta property=\"og:site_name\" content=\"Linkside Communication\" \/>\n<meta property=\"article:modified_time\" content=\"2022-10-05T12:06:59+00:00\" \/>\n<meta property=\"og:image\" content=\"https:\/\/linkside-communication.com\/wp-content\/uploads\/2022\/10\/embrace-2-main-71311-1.jpg\" \/>\n\t<meta property=\"og:image:width\" content=\"1000\" \/>\n\t<meta property=\"og:image:height\" content=\"1000\" \/>\n\t<meta property=\"og:image:type\" content=\"image\/jpeg\" \/>\n<meta name=\"twitter:card\" content=\"summary_large_image\" \/>\n<meta name=\"twitter:label1\" content=\"Est. reading time\" \/>\n\t<meta name=\"twitter:data1\" content=\"1 minute\" \/>\n<script type=\"application\/ld+json\" class=\"yoast-schema-graph\">{\"@context\":\"https:\/\/schema.org\",\"@graph\":[{\"@type\":\"WebSite\",\"@id\":\"https:\/\/linkside-communication.com\/#website\",\"url\":\"https:\/\/linkside-communication.com\/\",\"name\":\"Linkside Communication\",\"description\":\"Invent\u00e9 pour un maximum de confort\",\"potentialAction\":[{\"@type\":\"SearchAction\",\"target\":{\"@type\":\"EntryPoint\",\"urlTemplate\":\"https:\/\/linkside-communication.com\/?s={search_term_string}\"},\"query-input\":\"required name=search_term_string\"}],\"inLanguage\":\"en-US\"},{\"@type\":\"ImageObject\",\"inLanguage\":\"en-US\",\"@id\":\"https:\/\/linkside-communication.com\/index.php\/produit\/embrace\/#primaryimage\",\"url\":\"https:\/\/linkside-communication.com\/wp-content\/uploads\/2022\/10\/embrace-2-main-71311-1.jpg\",\"contentUrl\":\"https:\/\/linkside-communication.com\/wp-content\/uploads\/2022\/10\/embrace-2-main-71311-1.jpg\",\"width\":1000,\"height\":1000},{\"@type\":\"WebPage\",\"@id\":\"https:\/\/linkside-communication.com\/index.php\/produit\/embrace\/#webpage\",\"url\":\"https:\/\/linkside-communication.com\/index.php\/produit\/embrace\/\",\"name\":\"Embrace+ - Linkside Communication\",\"isPartOf\":{\"@id\":\"https:\/\/linkside-communication.com\/#website\"},\"primaryImageOfPage\":{\"@id\":\"https:\/\/linkside-communication.com\/index.php\/produit\/embrace\/#primaryimage\"},\"datePublished\":\"2022-10-05T12:06:58+00:00\",\"dateModified\":\"2022-10-05T12:06:59+00:00\",\"breadcrumb\":{\"@id\":\"https:\/\/linkside-communication.com\/index.php\/produit\/embrace\/#breadcrumb\"},\"inLanguage\":\"en-US\",\"potentialAction\":[{\"@type\":\"ReadAction\",\"target\":[\"https:\/\/linkside-communication.com\/index.php\/produit\/embrace\/\"]}]},{\"@type\":\"BreadcrumbList\",\"@id\":\"https:\/\/linkside-communication.com\/index.php\/produit\/embrace\/#breadcrumb\",\"itemListElement\":[{\"@type\":\"ListItem\",\"position\":1,\"name\":\"Accueil\",\"item\":\"https:\/\/linkside-communication.com\/\"},{\"@type\":\"ListItem\",\"position\":2,\"name\":\"Boutique\",\"item\":\"https:\/\/linkside-communication.com\/index.php\/boutique\/\"},{\"@type\":\"ListItem\",\"position\":3,\"name\":\"Embrace+\"}]}]}<\/script>\n<!-- \/ Yoast SEO plugin. -->","yoast_head_json":{"title":"Embrace+ - Linkside Communication","robots":{"index":"index","follow":"follow","max-snippet":"max-snippet:-1","max-image-preview":"max-image-preview:large","max-video-preview":"max-video-preview:-1"},"canonical":"https:\/\/linkside-communication.com\/index.php\/produit\/embrace\/","og_locale":"en_US","og_type":"article","og_title":"Embrace+ - Linkside Communication","og_description":"Cr\u00e9ez de l'effet avec nos murs d'images r\u00e9tro-\u00e9clair\u00e9s grands formats en les juxtaposant. L'Embrace + est un stand parapluie premium recto-verso portable, dont le montage ne n\u00e9cessite pas d'outil. Disponible en plusieurs formats pouvant \u00eatre reli\u00e9s entre eux, l'Embrace + peut s'adapter et illuminer des \u00e9v\u00e9nements de toute taille.","og_url":"https:\/\/linkside-communication.com\/index.php\/produit\/embrace\/","og_site_name":"Linkside Communication","article_modified_time":"2022-10-05T12:06:59+00:00","og_image":[{"width":1000,"height":1000,"url":"https:\/\/linkside-communication.com\/wp-content\/uploads\/2022\/10\/embrace-2-main-71311-1.jpg","type":"image\/jpeg"}],"twitter_card":"summary_large_image","twitter_misc":{"Est. reading time":"1 minute"},"schema":{"@context":"https:\/\/schema.org","@graph":[{"@type":"WebSite","@id":"https:\/\/linkside-communication.com\/#website","url":"https:\/\/linkside-communication.com\/","name":"Linkside Communication","description":"Invent\u00e9 pour un maximum de confort","potentialAction":[{"@type":"SearchAction","target":{"@type":"EntryPoint","urlTemplate":"https:\/\/linkside-communication.com\/?s={search_term_string}"},"query-input":"required name=search_term_string"}],"inLanguage":"en-US"},{"@type":"ImageObject","inLanguage":"en-US","@id":"https:\/\/linkside-communication.com\/index.php\/produit\/embrace\/#primaryimage","url":"https:\/\/linkside-communication.com\/wp-content\/uploads\/2022\/10\/embrace-2-main-71311-1.jpg","contentUrl":"https:\/\/linkside-communication.com\/wp-content\/uploads\/2022\/10\/embrace-2-main-71311-1.jpg","width":1000,"height":1000},{"@type":"WebPage","@id":"https:\/\/linkside-communication.com\/index.php\/produit\/embrace\/#webpage","url":"https:\/\/linkside-communication.com\/index.php\/produit\/embrace\/","name":"Embrace+ - Linkside Communication","isPartOf":{"@id":"https:\/\/linkside-communication.com\/#website"},"primaryImageOfPage":{"@id":"https:\/\/linkside-communication.com\/index.php\/produit\/embrace\/#primaryimage"},"datePublished":"2022-10-05T12:06:58+00:00","dateModified":"2022-10-05T12:06:59+00:00","breadcrumb":{"@id":"https:\/\/linkside-communication.com\/index.php\/produit\/embrace\/#breadcrumb"},"inLanguage":"en-US","potentialAction":[{"@type":"ReadAction","target":["https:\/\/linkside-communication.com\/index.php\/produit\/embrace\/"]}]},{"@type":"BreadcrumbList","@id":"https:\/\/linkside-communication.com\/index.php\/produit\/embrace\/#breadcrumb","itemListElement":[{"@type":"ListItem","position":1,"name":"Accueil","item":"https:\/\/linkside-communication.com\/"},{"@type":"ListItem","position":2,"name":"Boutique","item":"https:\/\/linkside-communication.com\/index.php\/boutique\/"},{"@type":"ListItem","position":3,"name":"Embrace+"}]}]}},"_links":{"self":[{"href":"https:\/\/linkside-communication.com\/index.php\/wp-json\/wp\/v2\/product\/929"}],"collection":[{"href":"https:\/\/linkside-communication.com\/index.php\/wp-json\/wp\/v2\/product"}],"about":[{"href":"https:\/\/linkside-communication.com\/index.php\/wp-json\/wp\/v2\/types\/product"}],"replies":[{"embeddable":true,"href":"https:\/\/linkside-communication.com\/index.php\/wp-json\/wp\/v2\/comments?post=929"}],"version-history":[{"count":1,"href":"https:\/\/linkside-communication.com\/index.php\/wp-json\/wp\/v2\/product\/929\/revisions"}],"predecessor-version":[{"id":946,"href":"https:\/\/linkside-communication.com\/index.php\/wp-json\/wp\/v2\/product\/929\/revisions\/946"}],"wp:featuredmedia":[{"embeddable":true,"href":"https:\/\/linkside-communication.com\/index.php\/wp-json\/wp\/v2\/media\/930"}],"wp:attachment":[{"href":"https:\/\/linkside-communication.com\/index.php\/wp-json\/wp\/v2\/media?parent=929"}],"wp:term":[{"taxonomy":"product_cat","embeddable":true,"href":"https:\/\/linkside-communication.com\/index.php\/wp-json\/wp\/v2\/product_cat?post=929"},{"taxonomy":"product_tag","embeddable":true,"href":"https:\/\/linkside-communication.com\/index.php\/wp-json\/wp\/v2\/product_tag?post=929"}],"curies":[{"name":"wp","href":"https:\/\/api.w.org\/{rel}","templated":true}]}}